{"id":18474,"date":"2025-11-25T08:51:44","date_gmt":"2025-11-25T01:51:44","guid":{"rendered":"http:\/\/lyk-lighting.com\/?post_type=product&#038;p=18474"},"modified":"2025-12-31T14:36:27","modified_gmt":"2025-12-31T07:36:27","slug":"den-zoomable-high-power-spotlight-ums4005f","status":"publish","type":"product","link":"http:\/\/lyk-lighting.com\/en\/san-pham\/den-zoomable-high-power-spotlight-ums4005f\/","title":{"rendered":"\u0110\u00e8n Zoomable High Power Spotlight UMS4005F"},"content":{"rendered":"<h3>Th\u00f4ng s\u1ed1 k\u1ef9 thu\u1eadt \u0110\u00e8n Zoomable High Power Spotlight UMS4005F<\/h3>\n<p>M\u00e3 s\u1ea3n ph\u1ea9m: UMS4005F<br \/>\nC\u00f4ng su\u1ea5t: 5W &#8211; 48VDC<br \/>\nC\u01b0\u1eddng \u0111\u1ed9 s\u00e1ng: 2700k |3000K |4000K|6000K<br \/>\nG\u00f3c chi\u1ebfu: 15\u00b0-60\u00b0<br \/>\nLed chip:\u00a0 CRI&gt;95<br \/>\nCh\u1ea5t li\u1ec7u: Nh\u00f4m h\u1ee3p kim s\u01a1n t\u0129nh \u0111i\u1ec7n<br \/>\nDIM: ND\/DALI \/Blue tooth \/Triac \/0-10v<\/p>\n<p><img fetchpriority=\"high\" decoding=\"async\" class=\"alignnone size-medium wp-image-18333\" src=\"http:\/\/lyk-lighting.com\/wp-content\/uploads\/2025\/11\/UMS4005F-300x205.png\" alt=\"\" width=\"300\" height=\"205\" srcset=\"http:\/\/lyk-lighting.com\/wp-content\/uploads\/2025\/11\/UMS4005F-300x205.png 300w, http:\/\/lyk-lighting.com\/wp-content\/uploads\/2025\/11\/UMS4005F.png 512w\" sizes=\"(max-width: 300px) 100vw, 300px\" \/><\/p>\n<h3>M\u00f4 t\u1ea3 s\u1ea3n ph\u1ea9m \u0111\u00e8n Zoomable High Power Spotlight UMS4005F<\/h3>\n<p>\u0110\u00e8n Zoomable High Power Spotlight\u00a0 s\u1eed d\u1ee5ng ray nam ch\u00e2m UMS4005F c\u00f3 ch\u1ea5t l\u01b0\u1ee3ng \u00e1nh s\u00e1ng cao c\u1ea5p, t\u00e1i t\u1ea1o m\u00e0u s\u1eafc trung th\u1ef1c. \u0110\u1eb7c bi\u1ec7t \u0111\u00e8n ray nam ch\u00e2m c\u00f3 th\u1ec3 d\u1ec5 d\u00e0ng di chuy\u1ec3n v\u1ecb tr\u00ed v\u00e0 thay \u0111\u1ed5i s\u1ed1 l\u01b0\u1ee3ng \u0111\u00e8n tr\u00ean ray nh\u1eb1m \u0111\u00e1p \u1ee9ng m\u1ecdi y\u00eau c\u1ea7u kh\u1eaft khe nh\u1ea5t v\u1ec1 thi\u1ebft k\u1ebf n\u1ed9i th\u1ea5t. \u0110\u00e8n s\u1eed d\u1ee5ng \u0111i\u1ec7n \u00e1p 48VDC n\u00ean \u0111\u1ea3m b\u1ea3o an to\u00e0n v\u00e0 \u0111\u01b0\u1ee3c thi\u1ebft k\u1ebf ch\u1eafc ch\u1eafn nh\u1eb1m \u0111\u1ea3m b\u1ea3o ch\u1ed1ng r\u01a1i.<\/p>\n<p>\u0110\u00e8n s\u1eed d\u1ee5ng ray nam ch\u00e2m \u0111\u01b0\u1ee3c g\u1eafn tr\u00ean h\u1ec7 ray nam ch\u00e2m \u0111\u00e3 \u0111\u01b0\u1ee3c l\u1eafp \u0111\u1eb7t c\u1ed1 \u0111\u1ecbnh tr\u00ean tr\u1ea7n. \u0110\u00e8n c\u00f3 nhi\u1ec1u k\u00edch c\u1ee1, thi\u1ebft k\u1ebf v\u1edbi hai m\u00e0u v\u1ecf \u0111en v\u00e0 tr\u1eafng, c\u00f3 c\u00f4ng su\u1ea5t t\u1eeb 5W<\/p>\n<p>&nbsp;<\/p>\n","protected":false},"excerpt":{"rendered":"<div id=\"short_description_content\" class=\"rte align_justify\">\n<div id=\"short_description_content\" class=\"rte align_justify\">\n<div id=\"short_description_content\" class=\"rte align_justify\">\n<div id=\"short_description_content\" class=\"rte align_justify\">\n<div id=\"short_description_content\" class=\"rte align_justify\">\n<div id=\"short_description_content\" class=\"rte align_justify\">\n<div id=\"short_description_content\" class=\"rte align_justify\">\n<div id=\"short_description_content\" class=\"rte align_justify\">\n<div id=\"short_description_content\" class=\"rte align_justify\">\n<div id=\"short_description_content\" class=\"rte align_justify\">\n<div id=\"short_description_content\" class=\"rte align_justify\">\n<div id=\"short_description_content\" class=\"rte align_justify\">\n<div id=\"short_description_content\" class=\"rte align_justify\">\n<div id=\"short_description_content\" class=\"rte align_justify\">\n<div id=\"short_description_content\" class=\"rte align_justify\">\n<div id=\"short_description_content\" class=\"rte align_justify\">\n<div id=\"short_description_content\" class=\"rte align_justify\">\n<div id=\"short_description_content\" class=\"rte align_justify\">\n<div id=\"short_description_content\" class=\"rte align_justify\">\n<div id=\"short_description_content\" class=\"rte align_justify\">\n<div id=\"short_description_content\" class=\"rte align_justify\">\n<div id=\"short_description_content\" class=\"rte align_justify\">\n<div id=\"short_description_content\" class=\"rte align_justify\">\n<div id=\"short_description_content\" class=\"rte align_justify\">\n<div id=\"short_description_content\" class=\"rte align_justify\">\n<div id=\"short_description_content\" class=\"rte align_justify\">\n<div id=\"short_description_content\" class=\"rte align_justify\">\n<div id=\"short_description_content\" class=\"rte align_justify\">\n<div id=\"short_description_content\" class=\"rte align_justify\">\n<div id=\"short_description_content\" class=\"rte align_justify\">\n<div id=\"short_description_content\" class=\"rte align_justify\">\n<div id=\"short_description_content\" class=\"rte align_justify\">\n<div id=\"short_description_content\" class=\"rte align_justify\">\n<div id=\"short_description_content\" class=\"rte align_justify\">\n<div id=\"short_description_content\" class=\"rte align_justify\">\n<div id=\"short_description_content\" class=\"rte align_justify\">\n<div id=\"short_description_content\" class=\"rte align_justify\">\n<div id=\"short_description_content\" class=\"rte align_justify\">\n<div id=\"short_description_content\" class=\"rte align_justify\">\n<div id=\"short_description_content\" class=\"rte align_justify\">\n<div id=\"short_description_content\" class=\"rte align_justify\">\n<div id=\"short_description_content\" class=\"rte align_justify\">\n<div id=\"short_description_content\" class=\"rte align_justify\">\n<div id=\"short_description_content\" class=\"rte align_justify\">\n<div id=\"short_description_content\" class=\"rte align_justify\">\n<div id=\"short_description_content\" class=\"rte align_justify\">\n<div id=\"short_description_content\" class=\"rte align_justify\">\n<div id=\"short_description_content\" class=\"rte align_justify\">\n<div id=\"short_description_content\" class=\"rte align_justify\">\n<div id=\"short_description_content\" class=\"rte align_justify\">\n<div id=\"short_description_content\" class=\"rte align_justify\">\n<div id=\"short_description_content\" class=\"rte align_justify\">\n<div id=\"short_description_content\" class=\"rte align_justify\">\n<div id=\"short_description_content\" class=\"rte align_justify\">\n<div id=\"short_description_content\" class=\"rte align_justify\">\n<div id=\"short_description_content\" class=\"rte align_justify\">\n<div id=\"short_description_content\" class=\"rte align_justify\">\n<div id=\"short_description_content\" class=\"rte align_justify\">\n<div id=\"short_description_content\" class=\"rte align_justify\">\n<div id=\"short_description_content\" class=\"rte align_justify\">\n<div id=\"short_description_content\" class=\"rte align_justify\">\n<div id=\"short_description_content\" class=\"rte align_justify\">\n<div id=\"short_description_content\" class=\"rte align_justify\">\n<div id=\"short_description_content\" class=\"rte align_justify\">\n<div id=\"short_description_content\" class=\"rte align_justify\">\n<div id=\"short_description_content\" class=\"rte align_justify\">\n<div id=\"short_description_content\" class=\"rte align_justify\">\n<div id=\"short_description_content\" class=\"rte align_justify\">\n<div id=\"short_description_content\" class=\"rte align_justify\">\n<div id=\"short_description_content\" class=\"rte align_justify\">\n<div id=\"short_description_content\" class=\"rte align_justify\">\n<div id=\"short_description_content\" class=\"rte align_justify\">\n<div id=\"short_description_content\" class=\"rte align_justify\">\n<div id=\"short_description_content\" class=\"rte align_justify\">\n<div id=\"short_description_content\" class=\"rte align_justify\">\n<div id=\"short_description_content\" class=\"rte align_justify\">\n<div id=\"short_description_content\" class=\"rte align_justify\">\n<div id=\"short_description_content\" class=\"rte align_justify\">\n<div id=\"short_description_content\" class=\"rte align_justify\">\n<div id=\"short_description_content\" class=\"rte align_justify\">\n<div id=\"short_description_content\" class=\"rte align_justify\">\n<div id=\"short_description_content\" class=\"rte align_justify\">\n<div id=\"short_description_content\" class=\"rte align_justify\">\n<div id=\"short_description_content\" class=\"rte align_justify\">\n<div id=\"short_description_content\" class=\"rte align_justify\">\n<div id=\"short_description_content\" class=\"rte align_justify\">\n<div id=\"short_description_content\" class=\"rte align_justify\">\n<div id=\"short_description_content\" class=\"rte align_justify\">\n<div id=\"short_description_content\" class=\"rte align_justify\">\n<div id=\"short_description_content\" class=\"rte align_justify\">\n<div id=\"short_description_content\" class=\"rte align_justify\">\n<div id=\"short_description_content\" class=\"rte align_justify\">\n<div id=\"short_description_content\" class=\"rte align_justify\">\n<p>\u0110\u00e8n Zoomable High Power Spotlight s\u1eed d\u1ee5ng ray nam ch\u00e2m UMS4005F c\u00f3 ch\u1ea5t l\u01b0\u1ee3ng \u00e1nh s\u00e1ng cao c\u1ea5p, t\u00e1i t\u1ea1o m\u00e0u s\u1eafc trung th\u1ef1c. \u0110\u1eb7c bi\u1ec7t \u0111\u00e8n ray nam ch\u00e2m c\u00f3 th\u1ec3 d\u1ec5 d\u00e0ng di chuy\u1ec3n v\u1ecb tr\u00ed v\u00e0 thay \u0111\u1ed5i s\u1ed1 l\u01b0\u1ee3ng \u0111\u00e8n tr\u00ean ray nh\u1eb1m \u0111\u00e1p \u1ee9ng m\u1ecdi y\u00eau c\u1ea7u kh\u1eaft khe nh\u1ea5t v\u1ec1 thi\u1ebft k\u1ebf<\/p>\n<\/div>\n<\/div>\n<\/div>\n<\/div>\n<\/div>\n<\/div>\n<\/div>\n<\/div>\n<\/div>\n<\/div>\n<\/div>\n<\/div>\n<\/div>\n<\/div>\n<\/div>\n<\/div>\n<\/div>\n<\/div>\n<\/div>\n<\/div>\n<\/div>\n<\/div>\n<\/div>\n<\/div>\n<\/div>\n<\/div>\n<\/div>\n<\/div>\n<\/div>\n<\/div>\n<\/div>\n<\/div>\n<\/div>\n<\/div>\n<\/div>\n<\/div>\n<\/div>\n<\/div>\n<\/div>\n<\/div>\n<\/div>\n<\/div>\n<\/div>\n<\/div>\n<\/div>\n<\/div>\n<\/div>\n<\/div>\n<\/div>\n<\/div>\n<\/div>\n<\/div>\n<\/div>\n<\/div>\n<\/div>\n<\/div>\n<\/div>\n<\/div>\n<\/div>\n<\/div>\n<\/div>\n<\/div>\n<\/div>\n<\/div>\n<\/div>\n<\/div>\n<\/div>\n<\/div>\n<\/div>\n<\/div>\n<\/div>\n<\/div>\n<\/div>\n<\/div>\n<\/div>\n<\/div>\n<\/div>\n<\/div>\n<\/div>\n<\/div>\n<\/div>\n<\/div>\n<\/div>\n<\/div>\n<\/div>\n<\/div>\n<\/div>\n<\/div>\n<\/div>\n<\/div>\n<\/div>\n<\/div>\n<\/div>\n","protected":false},"featured_media":18824,"template":"","meta":[],"product_cat":[337],"product_tag":[],"class_list":{"0":"post-18474","1":"product","2":"type-product","3":"status-publish","4":"has-post-thumbnail","6":"product_cat-den-ray-nam-cham-sieu-nho","8":"first","9":"instock","10":"shipping-taxable","11":"product-type-simple"},"_links":{"self":[{"href":"http:\/\/lyk-lighting.com\/en\/wp-json\/wp\/v2\/product\/18474","targetHints":{"allow":["GET"]}}],"collection":[{"href":"http:\/\/lyk-lighting.com\/en\/wp-json\/wp\/v2\/product"}],"about":[{"href":"http:\/\/lyk-lighting.com\/en\/wp-json\/wp\/v2\/types\/product"}],"version-history":[{"count":3,"href":"http:\/\/lyk-lighting.com\/en\/wp-json\/wp\/v2\/product\/18474\/revisions"}],"predecessor-version":[{"id":18926,"href":"http:\/\/lyk-lighting.com\/en\/wp-json\/wp\/v2\/product\/18474\/revisions\/18926"}],"wp:featuredmedia":[{"embeddable":true,"href":"http:\/\/lyk-lighting.com\/en\/wp-json\/wp\/v2\/media\/18824"}],"wp:attachment":[{"href":"http:\/\/lyk-lighting.com\/en\/wp-json\/wp\/v2\/media?parent=18474"}],"wp:term":[{"taxonomy":"product_cat","embeddable":true,"href":"http:\/\/lyk-lighting.com\/en\/wp-json\/wp\/v2\/product_cat?post=18474"},{"taxonomy":"product_tag","embeddable":true,"href":"http:\/\/lyk-lighting.com\/en\/wp-json\/wp\/v2\/product_tag?post=18474"}],"curies":[{"name":"wp","href":"https:\/\/api.w.org\/{rel}","templated":true}]}}