{"id":3670,"date":"2023-09-29T21:15:27","date_gmt":"2023-09-29T14:15:27","guid":{"rendered":"http:\/\/lyk-lighting.com\/?post_type=product&#038;p=3670"},"modified":"2024-04-16T16:39:48","modified_gmt":"2024-04-16T09:39:48","slug":"den-led-thanh-nhom-r3015","status":"publish","type":"product","link":"http:\/\/lyk-lighting.com\/en\/san-pham\/den-led-thanh-nhom-r3015\/","title":{"rendered":"\u0110\u00e8n led thanh nh\u00f4m R3015"},"content":{"rendered":"<h3>Th\u00f4ng s\u1ed1 k\u1ef9 thu\u1eadt \u0111\u00e8n led thanh nh\u00f4m\u00a0R3015<\/h3>\n<div>Model number: R3015<\/div>\n<div><\/div>\n<div>K\u00edch th\u01b0\u1edbc: L * 15.2mm * 29.46mm<\/div>\n<div><\/div>\n<div>Chi\u1ec1u d\u00e0i: 1m\/2m\/3m<\/div>\n<div><\/div>\n<div>Ch\u1ea5t li\u1ec7u nh\u00f4m: 6063-T5<\/div>\n<div><\/div>\n<div>X\u1eed l\u00fd b\u1ec1 m\u1eb7t: m\u1ea1 b\u1ea1c<\/div>\n<div><\/div>\n<div>T\u1ea5m t\u00e1n s\u00e1ng: Ch\u1ea5t li\u1ec7u nh\u1ef1a Polycarbonate<\/div>\n<div><\/div>\n<div>C\u00e1c l\u1ef1a ch\u1ecdn m\u1eb7t nh\u1ef1a: trong su\u1ed1t\/tr\u1eafng s\u1eefa<\/div>\n<div><\/div>\n<div>Ph\u1ee5 ki\u1ec7n \u0111i k\u00e8m: 2 b\u1ecdc \u0111\u1ea7u<\/div>\n<h3>\u1ee8ng d\u1ee5ng\u00a0\u0111\u00e8n led thanh nh\u00f4m R3015<\/h3>\n<figure id=\"attachment_3679\" aria-describedby=\"caption-attachment-3679\" style=\"width: 2500px\" class=\"wp-caption alignleft\"><img fetchpriority=\"high\" decoding=\"async\" class=\"wp-image-3679 size-full\" src=\"http:\/\/lyk-lighting.com\/wp-content\/uploads\/2023\/09\/IMG_2267.jpg\" alt=\"\u0110\u00e8n led thanh nh\u00f4m R3015YD\" width=\"2500\" height=\"1875\" srcset=\"http:\/\/lyk-lighting.com\/wp-content\/uploads\/2023\/09\/IMG_2267.jpg 2500w, http:\/\/lyk-lighting.com\/wp-content\/uploads\/2023\/09\/IMG_2267-600x450.jpg 600w, http:\/\/lyk-lighting.com\/wp-content\/uploads\/2023\/09\/IMG_2267-300x225.jpg 300w, http:\/\/lyk-lighting.com\/wp-content\/uploads\/2023\/09\/IMG_2267-1024x768.jpg 1024w, http:\/\/lyk-lighting.com\/wp-content\/uploads\/2023\/09\/IMG_2267-768x576.jpg 768w, http:\/\/lyk-lighting.com\/wp-content\/uploads\/2023\/09\/IMG_2267-1536x1152.jpg 1536w, http:\/\/lyk-lighting.com\/wp-content\/uploads\/2023\/09\/IMG_2267-2048x1536.jpg 2048w\" sizes=\"(max-width: 2500px) 100vw, 2500px\" \/><figcaption id=\"caption-attachment-3679\" class=\"wp-caption-text\">\u0110\u00e8n led thanh nh\u00f4m R3015YD<\/figcaption><\/figure>\n<figure id=\"attachment_3680\" aria-describedby=\"caption-attachment-3680\" style=\"width: 1875px\" class=\"wp-caption alignnone\"><img decoding=\"async\" class=\"wp-image-3680 size-full\" src=\"http:\/\/lyk-lighting.com\/wp-content\/uploads\/2023\/09\/IMG_2271.jpg\" alt=\"\u0110\u00e8n led thanh nh\u00f4m R3015YD\" width=\"1875\" height=\"2500\" srcset=\"http:\/\/lyk-lighting.com\/wp-content\/uploads\/2023\/09\/IMG_2271.jpg 1875w, http:\/\/lyk-lighting.com\/wp-content\/uploads\/2023\/09\/IMG_2271-600x800.jpg 600w, http:\/\/lyk-lighting.com\/wp-content\/uploads\/2023\/09\/IMG_2271-225x300.jpg 225w, http:\/\/lyk-lighting.com\/wp-content\/uploads\/2023\/09\/IMG_2271-768x1024.jpg 768w, http:\/\/lyk-lighting.com\/wp-content\/uploads\/2023\/09\/IMG_2271-1152x1536.jpg 1152w, http:\/\/lyk-lighting.com\/wp-content\/uploads\/2023\/09\/IMG_2271-1536x2048.jpg 1536w\" sizes=\"(max-width: 1875px) 100vw, 1875px\" \/><figcaption id=\"caption-attachment-3680\" class=\"wp-caption-text\">\u0110\u00e8n led thanh nh\u00f4m R3015YD<\/figcaption><\/figure>\n<h3><\/h3>\n<h3>C\u00e1ch trang tr\u00ed<\/h3>\n<div>\u0110\u00e8n led thanh nh\u00f4m R3015YD d\u00f9ng cho l\u00e0m thanh m\u00e1ng qu\u1ea7n \u00e1o trong t\u1ee7 qu\u1ea7n \u00e1o ho\u1eb7c l\u00e0m thanh treo qu\u1ea7n \u00e1o trong c\u00e1c shop qu\u1ea7n \u00e1o. \u00c1nh s\u00e1ng tr\u1ef1c ti\u1ebfp t\u1eeb thanh treo R3015 tr\u1ef1c ti\u1ebfp v\u00e0o qu\u1ea7n \u00e1o gi\u00fap l\u00e0m n\u1ed5i b\u1eadt s\u1ea3n ph\u1ea9m th\u1eddi trang v\u00e0 t\u0103ng t\u00ednh hi\u1ec7u d\u1ee5ng c\u1ee7a \u00e1nh s\u00e1ng.<\/div>\n<div><\/div>\n<div>B\u1ea3o h\u00e0nh: 1 n\u0103m \u0111\u1ed5i m\u1edbi n\u1ebfu thanh nh\u00f4m ho\u1eb7c t\u1ea7m nh\u1ef1a t\u00e1n s\u00e1ng b\u1ecb cong, v\u00eanh ho\u1eb7c bi\u1ebfn d\u1ea1ng do nhi\u1ec7t. Kh\u00f4ng b\u1ea3o h\u00e0nh do c\u00e1c va \u0111\u1eadp.<\/div>\n<div><\/div>\n<div>\n<p>C\u00e1c d\u00e2y led th\u00edch h\u1ee3p: ngang 10mm.<\/p>\n<figure id=\"attachment_3678\" aria-describedby=\"caption-attachment-3678\" style=\"width: 2400px\" class=\"wp-caption alignleft\"><img decoding=\"async\" class=\"wp-image-3678 size-full\" src=\"http:\/\/lyk-lighting.com\/wp-content\/uploads\/2023\/09\/den-led-thanh-nhom-r3015yd.jpg\" alt=\"\u0110\u00e8n led thanh nh\u00f4m R3015YD\" width=\"2400\" height=\"1596\" srcset=\"http:\/\/lyk-lighting.com\/wp-content\/uploads\/2023\/09\/den-led-thanh-nhom-r3015yd.jpg 2400w, http:\/\/lyk-lighting.com\/wp-content\/uploads\/2023\/09\/den-led-thanh-nhom-r3015yd-600x399.jpg 600w, http:\/\/lyk-lighting.com\/wp-content\/uploads\/2023\/09\/den-led-thanh-nhom-r3015yd-300x200.jpg 300w, http:\/\/lyk-lighting.com\/wp-content\/uploads\/2023\/09\/den-led-thanh-nhom-r3015yd-1024x681.jpg 1024w, http:\/\/lyk-lighting.com\/wp-content\/uploads\/2023\/09\/den-led-thanh-nhom-r3015yd-768x511.jpg 768w, http:\/\/lyk-lighting.com\/wp-content\/uploads\/2023\/09\/den-led-thanh-nhom-r3015yd-1536x1021.jpg 1536w, http:\/\/lyk-lighting.com\/wp-content\/uploads\/2023\/09\/den-led-thanh-nhom-r3015yd-2048x1362.jpg 2048w\" sizes=\"(max-width: 2400px) 100vw, 2400px\" \/><figcaption id=\"caption-attachment-3678\" class=\"wp-caption-text\">\u0110\u00e8n led thanh nh\u00f4m R3015YD<\/figcaption><\/figure>\n<figure id=\"attachment_3676\" aria-describedby=\"caption-attachment-3676\" style=\"width: 900px\" class=\"wp-caption alignleft\"><img loading=\"lazy\" decoding=\"async\" class=\"wp-image-3676 size-full\" src=\"http:\/\/lyk-lighting.com\/wp-content\/uploads\/2023\/09\/2-1.jpg\" alt=\"\u0110\u00e8n led thanh nh\u00f4m R3015\" width=\"900\" height=\"900\" srcset=\"http:\/\/lyk-lighting.com\/wp-content\/uploads\/2023\/09\/2-1.jpg 900w, http:\/\/lyk-lighting.com\/wp-content\/uploads\/2023\/09\/2-1-300x300.jpg 300w, http:\/\/lyk-lighting.com\/wp-content\/uploads\/2023\/09\/2-1-100x100.jpg 100w, http:\/\/lyk-lighting.com\/wp-content\/uploads\/2023\/09\/2-1-600x600.jpg 600w, http:\/\/lyk-lighting.com\/wp-content\/uploads\/2023\/09\/2-1-150x150.jpg 150w, http:\/\/lyk-lighting.com\/wp-content\/uploads\/2023\/09\/2-1-768x768.jpg 768w\" sizes=\"(max-width: 900px) 100vw, 900px\" \/><figcaption id=\"caption-attachment-3676\" class=\"wp-caption-text\">\u0110\u00e8n led thanh nh\u00f4m R3015<\/figcaption><\/figure>\n<\/div>\n<figure id=\"attachment_3681\" aria-describedby=\"caption-attachment-3681\" style=\"width: 2560px\" class=\"wp-caption alignleft\"><img loading=\"lazy\" decoding=\"async\" class=\"wp-image-3681 size-full\" src=\"http:\/\/lyk-lighting.com\/wp-content\/uploads\/2023\/09\/c_CQmLHB2ZU0mEqmGLdBKFMVi-nZch4-1-scaled.jpg\" alt=\"C\u00e1c lo\u1ea1i \u0111\u00e8n led thanh nh\u00f4m\" width=\"2560\" height=\"917\" srcset=\"http:\/\/lyk-lighting.com\/wp-content\/uploads\/2023\/09\/c_CQmLHB2ZU0mEqmGLdBKFMVi-nZch4-1-scaled.jpg 2560w, http:\/\/lyk-lighting.com\/wp-content\/uploads\/2023\/09\/c_CQmLHB2ZU0mEqmGLdBKFMVi-nZch4-1-scaled-600x215.jpg 600w, http:\/\/lyk-lighting.com\/wp-content\/uploads\/2023\/09\/c_CQmLHB2ZU0mEqmGLdBKFMVi-nZch4-1-300x107.jpg 300w, http:\/\/lyk-lighting.com\/wp-content\/uploads\/2023\/09\/c_CQmLHB2ZU0mEqmGLdBKFMVi-nZch4-1-1024x367.jpg 1024w, http:\/\/lyk-lighting.com\/wp-content\/uploads\/2023\/09\/c_CQmLHB2ZU0mEqmGLdBKFMVi-nZch4-1-768x275.jpg 768w, http:\/\/lyk-lighting.com\/wp-content\/uploads\/2023\/09\/c_CQmLHB2ZU0mEqmGLdBKFMVi-nZch4-1-1536x550.jpg 1536w, http:\/\/lyk-lighting.com\/wp-content\/uploads\/2023\/09\/c_CQmLHB2ZU0mEqmGLdBKFMVi-nZch4-1-2048x733.jpg 2048w\" sizes=\"(max-width: 2560px) 100vw, 2560px\" \/><figcaption id=\"caption-attachment-3681\" class=\"wp-caption-text\">C\u00e1c lo\u1ea1i \u0111\u00e8n led thanh nh\u00f4m<\/figcaption><\/figure>\n","protected":false},"excerpt":{"rendered":"<div id=\"short_description_content\" class=\"rte align_justify\">\n<p>\u0110\u00e8n led thanh nh\u00f4m R3015 \u0111\u1eb9p, ch\u1eafc ch\u1eafn v\u00e0 hi\u1ec7n \u0111\u1ea1i. Thanh nh\u00f4m c\u1ea5u t\u1ea1o b\u1eb1ng nh\u00f4m 6063 d\u00f9ng trong h\u00e0ng kh\u00f4ng \u0111\u01b0\u1ee3c \u0111\u00fac \u0111\u1ecbnh h\u00ecnh. B\u1ec1 m\u1eb7t thanh nh\u00f4m \u0111\u01b0\u1ee3c ph\u1ee7 t\u1ea5m Polycarbonate b\u1ea3o v\u1ec7 \u0111\u00e8n led d\u00e1n b\u00ean trong v\u00e0 t\u00e1n \u0111\u1ec1u \u00e1nh s\u00e1ng t\u1ecfa ra xung quanh.<\/p>\n<\/div>\n","protected":false},"featured_media":3677,"template":"","meta":[],"product_cat":[231],"product_tag":[],"class_list":{"0":"post-3670","1":"product","2":"type-product","3":"status-publish","4":"has-post-thumbnail","6":"product_cat-den-thanh-nhom","8":"first","9":"instock","10":"shipping-taxable","11":"product-type-simple"},"_links":{"self":[{"href":"http:\/\/lyk-lighting.com\/en\/wp-json\/wp\/v2\/product\/3670","targetHints":{"allow":["GET"]}}],"collection":[{"href":"http:\/\/lyk-lighting.com\/en\/wp-json\/wp\/v2\/product"}],"about":[{"href":"http:\/\/lyk-lighting.com\/en\/wp-json\/wp\/v2\/types\/product"}],"version-history":[{"count":0,"href":"http:\/\/lyk-lighting.com\/en\/wp-json\/wp\/v2\/product\/3670\/revisions"}],"wp:featuredmedia":[{"embeddable":true,"href":"http:\/\/lyk-lighting.com\/en\/wp-json\/wp\/v2\/media\/3677"}],"wp:attachment":[{"href":"http:\/\/lyk-lighting.com\/en\/wp-json\/wp\/v2\/media?parent=3670"}],"wp:term":[{"taxonomy":"product_cat","embeddable":true,"href":"http:\/\/lyk-lighting.com\/en\/wp-json\/wp\/v2\/product_cat?post=3670"},{"taxonomy":"product_tag","embeddable":true,"href":"http:\/\/lyk-lighting.com\/en\/wp-json\/wp\/v2\/product_tag?post=3670"}],"curies":[{"name":"wp","href":"https:\/\/api.w.org\/{rel}","templated":true}]}}