{"id":3683,"date":"2023-09-29T21:45:33","date_gmt":"2023-09-29T14:45:33","guid":{"rendered":"http:\/\/lyk-lighting.com\/?post_type=product&#038;p=3683"},"modified":"2023-10-10T18:26:34","modified_gmt":"2023-10-10T11:26:34","slug":"den-led-thanh-nhom-u2507","status":"publish","type":"product","link":"http:\/\/lyk-lighting.com\/en\/san-pham\/den-led-thanh-nhom-u2507\/","title":{"rendered":"\u0110\u00e8n led thanh nh\u00f4m U2507"},"content":{"rendered":"<h3>Th\u00f4ng s\u1ed1 k\u1ef9 thu\u1eadt \u0111\u00e8n led thanh nh\u00f4m U2507:<\/h3>\n<div>\n<div>Model number: U2507<\/div>\n<div><\/div>\n<div>K\u00edch th\u01b0\u1edbc: L * 25mm * 7mm<\/div>\n<div><\/div>\n<div>Chi\u1ec1u d\u00e0i: 1m\/2m\/3m<\/div>\n<div><\/div>\n<div>Ch\u1ea5t li\u1ec7u nh\u00f4m: 6063-T5<\/div>\n<div><\/div>\n<div>X\u1eed l\u00fd b\u1ec1 m\u1eb7t: m\u1ea1 b\u1ea1c<\/div>\n<div><\/div>\n<div>T\u1ea5m t\u00e1n s\u00e1ng: Ch\u1ea5t li\u1ec7u nh\u1ef1a Polycarbonate<\/div>\n<div><\/div>\n<div>C\u00e1c l\u1ef1a ch\u1ecdn m\u1eb7t nh\u1ef1a: trong su\u1ed1t\/tr\u1eafng s\u1eefa<\/div>\n<div><\/div>\n<div>Ph\u1ee5 ki\u1ec7n \u0111i k\u00e8m: 2 b\u1ecdc \u0111\u1ea7u<\/div>\n<\/div>\n<h3>\u1ee8ng d\u1ee5ng \u0111\u00e8n led thanh nh\u00f4m U2507<\/h3>\n<figure id=\"attachment_3684\" aria-describedby=\"caption-attachment-3684\" style=\"width: 790px\" class=\"wp-caption alignnone\"><img fetchpriority=\"high\" decoding=\"async\" class=\"wp-image-3684 size-full\" src=\"http:\/\/lyk-lighting.com\/wp-content\/uploads\/2023\/09\/LED_Profile_11.jpg\" alt=\"\u0110\u00e8n led thanh nh\u00f4m U2507\" width=\"790\" height=\"1046\" srcset=\"http:\/\/lyk-lighting.com\/wp-content\/uploads\/2023\/09\/LED_Profile_11.jpg 790w, http:\/\/lyk-lighting.com\/wp-content\/uploads\/2023\/09\/LED_Profile_11-600x794.jpg 600w, http:\/\/lyk-lighting.com\/wp-content\/uploads\/2023\/09\/LED_Profile_11-227x300.jpg 227w, http:\/\/lyk-lighting.com\/wp-content\/uploads\/2023\/09\/LED_Profile_11-773x1024.jpg 773w, http:\/\/lyk-lighting.com\/wp-content\/uploads\/2023\/09\/LED_Profile_11-768x1017.jpg 768w\" sizes=\"(max-width: 790px) 100vw, 790px\" \/><figcaption id=\"caption-attachment-3684\" class=\"wp-caption-text\">\u0110\u00e8n led thanh nh\u00f4m U2507<\/figcaption><\/figure>\n<figure id=\"attachment_3685\" aria-describedby=\"caption-attachment-3685\" style=\"width: 996px\" class=\"wp-caption alignnone\"><img decoding=\"async\" class=\"wp-image-3685 size-full\" src=\"http:\/\/lyk-lighting.com\/wp-content\/uploads\/2023\/09\/file-1.jpg\" alt=\"\u0110\u00e8n led thanh nh\u00f4m U2507\" width=\"996\" height=\"448\" srcset=\"http:\/\/lyk-lighting.com\/wp-content\/uploads\/2023\/09\/file-1.jpg 996w, http:\/\/lyk-lighting.com\/wp-content\/uploads\/2023\/09\/file-1-600x270.jpg 600w, http:\/\/lyk-lighting.com\/wp-content\/uploads\/2023\/09\/file-1-300x135.jpg 300w, http:\/\/lyk-lighting.com\/wp-content\/uploads\/2023\/09\/file-1-768x345.jpg 768w\" sizes=\"(max-width: 996px) 100vw, 996px\" \/><figcaption id=\"caption-attachment-3685\" class=\"wp-caption-text\">\u0110\u00e8n led thanh nh\u00f4m U2507<\/figcaption><\/figure>\n<div><\/div>\n<h3>C\u00e1ch trang tr\u00ed<\/h3>\n<div>L\u00e0m r\u00e3nh tr\u00ean b\u1ec1 m\u1eb7t b\u1ebfp ho\u1eb7c t\u1ee7 k\u1ec7 r\u1ed3i d\u00e1n thanh nh\u00f4m U2507 v\u00e0o r\u00e3nh; ho\u1eb7c treo l\u00ean b\u1ec1 m\u1eb7t thi\u1ebft b\u1ecb b\u1eb1ng c\u00e1c bass treo. C\u00f3 th\u1ec3 d\u00e1n b\u1eb1ng keo silicon ch\u1ecbu nhi\u1ec7t cho c\u00e1c v\u1eadt li\u1ec7u nh\u01b0 ki\u1ebfng, mica, \u0111\u00e1, g\u1ed7, nh\u1ef1a.<\/div>\n<div>\n<div><\/div>\n<div>B\u1ea3o h\u00e0nh: 1 n\u0103m \u0111\u1ed5i m\u1edbi n\u1ebfu thanh nh\u00f4m ho\u1eb7c t\u1ea7m nh\u1ef1a t\u00e1n s\u00e1ng b\u1ecb cong, v\u00eanh ho\u1eb7c bi\u1ebfn d\u1ea1ng do nhi\u1ec7t. Kh\u00f4ng b\u1ea3o h\u00e0nh do c\u00e1c va \u0111\u1eadp.<\/div>\n<div><\/div>\n<div>\n<p>C\u00e1c d\u00e2y led th\u00edch h\u1ee3p: ngang 10-12mm, d\u00e0y 1.5mm.<\/p>\n<figure id=\"attachment_3686\" aria-describedby=\"caption-attachment-3686\" style=\"width: 1000px\" class=\"wp-caption alignleft\"><img decoding=\"async\" class=\"wp-image-3686 size-full\" src=\"http:\/\/lyk-lighting.com\/wp-content\/uploads\/2023\/09\/2507-1M-long-LED-aluminum-profile-with.jpg\" alt=\"\u0110\u00e8n led thanh nh\u00f4m U2507\" width=\"1000\" height=\"602\" srcset=\"http:\/\/lyk-lighting.com\/wp-content\/uploads\/2023\/09\/2507-1M-long-LED-aluminum-profile-with.jpg 1000w, http:\/\/lyk-lighting.com\/wp-content\/uploads\/2023\/09\/2507-1M-long-LED-aluminum-profile-with-600x361.jpg 600w, http:\/\/lyk-lighting.com\/wp-content\/uploads\/2023\/09\/2507-1M-long-LED-aluminum-profile-with-300x181.jpg 300w, http:\/\/lyk-lighting.com\/wp-content\/uploads\/2023\/09\/2507-1M-long-LED-aluminum-profile-with-768x462.jpg 768w\" sizes=\"(max-width: 1000px) 100vw, 1000px\" \/><figcaption id=\"caption-attachment-3686\" class=\"wp-caption-text\">\u0110\u00e8n led thanh nh\u00f4m U2507<\/figcaption><\/figure>\n<\/div>\n<\/div>\n<figure id=\"attachment_3687\" aria-describedby=\"caption-attachment-3687\" style=\"width: 900px\" class=\"wp-caption alignleft\"><img loading=\"lazy\" decoding=\"async\" class=\"wp-image-3687 size-full\" src=\"http:\/\/lyk-lighting.com\/wp-content\/uploads\/2023\/09\/GL-U2507.jpg\" alt=\"\u0110\u00e8n led thanh nh\u00f4m U2507\" width=\"900\" height=\"736\" srcset=\"http:\/\/lyk-lighting.com\/wp-content\/uploads\/2023\/09\/GL-U2507.jpg 900w, http:\/\/lyk-lighting.com\/wp-content\/uploads\/2023\/09\/GL-U2507-600x491.jpg 600w, http:\/\/lyk-lighting.com\/wp-content\/uploads\/2023\/09\/GL-U2507-300x245.jpg 300w, http:\/\/lyk-lighting.com\/wp-content\/uploads\/2023\/09\/GL-U2507-768x628.jpg 768w\" sizes=\"(max-width: 900px) 100vw, 900px\" \/><figcaption id=\"caption-attachment-3687\" class=\"wp-caption-text\">\u0110\u00e8n led thanh nh\u00f4m U2507<\/figcaption><\/figure>\n<figure id=\"attachment_3688\" aria-describedby=\"caption-attachment-3688\" style=\"width: 955px\" class=\"wp-caption alignleft\"><img loading=\"lazy\" decoding=\"async\" class=\"wp-image-3688 size-full\" src=\"http:\/\/lyk-lighting.com\/wp-content\/uploads\/2023\/09\/c_CQmLHB2ZU0mEqmGLdBKFMVi-nZch4kmOykFbsLsrvR3bhNqNL9GQwg-2.jpg\" alt=\"C\u00e1c lo\u1ea1i \u0111\u00e8n led thanh nh\u00f4m\" width=\"955\" height=\"342\" srcset=\"http:\/\/lyk-lighting.com\/wp-content\/uploads\/2023\/09\/c_CQmLHB2ZU0mEqmGLdBKFMVi-nZch4kmOykFbsLsrvR3bhNqNL9GQwg-2.jpg 955w, http:\/\/lyk-lighting.com\/wp-content\/uploads\/2023\/09\/c_CQmLHB2ZU0mEqmGLdBKFMVi-nZch4kmOykFbsLsrvR3bhNqNL9GQwg-2-600x215.jpg 600w, http:\/\/lyk-lighting.com\/wp-content\/uploads\/2023\/09\/c_CQmLHB2ZU0mEqmGLdBKFMVi-nZch4kmOykFbsLsrvR3bhNqNL9GQwg-2-300x107.jpg 300w, http:\/\/lyk-lighting.com\/wp-content\/uploads\/2023\/09\/c_CQmLHB2ZU0mEqmGLdBKFMVi-nZch4kmOykFbsLsrvR3bhNqNL9GQwg-2-768x275.jpg 768w\" sizes=\"(max-width: 955px) 100vw, 955px\" \/><figcaption id=\"caption-attachment-3688\" class=\"wp-caption-text\">C\u00e1c lo\u1ea1i \u0111\u00e8n led thanh nh\u00f4m<\/figcaption><\/figure>\n","protected":false},"excerpt":{"rendered":"<div id=\"short_description_content\" class=\"rte align_justify\">\n<p>\u0110\u00e8n led thanh nh\u00f4m U2507 \u0111\u1eb9p, ch\u1eafc ch\u1eafn v\u00e0 hi\u1ec7n \u0111\u1ea1i. Thanh nh\u00f4m c\u1ea5u t\u1ea1o b\u1eb1ng nh\u00f4m 6063 d\u00f9ng trong h\u00e0ng kh\u00f4ng \u0111\u01b0\u1ee3c \u0111\u00fac \u0111\u1ecbnh h\u00ecnh ch\u1eef U m\u1ecfng. B\u1ec1 m\u1eb7t thanh nh\u00f4m \u0111\u01b0\u1ee3c ph\u1ee7 t\u1ea5m Polycarbonate b\u1ea3o v\u1ec7 \u0111\u00e8n led d\u00e1n b\u00ean trong v\u00e0 t\u00e1n \u0111\u1ec1u \u00e1nh s\u00e1ng t\u1ecfa ra xung quanh.<\/p>\n<\/div>\n","protected":false},"featured_media":3689,"template":"","meta":[],"product_cat":[231],"product_tag":[],"class_list":{"0":"post-3683","1":"product","2":"type-product","3":"status-publish","4":"has-post-thumbnail","6":"product_cat-den-thanh-nhom","8":"first","9":"instock","10":"shipping-taxable","11":"product-type-simple"},"_links":{"self":[{"href":"http:\/\/lyk-lighting.com\/en\/wp-json\/wp\/v2\/product\/3683","targetHints":{"allow":["GET"]}}],"collection":[{"href":"http:\/\/lyk-lighting.com\/en\/wp-json\/wp\/v2\/product"}],"about":[{"href":"http:\/\/lyk-lighting.com\/en\/wp-json\/wp\/v2\/types\/product"}],"version-history":[{"count":0,"href":"http:\/\/lyk-lighting.com\/en\/wp-json\/wp\/v2\/product\/3683\/revisions"}],"wp:featuredmedia":[{"embeddable":true,"href":"http:\/\/lyk-lighting.com\/en\/wp-json\/wp\/v2\/media\/3689"}],"wp:attachment":[{"href":"http:\/\/lyk-lighting.com\/en\/wp-json\/wp\/v2\/media?parent=3683"}],"wp:term":[{"taxonomy":"product_cat","embeddable":true,"href":"http:\/\/lyk-lighting.com\/en\/wp-json\/wp\/v2\/product_cat?post=3683"},{"taxonomy":"product_tag","embeddable":true,"href":"http:\/\/lyk-lighting.com\/en\/wp-json\/wp\/v2\/product_tag?post=3683"}],"curies":[{"name":"wp","href":"https:\/\/api.w.org\/{rel}","templated":true}]}}