{"id":3797,"date":"2023-10-11T20:40:57","date_gmt":"2023-10-11T13:40:57","guid":{"rendered":"http:\/\/lyk-lighting.com\/?post_type=product&#038;p=3797"},"modified":"2023-10-11T20:44:28","modified_gmt":"2023-10-11T13:44:28","slug":"den-led-thanh-nhom-u3566a","status":"publish","type":"product","link":"http:\/\/lyk-lighting.com\/en\/san-pham\/den-led-thanh-nhom-u3566a\/","title":{"rendered":"\u0110\u00e8n led thanh nh\u00f4m U3566A"},"content":{"rendered":"<h3>Th\u00f4ng s\u1ed1 k\u1ef9 thu\u1eadt \u0111\u00e8n led thanh nh\u00f4m U3566A<\/h3>\n<div>Model number: U3566A<\/div>\n<div><\/div>\n<div>K\u00edch th\u01b0\u1edbc: L * 35mm * 66mm<\/div>\n<div><\/div>\n<div>Chi\u1ec1u d\u00e0i: 1m\/2m\/3m<\/div>\n<div><\/div>\n<div>Ch\u1ea5t li\u1ec7u nh\u00f4m: 6063-T5<\/div>\n<div><\/div>\n<div>X\u1eed l\u00fd b\u1ec1 m\u1eb7t: m\u1ea1 b\u1ea1c<\/div>\n<div><\/div>\n<div>T\u1ea5m t\u00e1n s\u00e1ng: Ch\u1ea5t li\u1ec7u nh\u1ef1a Polycarbonate<\/div>\n<div><\/div>\n<div>C\u00e1c l\u1ef1a ch\u1ecdn m\u1eb7t nh\u1ef1a: trong su\u1ed1t\/tr\u1eafng s\u1eefa<\/div>\n<div><\/div>\n<div>Ph\u1ee5 ki\u1ec7n \u0111i k\u00e8m: 2 b\u1ecdc \u0111\u1ea7u<\/div>\n<div>\n<h3>\u1ee8ng d\u1ee5ng \u0111\u00e8n led thanh nh\u00f4m U3566A<\/h3>\n<figure id=\"attachment_3799\" aria-describedby=\"caption-attachment-3799\" style=\"width: 1500px\" class=\"wp-caption alignnone\"><img fetchpriority=\"high\" decoding=\"async\" class=\"wp-image-3799 size-full\" src=\"http:\/\/lyk-lighting.com\/wp-content\/uploads\/2023\/10\/9GAG_Office_LAAB_1.jpg\" alt=\"\u0110\u00e8n led thanh nh\u00f4m U3566A\" width=\"1500\" height=\"1000\" srcset=\"http:\/\/lyk-lighting.com\/wp-content\/uploads\/2023\/10\/9GAG_Office_LAAB_1.jpg 1500w, http:\/\/lyk-lighting.com\/wp-content\/uploads\/2023\/10\/9GAG_Office_LAAB_1-600x400.jpg 600w, http:\/\/lyk-lighting.com\/wp-content\/uploads\/2023\/10\/9GAG_Office_LAAB_1-300x200.jpg 300w, http:\/\/lyk-lighting.com\/wp-content\/uploads\/2023\/10\/9GAG_Office_LAAB_1-1024x683.jpg 1024w, http:\/\/lyk-lighting.com\/wp-content\/uploads\/2023\/10\/9GAG_Office_LAAB_1-768x512.jpg 768w\" sizes=\"(max-width: 1500px) 100vw, 1500px\" \/><figcaption id=\"caption-attachment-3799\" class=\"wp-caption-text\">\u0110\u00e8n led thanh nh\u00f4m U3566A<\/figcaption><\/figure>\n<figure id=\"attachment_3798\" aria-describedby=\"caption-attachment-3798\" style=\"width: 1000px\" class=\"wp-caption alignnone\"><img decoding=\"async\" class=\"wp-image-3798 size-full\" src=\"http:\/\/lyk-lighting.com\/wp-content\/uploads\/2023\/10\/9GAG_Office_LAAB.jpg\" alt=\"\u0110\u00e8n led thanh nh\u00f4m U3566A\" width=\"1000\" height=\"688\" srcset=\"http:\/\/lyk-lighting.com\/wp-content\/uploads\/2023\/10\/9GAG_Office_LAAB.jpg 1000w, http:\/\/lyk-lighting.com\/wp-content\/uploads\/2023\/10\/9GAG_Office_LAAB-600x413.jpg 600w, http:\/\/lyk-lighting.com\/wp-content\/uploads\/2023\/10\/9GAG_Office_LAAB-300x206.jpg 300w, http:\/\/lyk-lighting.com\/wp-content\/uploads\/2023\/10\/9GAG_Office_LAAB-768x528.jpg 768w\" sizes=\"(max-width: 1000px) 100vw, 1000px\" \/><figcaption id=\"caption-attachment-3798\" class=\"wp-caption-text\">\u0110\u00e8n led thanh nh\u00f4m U3566A<\/figcaption><\/figure>\n<\/div>\n<h3>C\u00e1ch trang tr\u00ed<\/h3>\n<div>\n<div>\n<div>\n<p>\u0110\u00e8n led thanh nh\u00f4m U3566A d\u00f9ng cho c\u00e1c thi\u1ebft k\u1ebf th\u1ea3 tr\u1ea7n. C\u00e1c thanh nh\u00f4m \u0111\u01b0\u1ee3c n\u1ed1i v\u1edbi nhau th\u00e0nh c\u00e1c kh\u1ed1i t\u1ea1o h\u00ecnh v\u00e0 treo l\u00ean tr\u1ea7n trong ph\u00f2ng kh\u00e1ch ho\u1eb7c ph\u00f2ng \u0103n t\u1ea1o n\u00ean c\u00e1c \u0111i\u1ec3m nh\u1ea5n trong nh\u00e0. \u0110\u00e8n led thanh nh\u00f4m U3566A c\u00f2n c\u00f3 th\u1ec3 \u0111\u01b0\u1ee3c g\u1eafn l\u00ean tr\u1ea7n xe ho\u1eb7c tr\u1ea7n nh\u00e0 m\u00e0 kh\u00f4ng d\u00f9ng d\u00e2y th\u1ea3.<\/p>\n<div><\/div>\n<div>B\u1ea3o h\u00e0nh: 1 n\u0103m \u0111\u1ed5i m\u1edbi n\u1ebfu thanh nh\u00f4m ho\u1eb7c t\u1ea7m nh\u1ef1a t\u00e1n s\u00e1ng b\u1ecb cong, v\u00eanh ho\u1eb7c bi\u1ebfn d\u1ea1ng do nhi\u1ec7t. Kh\u00f4ng b\u1ea3o h\u00e0nh do c\u00e1c va \u0111\u1eadp.<\/div>\n<div><\/div>\n<div>C\u00e1c d\u00e2y led th\u00edch h\u1ee3p: ngang 30mm.<\/div>\n<\/div>\n<figure id=\"attachment_3800\" aria-describedby=\"caption-attachment-3800\" style=\"width: 900px\" class=\"wp-caption alignleft\"><img decoding=\"async\" class=\"wp-image-3800 size-full\" src=\"http:\/\/lyk-lighting.com\/wp-content\/uploads\/2023\/10\/1-11.jpg\" alt=\"\u0110\u00e8n led thanh nh\u00f4m U3566A\" width=\"900\" height=\"900\" srcset=\"http:\/\/lyk-lighting.com\/wp-content\/uploads\/2023\/10\/1-11.jpg 900w, http:\/\/lyk-lighting.com\/wp-content\/uploads\/2023\/10\/1-11-300x300.jpg 300w, http:\/\/lyk-lighting.com\/wp-content\/uploads\/2023\/10\/1-11-100x100.jpg 100w, http:\/\/lyk-lighting.com\/wp-content\/uploads\/2023\/10\/1-11-600x600.jpg 600w, http:\/\/lyk-lighting.com\/wp-content\/uploads\/2023\/10\/1-11-150x150.jpg 150w, http:\/\/lyk-lighting.com\/wp-content\/uploads\/2023\/10\/1-11-768x768.jpg 768w\" sizes=\"(max-width: 900px) 100vw, 900px\" \/><figcaption id=\"caption-attachment-3800\" class=\"wp-caption-text\">\u0110\u00e8n led thanh nh\u00f4m U3566A<\/figcaption><\/figure>\n<figure id=\"attachment_3801\" aria-describedby=\"caption-attachment-3801\" style=\"width: 900px\" class=\"wp-caption alignleft\"><img loading=\"lazy\" decoding=\"async\" class=\"wp-image-3801 size-full\" src=\"http:\/\/lyk-lighting.com\/wp-content\/uploads\/2023\/10\/2-11.jpg\" alt=\"\u0110\u00e8n led thanh nh\u00f4m U3566A\" width=\"900\" height=\"900\" srcset=\"http:\/\/lyk-lighting.com\/wp-content\/uploads\/2023\/10\/2-11.jpg 900w, http:\/\/lyk-lighting.com\/wp-content\/uploads\/2023\/10\/2-11-300x300.jpg 300w, http:\/\/lyk-lighting.com\/wp-content\/uploads\/2023\/10\/2-11-100x100.jpg 100w, http:\/\/lyk-lighting.com\/wp-content\/uploads\/2023\/10\/2-11-600x600.jpg 600w, http:\/\/lyk-lighting.com\/wp-content\/uploads\/2023\/10\/2-11-150x150.jpg 150w, http:\/\/lyk-lighting.com\/wp-content\/uploads\/2023\/10\/2-11-768x768.jpg 768w\" sizes=\"(max-width: 900px) 100vw, 900px\" \/><figcaption id=\"caption-attachment-3801\" class=\"wp-caption-text\">\u0110\u00e8n led thanh nh\u00f4m U3566A<\/figcaption><\/figure>\n<div><\/div>\n<\/div>\n<div>\n<figure id=\"attachment_3724\" aria-describedby=\"caption-attachment-3724\" style=\"width: 955px\" class=\"wp-caption alignleft\"><img loading=\"lazy\" decoding=\"async\" class=\"wp-image-3724 size-full\" src=\"http:\/\/lyk-lighting.com\/wp-content\/uploads\/2023\/10\/c_CQmLHB2ZU0mEqmGLdBKFMVi-nZch4-2.jpg\" alt=\"C\u00e1c lo\u1ea1i \u0111\u00e8n led thanh nh\u00f4m\" width=\"955\" height=\"342\" srcset=\"http:\/\/lyk-lighting.com\/wp-content\/uploads\/2023\/10\/c_CQmLHB2ZU0mEqmGLdBKFMVi-nZch4-2.jpg 955w, http:\/\/lyk-lighting.com\/wp-content\/uploads\/2023\/10\/c_CQmLHB2ZU0mEqmGLdBKFMVi-nZch4-2-600x215.jpg 600w, http:\/\/lyk-lighting.com\/wp-content\/uploads\/2023\/10\/c_CQmLHB2ZU0mEqmGLdBKFMVi-nZch4-2-300x107.jpg 300w, http:\/\/lyk-lighting.com\/wp-content\/uploads\/2023\/10\/c_CQmLHB2ZU0mEqmGLdBKFMVi-nZch4-2-768x275.jpg 768w\" sizes=\"(max-width: 955px) 100vw, 955px\" \/><figcaption id=\"caption-attachment-3724\" class=\"wp-caption-text\">C\u00e1c lo\u1ea1i \u0111\u00e8n led thanh nh\u00f4m<\/figcaption><\/figure>\n<\/div>\n<\/div>\n","protected":false},"excerpt":{"rendered":"<div id=\"short_description_content\" class=\"rte align_justify\">\n<div id=\"short_description_content\" class=\"rte align_justify\">\n<div id=\"short_description_content\" class=\"rte align_justify\">\n<div id=\"short_description_content\" class=\"rte align_justify\">\n<div id=\"short_description_content\" class=\"rte align_justify\">\n<div id=\"short_description_content\" class=\"rte align_justify\">\n<p>\u0110\u00e8n led thanh nh\u00f4m U3566A \u0111\u1eb9p, ch\u1eafc ch\u1eafn v\u00e0 hi\u1ec7n \u0111\u1ea1i. Thanh nh\u00f4m c\u1ea5u t\u1ea1o b\u1eb1ng nh\u00f4m 6063 d\u00f9ng trong h\u00e0ng kh\u00f4ng \u0111\u01b0\u1ee3c \u0111\u00fac \u0111\u1ecbnh h\u00ecnh ch\u1eef U ch\u1eafc ch\u1eafn. B\u1ec1 m\u1eb7t thanh nh\u00f4m \u0111\u01b0\u1ee3c ph\u1ee7 t\u1ea5m Polycarbonate b\u1ea3o v\u1ec7 \u0111\u00e8n led d\u00e1n b\u00ean trong v\u00e0 t\u00e1n \u0111\u1ec1u \u00e1nh s\u00e1ng.<\/p>\n<\/div>\n<\/div>\n<\/div>\n<\/div>\n<\/div>\n<\/div>\n","protected":false},"featured_media":3800,"template":"","meta":[],"product_cat":[231],"product_tag":[],"class_list":{"0":"post-3797","1":"product","2":"type-product","3":"status-publish","4":"has-post-thumbnail","6":"product_cat-den-thanh-nhom","8":"first","9":"instock","10":"shipping-taxable","11":"product-type-simple"},"_links":{"self":[{"href":"http:\/\/lyk-lighting.com\/en\/wp-json\/wp\/v2\/product\/3797","targetHints":{"allow":["GET"]}}],"collection":[{"href":"http:\/\/lyk-lighting.com\/en\/wp-json\/wp\/v2\/product"}],"about":[{"href":"http:\/\/lyk-lighting.com\/en\/wp-json\/wp\/v2\/types\/product"}],"version-history":[{"count":0,"href":"http:\/\/lyk-lighting.com\/en\/wp-json\/wp\/v2\/product\/3797\/revisions"}],"wp:featuredmedia":[{"embeddable":true,"href":"http:\/\/lyk-lighting.com\/en\/wp-json\/wp\/v2\/media\/3800"}],"wp:attachment":[{"href":"http:\/\/lyk-lighting.com\/en\/wp-json\/wp\/v2\/media?parent=3797"}],"wp:term":[{"taxonomy":"product_cat","embeddable":true,"href":"http:\/\/lyk-lighting.com\/en\/wp-json\/wp\/v2\/product_cat?post=3797"},{"taxonomy":"product_tag","embeddable":true,"href":"http:\/\/lyk-lighting.com\/en\/wp-json\/wp\/v2\/product_tag?post=3797"}],"curies":[{"name":"wp","href":"https:\/\/api.w.org\/{rel}","templated":true}]}}