{"id":3812,"date":"2023-10-11T20:52:27","date_gmt":"2023-10-11T13:52:27","guid":{"rendered":"http:\/\/lyk-lighting.com\/?post_type=product&#038;p=3812"},"modified":"2023-10-12T22:19:36","modified_gmt":"2023-10-12T15:19:36","slug":"den-led-thanh-nhom-u1617","status":"publish","type":"product","link":"http:\/\/lyk-lighting.com\/en\/san-pham\/den-led-thanh-nhom-u1617\/","title":{"rendered":"\u0110\u00e8n led thanh nh\u00f4m U1617"},"content":{"rendered":"<h3>Th\u00f4ng s\u1ed1 k\u1ef9 thu\u1eadt\u00a0\u0111\u00e8n led thanh nh\u00f4m U1617:<\/h3>\n<p>Model number: U1617<\/p>\n<p>K\u00edch th\u01b0\u1edbc: L * 16mm * 12.6mm<\/p>\n<p>Chi\u1ec1u d\u00e0i: 1m\/2m\/3m<\/p>\n<p>Ch\u1ea5t li\u1ec7u nh\u00f4m: 6063-T5<\/p>\n<p>X\u1eed l\u00fd b\u1ec1 m\u1eb7t: m\u1ea1 b\u1ea1c<\/p>\n<p>T\u1ea5m t\u00e1n s\u00e1ng: Ch\u1ea5t li\u1ec7u nh\u1ef1a Polycarbonate<\/p>\n<p>C\u00e1c l\u1ef1a ch\u1ecdn m\u1eb7t nh\u1ef1a: trong su\u1ed1t\/tr\u1eafng s\u1eefa<\/p>\n<p>Ph\u1ee5 ki\u1ec7n \u0111i k\u00e8m: 2 b\u1ecdc \u0111\u1ea7u + 2 bass treo<\/p>\n<div>\n<h3>\u1ee8ng d\u1ee5ng \u0111\u00e8n led thanh nh\u00f4m U1617<\/h3>\n<figure id=\"attachment_3819\" aria-describedby=\"caption-attachment-3819\" style=\"width: 236px\" class=\"wp-caption alignnone\"><img fetchpriority=\"high\" decoding=\"async\" class=\"wp-image-3819 size-full\" src=\"http:\/\/lyk-lighting.com\/wp-content\/uploads\/2023\/10\/1c3aea59d0ec34d1891dae3182d1c4bf-1.jpg\" alt=\"\u0110\u00e8n led thanh nh\u00f4m U1617\" width=\"236\" height=\"346\" srcset=\"http:\/\/lyk-lighting.com\/wp-content\/uploads\/2023\/10\/1c3aea59d0ec34d1891dae3182d1c4bf-1.jpg 236w, http:\/\/lyk-lighting.com\/wp-content\/uploads\/2023\/10\/1c3aea59d0ec34d1891dae3182d1c4bf-1-205x300.jpg 205w\" sizes=\"(max-width: 236px) 100vw, 236px\" \/><figcaption id=\"caption-attachment-3819\" class=\"wp-caption-text\">\u0110\u00e8n led thanh nh\u00f4m U1617<\/figcaption><\/figure>\n<figure id=\"attachment_3821\" aria-describedby=\"caption-attachment-3821\" style=\"width: 500px\" class=\"wp-caption alignnone\"><img decoding=\"async\" class=\"wp-image-3821 size-full\" src=\"http:\/\/lyk-lighting.com\/wp-content\/uploads\/2023\/10\/ac515db8c89e036dde6f2925c2c35915-1-1.jpg\" alt=\"\u0110\u00e8n led thanh nh\u00f4m U1617\" width=\"500\" height=\"415\" srcset=\"http:\/\/lyk-lighting.com\/wp-content\/uploads\/2023\/10\/ac515db8c89e036dde6f2925c2c35915-1-1.jpg 500w, http:\/\/lyk-lighting.com\/wp-content\/uploads\/2023\/10\/ac515db8c89e036dde6f2925c2c35915-1-1-300x249.jpg 300w\" sizes=\"(max-width: 500px) 100vw, 500px\" \/><figcaption id=\"caption-attachment-3821\" class=\"wp-caption-text\">\u0110\u00e8n led thanh nh\u00f4m U1617<\/figcaption><\/figure>\n<\/div>\n<h3>C\u00e1ch trang tr\u00ed<\/h3>\n<div>\n<div>\n<div>\n<p>L\u00e0m r\u00e3nh tr\u00ean b\u1ec1 m\u1eb7t b\u1ebfp ho\u1eb7c t\u1ee7 k\u1ec7 r\u1ed3i d\u00e1n thanh nh\u00f4m U1617 v\u00e0o r\u00e3nh; ho\u1eb7c treo l\u00ean b\u1ec1 m\u1eb7t thi\u1ebft b\u1ecb b\u1eb1ng c\u00e1c bass treo. C\u00f3 th\u1ec3 d\u00e1n b\u1eb1ng keo silicon ch\u1ecbu nhi\u1ec7t cho c\u00e1c v\u1eadt li\u1ec7u nh\u01b0 ki\u1ebfng, mica, \u0111\u00e1, g\u1ed7, nh\u1ef1a.<\/p>\n<p>B\u1ea3o h\u00e0nh: 1 n\u0103m \u0111\u1ed5i m\u1edbi n\u1ebfu thanh nh\u00f4m ho\u1eb7c t\u1ea7m nh\u1ef1a t\u00e1n s\u00e1ng b\u1ecb cong, v\u00eanh ho\u1eb7c bi\u1ebfn d\u1ea1ng do nhi\u1ec7t. Kh\u00f4ng b\u1ea3o h\u00e0nh do c\u00e1c va \u0111\u1eadp.<\/p>\n<p>C\u00e1c d\u00e2y led th\u00edch h\u1ee3p: ngang 10-11mm, d\u00e0y 1-3mm.<\/p>\n<figure id=\"attachment_3818\" aria-describedby=\"caption-attachment-3818\" style=\"width: 900px\" class=\"wp-caption alignleft\"><img decoding=\"async\" class=\"wp-image-3818 size-full\" src=\"http:\/\/lyk-lighting.com\/wp-content\/uploads\/2023\/10\/1-15.jpg\" alt=\"\u0110\u00e8n led thanh nh\u00f4m U1617\" width=\"900\" height=\"900\" srcset=\"http:\/\/lyk-lighting.com\/wp-content\/uploads\/2023\/10\/1-15.jpg 900w, http:\/\/lyk-lighting.com\/wp-content\/uploads\/2023\/10\/1-15-300x300.jpg 300w, http:\/\/lyk-lighting.com\/wp-content\/uploads\/2023\/10\/1-15-100x100.jpg 100w, http:\/\/lyk-lighting.com\/wp-content\/uploads\/2023\/10\/1-15-600x600.jpg 600w, http:\/\/lyk-lighting.com\/wp-content\/uploads\/2023\/10\/1-15-150x150.jpg 150w, http:\/\/lyk-lighting.com\/wp-content\/uploads\/2023\/10\/1-15-768x768.jpg 768w\" sizes=\"(max-width: 900px) 100vw, 900px\" \/><figcaption id=\"caption-attachment-3818\" class=\"wp-caption-text\">\u0110\u00e8n led thanh nh\u00f4m U1617<\/figcaption><\/figure>\n<\/div>\n<div><\/div>\n<\/div>\n<div>\n<figure id=\"attachment_3724\" aria-describedby=\"caption-attachment-3724\" style=\"width: 955px\" class=\"wp-caption alignleft\"><img loading=\"lazy\" decoding=\"async\" class=\"wp-image-3724 size-full\" src=\"http:\/\/lyk-lighting.com\/wp-content\/uploads\/2023\/10\/c_CQmLHB2ZU0mEqmGLdBKFMVi-nZch4-2.jpg\" alt=\"C\u00e1c lo\u1ea1i \u0111\u00e8n led thanh nh\u00f4m\" width=\"955\" height=\"342\" srcset=\"http:\/\/lyk-lighting.com\/wp-content\/uploads\/2023\/10\/c_CQmLHB2ZU0mEqmGLdBKFMVi-nZch4-2.jpg 955w, http:\/\/lyk-lighting.com\/wp-content\/uploads\/2023\/10\/c_CQmLHB2ZU0mEqmGLdBKFMVi-nZch4-2-600x215.jpg 600w, http:\/\/lyk-lighting.com\/wp-content\/uploads\/2023\/10\/c_CQmLHB2ZU0mEqmGLdBKFMVi-nZch4-2-300x107.jpg 300w, http:\/\/lyk-lighting.com\/wp-content\/uploads\/2023\/10\/c_CQmLHB2ZU0mEqmGLdBKFMVi-nZch4-2-768x275.jpg 768w\" sizes=\"(max-width: 955px) 100vw, 955px\" \/><figcaption id=\"caption-attachment-3724\" class=\"wp-caption-text\">C\u00e1c lo\u1ea1i \u0111\u00e8n led thanh nh\u00f4m<\/figcaption><\/figure>\n<\/div>\n<\/div>\n","protected":false},"excerpt":{"rendered":"<div id=\"short_description_content\" class=\"rte align_justify\">\n<div id=\"short_description_content\" class=\"rte align_justify\">\n<div id=\"short_description_content\" class=\"rte align_justify\">\n<div id=\"short_description_content\" class=\"rte align_justify\">\n<div id=\"short_description_content\" class=\"rte align_justify\">\n<div id=\"short_description_content\" class=\"rte align_justify\">\n<div id=\"short_description_content\" class=\"rte align_justify\">\n<div id=\"short_description_content\" class=\"rte align_justify\">\n<p>\u0110\u00e8n led thanh nh\u00f4m U1617 \u0111\u1eb9p, ch\u1eafc ch\u1eafn v\u00e0 hi\u1ec7n \u0111\u1ea1i. Thanh nh\u00f4m c\u1ea5u t\u1ea1o b\u1eb1ng nh\u00f4m 6063 d\u00f9ng trong h\u00e0ng kh\u00f4ng \u0111\u01b0\u1ee3c \u0111\u00fac \u0111\u1ecbnh h\u00ecnh ch\u1eef U m\u1ecfng. B\u1ec1 m\u1eb7t thanh nh\u00f4m \u0111\u01b0\u1ee3c ph\u1ee7 t\u1ea5m Polycarbonate b\u1ea3o v\u1ec7 \u0111\u00e8n led d\u00e1n b\u00ean trong v\u00e0 t\u00e1n \u0111\u1ec1u \u00e1nh s\u00e1ng t\u1ecfa ra xung quanh.<\/p>\n<\/div>\n<\/div>\n<\/div>\n<\/div>\n<\/div>\n<\/div>\n<\/div>\n<\/div>\n","protected":false},"featured_media":3818,"template":"","meta":[],"product_cat":[231],"product_tag":[],"class_list":{"0":"post-3812","1":"product","2":"type-product","3":"status-publish","4":"has-post-thumbnail","6":"product_cat-den-thanh-nhom","8":"first","9":"instock","10":"shipping-taxable","11":"product-type-simple"},"_links":{"self":[{"href":"http:\/\/lyk-lighting.com\/en\/wp-json\/wp\/v2\/product\/3812","targetHints":{"allow":["GET"]}}],"collection":[{"href":"http:\/\/lyk-lighting.com\/en\/wp-json\/wp\/v2\/product"}],"about":[{"href":"http:\/\/lyk-lighting.com\/en\/wp-json\/wp\/v2\/types\/product"}],"version-history":[{"count":0,"href":"http:\/\/lyk-lighting.com\/en\/wp-json\/wp\/v2\/product\/3812\/revisions"}],"wp:featuredmedia":[{"embeddable":true,"href":"http:\/\/lyk-lighting.com\/en\/wp-json\/wp\/v2\/media\/3818"}],"wp:attachment":[{"href":"http:\/\/lyk-lighting.com\/en\/wp-json\/wp\/v2\/media?parent=3812"}],"wp:term":[{"taxonomy":"product_cat","embeddable":true,"href":"http:\/\/lyk-lighting.com\/en\/wp-json\/wp\/v2\/product_cat?post=3812"},{"taxonomy":"product_tag","embeddable":true,"href":"http:\/\/lyk-lighting.com\/en\/wp-json\/wp\/v2\/product_tag?post=3812"}],"curies":[{"name":"wp","href":"https:\/\/api.w.org\/{rel}","templated":true}]}}