{"id":3995,"date":"2023-10-12T20:27:35","date_gmt":"2023-10-12T13:27:35","guid":{"rendered":"http:\/\/lyk-lighting.com\/?post_type=product&#038;p=3995"},"modified":"2023-10-12T21:53:19","modified_gmt":"2023-10-12T14:53:19","slug":"den-led-thanh-nhom-u3021","status":"publish","type":"product","link":"http:\/\/lyk-lighting.com\/en\/san-pham\/den-led-thanh-nhom-u3021\/","title":{"rendered":"\u0110\u00e8n led thanh nh\u00f4m U3021"},"content":{"rendered":"<h3>Th\u00f4ng s\u1ed1 k\u1ef9 thu\u1eadt \u0111\u00e8n led thanh nh\u00f4m U3021:<\/h3>\n<div>Model number: U3021<\/div>\n<div><\/div>\n<div>K\u00edch th\u01b0\u1edbc: L * 30mm * 20.5mm<\/div>\n<div><\/div>\n<div>Chi\u1ec1u d\u00e0i: 1m\/2m\/3m<\/div>\n<div><\/div>\n<div>Ch\u1ea5t li\u1ec7u nh\u00f4m: 6063-T5<\/div>\n<div><\/div>\n<div>X\u1eed l\u00fd b\u1ec1 m\u1eb7t: m\u1ea1 b\u1ea1c<\/div>\n<div><\/div>\n<div>T\u1ea5m t\u00e1n s\u00e1ng: Ch\u1ea5t li\u1ec7u nh\u1ef1a Polycarbonate<\/div>\n<div><\/div>\n<div>C\u00e1c l\u1ef1a ch\u1ecdn m\u1eb7t nh\u1ef1a: trong su\u1ed1t\/tr\u1eafng s\u1eefa<\/div>\n<div><\/div>\n<div>Ph\u1ee5 ki\u1ec7n \u0111i k\u00e8m: 2 b\u1ecdc \u0111\u1ea7u<\/div>\n<h3>\u1ee8ng d\u1ee5ng \u0111\u00e8n led thanh nh\u00f4m U3021<\/h3>\n<figure id=\"attachment_4001\" aria-describedby=\"caption-attachment-4001\" style=\"width: 1006px\" class=\"wp-caption alignnone\"><img fetchpriority=\"high\" decoding=\"async\" class=\"wp-image-4001 size-full\" src=\"http:\/\/lyk-lighting.com\/wp-content\/uploads\/2023\/10\/file-1-5.jpg\" alt=\"\u0110\u00e8n led thanh nh\u00f4m U3021\" width=\"1006\" height=\"750\" srcset=\"http:\/\/lyk-lighting.com\/wp-content\/uploads\/2023\/10\/file-1-5.jpg 1006w, http:\/\/lyk-lighting.com\/wp-content\/uploads\/2023\/10\/file-1-5-600x447.jpg 600w, http:\/\/lyk-lighting.com\/wp-content\/uploads\/2023\/10\/file-1-5-300x224.jpg 300w, http:\/\/lyk-lighting.com\/wp-content\/uploads\/2023\/10\/file-1-5-768x573.jpg 768w\" sizes=\"(max-width: 1006px) 100vw, 1006px\" \/><figcaption id=\"caption-attachment-4001\" class=\"wp-caption-text\">\u0110\u00e8n led thanh nh\u00f4m U3021<\/figcaption><\/figure>\n<figure id=\"attachment_4002\" aria-describedby=\"caption-attachment-4002\" style=\"width: 1125px\" class=\"wp-caption alignnone\"><img decoding=\"async\" class=\"wp-image-4002 size-full\" src=\"http:\/\/lyk-lighting.com\/wp-content\/uploads\/2023\/10\/LED_Profile3-2.jpg\" alt=\"\u0110\u00e8n led thanh nh\u00f4m U3021\" width=\"1125\" height=\"750\" srcset=\"http:\/\/lyk-lighting.com\/wp-content\/uploads\/2023\/10\/LED_Profile3-2.jpg 1125w, http:\/\/lyk-lighting.com\/wp-content\/uploads\/2023\/10\/LED_Profile3-2-600x400.jpg 600w, http:\/\/lyk-lighting.com\/wp-content\/uploads\/2023\/10\/LED_Profile3-2-300x200.jpg 300w, http:\/\/lyk-lighting.com\/wp-content\/uploads\/2023\/10\/LED_Profile3-2-1024x683.jpg 1024w, http:\/\/lyk-lighting.com\/wp-content\/uploads\/2023\/10\/LED_Profile3-2-768x512.jpg 768w\" sizes=\"(max-width: 1125px) 100vw, 1125px\" \/><figcaption id=\"caption-attachment-4002\" class=\"wp-caption-text\">\u0110\u00e8n led thanh nh\u00f4m U3021<\/figcaption><\/figure>\n<div><\/div>\n<h3>C\u00e1ch trang tr\u00ed<\/h3>\n<div>\n<div>\n<div>\n<div>\n<div>L\u00e0m r\u00e3nh tr\u00ean b\u1ec1 m\u1eb7t b\u1ebfp ho\u1eb7c t\u1ee7 k\u1ec7 r\u1ed3i d\u00e1n thanh nh\u00f4m U3021 v\u00e0o r\u00e3nh; ho\u1eb7c treo l\u00ean b\u1ec1 m\u1eb7t thi\u1ebft b\u1ecb b\u1eb1ng c\u00e1c bass treo. C\u00f3 th\u1ec3 d\u00e1n b\u1eb1ng keo silicon ch\u1ecbu nhi\u1ec7t cho c\u00e1c v\u1eadt li\u1ec7u nh\u01b0 ki\u1ebfng, mica, \u0111\u00e1, g\u1ed7, nh\u1ef1a.<\/div>\n<div><\/div>\n<div>B\u1ea3o h\u00e0nh: 1 n\u0103m \u0111\u1ed5i m\u1edbi n\u1ebfu thanh nh\u00f4m ho\u1eb7c t\u1ea7m nh\u1ef1a t\u00e1n s\u00e1ng b\u1ecb cong, v\u00eanh ho\u1eb7c bi\u1ebfn d\u1ea1ng do nhi\u1ec7t. Kh\u00f4ng b\u1ea3o h\u00e0nh do c\u00e1c va \u0111\u1eadp.<\/div>\n<div><\/div>\n<div>C\u00e1c d\u00e2y led th\u00edch h\u1ee3p: ngang 20mm.<\/div>\n<\/div>\n<div><\/div>\n<\/div>\n<figure id=\"attachment_3999\" aria-describedby=\"caption-attachment-3999\" style=\"width: 1500px\" class=\"wp-caption alignleft\"><img decoding=\"async\" class=\"wp-image-3999 size-full\" src=\"http:\/\/lyk-lighting.com\/wp-content\/uploads\/2023\/10\/61GDbOOZudL._AC_SL1500_.jpg\" alt=\"\u0110\u00e8n led thanh nh\u00f4m U3021\" width=\"1500\" height=\"1017\" srcset=\"http:\/\/lyk-lighting.com\/wp-content\/uploads\/2023\/10\/61GDbOOZudL._AC_SL1500_.jpg 1500w, http:\/\/lyk-lighting.com\/wp-content\/uploads\/2023\/10\/61GDbOOZudL._AC_SL1500_-600x407.jpg 600w, http:\/\/lyk-lighting.com\/wp-content\/uploads\/2023\/10\/61GDbOOZudL._AC_SL1500_-300x203.jpg 300w, http:\/\/lyk-lighting.com\/wp-content\/uploads\/2023\/10\/61GDbOOZudL._AC_SL1500_-1024x694.jpg 1024w, http:\/\/lyk-lighting.com\/wp-content\/uploads\/2023\/10\/61GDbOOZudL._AC_SL1500_-768x521.jpg 768w\" sizes=\"(max-width: 1500px) 100vw, 1500px\" \/><figcaption id=\"caption-attachment-3999\" class=\"wp-caption-text\">\u0110\u00e8n led thanh nh\u00f4m U3021<\/figcaption><\/figure>\n<figure id=\"attachment_4000\" aria-describedby=\"caption-attachment-4000\" style=\"width: 1280px\" class=\"wp-caption alignleft\"><img loading=\"lazy\" decoding=\"async\" class=\"wp-image-4000 size-full\" src=\"http:\/\/lyk-lighting.com\/wp-content\/uploads\/2023\/10\/den-led-thanh-nhom-u3021.htmlQqX.jpg\" alt=\"\u0110\u00e8n led thanh nh\u00f4m U3021\" width=\"1280\" height=\"710\" srcset=\"http:\/\/lyk-lighting.com\/wp-content\/uploads\/2023\/10\/den-led-thanh-nhom-u3021.htmlQqX.jpg 1280w, http:\/\/lyk-lighting.com\/wp-content\/uploads\/2023\/10\/den-led-thanh-nhom-u3021.htmlQqX-600x333.jpg 600w, http:\/\/lyk-lighting.com\/wp-content\/uploads\/2023\/10\/den-led-thanh-nhom-u3021.htmlQqX-300x166.jpg 300w, http:\/\/lyk-lighting.com\/wp-content\/uploads\/2023\/10\/den-led-thanh-nhom-u3021.htmlQqX-1024x568.jpg 1024w, http:\/\/lyk-lighting.com\/wp-content\/uploads\/2023\/10\/den-led-thanh-nhom-u3021.htmlQqX-768x426.jpg 768w\" sizes=\"(max-width: 1280px) 100vw, 1280px\" \/><figcaption id=\"caption-attachment-4000\" class=\"wp-caption-text\">\u0110\u00e8n led thanh nh\u00f4m U3021<\/figcaption><\/figure>\n<div><\/div>\n<\/div>\n<div>\n<figure id=\"attachment_3724\" aria-describedby=\"caption-attachment-3724\" style=\"width: 955px\" class=\"wp-caption alignleft\"><img loading=\"lazy\" decoding=\"async\" class=\"wp-image-3724 size-full\" src=\"http:\/\/lyk-lighting.com\/wp-content\/uploads\/2023\/10\/c_CQmLHB2ZU0mEqmGLdBKFMVi-nZch4-2.jpg\" alt=\"C\u00e1c lo\u1ea1i \u0111\u00e8n led thanh nh\u00f4m\" width=\"955\" height=\"342\" srcset=\"http:\/\/lyk-lighting.com\/wp-content\/uploads\/2023\/10\/c_CQmLHB2ZU0mEqmGLdBKFMVi-nZch4-2.jpg 955w, http:\/\/lyk-lighting.com\/wp-content\/uploads\/2023\/10\/c_CQmLHB2ZU0mEqmGLdBKFMVi-nZch4-2-600x215.jpg 600w, http:\/\/lyk-lighting.com\/wp-content\/uploads\/2023\/10\/c_CQmLHB2ZU0mEqmGLdBKFMVi-nZch4-2-300x107.jpg 300w, http:\/\/lyk-lighting.com\/wp-content\/uploads\/2023\/10\/c_CQmLHB2ZU0mEqmGLdBKFMVi-nZch4-2-768x275.jpg 768w\" sizes=\"(max-width: 955px) 100vw, 955px\" \/><figcaption id=\"caption-attachment-3724\" class=\"wp-caption-text\">C\u00e1c lo\u1ea1i \u0111\u00e8n led thanh nh\u00f4m<\/figcaption><\/figure>\n<\/div>\n<\/div>\n","protected":false},"excerpt":{"rendered":"<div id=\"short_description_content\" class=\"rte align_justify\">\n<div id=\"short_description_content\" class=\"rte align_justify\">\n<div id=\"short_description_content\" class=\"rte align_justify\">\n<div id=\"short_description_content\" class=\"rte align_justify\">\n<div id=\"short_description_content\" class=\"rte align_justify\">\n<div id=\"short_description_content\" class=\"rte align_justify\">\n<div id=\"short_description_content\" class=\"rte align_justify\">\n<div id=\"short_description_content\" class=\"rte align_justify\">\n<div id=\"short_description_content\" class=\"rte align_justify\">\n<div id=\"short_description_content\" class=\"rte align_justify\">\n<div id=\"short_description_content\" class=\"rte align_justify\">\n<div id=\"short_description_content\" class=\"rte align_justify\">\n<div id=\"short_description_content\" class=\"rte align_justify\">\n<div id=\"short_description_content\" class=\"rte align_justify\">\n<div id=\"short_description_content\" class=\"rte align_justify\">\n<div id=\"short_description_content\" class=\"rte align_justify\">\n<div id=\"short_description_content\" class=\"rte align_justify\">\n<div id=\"short_description_content\" class=\"rte align_justify\">\n<div id=\"short_description_content\" class=\"rte align_justify\">\n<div id=\"short_description_content\" class=\"rte align_justify\">\n<div id=\"short_description_content\" class=\"rte align_justify\">\n<div id=\"short_description_content\" class=\"rte align_justify\">\n<div id=\"short_description_content\" class=\"rte align_justify\">\n<div id=\"short_description_content\" class=\"rte align_justify\">\n<div id=\"short_description_content\" class=\"rte align_justify\">\n<div id=\"short_description_content\" class=\"rte align_justify\">\n<div id=\"short_description_content\" class=\"rte align_justify\">\n<div id=\"short_description_content\" class=\"rte align_justify\">\n<div id=\"short_description_content\" class=\"rte align_justify\">\n<div id=\"short_description_content\" class=\"rte align_justify\">\n<div id=\"short_description_content\" class=\"rte align_justify\">\n<p>\u0110\u00e8n led thanh nh\u00f4m U3021 \u0111\u1eb9p, ch\u1eafc ch\u1eafn v\u00e0 hi\u1ec7n \u0111\u1ea1i. Thanh nh\u00f4m c\u1ea5u t\u1ea1o b\u1eb1ng nh\u00f4m 6063 d\u00f9ng trong h\u00e0ng kh\u00f4ng \u0111\u01b0\u1ee3c \u0111\u00fac \u0111\u1ecbnh h\u00ecnh ch\u1eef U m\u1ecfng. B\u1ec1 m\u1eb7t thanh nh\u00f4m \u0111\u01b0\u1ee3c ph\u1ee7 t\u1ea5m Polycarbonate b\u1ea3o v\u1ec7 \u0111\u00e8n led d\u00e1n b\u00ean trong v\u00e0 t\u00e1n \u0111\u1ec1u \u00e1nh s\u00e1ng t\u1ecfa ra xung quanh.<\/p>\n<\/div>\n<\/div>\n<\/div>\n<\/div>\n<\/div>\n<\/div>\n<\/div>\n<\/div>\n<\/div>\n<\/div>\n<\/div>\n<\/div>\n<\/div>\n<\/div>\n<\/div>\n<\/div>\n<\/div>\n<\/div>\n<\/div>\n<\/div>\n<\/div>\n<\/div>\n<\/div>\n<\/div>\n<\/div>\n<\/div>\n<\/div>\n<\/div>\n<\/div>\n<\/div>\n<\/div>\n","protected":false},"featured_media":3996,"template":"","meta":[],"product_cat":[231],"product_tag":[],"class_list":{"0":"post-3995","1":"product","2":"type-product","3":"status-publish","4":"has-post-thumbnail","6":"product_cat-den-thanh-nhom","8":"first","9":"instock","10":"shipping-taxable","11":"product-type-simple"},"_links":{"self":[{"href":"http:\/\/lyk-lighting.com\/en\/wp-json\/wp\/v2\/product\/3995","targetHints":{"allow":["GET"]}}],"collection":[{"href":"http:\/\/lyk-lighting.com\/en\/wp-json\/wp\/v2\/product"}],"about":[{"href":"http:\/\/lyk-lighting.com\/en\/wp-json\/wp\/v2\/types\/product"}],"version-history":[{"count":0,"href":"http:\/\/lyk-lighting.com\/en\/wp-json\/wp\/v2\/product\/3995\/revisions"}],"wp:featuredmedia":[{"embeddable":true,"href":"http:\/\/lyk-lighting.com\/en\/wp-json\/wp\/v2\/media\/3996"}],"wp:attachment":[{"href":"http:\/\/lyk-lighting.com\/en\/wp-json\/wp\/v2\/media?parent=3995"}],"wp:term":[{"taxonomy":"product_cat","embeddable":true,"href":"http:\/\/lyk-lighting.com\/en\/wp-json\/wp\/v2\/product_cat?post=3995"},{"taxonomy":"product_tag","embeddable":true,"href":"http:\/\/lyk-lighting.com\/en\/wp-json\/wp\/v2\/product_tag?post=3995"}],"curies":[{"name":"wp","href":"https:\/\/api.w.org\/{rel}","templated":true}]}}