{"id":4155,"date":"2023-10-13T14:51:35","date_gmt":"2023-10-13T07:51:35","guid":{"rendered":"http:\/\/lyk-lighting.com\/?post_type=product&#038;p=4155"},"modified":"2023-10-13T15:04:28","modified_gmt":"2023-10-13T08:04:28","slug":"den-led-thanh-nhom-u0608","status":"publish","type":"product","link":"http:\/\/lyk-lighting.com\/en\/san-pham\/den-led-thanh-nhom-u0608\/","title":{"rendered":"\u0110\u00e8n led thanh nh\u00f4m U0608"},"content":{"rendered":"<h3>Th\u00f4ng s\u1ed1 k\u1ef9 thu\u1eadt \u0111\u00e8n led thanh nh\u00f4m\u00a0U0608<\/h3>\n<div>Model number: U0608<\/div>\n<div><\/div>\n<div>K\u00edch th\u01b0\u1edbc m\u1eb7t c\u1eaft: 8mm ngang * 8mm cao<\/div>\n<div><\/div>\n<div>Chi\u1ec1u d\u00e0i: 1m\/2m\/3m<\/div>\n<div><\/div>\n<div>Ch\u1ea5t li\u1ec7u nh\u00f4m: 6063-T5<\/div>\n<div><\/div>\n<div>X\u1eed l\u00fd b\u1ec1 m\u1eb7t: m\u1ea1 b\u1ea1c<\/div>\n<div><\/div>\n<div>T\u1ea5m t\u00e1n s\u00e1ng: Ch\u1ea5t li\u1ec7u nh\u1ef1a Polycarbonate<\/div>\n<div><\/div>\n<div>C\u00e1c l\u1ef1a ch\u1ecdn m\u1eb7t nh\u1ef1a: trong su\u1ed1t\/tr\u1eafng s\u1eefa<\/div>\n<div><\/div>\n<div>Ph\u1ee5 ki\u1ec7n \u0111i k\u00e8m: 2 b\u1ecdc \u0111\u1ea7u<\/div>\n<h3>\u1ee8ng d\u1ee5ng \u0111\u00e8n led thanh nh\u00f4m U0608<\/h3>\n<figure id=\"attachment_4163\" aria-describedby=\"caption-attachment-4163\" style=\"width: 948px\" class=\"wp-caption alignnone\"><img fetchpriority=\"high\" decoding=\"async\" class=\"wp-image-4163 size-full\" src=\"http:\/\/lyk-lighting.com\/wp-content\/uploads\/2023\/10\/59fe15deefd0c0792f08c6690fc5bf01-9.jpg\" alt=\"\u0110\u00e8n led thanh nh\u00f4m U0608\" width=\"948\" height=\"1342\" srcset=\"http:\/\/lyk-lighting.com\/wp-content\/uploads\/2023\/10\/59fe15deefd0c0792f08c6690fc5bf01-9.jpg 948w, http:\/\/lyk-lighting.com\/wp-content\/uploads\/2023\/10\/59fe15deefd0c0792f08c6690fc5bf01-9-212x300.jpg 212w, http:\/\/lyk-lighting.com\/wp-content\/uploads\/2023\/10\/59fe15deefd0c0792f08c6690fc5bf01-9-723x1024.jpg 723w, http:\/\/lyk-lighting.com\/wp-content\/uploads\/2023\/10\/59fe15deefd0c0792f08c6690fc5bf01-9-768x1087.jpg 768w, http:\/\/lyk-lighting.com\/wp-content\/uploads\/2023\/10\/59fe15deefd0c0792f08c6690fc5bf01-9-600x849.jpg 600w\" sizes=\"(max-width: 948px) 100vw, 948px\" \/><figcaption id=\"caption-attachment-4163\" class=\"wp-caption-text\">\u0110\u00e8n led thanh nh\u00f4m U0608<\/figcaption><\/figure>\n<figure id=\"attachment_4164\" aria-describedby=\"caption-attachment-4164\" style=\"width: 710px\" class=\"wp-caption alignnone\"><img decoding=\"async\" class=\"wp-image-4164 size-full\" src=\"http:\/\/lyk-lighting.com\/wp-content\/uploads\/2023\/10\/ada8265d57fa980e8a8ecd8bca5dcfd1-10.jpg\" alt=\"\u0110\u00e8n led thanh nh\u00f4m U0608\" width=\"710\" height=\"1116\" srcset=\"http:\/\/lyk-lighting.com\/wp-content\/uploads\/2023\/10\/ada8265d57fa980e8a8ecd8bca5dcfd1-10.jpg 710w, http:\/\/lyk-lighting.com\/wp-content\/uploads\/2023\/10\/ada8265d57fa980e8a8ecd8bca5dcfd1-10-191x300.jpg 191w, http:\/\/lyk-lighting.com\/wp-content\/uploads\/2023\/10\/ada8265d57fa980e8a8ecd8bca5dcfd1-10-651x1024.jpg 651w, http:\/\/lyk-lighting.com\/wp-content\/uploads\/2023\/10\/ada8265d57fa980e8a8ecd8bca5dcfd1-10-600x943.jpg 600w\" sizes=\"(max-width: 710px) 100vw, 710px\" \/><figcaption id=\"caption-attachment-4164\" class=\"wp-caption-text\">\u0110\u00e8n led thanh nh\u00f4m U0608<\/figcaption><\/figure>\n<div><\/div>\n<h3>C\u00e1ch trang tr\u00ed<\/h3>\n<div>\n<div>\n<div>\n<div>\n<div>\n<div>\n<div>\u0110\u00e8n led thanh nh\u00f4m \u0111\u1ecbnh h\u00ecnh KP U0608 chuy\u00ean d\u00f9ng \u0111\u1ec3 ch\u1ea1y c\u00e1c ch\u1ec9 \u00e1nh s\u00e1ng si\u00eau nh\u1ecf v\u00e0 s\u1eafc cho c\u00e1c thi\u1ebft k\u1ebf n\u1ed9i th\u1ea5t sang tr\u1ecdng, gi\u00fap t\u1ea1o \u0111i\u1ec3m nh\u1ea5n ki\u1ebfn tr\u00fac. B\u1ec1 m\u1eb7t si\u00eau nh\u1ecf gi\u00fap d\u1ec5 d\u00e0ng gi\u1ea5u thanh nh\u00f4m v\u00e0o c\u00e1c v\u1ecb tr\u00ed nh\u1ecf v\u00e0 t\u1ea1o \u00e1nh s\u00e1ng v\u1eeba ph\u1ea3i.<\/div>\n<div><\/div>\n<div>B\u1ea3o h\u00e0nh: 1 n\u0103m \u0111\u1ed5i m\u1edbi n\u1ebfu thanh nh\u00f4m ho\u1eb7c t\u1ea7m nh\u1ef1a t\u00e1n s\u00e1ng b\u1ecb cong, v\u00eanh ho\u1eb7c bi\u1ebfn d\u1ea1ng do nhi\u1ec7t. Kh\u00f4ng b\u1ea3o h\u00e0nh do c\u00e1c va \u0111\u1eadp.<\/div>\n<div><\/div>\n<div>C\u00e1c d\u00e2y led th\u00edch h\u1ee3p: c\u00e1c thanh v\u00e0 d\u00e2y c\u00f3 b\u1ec1 ngang 5mm.<\/p>\n<figure id=\"attachment_4165\" aria-describedby=\"caption-attachment-4165\" style=\"width: 1200px\" class=\"wp-caption alignleft\"><img decoding=\"async\" class=\"wp-image-4165 size-full\" src=\"http:\/\/lyk-lighting.com\/wp-content\/uploads\/2023\/10\/LED-strip-profile-LD-07-A.jpg\" alt=\"\u0110\u00e8n led thanh nh\u00f4m U0608\" width=\"1200\" height=\"798\" srcset=\"http:\/\/lyk-lighting.com\/wp-content\/uploads\/2023\/10\/LED-strip-profile-LD-07-A.jpg 1200w, http:\/\/lyk-lighting.com\/wp-content\/uploads\/2023\/10\/LED-strip-profile-LD-07-A-300x200.jpg 300w, http:\/\/lyk-lighting.com\/wp-content\/uploads\/2023\/10\/LED-strip-profile-LD-07-A-1024x681.jpg 1024w, http:\/\/lyk-lighting.com\/wp-content\/uploads\/2023\/10\/LED-strip-profile-LD-07-A-768x511.jpg 768w, http:\/\/lyk-lighting.com\/wp-content\/uploads\/2023\/10\/LED-strip-profile-LD-07-A-600x399.jpg 600w\" sizes=\"(max-width: 1200px) 100vw, 1200px\" \/><figcaption id=\"caption-attachment-4165\" class=\"wp-caption-text\">\u0110\u00e8n led thanh nh\u00f4m U0608<\/figcaption><\/figure>\n<\/div>\n<\/div>\n<div><\/div>\n<\/div>\n<div><\/div>\n<\/div>\n<div>\n<\/div>\n<\/div>\n<div><\/div>\n<\/div>\n<div>\n<figure id=\"attachment_3724\" aria-describedby=\"caption-attachment-3724\" style=\"width: 955px\" class=\"wp-caption alignleft\"><img loading=\"lazy\" decoding=\"async\" class=\"wp-image-3724 size-full\" src=\"http:\/\/lyk-lighting.com\/wp-content\/uploads\/2023\/10\/c_CQmLHB2ZU0mEqmGLdBKFMVi-nZch4-2.jpg\" alt=\"C\u00e1c lo\u1ea1i \u0111\u00e8n led thanh nh\u00f4m\" width=\"955\" height=\"342\" srcset=\"http:\/\/lyk-lighting.com\/wp-content\/uploads\/2023\/10\/c_CQmLHB2ZU0mEqmGLdBKFMVi-nZch4-2.jpg 955w, http:\/\/lyk-lighting.com\/wp-content\/uploads\/2023\/10\/c_CQmLHB2ZU0mEqmGLdBKFMVi-nZch4-2-600x215.jpg 600w, http:\/\/lyk-lighting.com\/wp-content\/uploads\/2023\/10\/c_CQmLHB2ZU0mEqmGLdBKFMVi-nZch4-2-300x107.jpg 300w, http:\/\/lyk-lighting.com\/wp-content\/uploads\/2023\/10\/c_CQmLHB2ZU0mEqmGLdBKFMVi-nZch4-2-768x275.jpg 768w\" sizes=\"(max-width: 955px) 100vw, 955px\" \/><figcaption id=\"caption-attachment-3724\" class=\"wp-caption-text\">C\u00e1c lo\u1ea1i \u0111\u00e8n led thanh nh\u00f4m<\/figcaption><\/figure>\n<\/div>\n<\/div>\n","protected":false},"excerpt":{"rendered":"<div id=\"short_description_content\" class=\"rte align_justify\">\n<div id=\"short_description_content\" class=\"rte align_justify\">\n<div id=\"short_description_content\" class=\"rte align_justify\">\n<div id=\"short_description_content\" class=\"rte align_justify\">\n<div id=\"short_description_content\" class=\"rte align_justify\">\n<div id=\"short_description_content\" class=\"rte align_justify\">\n<div id=\"short_description_content\" class=\"rte align_justify\">\n<div id=\"short_description_content\" class=\"rte align_justify\">\n<div id=\"short_description_content\" class=\"rte align_justify\">\n<div id=\"short_description_content\" class=\"rte align_justify\">\n<div id=\"short_description_content\" class=\"rte align_justify\">\n<div id=\"short_description_content\" class=\"rte align_justify\">\n<div id=\"short_description_content\" class=\"rte align_justify\">\n<div id=\"short_description_content\" class=\"rte align_justify\">\n<div id=\"short_description_content\" class=\"rte align_justify\">\n<div id=\"short_description_content\" class=\"rte align_justify\">\n<div id=\"short_description_content\" class=\"rte align_justify\">\n<div id=\"short_description_content\" class=\"rte align_justify\">\n<div id=\"short_description_content\" class=\"rte align_justify\">\n<div id=\"short_description_content\" class=\"rte align_justify\">\n<div id=\"short_description_content\" class=\"rte align_justify\">\n<div id=\"short_description_content\" class=\"rte align_justify\">\n<div id=\"short_description_content\" class=\"rte align_justify\">\n<div id=\"short_description_content\" class=\"rte align_justify\">\n<div id=\"short_description_content\" class=\"rte align_justify\">\n<div id=\"short_description_content\" class=\"rte align_justify\">\n<div id=\"short_description_content\" class=\"rte align_justify\">\n<div id=\"short_description_content\" class=\"rte align_justify\">\n<div id=\"short_description_content\" class=\"rte align_justify\">\n<div id=\"short_description_content\" class=\"rte align_justify\">\n<div id=\"short_description_content\" class=\"rte align_justify\">\n<div id=\"short_description_content\" class=\"rte align_justify\">\n<div id=\"short_description_content\" class=\"rte align_justify\">\n<div id=\"short_description_content\" class=\"rte align_justify\">\n<div id=\"short_description_content\" class=\"rte align_justify\">\n<div id=\"short_description_content\" class=\"rte align_justify\">\n<div id=\"short_description_content\" class=\"rte align_justify\">\n<div id=\"short_description_content\" class=\"rte align_justify\">\n<div id=\"short_description_content\" class=\"rte align_justify\">\n<div id=\"short_description_content\" class=\"rte align_justify\">\n<div id=\"short_description_content\" class=\"rte align_justify\">\n<div id=\"short_description_content\" class=\"rte align_justify\">\n<div id=\"short_description_content\" class=\"rte align_justify\">\n<div id=\"short_description_content\" class=\"rte align_justify\">\n<div id=\"short_description_content\" class=\"rte align_justify\">\n<div id=\"short_description_content\" class=\"rte align_justify\">\n<div id=\"short_description_content\" class=\"rte align_justify\">\n<div id=\"short_description_content\" class=\"rte align_justify\">\n<p>\u0110\u00e8n led thanh nh\u00f4m \u0111\u1ecbnh h\u00ecnh U0608 \u0111\u1eb9p, ch\u1eafc ch\u1eafn v\u00e0 hi\u1ec7n \u0111\u1ea1i. Thanh nh\u00f4m c\u1ea5u t\u1ea1o b\u1eb1ng nh\u00f4m 6063 d\u00f9ng trong h\u00e0ng kh\u00f4ng \u0111\u01b0\u1ee3c \u0111\u00fac \u0111\u1ecbnh h\u00ecnh. B\u1ec1 m\u1eb7t thanh nh\u00f4m \u0111\u01b0\u1ee3c ph\u1ee7 t\u1ea5m Polycarbonate b\u1ea3o v\u1ec7 \u0111\u00e8n led d\u00e1n b\u00ean trong v\u00e0 t\u00e1n \u0111\u1ec1u \u00e1nh s\u00e1ng t\u1ecfa ra xung quanh.<\/p>\n<\/div>\n<\/div>\n<\/div>\n<\/div>\n<\/div>\n<\/div>\n<\/div>\n<\/div>\n<\/div>\n<\/div>\n<\/div>\n<\/div>\n<\/div>\n<\/div>\n<\/div>\n<\/div>\n<\/div>\n<\/div>\n<\/div>\n<\/div>\n<\/div>\n<\/div>\n<\/div>\n<\/div>\n<\/div>\n<\/div>\n<\/div>\n<\/div>\n<\/div>\n<\/div>\n<\/div>\n<\/div>\n<\/div>\n<\/div>\n<\/div>\n<\/div>\n<\/div>\n<\/div>\n<\/div>\n<\/div>\n<\/div>\n<\/div>\n<\/div>\n<\/div>\n<\/div>\n<\/div>\n<\/div>\n<\/div>\n","protected":false},"featured_media":4160,"template":"","meta":[],"product_cat":[231],"product_tag":[],"class_list":{"0":"post-4155","1":"product","2":"type-product","3":"status-publish","4":"has-post-thumbnail","6":"product_cat-den-thanh-nhom","8":"first","9":"instock","10":"shipping-taxable","11":"product-type-simple"},"_links":{"self":[{"href":"http:\/\/lyk-lighting.com\/en\/wp-json\/wp\/v2\/product\/4155","targetHints":{"allow":["GET"]}}],"collection":[{"href":"http:\/\/lyk-lighting.com\/en\/wp-json\/wp\/v2\/product"}],"about":[{"href":"http:\/\/lyk-lighting.com\/en\/wp-json\/wp\/v2\/types\/product"}],"version-history":[{"count":0,"href":"http:\/\/lyk-lighting.com\/en\/wp-json\/wp\/v2\/product\/4155\/revisions"}],"wp:featuredmedia":[{"embeddable":true,"href":"http:\/\/lyk-lighting.com\/en\/wp-json\/wp\/v2\/media\/4160"}],"wp:attachment":[{"href":"http:\/\/lyk-lighting.com\/en\/wp-json\/wp\/v2\/media?parent=4155"}],"wp:term":[{"taxonomy":"product_cat","embeddable":true,"href":"http:\/\/lyk-lighting.com\/en\/wp-json\/wp\/v2\/product_cat?post=4155"},{"taxonomy":"product_tag","embeddable":true,"href":"http:\/\/lyk-lighting.com\/en\/wp-json\/wp\/v2\/product_tag?post=4155"}],"curies":[{"name":"wp","href":"https:\/\/api.w.org\/{rel}","templated":true}]}}