{"id":4306,"date":"2023-10-13T16:11:57","date_gmt":"2023-10-13T09:11:57","guid":{"rendered":"http:\/\/lyk-lighting.com\/?post_type=product&#038;p=4306"},"modified":"2023-10-13T16:17:39","modified_gmt":"2023-10-13T09:17:39","slug":"den-led-thanh-nhom-u14232d","status":"publish","type":"product","link":"http:\/\/lyk-lighting.com\/en\/san-pham\/den-led-thanh-nhom-u14232d\/","title":{"rendered":"\u0110\u00e8n led thanh nh\u00f4m U14232D"},"content":{"rendered":"<h3>Th\u00f4ng s\u1ed1 k\u1ef9 thu\u1eadt \u0111\u00e8n led thanh nh\u00f4m U14232D:<\/h3>\n<div>Model number: U14232D<\/div>\n<div><\/div>\n<div>K\u00edch th\u01b0\u1edbc: L * 142mm * 32mm<\/div>\n<div><\/div>\n<div>Chi\u1ec1u d\u00e0i: 1m\/2m\/3m<\/div>\n<div><\/div>\n<div>\n<div>Ch\u1ea5t li\u1ec7u nh\u00f4m: 6063-T5<\/div>\n<div><\/div>\n<div>X\u1eed l\u00fd b\u1ec1 m\u1eb7t: m\u1ea1 b\u1ea1c<\/div>\n<div><\/div>\n<div>T\u1ea5m t\u00e1n s\u00e1ng: Ch\u1ea5t li\u1ec7u nh\u1ef1a Polycarbonate<\/div>\n<div><\/div>\n<div>C\u00e1c l\u1ef1a ch\u1ecdn m\u1eb7t nh\u1ef1a: trong su\u1ed1t\/tr\u1eafng s\u1eefa<\/div>\n<div><\/div>\n<div>Ph\u1ee5 ki\u1ec7n \u0111i k\u00e8m: 2 b\u1ecdc \u0111\u1ea7u<\/div>\n<\/div>\n<h3>\u1ee8ng d\u1ee5ng \u0111\u00e8n led thanh nh\u00f4m U14232D<\/h3>\n<figure id=\"attachment_4311\" aria-describedby=\"caption-attachment-4311\" style=\"width: 944px\" class=\"wp-caption alignnone\"><img fetchpriority=\"high\" decoding=\"async\" class=\"wp-image-4311 size-full\" src=\"http:\/\/lyk-lighting.com\/wp-content\/uploads\/2023\/10\/05cc64106b8ea1fff959078e00b6768a-8.jpg\" alt=\"\u0110\u00e8n led thanh nh\u00f4m U14232D\" width=\"944\" height=\"1256\" srcset=\"http:\/\/lyk-lighting.com\/wp-content\/uploads\/2023\/10\/05cc64106b8ea1fff959078e00b6768a-8.jpg 944w, http:\/\/lyk-lighting.com\/wp-content\/uploads\/2023\/10\/05cc64106b8ea1fff959078e00b6768a-8-225x300.jpg 225w, http:\/\/lyk-lighting.com\/wp-content\/uploads\/2023\/10\/05cc64106b8ea1fff959078e00b6768a-8-770x1024.jpg 770w, http:\/\/lyk-lighting.com\/wp-content\/uploads\/2023\/10\/05cc64106b8ea1fff959078e00b6768a-8-768x1022.jpg 768w, http:\/\/lyk-lighting.com\/wp-content\/uploads\/2023\/10\/05cc64106b8ea1fff959078e00b6768a-8-600x798.jpg 600w\" sizes=\"(max-width: 944px) 100vw, 944px\" \/><figcaption id=\"caption-attachment-4311\" class=\"wp-caption-text\">\u0110\u00e8n led thanh nh\u00f4m U14232D<\/figcaption><\/figure>\n<figure id=\"attachment_4312\" aria-describedby=\"caption-attachment-4312\" style=\"width: 944px\" class=\"wp-caption alignnone\"><img decoding=\"async\" class=\"wp-image-4312 size-full\" src=\"http:\/\/lyk-lighting.com\/wp-content\/uploads\/2023\/10\/4904fff83dcba189e86da562300488c8-8.jpg\" alt=\"\u0110\u00e8n led thanh nh\u00f4m U14232D\" width=\"944\" height=\"1332\" srcset=\"http:\/\/lyk-lighting.com\/wp-content\/uploads\/2023\/10\/4904fff83dcba189e86da562300488c8-8.jpg 944w, http:\/\/lyk-lighting.com\/wp-content\/uploads\/2023\/10\/4904fff83dcba189e86da562300488c8-8-213x300.jpg 213w, http:\/\/lyk-lighting.com\/wp-content\/uploads\/2023\/10\/4904fff83dcba189e86da562300488c8-8-726x1024.jpg 726w, http:\/\/lyk-lighting.com\/wp-content\/uploads\/2023\/10\/4904fff83dcba189e86da562300488c8-8-768x1084.jpg 768w, http:\/\/lyk-lighting.com\/wp-content\/uploads\/2023\/10\/4904fff83dcba189e86da562300488c8-8-600x847.jpg 600w\" sizes=\"(max-width: 944px) 100vw, 944px\" \/><figcaption id=\"caption-attachment-4312\" class=\"wp-caption-text\">\u0110\u00e8n led thanh nh\u00f4m U14232D<\/figcaption><\/figure>\n<figure id=\"attachment_4313\" aria-describedby=\"caption-attachment-4313\" style=\"width: 800px\" class=\"wp-caption alignnone\"><img decoding=\"async\" class=\"wp-image-4313 size-full\" src=\"http:\/\/lyk-lighting.com\/wp-content\/uploads\/2023\/10\/Aluminum-led-profile-5x2m-Led-Co-8.jpg\" alt=\"\u0110\u00e8n led thanh nh\u00f4m U14232D\" width=\"800\" height=\"800\" srcset=\"http:\/\/lyk-lighting.com\/wp-content\/uploads\/2023\/10\/Aluminum-led-profile-5x2m-Led-Co-8.jpg 800w, http:\/\/lyk-lighting.com\/wp-content\/uploads\/2023\/10\/Aluminum-led-profile-5x2m-Led-Co-8-300x300.jpg 300w, http:\/\/lyk-lighting.com\/wp-content\/uploads\/2023\/10\/Aluminum-led-profile-5x2m-Led-Co-8-150x150.jpg 150w, http:\/\/lyk-lighting.com\/wp-content\/uploads\/2023\/10\/Aluminum-led-profile-5x2m-Led-Co-8-768x768.jpg 768w, http:\/\/lyk-lighting.com\/wp-content\/uploads\/2023\/10\/Aluminum-led-profile-5x2m-Led-Co-8-600x600.jpg 600w, http:\/\/lyk-lighting.com\/wp-content\/uploads\/2023\/10\/Aluminum-led-profile-5x2m-Led-Co-8-100x100.jpg 100w\" sizes=\"(max-width: 800px) 100vw, 800px\" \/><figcaption id=\"caption-attachment-4313\" class=\"wp-caption-text\">\u0110\u00e8n led thanh nh\u00f4m U14232D<\/figcaption><\/figure>\n<p>&nbsp;<\/p>\n<div><\/div>\n<h3>C\u00e1ch trang tr\u00ed<\/h3>\n<div>\n<div>\n<div>\n<div>\n<div>\n<div>\n<div>\n<div>\n<div>\u0110\u00e8n led thanh nh\u00f4m U14232D \u0111\u01b0\u1ee3c d\u00f9ng \u0111\u1ec3 ch\u1ea1y ch\u1ec9 quanh t\u01b0\u1eddng ho\u1eb7c d\u1ecdc theo h\u00e0nh lang gi\u00fap t\u1ea1o \u00e1nh s\u00e1ng n\u1ec1n cho t\u01b0\u1eddng ho\u1eb7c tr\u1ea7n. Thanh nh\u00f4m \u0111\u01b0\u1ee3c treo gi\u1eef b\u1eb1ng c\u00e1c bass s\u1eaft ch\u1eafc ch\u1eafn c\u1ed1 \u0111\u1ecbnh tr\u00ean t\u01b0\u1eddng. C\u00e1ch kh\u00e1c c\u00f3 th\u1ec3 l\u1eafp d\u01b0\u1edbi ch\u00e2n t\u01b0\u1eddng t\u1ea1o \u00e1nh s\u00e1ng h\u1eaft t\u1eeb d\u01b0\u1edbi n\u1ec1n.<\/div>\n<div><\/div>\n<div>B\u1ea3o h\u00e0nh: 1 n\u0103m \u0111\u1ed5i m\u1edbi n\u1ebfu thanh nh\u00f4m ho\u1eb7c t\u1ea7m nh\u1ef1a t\u00e1n s\u00e1ng b\u1ecb cong, v\u00eanh ho\u1eb7c bi\u1ebfn d\u1ea1ng do nhi\u1ec7t. Kh\u00f4ng b\u1ea3o h\u00e0nh do c\u00e1c va \u0111\u1eadp.<\/div>\n<\/div>\n<div><\/div>\n<div>C\u00e1c d\u00e2y led th\u00edch h\u1ee3p: ngang 131mm.<\/div>\n<\/div>\n<figure id=\"attachment_4314\" aria-describedby=\"caption-attachment-4314\" style=\"width: 591px\" class=\"wp-caption alignleft\"><img loading=\"lazy\" decoding=\"async\" class=\"wp-image-4314 size-full\" src=\"http:\/\/lyk-lighting.com\/wp-content\/uploads\/2023\/10\/den-led-thanh-nhom-r14232dyd.jpg\" alt=\"\u0110\u00e8n led thanh nh\u00f4m U14232D\" width=\"591\" height=\"450\" srcset=\"http:\/\/lyk-lighting.com\/wp-content\/uploads\/2023\/10\/den-led-thanh-nhom-r14232dyd.jpg 591w, http:\/\/lyk-lighting.com\/wp-content\/uploads\/2023\/10\/den-led-thanh-nhom-r14232dyd-300x228.jpg 300w\" sizes=\"(max-width: 591px) 100vw, 591px\" \/><figcaption id=\"caption-attachment-4314\" class=\"wp-caption-text\">\u0110\u00e8n led thanh nh\u00f4m U14232D<\/figcaption><\/figure>\n<figure id=\"attachment_4315\" aria-describedby=\"caption-attachment-4315\" style=\"width: 900px\" class=\"wp-caption alignleft\"><img loading=\"lazy\" decoding=\"async\" class=\"wp-image-4315 size-full\" src=\"http:\/\/lyk-lighting.com\/wp-content\/uploads\/2023\/10\/LED-profile-suspending-ld-14232-diffuser.jpg\" alt=\"\u0110\u00e8n led thanh nh\u00f4m U14232D\" width=\"900\" height=\"900\" srcset=\"http:\/\/lyk-lighting.com\/wp-content\/uploads\/2023\/10\/LED-profile-suspending-ld-14232-diffuser.jpg 900w, http:\/\/lyk-lighting.com\/wp-content\/uploads\/2023\/10\/LED-profile-suspending-ld-14232-diffuser-300x300.jpg 300w, http:\/\/lyk-lighting.com\/wp-content\/uploads\/2023\/10\/LED-profile-suspending-ld-14232-diffuser-150x150.jpg 150w, http:\/\/lyk-lighting.com\/wp-content\/uploads\/2023\/10\/LED-profile-suspending-ld-14232-diffuser-768x768.jpg 768w, http:\/\/lyk-lighting.com\/wp-content\/uploads\/2023\/10\/LED-profile-suspending-ld-14232-diffuser-600x600.jpg 600w, http:\/\/lyk-lighting.com\/wp-content\/uploads\/2023\/10\/LED-profile-suspending-ld-14232-diffuser-100x100.jpg 100w\" sizes=\"(max-width: 900px) 100vw, 900px\" \/><figcaption id=\"caption-attachment-4315\" class=\"wp-caption-text\">\u0110\u00e8n led thanh nh\u00f4m U14232D<\/figcaption><\/figure>\n<figure id=\"attachment_4316\" aria-describedby=\"caption-attachment-4316\" style=\"width: 800px\" class=\"wp-caption alignleft\"><img loading=\"lazy\" decoding=\"async\" class=\"wp-image-4316 size-full\" src=\"http:\/\/lyk-lighting.com\/wp-content\/uploads\/2023\/10\/LED-profile-suspending-ld-14232-installation.jpg\" alt=\"\u0110\u00e8n led thanh nh\u00f4m U14232D\" width=\"800\" height=\"600\" srcset=\"http:\/\/lyk-lighting.com\/wp-content\/uploads\/2023\/10\/LED-profile-suspending-ld-14232-installation.jpg 800w, http:\/\/lyk-lighting.com\/wp-content\/uploads\/2023\/10\/LED-profile-suspending-ld-14232-installation-300x225.jpg 300w, http:\/\/lyk-lighting.com\/wp-content\/uploads\/2023\/10\/LED-profile-suspending-ld-14232-installation-768x576.jpg 768w, http:\/\/lyk-lighting.com\/wp-content\/uploads\/2023\/10\/LED-profile-suspending-ld-14232-installation-600x450.jpg 600w\" sizes=\"(max-width: 800px) 100vw, 800px\" \/><figcaption id=\"caption-attachment-4316\" class=\"wp-caption-text\">\u0110\u00e8n led thanh nh\u00f4m U14232D<\/figcaption><\/figure>\n<figure id=\"attachment_4317\" aria-describedby=\"caption-attachment-4317\" style=\"width: 800px\" class=\"wp-caption alignleft\"><img loading=\"lazy\" decoding=\"async\" class=\"wp-image-4317 size-full\" src=\"http:\/\/lyk-lighting.com\/wp-content\/uploads\/2023\/10\/LED-profile-suspending-ld-14232-K.jpg\" alt=\"\u0110\u00e8n led thanh nh\u00f4m U14232D\" width=\"800\" height=\"600\" srcset=\"http:\/\/lyk-lighting.com\/wp-content\/uploads\/2023\/10\/LED-profile-suspending-ld-14232-K.jpg 800w, http:\/\/lyk-lighting.com\/wp-content\/uploads\/2023\/10\/LED-profile-suspending-ld-14232-K-300x225.jpg 300w, http:\/\/lyk-lighting.com\/wp-content\/uploads\/2023\/10\/LED-profile-suspending-ld-14232-K-768x576.jpg 768w, http:\/\/lyk-lighting.com\/wp-content\/uploads\/2023\/10\/LED-profile-suspending-ld-14232-K-600x450.jpg 600w\" sizes=\"(max-width: 800px) 100vw, 800px\" \/><figcaption id=\"caption-attachment-4317\" class=\"wp-caption-text\">\u0110\u00e8n led thanh nh\u00f4m U14232D<\/figcaption><\/figure>\n<div><\/div>\n<\/div>\n<div><\/div>\n<\/div>\n<div><\/div>\n<\/div>\n<div><\/div>\n<\/div>\n<div><\/div>\n<\/div>\n<div>\n<figure id=\"attachment_3724\" aria-describedby=\"caption-attachment-3724\" style=\"width: 955px\" class=\"wp-caption alignleft\"><img loading=\"lazy\" decoding=\"async\" class=\"wp-image-3724 size-full\" src=\"http:\/\/lyk-lighting.com\/wp-content\/uploads\/2023\/10\/c_CQmLHB2ZU0mEqmGLdBKFMVi-nZch4-2.jpg\" alt=\"C\u00e1c lo\u1ea1i \u0111\u00e8n led thanh nh\u00f4m\" width=\"955\" height=\"342\" srcset=\"http:\/\/lyk-lighting.com\/wp-content\/uploads\/2023\/10\/c_CQmLHB2ZU0mEqmGLdBKFMVi-nZch4-2.jpg 955w, http:\/\/lyk-lighting.com\/wp-content\/uploads\/2023\/10\/c_CQmLHB2ZU0mEqmGLdBKFMVi-nZch4-2-600x215.jpg 600w, http:\/\/lyk-lighting.com\/wp-content\/uploads\/2023\/10\/c_CQmLHB2ZU0mEqmGLdBKFMVi-nZch4-2-300x107.jpg 300w, http:\/\/lyk-lighting.com\/wp-content\/uploads\/2023\/10\/c_CQmLHB2ZU0mEqmGLdBKFMVi-nZch4-2-768x275.jpg 768w\" sizes=\"(max-width: 955px) 100vw, 955px\" \/><figcaption id=\"caption-attachment-3724\" class=\"wp-caption-text\">C\u00e1c lo\u1ea1i \u0111\u00e8n led thanh nh\u00f4m<\/figcaption><\/figure>\n<\/div>\n<\/div>\n","protected":false},"excerpt":{"rendered":"<div id=\"short_description_content\" class=\"rte align_justify\">\n<div id=\"short_description_content\" class=\"rte align_justify\">\n<div id=\"short_description_content\" class=\"rte align_justify\">\n<div id=\"short_description_content\" class=\"rte align_justify\">\n<div id=\"short_description_content\" class=\"rte align_justify\">\n<div id=\"short_description_content\" class=\"rte align_justify\">\n<div id=\"short_description_content\" class=\"rte align_justify\">\n<div id=\"short_description_content\" class=\"rte align_justify\">\n<div id=\"short_description_content\" class=\"rte align_justify\">\n<div id=\"short_description_content\" class=\"rte align_justify\">\n<div id=\"short_description_content\" class=\"rte align_justify\">\n<div id=\"short_description_content\" class=\"rte align_justify\">\n<div id=\"short_description_content\" class=\"rte align_justify\">\n<div id=\"short_description_content\" class=\"rte align_justify\">\n<div id=\"short_description_content\" class=\"rte align_justify\">\n<div id=\"short_description_content\" class=\"rte align_justify\">\n<div id=\"short_description_content\" class=\"rte align_justify\">\n<div id=\"short_description_content\" class=\"rte align_justify\">\n<div id=\"short_description_content\" class=\"rte align_justify\">\n<div id=\"short_description_content\" class=\"rte align_justify\">\n<div id=\"short_description_content\" class=\"rte align_justify\">\n<div id=\"short_description_content\" class=\"rte align_justify\">\n<div id=\"short_description_content\" class=\"rte align_justify\">\n<div id=\"short_description_content\" class=\"rte align_justify\">\n<div id=\"short_description_content\" class=\"rte align_justify\">\n<div id=\"short_description_content\" class=\"rte align_justify\">\n<div id=\"short_description_content\" class=\"rte align_justify\">\n<div id=\"short_description_content\" class=\"rte align_justify\">\n<div id=\"short_description_content\" class=\"rte align_justify\">\n<div id=\"short_description_content\" class=\"rte align_justify\">\n<div id=\"short_description_content\" class=\"rte align_justify\">\n<div id=\"short_description_content\" class=\"rte align_justify\">\n<div id=\"short_description_content\" class=\"rte align_justify\">\n<div id=\"short_description_content\" class=\"rte align_justify\">\n<div id=\"short_description_content\" class=\"rte align_justify\">\n<div id=\"short_description_content\" class=\"rte align_justify\">\n<div id=\"short_description_content\" class=\"rte align_justify\">\n<div id=\"short_description_content\" class=\"rte align_justify\">\n<div id=\"short_description_content\" class=\"rte align_justify\">\n<div id=\"short_description_content\" class=\"rte align_justify\">\n<div id=\"short_description_content\" class=\"rte align_justify\">\n<div id=\"short_description_content\" class=\"rte align_justify\">\n<div id=\"short_description_content\" class=\"rte align_justify\">\n<div id=\"short_description_content\" class=\"rte align_justify\">\n<div id=\"short_description_content\" class=\"rte align_justify\">\n<div id=\"short_description_content\" class=\"rte align_justify\">\n<div id=\"short_description_content\" class=\"rte align_justify\">\n<div id=\"short_description_content\" class=\"rte align_justify\">\n<div id=\"short_description_content\" class=\"rte align_justify\">\n<div id=\"short_description_content\" class=\"rte align_justify\">\n<div id=\"short_description_content\" class=\"rte align_justify\">\n<div id=\"short_description_content\" class=\"rte align_justify\">\n<div id=\"short_description_content\" class=\"rte align_justify\">\n<div id=\"short_description_content\" class=\"rte align_justify\">\n<div id=\"short_description_content\" class=\"rte align_justify\">\n<div id=\"short_description_content\" class=\"rte align_justify\">\n<div id=\"short_description_content\" class=\"rte align_justify\">\n<div id=\"short_description_content\" class=\"rte align_justify\">\n<div id=\"short_description_content\" class=\"rte align_justify\">\n<div id=\"short_description_content\" class=\"rte align_justify\">\n<div id=\"short_description_content\" class=\"rte align_justify\">\n<div id=\"short_description_content\" class=\"rte align_justify\">\n<div id=\"short_description_content\" class=\"rte align_justify\">\n<p>\u0110\u00e8n led thanh nh\u00f4m U14232D \u0111\u1eb9p, ch\u1eafc ch\u1eafn v\u00e0 hi\u1ec7n \u0111\u1ea1i. Thanh nh\u00f4m c\u1ea5u t\u1ea1o b\u1eb1ng nh\u00f4m 6063 d\u00f9ng trong h\u00e0ng kh\u00f4ng \u0111\u01b0\u1ee3c \u0111\u00fac \u0111\u1ecbnh h\u00ecnh. B\u1ec1 m\u1eb7t thanh nh\u00f4m \u0111\u01b0\u1ee3c ph\u1ee7 t\u1ea5m Polycarbonate b\u1ea3o v\u1ec7 \u0111\u00e8n led d\u00e1n b\u00ean trong v\u00e0 t\u00e1n \u0111\u1ec1u \u00e1nh s\u00e1ng t\u1ecfa ra xung quanh.<\/p>\n<\/div>\n<\/div>\n<\/div>\n<\/div>\n<\/div>\n<\/div>\n<\/div>\n<\/div>\n<\/div>\n<\/div>\n<\/div>\n<\/div>\n<\/div>\n<\/div>\n<\/div>\n<\/div>\n<\/div>\n<\/div>\n<\/div>\n<\/div>\n<\/div>\n<\/div>\n<\/div>\n<\/div>\n<\/div>\n<\/div>\n<\/div>\n<\/div>\n<\/div>\n<\/div>\n<\/div>\n<\/div>\n<\/div>\n<\/div>\n<\/div>\n<\/div>\n<\/div>\n<\/div>\n<\/div>\n<\/div>\n<\/div>\n<\/div>\n<\/div>\n<\/div>\n<\/div>\n<\/div>\n<\/div>\n<\/div>\n<\/div>\n<\/div>\n<\/div>\n<\/div>\n<\/div>\n<\/div>\n<\/div>\n<\/div>\n<\/div>\n<\/div>\n<\/div>\n<\/div>\n<\/div>\n<\/div>\n<\/div>\n","protected":false},"featured_media":4307,"template":"","meta":[],"product_cat":[231],"product_tag":[],"class_list":{"0":"post-4306","1":"product","2":"type-product","3":"status-publish","4":"has-post-thumbnail","6":"product_cat-den-thanh-nhom","8":"first","9":"instock","10":"shipping-taxable","11":"product-type-simple"},"_links":{"self":[{"href":"http:\/\/lyk-lighting.com\/en\/wp-json\/wp\/v2\/product\/4306","targetHints":{"allow":["GET"]}}],"collection":[{"href":"http:\/\/lyk-lighting.com\/en\/wp-json\/wp\/v2\/product"}],"about":[{"href":"http:\/\/lyk-lighting.com\/en\/wp-json\/wp\/v2\/types\/product"}],"version-history":[{"count":0,"href":"http:\/\/lyk-lighting.com\/en\/wp-json\/wp\/v2\/product\/4306\/revisions"}],"wp:featuredmedia":[{"embeddable":true,"href":"http:\/\/lyk-lighting.com\/en\/wp-json\/wp\/v2\/media\/4307"}],"wp:attachment":[{"href":"http:\/\/lyk-lighting.com\/en\/wp-json\/wp\/v2\/media?parent=4306"}],"wp:term":[{"taxonomy":"product_cat","embeddable":true,"href":"http:\/\/lyk-lighting.com\/en\/wp-json\/wp\/v2\/product_cat?post=4306"},{"taxonomy":"product_tag","embeddable":true,"href":"http:\/\/lyk-lighting.com\/en\/wp-json\/wp\/v2\/product_tag?post=4306"}],"curies":[{"name":"wp","href":"https:\/\/api.w.org\/{rel}","templated":true}]}}