{"id":4350,"date":"2023-10-16T11:13:26","date_gmt":"2023-10-16T04:13:26","guid":{"rendered":"http:\/\/lyk-lighting.com\/?post_type=product&#038;p=4350"},"modified":"2023-10-16T11:19:47","modified_gmt":"2023-10-16T04:19:47","slug":"den-led-thanh-nhom-u9032a","status":"publish","type":"product","link":"http:\/\/lyk-lighting.com\/en\/san-pham\/den-led-thanh-nhom-u9032a\/","title":{"rendered":"\u0110\u00e8n led thanh nh\u00f4m U9032A"},"content":{"rendered":"<h3>Th\u00f4ng s\u1ed1 k\u1ef9 thu\u1eadt \u0111\u00e8n led thanh nh\u00f4m U9032A:<\/h3>\n<p>Model number: U9032A<br \/>\nK\u00edch th\u01b0\u1edbc: L * 90mm * 32mm<br \/>\nChi\u1ec1u d\u00e0i: 1m\/2m\/3m<br \/>\nCh\u1ea5t li\u1ec7u nh\u00f4m: 6063-T5<br \/>\nX\u1eed l\u00fd b\u1ec1 m\u1eb7t: m\u1ea1 b\u1ea1c<br \/>\nT\u1ea5m t\u00e1n s\u00e1ng: Ch\u1ea5t li\u1ec7u nh\u1ef1a Polycarbonate<br \/>\nC\u00e1c l\u1ef1a ch\u1ecdn m\u1eb7t nh\u1ef1a: trong su\u1ed1t\/tr\u1eafng s\u1eefa<br \/>\nPh\u1ee5 ki\u1ec7n \u0111i k\u00e8m: 2 b\u1ecdc \u0111\u1ea7u<\/p>\n<h3>\u1ee8ng d\u1ee5ng c\u1ee7a thanh nh\u00f4m U9032A<\/h3>\n<div>\n<figure id=\"attachment_4355\" aria-describedby=\"caption-attachment-4355\" style=\"width: 960px\" class=\"wp-caption alignnone\"><img fetchpriority=\"high\" decoding=\"async\" class=\"wp-image-4355 size-full\" src=\"http:\/\/lyk-lighting.com\/wp-content\/uploads\/2023\/10\/6ecda034a79e44c01d8f.jpg\" alt=\"\u0110\u00e8n led thanh nh\u00f4m U9032A\" width=\"960\" height=\"1280\" srcset=\"http:\/\/lyk-lighting.com\/wp-content\/uploads\/2023\/10\/6ecda034a79e44c01d8f.jpg 960w, http:\/\/lyk-lighting.com\/wp-content\/uploads\/2023\/10\/6ecda034a79e44c01d8f-225x300.jpg 225w, http:\/\/lyk-lighting.com\/wp-content\/uploads\/2023\/10\/6ecda034a79e44c01d8f-768x1024.jpg 768w, http:\/\/lyk-lighting.com\/wp-content\/uploads\/2023\/10\/6ecda034a79e44c01d8f-600x800.jpg 600w\" sizes=\"(max-width: 960px) 100vw, 960px\" \/><figcaption id=\"caption-attachment-4355\" class=\"wp-caption-text\">\u0110\u00e8n led thanh nh\u00f4m U9032A<\/figcaption><\/figure>\n<p>&nbsp;<\/p>\n<figure id=\"attachment_4352\" aria-describedby=\"caption-attachment-4352\" style=\"width: 1024px\" class=\"wp-caption alignnone\"><img decoding=\"async\" class=\"wp-image-4352 size-full\" src=\"http:\/\/lyk-lighting.com\/wp-content\/uploads\/2023\/10\/u9032-2.jpg\" alt=\"\u0110\u00e8n led thanh nh\u00f4m U9032A\" width=\"1024\" height=\"683\" srcset=\"http:\/\/lyk-lighting.com\/wp-content\/uploads\/2023\/10\/u9032-2.jpg 1024w, http:\/\/lyk-lighting.com\/wp-content\/uploads\/2023\/10\/u9032-2-300x200.jpg 300w, http:\/\/lyk-lighting.com\/wp-content\/uploads\/2023\/10\/u9032-2-768x512.jpg 768w, http:\/\/lyk-lighting.com\/wp-content\/uploads\/2023\/10\/u9032-2-600x400.jpg 600w\" sizes=\"(max-width: 1024px) 100vw, 1024px\" \/><figcaption id=\"caption-attachment-4352\" class=\"wp-caption-text\">\u0110\u00e8n led thanh nh\u00f4m U9032A<\/figcaption><\/figure>\n<\/div>\n<h3>C\u00e1ch trang tr\u00ed<\/h3>\n<div>\n<div>\n<div>\n<p>\u0111\u00e8n led thanh nh\u00f4m U9032A \u0111\u01b0\u1ee3c d\u00f9ng \u0111\u1ec3 ch\u1ea1y ch\u1ec9 quanh t\u01b0\u1eddng ho\u1eb7c d\u1ecdc theo h\u00e0nh lang gi\u00fap t\u1ea1o \u00e1nh s\u00e1ng n\u1ec1n cho t\u01b0\u1eddng ho\u1eb7c tr\u1ea7n. Thanh nh\u00f4m \u0111\u01b0\u1ee3c treo gi\u1eef b\u1eb1ng c\u00e1c bass s\u1eaft ch\u1eafc ch\u1eafn c\u1ed1 \u0111\u1ecbnh tr\u00ean t\u01b0\u1eddng. C\u00e1ch kh\u00e1c c\u00f3 th\u1ec3 l\u1eafp d\u01b0\u1edbi ch\u00e2n t\u01b0\u1eddng t\u1ea1o \u00e1nh s\u00e1ng h\u1eaft t\u1eeb d\u01b0\u1edbi n\u1ec1n.<\/p>\n<p>B\u1ea3o h\u00e0nh: 1 n\u0103m \u0111\u1ed5i m\u1edbi n\u1ebfu thanh nh\u00f4m ho\u1eb7c t\u1ea7m nh\u1ef1a t\u00e1n s\u00e1ng b\u1ecb cong, v\u00eanh ho\u1eb7c bi\u1ebfn d\u1ea1ng do nhi\u1ec7t. Kh\u00f4ng b\u1ea3o h\u00e0nh do c\u00e1c va \u0111\u1eadp.<\/p>\n<p>C\u00e1c d\u00e2y led th\u00edch h\u1ee3p: ngang 55mm.<\/p>\n<figure id=\"attachment_4353\" aria-describedby=\"caption-attachment-4353\" style=\"width: 1325px\" class=\"wp-caption alignnone\"><img decoding=\"async\" class=\"size-full wp-image-4353\" src=\"http:\/\/lyk-lighting.com\/wp-content\/uploads\/2023\/10\/den-led-thanh-nhom-u9032a.jpg\" alt=\"\u0110\u00e8n led thanh nh\u00f4m U9032A\" width=\"1325\" height=\"1325\" srcset=\"http:\/\/lyk-lighting.com\/wp-content\/uploads\/2023\/10\/den-led-thanh-nhom-u9032a.jpg 1325w, http:\/\/lyk-lighting.com\/wp-content\/uploads\/2023\/10\/den-led-thanh-nhom-u9032a-300x300.jpg 300w, http:\/\/lyk-lighting.com\/wp-content\/uploads\/2023\/10\/den-led-thanh-nhom-u9032a-1024x1024.jpg 1024w, http:\/\/lyk-lighting.com\/wp-content\/uploads\/2023\/10\/den-led-thanh-nhom-u9032a-150x150.jpg 150w, http:\/\/lyk-lighting.com\/wp-content\/uploads\/2023\/10\/den-led-thanh-nhom-u9032a-768x768.jpg 768w, http:\/\/lyk-lighting.com\/wp-content\/uploads\/2023\/10\/den-led-thanh-nhom-u9032a-600x600.jpg 600w, http:\/\/lyk-lighting.com\/wp-content\/uploads\/2023\/10\/den-led-thanh-nhom-u9032a-100x100.jpg 100w\" sizes=\"(max-width: 1325px) 100vw, 1325px\" \/><figcaption id=\"caption-attachment-4353\" class=\"wp-caption-text\">\u0110\u00e8n led thanh nh\u00f4m U9032A<\/figcaption><\/figure>\n<figure id=\"attachment_4354\" aria-describedby=\"caption-attachment-4354\" style=\"width: 955px\" class=\"wp-caption alignnone\"><img loading=\"lazy\" decoding=\"async\" class=\"size-full wp-image-4354\" src=\"http:\/\/lyk-lighting.com\/wp-content\/uploads\/2023\/10\/c_CQmLHB2ZU0mEqmGLdBKFMVi-nZch4kmOykFbsLsrvR3bhNqNL9GQwg-1.jpg\" alt=\"\u0110\u00e8n led thanh nh\u00f4m U9032A\" width=\"955\" height=\"342\" srcset=\"http:\/\/lyk-lighting.com\/wp-content\/uploads\/2023\/10\/c_CQmLHB2ZU0mEqmGLdBKFMVi-nZch4kmOykFbsLsrvR3bhNqNL9GQwg-1.jpg 955w, http:\/\/lyk-lighting.com\/wp-content\/uploads\/2023\/10\/c_CQmLHB2ZU0mEqmGLdBKFMVi-nZch4kmOykFbsLsrvR3bhNqNL9GQwg-1-300x107.jpg 300w, http:\/\/lyk-lighting.com\/wp-content\/uploads\/2023\/10\/c_CQmLHB2ZU0mEqmGLdBKFMVi-nZch4kmOykFbsLsrvR3bhNqNL9GQwg-1-768x275.jpg 768w, http:\/\/lyk-lighting.com\/wp-content\/uploads\/2023\/10\/c_CQmLHB2ZU0mEqmGLdBKFMVi-nZch4kmOykFbsLsrvR3bhNqNL9GQwg-1-600x215.jpg 600w\" sizes=\"(max-width: 955px) 100vw, 955px\" \/><figcaption id=\"caption-attachment-4354\" class=\"wp-caption-text\">\u0110\u00e8n led thanh nh\u00f4m U9032A<\/figcaption><\/figure>\n<\/div>\n<div><\/div>\n<\/div>\n<div><\/div>\n<\/div>\n","protected":false},"excerpt":{"rendered":"<div id=\"short_description_content\" class=\"rte align_justify\">\n<div id=\"short_description_content\" class=\"rte align_justify\">\n<div id=\"short_description_content\" class=\"rte align_justify\">\n<div id=\"short_description_content\" class=\"rte align_justify\">\n<div id=\"short_description_content\" class=\"rte align_justify\">\n<div id=\"short_description_content\" class=\"rte align_justify\">\n<div id=\"short_description_content\" class=\"rte align_justify\">\n<div id=\"short_description_content\" class=\"rte align_justify\">\n<div id=\"short_description_content\" class=\"rte align_justify\">\n<div id=\"short_description_content\" class=\"rte align_justify\">\n<div id=\"short_description_content\" class=\"rte align_justify\">\n<div id=\"short_description_content\" class=\"rte align_justify\">\n<div id=\"short_description_content\" class=\"rte align_justify\">\n<div id=\"short_description_content\" class=\"rte align_justify\">\n<div id=\"short_description_content\" class=\"rte align_justify\">\n<div id=\"short_description_content\" class=\"rte align_justify\">\n<div id=\"short_description_content\" class=\"rte align_justify\">\n<div id=\"short_description_content\" class=\"rte align_justify\">\n<div id=\"short_description_content\" class=\"rte align_justify\">\n<div id=\"short_description_content\" class=\"rte align_justify\">\n<div id=\"short_description_content\" class=\"rte align_justify\">\n<div id=\"short_description_content\" class=\"rte align_justify\">\n<div id=\"short_description_content\" class=\"rte align_justify\">\n<div id=\"short_description_content\" class=\"rte align_justify\">\n<div id=\"short_description_content\" class=\"rte align_justify\">\n<div id=\"short_description_content\" class=\"rte align_justify\">\n<div id=\"short_description_content\" class=\"rte align_justify\">\n<div id=\"short_description_content\" class=\"rte align_justify\">\n<div id=\"short_description_content\" class=\"rte align_justify\">\n<div id=\"short_description_content\" class=\"rte align_justify\">\n<div id=\"short_description_content\" class=\"rte align_justify\">\n<div id=\"short_description_content\" class=\"rte align_justify\">\n<div id=\"short_description_content\" class=\"rte align_justify\">\n<div id=\"short_description_content\" class=\"rte align_justify\">\n<div id=\"short_description_content\" class=\"rte align_justify\">\n<div id=\"short_description_content\" class=\"rte align_justify\">\n<div id=\"short_description_content\" class=\"rte align_justify\">\n<div id=\"short_description_content\" class=\"rte align_justify\">\n<div id=\"short_description_content\" class=\"rte align_justify\">\n<div id=\"short_description_content\" class=\"rte align_justify\">\n<div id=\"short_description_content\" class=\"rte align_justify\">\n<div id=\"short_description_content\" class=\"rte align_justify\">\n<div id=\"short_description_content\" class=\"rte align_justify\">\n<div id=\"short_description_content\" class=\"rte align_justify\">\n<div id=\"short_description_content\" class=\"rte align_justify\">\n<div id=\"short_description_content\" class=\"rte align_justify\">\n<div id=\"short_description_content\" class=\"rte align_justify\">\n<div id=\"short_description_content\" class=\"rte align_justify\">\n<div id=\"short_description_content\" class=\"rte align_justify\">\n<div id=\"short_description_content\" class=\"rte align_justify\">\n<div id=\"short_description_content\" class=\"rte align_justify\">\n<div id=\"short_description_content\" class=\"rte align_justify\">\n<div id=\"short_description_content\" class=\"rte align_justify\">\n<div id=\"short_description_content\" class=\"rte align_justify\">\n<div id=\"short_description_content\" class=\"rte align_justify\">\n<div id=\"short_description_content\" class=\"rte align_justify\">\n<div id=\"short_description_content\" class=\"rte align_justify\">\n<div id=\"short_description_content\" class=\"rte align_justify\">\n<div id=\"short_description_content\" class=\"rte align_justify\">\n<div id=\"short_description_content\" class=\"rte align_justify\">\n<div id=\"short_description_content\" class=\"rte align_justify\">\n<div id=\"short_description_content\" class=\"rte align_justify\">\n<div id=\"short_description_content\" class=\"rte align_justify\">\n<div id=\"short_description_content\" class=\"rte align_justify\">\n<div id=\"short_description_content\" class=\"rte align_justify\">\n<div id=\"short_description_content\" class=\"rte align_justify\">\n<div id=\"short_description_content\" class=\"rte align_justify\">\n<p>\u0110\u00e8n led thanh nh\u00f4m U9032A \u0111\u1eb9p, ch\u1eafc ch\u1eafn v\u00e0 hi\u1ec7n \u0111\u1ea1i. Thanh nh\u00f4m c\u1ea5u t\u1ea1o b\u1eb1ng nh\u00f4m 6063 d\u00f9ng trong h\u00e0ng kh\u00f4ng \u0111\u01b0\u1ee3c \u0111\u00fac \u0111\u1ecbnh h\u00ecnh. B\u1ec1 m\u1eb7t thanh nh\u00f4m \u0111\u01b0\u1ee3c ph\u1ee7 t\u1ea5m Polycarbonate b\u1ea3o v\u1ec7 \u0111\u00e8n led d\u00e1n b\u00ean trong v\u00e0 t\u00e1n \u0111\u1ec1u \u00e1nh s\u00e1ng t\u1ecfa ra xung quanh.<\/p>\n<\/div>\n<\/div>\n<\/div>\n<\/div>\n<\/div>\n<\/div>\n<\/div>\n<\/div>\n<\/div>\n<\/div>\n<\/div>\n<\/div>\n<\/div>\n<\/div>\n<\/div>\n<\/div>\n<\/div>\n<\/div>\n<\/div>\n<\/div>\n<\/div>\n<\/div>\n<\/div>\n<\/div>\n<\/div>\n<\/div>\n<\/div>\n<\/div>\n<\/div>\n<\/div>\n<\/div>\n<\/div>\n<\/div>\n<\/div>\n<\/div>\n<\/div>\n<\/div>\n<\/div>\n<\/div>\n<\/div>\n<\/div>\n<\/div>\n<\/div>\n<\/div>\n<\/div>\n<\/div>\n<\/div>\n<\/div>\n<\/div>\n<\/div>\n<\/div>\n<\/div>\n<\/div>\n<\/div>\n<\/div>\n<\/div>\n<\/div>\n<\/div>\n<\/div>\n<\/div>\n<\/div>\n<\/div>\n<\/div>\n<\/div>\n<\/div>\n<\/div>\n<\/div>\n","protected":false},"featured_media":4356,"template":"","meta":[],"product_cat":[231],"product_tag":[],"class_list":{"0":"post-4350","1":"product","2":"type-product","3":"status-publish","4":"has-post-thumbnail","6":"product_cat-den-thanh-nhom","8":"first","9":"instock","10":"shipping-taxable","11":"product-type-simple"},"_links":{"self":[{"href":"http:\/\/lyk-lighting.com\/en\/wp-json\/wp\/v2\/product\/4350","targetHints":{"allow":["GET"]}}],"collection":[{"href":"http:\/\/lyk-lighting.com\/en\/wp-json\/wp\/v2\/product"}],"about":[{"href":"http:\/\/lyk-lighting.com\/en\/wp-json\/wp\/v2\/types\/product"}],"version-history":[{"count":0,"href":"http:\/\/lyk-lighting.com\/en\/wp-json\/wp\/v2\/product\/4350\/revisions"}],"wp:featuredmedia":[{"embeddable":true,"href":"http:\/\/lyk-lighting.com\/en\/wp-json\/wp\/v2\/media\/4356"}],"wp:attachment":[{"href":"http:\/\/lyk-lighting.com\/en\/wp-json\/wp\/v2\/media?parent=4350"}],"wp:term":[{"taxonomy":"product_cat","embeddable":true,"href":"http:\/\/lyk-lighting.com\/en\/wp-json\/wp\/v2\/product_cat?post=4350"},{"taxonomy":"product_tag","embeddable":true,"href":"http:\/\/lyk-lighting.com\/en\/wp-json\/wp\/v2\/product_tag?post=4350"}],"curies":[{"name":"wp","href":"https:\/\/api.w.org\/{rel}","templated":true}]}}