{"id":4357,"date":"2023-10-16T11:43:47","date_gmt":"2023-10-16T04:43:47","guid":{"rendered":"http:\/\/lyk-lighting.com\/?post_type=product&#038;p=4357"},"modified":"2023-10-16T11:48:14","modified_gmt":"2023-10-16T04:48:14","slug":"den-led-thanh-nhom-u1015c","status":"publish","type":"product","link":"http:\/\/lyk-lighting.com\/en\/san-pham\/den-led-thanh-nhom-u1015c\/","title":{"rendered":"\u0110\u00e8n led thanh nh\u00f4m U1015C"},"content":{"rendered":"<h3>Th\u00f4ng s\u1ed1 k\u1ef9 thu\u1eadt \u0111\u00e8n led thanh nh\u00f4m U1015C:<\/h3>\n<p>Model number: U1015C<br \/>\nK\u00edch th\u01b0\u1edbc m\u1eb7t c\u1eaft: 16mm ngang (l\u1ecdt l\u00f2ng 10mm) * 15mm cao<br \/>\nChi\u1ec1u d\u00e0i: 1m\/2m\/3m<br \/>\nCh\u1ea5t li\u1ec7u nh\u00f4m: 6063-T5<br \/>\nX\u1eed l\u00fd b\u1ec1 m\u1eb7t: m\u1ea1 b\u1ea1c<br \/>\nT\u1ea5m t\u00e1n s\u00e1ng: Ch\u1ea5t li\u1ec7u nh\u1ef1a Polycarbonate<br \/>\nC\u00e1c l\u1ef1a ch\u1ecdn m\u1eb7t nh\u1ef1a: trong su\u1ed1t\/tr\u1eafng s\u1eefa<br \/>\nPh\u1ee5 ki\u1ec7n \u0111i k\u00e8m: 2 b\u1ecdc \u0111\u1ea7u<\/p>\n<h3>\u1ee8ng d\u1ee5ng c\u1ee7a thanh nh\u00f4m U1015C<\/h3>\n<div>\n<figure id=\"attachment_4358\" aria-describedby=\"caption-attachment-4358\" style=\"width: 474px\" class=\"wp-caption alignnone\"><img fetchpriority=\"high\" decoding=\"async\" class=\"size-full wp-image-4358\" src=\"http:\/\/lyk-lighting.com\/wp-content\/uploads\/2023\/10\/Den-led-thanh-nhom-U1015C-1.jpg\" alt=\"\u1ee8ng d\u1ee5ng \u0111\u00e8n led thanh nh\u00f4m U1015C\" width=\"474\" height=\"671\" srcset=\"http:\/\/lyk-lighting.com\/wp-content\/uploads\/2023\/10\/Den-led-thanh-nhom-U1015C-1.jpg 474w, http:\/\/lyk-lighting.com\/wp-content\/uploads\/2023\/10\/Den-led-thanh-nhom-U1015C-1-212x300.jpg 212w\" sizes=\"(max-width: 474px) 100vw, 474px\" \/><figcaption id=\"caption-attachment-4358\" class=\"wp-caption-text\">\u1ee8ng d\u1ee5ng \u0111\u00e8n led thanh nh\u00f4m U1015C<\/figcaption><\/figure>\n<figure id=\"attachment_4359\" aria-describedby=\"caption-attachment-4359\" style=\"width: 355px\" class=\"wp-caption alignnone\"><img decoding=\"async\" class=\"size-full wp-image-4359\" src=\"http:\/\/lyk-lighting.com\/wp-content\/uploads\/2023\/10\/Den-led-thanh-nhom-U1015C-2.jpg\" alt=\"\u1ee8ng d\u1ee5ng \u0111\u00e8n led thanh nh\u00f4m U1015C\" width=\"355\" height=\"558\" srcset=\"http:\/\/lyk-lighting.com\/wp-content\/uploads\/2023\/10\/Den-led-thanh-nhom-U1015C-2.jpg 355w, http:\/\/lyk-lighting.com\/wp-content\/uploads\/2023\/10\/Den-led-thanh-nhom-U1015C-2-191x300.jpg 191w\" sizes=\"(max-width: 355px) 100vw, 355px\" \/><figcaption id=\"caption-attachment-4359\" class=\"wp-caption-text\">\u1ee8ng d\u1ee5ng \u0111\u00e8n led thanh nh\u00f4m U1015C<\/figcaption><\/figure>\n<\/div>\n<h3>C\u00e1ch trang tr\u00ed<\/h3>\n<div>\n<div>\n<div>\n<div>\u0110\u00e8n led thanh nh\u00f4m \u0111\u1ecbnh h\u00ecnh KP U1015C chuy\u00ean d\u00f9ng \u0111\u1ec3 ch\u1ea1y c\u00e1c ch\u1ec9 \u00e1nh s\u00e1ng si\u00eau nh\u1ecf v\u00e0 s\u1eafc cho c\u00e1c thi\u1ebft k\u1ebf n\u1ed9i th\u1ea5t sang tr\u1ecdng, gi\u00fap t\u1ea1o \u0111i\u1ec3m nh\u1ea5n ki\u1ebfn tr\u00fac. B\u1ec1 m\u1eb7t si\u00eau nh\u1ecf gi\u00fap d\u1ec5 d\u00e0ng gi\u1ea5u thanh nh\u00f4m v\u00e0o c\u00e1c v\u1ecb tr\u00ed nh\u1ecf v\u00e0 t\u1ea1o \u00e1nh s\u00e1ng v\u1eeba ph\u1ea3i.<\/div>\n<div><\/div>\n<h3>B\u1ea3o h\u00e0nh<\/h3>\n<div>1 n\u0103m \u0111\u1ed5i m\u1edbi n\u1ebfu thanh nh\u00f4m ho\u1eb7c t\u1ea7m nh\u1ef1a t\u00e1n s\u00e1ng b\u1ecb cong, v\u00eanh ho\u1eb7c bi\u1ebfn d\u1ea1ng do nhi\u1ec7t. Kh\u00f4ng b\u1ea3o h\u00e0nh do c\u00e1c va \u0111\u1eadp.<\/div>\n<h3>C\u00e1c d\u00e2y led th\u00edch h\u1ee3p<\/h3>\n<p>C\u00e1c thanh v\u00e0 d\u00e2y c\u00f3 b\u1ec1 ngang 8mm.<\/p>\n<figure id=\"attachment_4364\" aria-describedby=\"caption-attachment-4364\" style=\"width: 1000px\" class=\"wp-caption alignnone\"><img decoding=\"async\" class=\"size-full wp-image-4364\" src=\"http:\/\/lyk-lighting.com\/wp-content\/uploads\/2023\/10\/Den-led-thanh-nhom-U1015C-6.jpg\" alt=\"\u0110\u00e8n led thanh nh\u00f4m U1015C\" width=\"1000\" height=\"1000\" srcset=\"http:\/\/lyk-lighting.com\/wp-content\/uploads\/2023\/10\/Den-led-thanh-nhom-U1015C-6.jpg 1000w, http:\/\/lyk-lighting.com\/wp-content\/uploads\/2023\/10\/Den-led-thanh-nhom-U1015C-6-300x300.jpg 300w, http:\/\/lyk-lighting.com\/wp-content\/uploads\/2023\/10\/Den-led-thanh-nhom-U1015C-6-150x150.jpg 150w, http:\/\/lyk-lighting.com\/wp-content\/uploads\/2023\/10\/Den-led-thanh-nhom-U1015C-6-768x768.jpg 768w, http:\/\/lyk-lighting.com\/wp-content\/uploads\/2023\/10\/Den-led-thanh-nhom-U1015C-6-600x600.jpg 600w, http:\/\/lyk-lighting.com\/wp-content\/uploads\/2023\/10\/Den-led-thanh-nhom-U1015C-6-100x100.jpg 100w\" sizes=\"(max-width: 1000px) 100vw, 1000px\" \/><figcaption id=\"caption-attachment-4364\" class=\"wp-caption-text\">\u0110\u00e8n led thanh nh\u00f4m U1015C<\/figcaption><\/figure>\n<figure id=\"attachment_4360\" aria-describedby=\"caption-attachment-4360\" style=\"width: 1000px\" class=\"wp-caption alignnone\"><img loading=\"lazy\" decoding=\"async\" class=\"wp-image-4360 size-full\" src=\"http:\/\/lyk-lighting.com\/wp-content\/uploads\/2023\/10\/Den-led-thanh-nhom-U1015C-3.jpg\" alt=\"\u0110\u00e8n led thanh nh\u00f4m U1015C\" width=\"1000\" height=\"1000\" srcset=\"http:\/\/lyk-lighting.com\/wp-content\/uploads\/2023\/10\/Den-led-thanh-nhom-U1015C-3.jpg 1000w, http:\/\/lyk-lighting.com\/wp-content\/uploads\/2023\/10\/Den-led-thanh-nhom-U1015C-3-300x300.jpg 300w, http:\/\/lyk-lighting.com\/wp-content\/uploads\/2023\/10\/Den-led-thanh-nhom-U1015C-3-150x150.jpg 150w, http:\/\/lyk-lighting.com\/wp-content\/uploads\/2023\/10\/Den-led-thanh-nhom-U1015C-3-768x768.jpg 768w, http:\/\/lyk-lighting.com\/wp-content\/uploads\/2023\/10\/Den-led-thanh-nhom-U1015C-3-600x600.jpg 600w, http:\/\/lyk-lighting.com\/wp-content\/uploads\/2023\/10\/Den-led-thanh-nhom-U1015C-3-100x100.jpg 100w\" sizes=\"(max-width: 1000px) 100vw, 1000px\" \/><figcaption id=\"caption-attachment-4360\" class=\"wp-caption-text\">\u0110\u00e8n led thanh nh\u00f4m U1015C<\/figcaption><\/figure>\n<figure id=\"attachment_4362\" aria-describedby=\"caption-attachment-4362\" style=\"width: 955px\" class=\"wp-caption alignnone\"><img loading=\"lazy\" decoding=\"async\" class=\"wp-image-4362 size-full\" src=\"http:\/\/lyk-lighting.com\/wp-content\/uploads\/2023\/10\/Den-led-thanh-nhom-U1015C-5.jpg\" alt=\"C\u00e1c lo\u1ea1i \u0111\u00e8n led thanh nh\u00f4m\" width=\"955\" height=\"342\" srcset=\"http:\/\/lyk-lighting.com\/wp-content\/uploads\/2023\/10\/Den-led-thanh-nhom-U1015C-5.jpg 955w, http:\/\/lyk-lighting.com\/wp-content\/uploads\/2023\/10\/Den-led-thanh-nhom-U1015C-5-300x107.jpg 300w, http:\/\/lyk-lighting.com\/wp-content\/uploads\/2023\/10\/Den-led-thanh-nhom-U1015C-5-768x275.jpg 768w, http:\/\/lyk-lighting.com\/wp-content\/uploads\/2023\/10\/Den-led-thanh-nhom-U1015C-5-600x215.jpg 600w\" sizes=\"(max-width: 955px) 100vw, 955px\" \/><figcaption id=\"caption-attachment-4362\" class=\"wp-caption-text\">C\u00e1c lo\u1ea1i \u0111\u00e8n led thanh nh\u00f4m<\/figcaption><\/figure>\n<\/div>\n<div><\/div>\n<\/div>\n<div><\/div>\n<\/div>\n","protected":false},"excerpt":{"rendered":"<div id=\"short_description_content\" class=\"rte align_justify\">\n<div id=\"short_description_content\" class=\"rte align_justify\">\n<div id=\"short_description_content\" class=\"rte align_justify\">\n<div id=\"short_description_content\" class=\"rte align_justify\">\n<div id=\"short_description_content\" class=\"rte align_justify\">\n<div id=\"short_description_content\" class=\"rte align_justify\">\n<div id=\"short_description_content\" class=\"rte align_justify\">\n<div id=\"short_description_content\" class=\"rte align_justify\">\n<div id=\"short_description_content\" class=\"rte align_justify\">\n<div id=\"short_description_content\" class=\"rte align_justify\">\n<div id=\"short_description_content\" class=\"rte align_justify\">\n<div id=\"short_description_content\" class=\"rte align_justify\">\n<div id=\"short_description_content\" class=\"rte align_justify\">\n<div id=\"short_description_content\" class=\"rte align_justify\">\n<div id=\"short_description_content\" class=\"rte align_justify\">\n<div id=\"short_description_content\" class=\"rte align_justify\">\n<div id=\"short_description_content\" class=\"rte align_justify\">\n<div id=\"short_description_content\" class=\"rte align_justify\">\n<div id=\"short_description_content\" class=\"rte align_justify\">\n<div id=\"short_description_content\" class=\"rte align_justify\">\n<div id=\"short_description_content\" class=\"rte align_justify\">\n<div id=\"short_description_content\" class=\"rte align_justify\">\n<div id=\"short_description_content\" class=\"rte align_justify\">\n<div id=\"short_description_content\" class=\"rte align_justify\">\n<div id=\"short_description_content\" class=\"rte align_justify\">\n<div id=\"short_description_content\" class=\"rte align_justify\">\n<div id=\"short_description_content\" class=\"rte align_justify\">\n<div id=\"short_description_content\" class=\"rte align_justify\">\n<div id=\"short_description_content\" class=\"rte align_justify\">\n<div id=\"short_description_content\" class=\"rte align_justify\">\n<div id=\"short_description_content\" class=\"rte align_justify\">\n<div id=\"short_description_content\" class=\"rte align_justify\">\n<div id=\"short_description_content\" class=\"rte align_justify\">\n<div id=\"short_description_content\" class=\"rte align_justify\">\n<div id=\"short_description_content\" class=\"rte align_justify\">\n<div id=\"short_description_content\" class=\"rte align_justify\">\n<div id=\"short_description_content\" class=\"rte align_justify\">\n<div id=\"short_description_content\" class=\"rte align_justify\">\n<div id=\"short_description_content\" class=\"rte align_justify\">\n<div id=\"short_description_content\" class=\"rte align_justify\">\n<div id=\"short_description_content\" class=\"rte align_justify\">\n<div id=\"short_description_content\" class=\"rte align_justify\">\n<div id=\"short_description_content\" class=\"rte align_justify\">\n<div id=\"short_description_content\" class=\"rte align_justify\">\n<div id=\"short_description_content\" class=\"rte align_justify\">\n<div id=\"short_description_content\" class=\"rte align_justify\">\n<div id=\"short_description_content\" class=\"rte align_justify\">\n<div id=\"short_description_content\" class=\"rte align_justify\">\n<div id=\"short_description_content\" class=\"rte align_justify\">\n<div id=\"short_description_content\" class=\"rte align_justify\">\n<div id=\"short_description_content\" class=\"rte align_justify\">\n<div id=\"short_description_content\" class=\"rte align_justify\">\n<div id=\"short_description_content\" class=\"rte align_justify\">\n<div id=\"short_description_content\" class=\"rte align_justify\">\n<div id=\"short_description_content\" class=\"rte align_justify\">\n<div id=\"short_description_content\" class=\"rte align_justify\">\n<div id=\"short_description_content\" class=\"rte align_justify\">\n<div id=\"short_description_content\" class=\"rte align_justify\">\n<div id=\"short_description_content\" class=\"rte align_justify\">\n<div id=\"short_description_content\" class=\"rte align_justify\">\n<div id=\"short_description_content\" class=\"rte align_justify\">\n<div id=\"short_description_content\" class=\"rte align_justify\">\n<div id=\"short_description_content\" class=\"rte align_justify\">\n<div id=\"short_description_content\" class=\"rte align_justify\">\n<div id=\"short_description_content\" class=\"rte align_justify\">\n<div id=\"short_description_content\" class=\"rte align_justify\">\n<div id=\"short_description_content\" class=\"rte align_justify\">\n<div id=\"short_description_content\" class=\"rte align_justify\">\n<p>\u0110\u00e8n led thanh nh\u00f4m \u0111\u1ecbnh h\u00ecnh U1015C \u0111\u1eb9p, ch\u1eafc ch\u1eafn v\u00e0 hi\u1ec7n \u0111\u1ea1i. Thanh nh\u00f4m c\u1ea5u t\u1ea1o b\u1eb1ng nh\u00f4m 6063 d\u00f9ng trong h\u00e0ng kh\u00f4ng \u0111\u01b0\u1ee3c \u0111\u00fac \u0111\u1ecbnh h\u00ecnh. B\u1ec1 m\u1eb7t thanh nh\u00f4m \u0111\u01b0\u1ee3c ph\u1ee7 t\u1ea5m Polycarbonate b\u1ea3o v\u1ec7 \u0111\u00e8n led d\u00e1n b\u00ean trong v\u00e0 t\u00e1n \u0111\u1ec1u \u00e1nh s\u00e1ng t\u1ecfa ra xung quanh.<\/p>\n<\/div>\n<\/div>\n<\/div>\n<\/div>\n<\/div>\n<\/div>\n<\/div>\n<\/div>\n<\/div>\n<\/div>\n<\/div>\n<\/div>\n<\/div>\n<\/div>\n<\/div>\n<\/div>\n<\/div>\n<\/div>\n<\/div>\n<\/div>\n<\/div>\n<\/div>\n<\/div>\n<\/div>\n<\/div>\n<\/div>\n<\/div>\n<\/div>\n<\/div>\n<\/div>\n<\/div>\n<\/div>\n<\/div>\n<\/div>\n<\/div>\n<\/div>\n<\/div>\n<\/div>\n<\/div>\n<\/div>\n<\/div>\n<\/div>\n<\/div>\n<\/div>\n<\/div>\n<\/div>\n<\/div>\n<\/div>\n<\/div>\n<\/div>\n<\/div>\n<\/div>\n<\/div>\n<\/div>\n<\/div>\n<\/div>\n<\/div>\n<\/div>\n<\/div>\n<\/div>\n<\/div>\n<\/div>\n<\/div>\n<\/div>\n<\/div>\n<\/div>\n<\/div>\n<\/div>\n","protected":false},"featured_media":4363,"template":"","meta":[],"product_cat":[231],"product_tag":[],"class_list":{"0":"post-4357","1":"product","2":"type-product","3":"status-publish","4":"has-post-thumbnail","6":"product_cat-den-thanh-nhom","8":"first","9":"instock","10":"shipping-taxable","11":"product-type-simple"},"_links":{"self":[{"href":"http:\/\/lyk-lighting.com\/en\/wp-json\/wp\/v2\/product\/4357","targetHints":{"allow":["GET"]}}],"collection":[{"href":"http:\/\/lyk-lighting.com\/en\/wp-json\/wp\/v2\/product"}],"about":[{"href":"http:\/\/lyk-lighting.com\/en\/wp-json\/wp\/v2\/types\/product"}],"version-history":[{"count":0,"href":"http:\/\/lyk-lighting.com\/en\/wp-json\/wp\/v2\/product\/4357\/revisions"}],"wp:featuredmedia":[{"embeddable":true,"href":"http:\/\/lyk-lighting.com\/en\/wp-json\/wp\/v2\/media\/4363"}],"wp:attachment":[{"href":"http:\/\/lyk-lighting.com\/en\/wp-json\/wp\/v2\/media?parent=4357"}],"wp:term":[{"taxonomy":"product_cat","embeddable":true,"href":"http:\/\/lyk-lighting.com\/en\/wp-json\/wp\/v2\/product_cat?post=4357"},{"taxonomy":"product_tag","embeddable":true,"href":"http:\/\/lyk-lighting.com\/en\/wp-json\/wp\/v2\/product_tag?post=4357"}],"curies":[{"name":"wp","href":"https:\/\/api.w.org\/{rel}","templated":true}]}}