{"id":10766,"date":"2023-11-14T22:21:32","date_gmt":"2023-11-14T15:21:32","guid":{"rendered":"http:\/\/lyk-lighting.com\/san-pham\/pathway-lights-odl705\/"},"modified":"2023-11-14T22:21:32","modified_gmt":"2023-11-14T15:21:32","slug":"pathway-lights-odl705","status":"publish","type":"product","link":"https:\/\/lyk-lighting.com\/en\/san-pham\/pathway-lights-odl705\/","title":{"rendered":"Pathway lights ODL705"},"content":{"rendered":"<p><strong>Specification Pathway lights ODL705<\/strong><\/p>\n<p>Item No.: ODL705<br \/>\nLamp Type: CREE XPE<br \/>\nWatt: 3W<br \/>\nCCT.: 3000K<br \/>\nLumens: 120 lm<br \/>\nBeam Angel: N\/A<br \/>\nMaterial: aluminium<br \/>\nFinishing: black painting<br \/>\nLamp Size: L208*W59*H55<br \/>\nIP Rating: IP65<br \/>\nInstallation: wall recessed<\/p>\n<p><strong>Installation instructions Pathway lights ODL705<\/strong><\/p>\n<p><img decoding=\"async\" src=\"http:\/\/lyk-lighting.com\/wp-content\/uploads\/2023\/11\/ODL044-05.jpg\" \/><\/p>\n<p><img decoding=\"async\" src=\"http:\/\/lyk-lighting.com\/wp-content\/uploads\/2023\/11\/Huong-dan-lap-dat-den-chieu-loi-di-LYK-2.jpg\" \/><\/p>\n","protected":false},"excerpt":{"rendered":"<p>Here is the translation of the Vietnamese text &#8220;\u0110\u00e8n chi\u1ebfu l\u1ed1i \u0111i ODL705 l\u00e0 gi\u1ea3i ph\u00e1p tuy\u1ec7t v\u1eddi \u0111\u1ec3 l\u00e0m s\u00e1ng b\u01b0\u1edbc \u0111i c\u1ee7a b\u1ea1n v\u1edbi thi\u1ebft k\u1ebf sang tr\u1ecdng v\u00e0 hi\u1ec7n \u0111\u1ea1i. \u0110\u00e8n trang b\u1ecb c\u00f4ng su\u1ea5t 3W v\u00e0 c\u00f4ng ngh\u1ec7 CREE XPE, t\u1ea1o ra \u00e1nh s\u00e1ng \u1ea5m \u00e1p v\u1edbi \u0111\u1ed9 s\u00e1ng 120 lm, gi\u00fap t\u0103ng c\u01b0\u1eddng kh\u00f4ng gian xung quanh v\u00e0 \u0111\u1ed3ng th\u1eddi t\u1ea1o \u0111i\u1ec3m nh\u1ea5n th\u00fa v\u1ecb.<br \/>\nCh\u1ea5t li\u1ec7u nh\u00f4m \u0111en c\u1ee7a \u0111\u00e8n kh\u00f4ng ch\u1ec9 mang l\u1ea1i \u0111\u1ed9 b\u1ec1n v\u00e0 ch\u1eafc ch\u1eafn, m\u00e0 c\u00f2n t\u1ea1o n\u00ean v\u1ebb ngo\u1ea1i h\u00ecnh sang tr\u1ecdng v\u00e0 hi\u1ec7n \u0111\u1ea1i. K\u00edch th\u01b0\u1edbc l\u1edbn D\u00e0i 208mm x R\u1ed9ng 59mm x Cao 55mm l\u00e0m cho \u0111\u00e8n tr\u1edf th\u00e0nh m\u1ed9t \u0111i\u1ec3m nh\u1ea5n thu\u1eadn l\u1ee3i tr\u00ean b\u1ee9c t\u01b0\u1eddng. \u0110\u1eb7c bi\u1ec7t, chu\u1ea9n IP65 gi\u00fap ch\u1ed1ng l\u1ea1i b\u1ee5i v\u00e0 n\u01b0\u1edbc, gi\u1eef cho \u0111\u00e8n ho\u1ea1t \u0111\u1ed9ng \u1ed5n \u0111\u1ecbnh d\u01b0\u1edbi m\u1ecdi \u0111i\u1ec1u ki\u1ec7n th\u1eddi ti\u1ebft.&#8221;<\/p>\n<p>ODL705 Pathway Light is a great solution to illuminate your steps with a stylish and modern design. Equipped with a power of 3W and CREE XPE technology, it produces warm light with a brightness of 120 lm, helping to enhance the surrounding space and create an interesting accent at the same time.<br \/>\nThe black aluminum material of the lamp not only provides durability and sturdiness, but also creates a stylish and modern appearance. The large size of 208mm x 59mm x 55mm makes the lamp a convenient accent on the wall. In particular, the IP65 standard helps to protect against dust and water, keeping the lamp operating stably under all weather conditions.<\/p>\n","protected":false},"featured_media":8845,"template":"","meta":[],"product_cat":[202],"product_tag":[],"class_list":{"0":"post-10766","1":"product","2":"type-product","3":"status-publish","4":"has-post-thumbnail","6":"product_cat-step-light","8":"first","9":"instock","10":"shipping-taxable","11":"product-type-simple"},"_links":{"self":[{"href":"https:\/\/lyk-lighting.com\/en\/wp-json\/wp\/v2\/product\/10766","targetHints":{"allow":["GET"]}}],"collection":[{"href":"https:\/\/lyk-lighting.com\/en\/wp-json\/wp\/v2\/product"}],"about":[{"href":"https:\/\/lyk-lighting.com\/en\/wp-json\/wp\/v2\/types\/product"}],"version-history":[{"count":0,"href":"https:\/\/lyk-lighting.com\/en\/wp-json\/wp\/v2\/product\/10766\/revisions"}],"wp:featuredmedia":[{"embeddable":true,"href":"https:\/\/lyk-lighting.com\/en\/wp-json\/wp\/v2\/media\/8845"}],"wp:attachment":[{"href":"https:\/\/lyk-lighting.com\/en\/wp-json\/wp\/v2\/media?parent=10766"}],"wp:term":[{"taxonomy":"product_cat","embeddable":true,"href":"https:\/\/lyk-lighting.com\/en\/wp-json\/wp\/v2\/product_cat?post=10766"},{"taxonomy":"product_tag","embeddable":true,"href":"https:\/\/lyk-lighting.com\/en\/wp-json\/wp\/v2\/product_tag?post=10766"}],"curies":[{"name":"wp","href":"https:\/\/api.w.org\/{rel}","templated":true}]}}