{"id":10839,"date":"2023-11-10T14:51:49","date_gmt":"2023-11-10T07:51:49","guid":{"rendered":"http:\/\/lyk-lighting.com\/san-pham\/inground-light-odl049a-in220\/"},"modified":"2023-11-10T14:51:49","modified_gmt":"2023-11-10T07:51:49","slug":"inground-light-odl049a-in220","status":"publish","type":"product","link":"https:\/\/lyk-lighting.com\/en\/san-pham\/inground-light-odl049a-in220\/","title":{"rendered":"Inground Light ODL049A-IN220"},"content":{"rendered":"<h3 style=\"text-align: left\">Specification Inground Light ODL049A-IN220<\/h3>\n<p>Item No.: ODL049A-IN220<br \/>\nLamp Type: CREE COB 1304<br \/>\nWatt: 5W<br \/>\nCCT.: 3000K<br \/>\nLumens: 430 lm<br \/>\nBeam Angel: 20 degree<br \/>\nMaterial: brass<br \/>\nFinishing: brass<br \/>\nLamp Size: L64\u00d7W64\u00d7H83(mm)<br \/>\nIP Rating: IP67<br \/>\nInstallation: please refer to Manual<\/p>\n<p>&nbsp;<\/p>\n<p><img fetchpriority=\"high\" decoding=\"async\" class=\"alignnone size-full wp-image-5135\" src=\"http:\/\/lyk-lighting.com\/wp-content\/uploads\/2023\/11\/Den-am-dat-ngoai-that-LYK-1.jpg\" alt=\"\" width=\"1102\" height=\"1416\" srcset=\"https:\/\/lyk-lighting.com\/wp-content\/uploads\/2023\/11\/Den-am-dat-ngoai-that-LYK-1.jpg 1102w, https:\/\/lyk-lighting.com\/wp-content\/uploads\/2023\/11\/Den-am-dat-ngoai-that-LYK-1-233x300.jpg 233w, https:\/\/lyk-lighting.com\/wp-content\/uploads\/2023\/11\/Den-am-dat-ngoai-that-LYK-1-797x1024.jpg 797w, https:\/\/lyk-lighting.com\/wp-content\/uploads\/2023\/11\/Den-am-dat-ngoai-that-LYK-1-768x987.jpg 768w, https:\/\/lyk-lighting.com\/wp-content\/uploads\/2023\/11\/Den-am-dat-ngoai-that-LYK-1-600x771.jpg 600w\" sizes=\"(max-width: 1102px) 100vw, 1102px\" \/> <img decoding=\"async\" class=\"alignnone size-full wp-image-5136\" src=\"http:\/\/lyk-lighting.com\/wp-content\/uploads\/2023\/11\/Den-am-dat-ngoai-that-LYK-2.jpg\" alt=\"\" width=\"1500\" height=\"1029\" srcset=\"https:\/\/lyk-lighting.com\/wp-content\/uploads\/2023\/11\/Den-am-dat-ngoai-that-LYK-2.jpg 1500w, https:\/\/lyk-lighting.com\/wp-content\/uploads\/2023\/11\/Den-am-dat-ngoai-that-LYK-2-300x206.jpg 300w, https:\/\/lyk-lighting.com\/wp-content\/uploads\/2023\/11\/Den-am-dat-ngoai-that-LYK-2-1024x702.jpg 1024w, https:\/\/lyk-lighting.com\/wp-content\/uploads\/2023\/11\/Den-am-dat-ngoai-that-LYK-2-768x527.jpg 768w, https:\/\/lyk-lighting.com\/wp-content\/uploads\/2023\/11\/Den-am-dat-ngoai-that-LYK-2-600x412.jpg 600w\" sizes=\"(max-width: 1500px) 100vw, 1500px\" \/> <img decoding=\"async\" class=\"alignnone wp-image-5137 size-full\" src=\"http:\/\/lyk-lighting.com\/wp-content\/uploads\/2023\/11\/Den-am-dat-ngoai-that-LYK-3.jpg\" alt=\"\" width=\"1004\" height=\"776\" srcset=\"https:\/\/lyk-lighting.com\/wp-content\/uploads\/2023\/11\/Den-am-dat-ngoai-that-LYK-3.jpg 1004w, https:\/\/lyk-lighting.com\/wp-content\/uploads\/2023\/11\/Den-am-dat-ngoai-that-LYK-3-300x232.jpg 300w, https:\/\/lyk-lighting.com\/wp-content\/uploads\/2023\/11\/Den-am-dat-ngoai-that-LYK-3-768x594.jpg 768w, https:\/\/lyk-lighting.com\/wp-content\/uploads\/2023\/11\/Den-am-dat-ngoai-that-LYK-3-600x464.jpg 600w\" sizes=\"(max-width: 1004px) 100vw, 1004px\" \/> <img loading=\"lazy\" decoding=\"async\" class=\"alignnone size-full wp-image-5138\" src=\"http:\/\/lyk-lighting.com\/wp-content\/uploads\/2023\/11\/Den-am-dat-ngoai-that-LYK-4.jpg\" alt=\"\" width=\"1204\" height=\"1658\" srcset=\"https:\/\/lyk-lighting.com\/wp-content\/uploads\/2023\/11\/Den-am-dat-ngoai-that-LYK-4.jpg 1204w, https:\/\/lyk-lighting.com\/wp-content\/uploads\/2023\/11\/Den-am-dat-ngoai-that-LYK-4-218x300.jpg 218w, https:\/\/lyk-lighting.com\/wp-content\/uploads\/2023\/11\/Den-am-dat-ngoai-that-LYK-4-744x1024.jpg 744w, https:\/\/lyk-lighting.com\/wp-content\/uploads\/2023\/11\/Den-am-dat-ngoai-that-LYK-4-768x1058.jpg 768w, https:\/\/lyk-lighting.com\/wp-content\/uploads\/2023\/11\/Den-am-dat-ngoai-that-LYK-4-1115x1536.jpg 1115w, https:\/\/lyk-lighting.com\/wp-content\/uploads\/2023\/11\/Den-am-dat-ngoai-that-LYK-4-600x826.jpg 600w\" sizes=\"(max-width: 1204px) 100vw, 1204px\" \/><\/p>\n<h3>H\u01b0\u1edbng d\u1eabn l\u1eafp \u0111\u1eb7t \u0111\u00e8n \u00e2m \u0111\u1ea5t ODL049A-IN220<\/h3>\n<p>&nbsp;<\/p>\n<p><img loading=\"lazy\" decoding=\"async\" class=\"alignnone size-full wp-image-5162\" src=\"http:\/\/lyk-lighting.com\/wp-content\/uploads\/2023\/11\/Huong-dan-lap-dat-ODL049-IN220-ODL049A-IN220.jpg\" alt=\"\" width=\"1920\" height=\"1196\" srcset=\"https:\/\/lyk-lighting.com\/wp-content\/uploads\/2023\/11\/Huong-dan-lap-dat-ODL049-IN220-ODL049A-IN220.jpg 1920w, https:\/\/lyk-lighting.com\/wp-content\/uploads\/2023\/11\/Huong-dan-lap-dat-ODL049-IN220-ODL049A-IN220-300x187.jpg 300w, https:\/\/lyk-lighting.com\/wp-content\/uploads\/2023\/11\/Huong-dan-lap-dat-ODL049-IN220-ODL049A-IN220-1024x638.jpg 1024w, https:\/\/lyk-lighting.com\/wp-content\/uploads\/2023\/11\/Huong-dan-lap-dat-ODL049-IN220-ODL049A-IN220-768x478.jpg 768w, https:\/\/lyk-lighting.com\/wp-content\/uploads\/2023\/11\/Huong-dan-lap-dat-ODL049-IN220-ODL049A-IN220-1536x957.jpg 1536w, https:\/\/lyk-lighting.com\/wp-content\/uploads\/2023\/11\/Huong-dan-lap-dat-ODL049-IN220-ODL049A-IN220-600x374.jpg 600w\" sizes=\"(max-width: 1920px) 100vw, 1920px\" \/><\/p>\n","protected":false},"excerpt":{"rendered":"<p>Discover the elegant beauty of the Inground Light ODL049A-IN220. Using the CREE COB 1304 type of lamp and a powerful power of 5W, this lamp is not only a source of light but also a work of art. The warm yellow light at a color temperature of 3000K, with a brightness of 430 lm and a beam angle of 20 degrees, creates a warm and special atmosphere.<\/p>\n<p>The brass material and brass finish create a product that is not only weatherproof but also luxurious. The lamp size is just right and easy to install. Inground Light ODL049A-IN220 is the perfect combination of quality and aesthetics for your outdoor space.<\/p>\n","protected":false},"featured_media":8679,"template":"","meta":[],"product_cat":[186],"product_tag":[],"class_list":{"0":"post-10839","1":"product","2":"type-product","3":"status-publish","4":"has-post-thumbnail","6":"product_cat-inground-light","8":"first","9":"instock","10":"shipping-taxable","11":"product-type-simple"},"_links":{"self":[{"href":"https:\/\/lyk-lighting.com\/en\/wp-json\/wp\/v2\/product\/10839","targetHints":{"allow":["GET"]}}],"collection":[{"href":"https:\/\/lyk-lighting.com\/en\/wp-json\/wp\/v2\/product"}],"about":[{"href":"https:\/\/lyk-lighting.com\/en\/wp-json\/wp\/v2\/types\/product"}],"version-history":[{"count":0,"href":"https:\/\/lyk-lighting.com\/en\/wp-json\/wp\/v2\/product\/10839\/revisions"}],"wp:featuredmedia":[{"embeddable":true,"href":"https:\/\/lyk-lighting.com\/en\/wp-json\/wp\/v2\/media\/8679"}],"wp:attachment":[{"href":"https:\/\/lyk-lighting.com\/en\/wp-json\/wp\/v2\/media?parent=10839"}],"wp:term":[{"taxonomy":"product_cat","embeddable":true,"href":"https:\/\/lyk-lighting.com\/en\/wp-json\/wp\/v2\/product_cat?post=10839"},{"taxonomy":"product_tag","embeddable":true,"href":"https:\/\/lyk-lighting.com\/en\/wp-json\/wp\/v2\/product_tag?post=10839"}],"curies":[{"name":"wp","href":"https:\/\/api.w.org\/{rel}","templated":true}]}}