{"id":10848,"date":"2023-11-10T14:26:00","date_gmt":"2023-11-10T07:26:00","guid":{"rendered":"http:\/\/lyk-lighting.com\/san-pham\/inground-light-odl028-in12\/"},"modified":"2024-01-05T04:13:04","modified_gmt":"2024-01-04T21:13:04","slug":"inground-light-odl028-in12","status":"publish","type":"product","link":"https:\/\/lyk-lighting.com\/en\/san-pham\/inground-light-odl028-in12\/","title":{"rendered":"Inground Light ODL028-IN12"},"content":{"rendered":"<h3 style=\"text-align: left\">Specification Inground Light ODL028-IN12<\/h3>\n<p>Item No.: ODL028-IN12<br \/>\nLamp Type: CREE COB 1304<br \/>\nWatt: 1x6W<br \/>\nCCT.: 3000K<br \/>\nLumens: 430 lm<br \/>\nBeam Angel: 38degree<br \/>\nMaterial: Pure aluminium, stainless steel<br \/>\nFinishing: stainless steel<br \/>\nLamp Size: D100H93MM<br \/>\nIP Rating: IP67<br \/>\nInstallation: please refer to Manual<\/p>\n<p>&nbsp;<\/p>\n<p><img fetchpriority=\"high\" decoding=\"async\" class=\"alignnone size-full wp-image-5135\" src=\"http:\/\/lyk-lighting.com\/wp-content\/uploads\/2023\/11\/Den-am-dat-ngoai-that-LYK-1.jpg\" alt=\"\" width=\"1102\" height=\"1416\" srcset=\"https:\/\/lyk-lighting.com\/wp-content\/uploads\/2023\/11\/Den-am-dat-ngoai-that-LYK-1.jpg 1102w, https:\/\/lyk-lighting.com\/wp-content\/uploads\/2023\/11\/Den-am-dat-ngoai-that-LYK-1-233x300.jpg 233w, https:\/\/lyk-lighting.com\/wp-content\/uploads\/2023\/11\/Den-am-dat-ngoai-that-LYK-1-797x1024.jpg 797w, https:\/\/lyk-lighting.com\/wp-content\/uploads\/2023\/11\/Den-am-dat-ngoai-that-LYK-1-768x987.jpg 768w, https:\/\/lyk-lighting.com\/wp-content\/uploads\/2023\/11\/Den-am-dat-ngoai-that-LYK-1-600x771.jpg 600w\" sizes=\"(max-width: 1102px) 100vw, 1102px\" \/> <img decoding=\"async\" class=\"alignnone size-full wp-image-5136\" src=\"http:\/\/lyk-lighting.com\/wp-content\/uploads\/2023\/11\/Den-am-dat-ngoai-that-LYK-2.jpg\" alt=\"\" width=\"1500\" height=\"1029\" srcset=\"https:\/\/lyk-lighting.com\/wp-content\/uploads\/2023\/11\/Den-am-dat-ngoai-that-LYK-2.jpg 1500w, https:\/\/lyk-lighting.com\/wp-content\/uploads\/2023\/11\/Den-am-dat-ngoai-that-LYK-2-300x206.jpg 300w, https:\/\/lyk-lighting.com\/wp-content\/uploads\/2023\/11\/Den-am-dat-ngoai-that-LYK-2-1024x702.jpg 1024w, https:\/\/lyk-lighting.com\/wp-content\/uploads\/2023\/11\/Den-am-dat-ngoai-that-LYK-2-768x527.jpg 768w, https:\/\/lyk-lighting.com\/wp-content\/uploads\/2023\/11\/Den-am-dat-ngoai-that-LYK-2-600x412.jpg 600w\" sizes=\"(max-width: 1500px) 100vw, 1500px\" \/> <img decoding=\"async\" class=\"alignnone wp-image-5137 size-full\" src=\"http:\/\/lyk-lighting.com\/wp-content\/uploads\/2023\/11\/Den-am-dat-ngoai-that-LYK-3.jpg\" alt=\"\" width=\"1004\" height=\"776\" srcset=\"https:\/\/lyk-lighting.com\/wp-content\/uploads\/2023\/11\/Den-am-dat-ngoai-that-LYK-3.jpg 1004w, https:\/\/lyk-lighting.com\/wp-content\/uploads\/2023\/11\/Den-am-dat-ngoai-that-LYK-3-300x232.jpg 300w, https:\/\/lyk-lighting.com\/wp-content\/uploads\/2023\/11\/Den-am-dat-ngoai-that-LYK-3-768x594.jpg 768w, https:\/\/lyk-lighting.com\/wp-content\/uploads\/2023\/11\/Den-am-dat-ngoai-that-LYK-3-600x464.jpg 600w\" sizes=\"(max-width: 1004px) 100vw, 1004px\" \/> <img loading=\"lazy\" decoding=\"async\" class=\"alignnone size-full wp-image-5138\" src=\"http:\/\/lyk-lighting.com\/wp-content\/uploads\/2023\/11\/Den-am-dat-ngoai-that-LYK-4.jpg\" alt=\"\" width=\"1204\" height=\"1658\" srcset=\"https:\/\/lyk-lighting.com\/wp-content\/uploads\/2023\/11\/Den-am-dat-ngoai-that-LYK-4.jpg 1204w, https:\/\/lyk-lighting.com\/wp-content\/uploads\/2023\/11\/Den-am-dat-ngoai-that-LYK-4-218x300.jpg 218w, https:\/\/lyk-lighting.com\/wp-content\/uploads\/2023\/11\/Den-am-dat-ngoai-that-LYK-4-744x1024.jpg 744w, https:\/\/lyk-lighting.com\/wp-content\/uploads\/2023\/11\/Den-am-dat-ngoai-that-LYK-4-768x1058.jpg 768w, https:\/\/lyk-lighting.com\/wp-content\/uploads\/2023\/11\/Den-am-dat-ngoai-that-LYK-4-1115x1536.jpg 1115w, https:\/\/lyk-lighting.com\/wp-content\/uploads\/2023\/11\/Den-am-dat-ngoai-that-LYK-4-600x826.jpg 600w\" sizes=\"(max-width: 1204px) 100vw, 1204px\" \/><\/p>\n<h3>H\u01b0\u1edbng d\u1eabn l\u1eafp \u0111\u1eb7t \u0111\u00e8n \u00e2m \u0111\u1ea5t ODL028-IN12<\/h3>\n<p><img loading=\"lazy\" decoding=\"async\" class=\"alignnone size-full wp-image-5151\" src=\"http:\/\/lyk-lighting.com\/wp-content\/uploads\/2023\/11\/Huong-dan-lap-dat-ODL028-IN12-ODL029-IN12-ODL030-IN12.jpg\" alt=\"\" width=\"1920\" height=\"1256\" srcset=\"https:\/\/lyk-lighting.com\/wp-content\/uploads\/2023\/11\/Huong-dan-lap-dat-ODL028-IN12-ODL029-IN12-ODL030-IN12.jpg 1920w, https:\/\/lyk-lighting.com\/wp-content\/uploads\/2023\/11\/Huong-dan-lap-dat-ODL028-IN12-ODL029-IN12-ODL030-IN12-300x196.jpg 300w, https:\/\/lyk-lighting.com\/wp-content\/uploads\/2023\/11\/Huong-dan-lap-dat-ODL028-IN12-ODL029-IN12-ODL030-IN12-1024x670.jpg 1024w, https:\/\/lyk-lighting.com\/wp-content\/uploads\/2023\/11\/Huong-dan-lap-dat-ODL028-IN12-ODL029-IN12-ODL030-IN12-768x502.jpg 768w, https:\/\/lyk-lighting.com\/wp-content\/uploads\/2023\/11\/Huong-dan-lap-dat-ODL028-IN12-ODL029-IN12-ODL030-IN12-1536x1005.jpg 1536w, https:\/\/lyk-lighting.com\/wp-content\/uploads\/2023\/11\/Huong-dan-lap-dat-ODL028-IN12-ODL029-IN12-ODL030-IN12-600x393.jpg 600w\" sizes=\"(max-width: 1920px) 100vw, 1920px\" \/><\/p>\n","protected":false},"excerpt":{"rendered":"<p>Explore the delicate light space with Inground Light ODL028-IN12.<\/p>\n<p>With CREE COB 1304 technology, 6W power, and 3000K color temperature, this light is the perfect blend of design and performance. The aluminum and stainless steel materials, along with the IP67 protection level, ensure durability and good water resistance. The modern design creates a subtle accent for your outdoor space with this Inground Light.<\/p>\n","protected":false},"featured_media":8688,"template":"","meta":[],"product_cat":[186],"product_tag":[],"class_list":{"0":"post-10848","1":"product","2":"type-product","3":"status-publish","4":"has-post-thumbnail","6":"product_cat-inground-light","8":"first","9":"instock","10":"shipping-taxable","11":"product-type-simple"},"_links":{"self":[{"href":"https:\/\/lyk-lighting.com\/en\/wp-json\/wp\/v2\/product\/10848","targetHints":{"allow":["GET"]}}],"collection":[{"href":"https:\/\/lyk-lighting.com\/en\/wp-json\/wp\/v2\/product"}],"about":[{"href":"https:\/\/lyk-lighting.com\/en\/wp-json\/wp\/v2\/types\/product"}],"version-history":[{"count":0,"href":"https:\/\/lyk-lighting.com\/en\/wp-json\/wp\/v2\/product\/10848\/revisions"}],"wp:featuredmedia":[{"embeddable":true,"href":"https:\/\/lyk-lighting.com\/en\/wp-json\/wp\/v2\/media\/8688"}],"wp:attachment":[{"href":"https:\/\/lyk-lighting.com\/en\/wp-json\/wp\/v2\/media?parent=10848"}],"wp:term":[{"taxonomy":"product_cat","embeddable":true,"href":"https:\/\/lyk-lighting.com\/en\/wp-json\/wp\/v2\/product_cat?post=10848"},{"taxonomy":"product_tag","embeddable":true,"href":"https:\/\/lyk-lighting.com\/en\/wp-json\/wp\/v2\/product_tag?post=10848"}],"curies":[{"name":"wp","href":"https:\/\/api.w.org\/{rel}","templated":true}]}}