{"id":10851,"date":"2023-11-10T14:23:42","date_gmt":"2023-11-10T07:23:42","guid":{"rendered":"http:\/\/lyk-lighting.com\/san-pham\/inground-light-odl029\/"},"modified":"2023-11-10T14:23:42","modified_gmt":"2023-11-10T07:23:42","slug":"inground-light-odl029","status":"publish","type":"product","link":"https:\/\/lyk-lighting.com\/en\/san-pham\/inground-light-odl029\/","title":{"rendered":"Inground Light ODL029"},"content":{"rendered":"<h3 style=\"text-align: left\">Specification Inground Light ODL029<\/h3>\n<p>Item No.: ODL029<br \/>\nLamp Type: CREE COB 1507<br \/>\nWatt: 1x9W<br \/>\nCCT.: 3000K<br \/>\nLumens: 800 lm<br \/>\nBeam Angel: 38degree<br \/>\nMaterial: Pure aluminium, stainless steel<br \/>\nFinishing: stainless steel<br \/>\nLamp Size: D120 H125MM<br \/>\nIP Rating: IP67<br \/>\nInstallation: please refer to Manual<\/p>\n<p>&nbsp;<\/p>\n<p><img fetchpriority=\"high\" decoding=\"async\" class=\"alignnone size-full wp-image-5135\" src=\"http:\/\/lyk-lighting.com\/wp-content\/uploads\/2023\/11\/Den-am-dat-ngoai-that-LYK-1.jpg\" alt=\"\" width=\"1102\" height=\"1416\" srcset=\"https:\/\/lyk-lighting.com\/wp-content\/uploads\/2023\/11\/Den-am-dat-ngoai-that-LYK-1.jpg 1102w, https:\/\/lyk-lighting.com\/wp-content\/uploads\/2023\/11\/Den-am-dat-ngoai-that-LYK-1-233x300.jpg 233w, https:\/\/lyk-lighting.com\/wp-content\/uploads\/2023\/11\/Den-am-dat-ngoai-that-LYK-1-797x1024.jpg 797w, https:\/\/lyk-lighting.com\/wp-content\/uploads\/2023\/11\/Den-am-dat-ngoai-that-LYK-1-768x987.jpg 768w, https:\/\/lyk-lighting.com\/wp-content\/uploads\/2023\/11\/Den-am-dat-ngoai-that-LYK-1-600x771.jpg 600w\" sizes=\"(max-width: 1102px) 100vw, 1102px\" \/> <img decoding=\"async\" class=\"alignnone size-full wp-image-5136\" src=\"http:\/\/lyk-lighting.com\/wp-content\/uploads\/2023\/11\/Den-am-dat-ngoai-that-LYK-2.jpg\" alt=\"\" width=\"1500\" height=\"1029\" srcset=\"https:\/\/lyk-lighting.com\/wp-content\/uploads\/2023\/11\/Den-am-dat-ngoai-that-LYK-2.jpg 1500w, https:\/\/lyk-lighting.com\/wp-content\/uploads\/2023\/11\/Den-am-dat-ngoai-that-LYK-2-300x206.jpg 300w, https:\/\/lyk-lighting.com\/wp-content\/uploads\/2023\/11\/Den-am-dat-ngoai-that-LYK-2-1024x702.jpg 1024w, https:\/\/lyk-lighting.com\/wp-content\/uploads\/2023\/11\/Den-am-dat-ngoai-that-LYK-2-768x527.jpg 768w, https:\/\/lyk-lighting.com\/wp-content\/uploads\/2023\/11\/Den-am-dat-ngoai-that-LYK-2-600x412.jpg 600w\" sizes=\"(max-width: 1500px) 100vw, 1500px\" \/> <img decoding=\"async\" class=\"alignnone wp-image-5137 size-full\" src=\"http:\/\/lyk-lighting.com\/wp-content\/uploads\/2023\/11\/Den-am-dat-ngoai-that-LYK-3.jpg\" alt=\"\" width=\"1004\" height=\"776\" srcset=\"https:\/\/lyk-lighting.com\/wp-content\/uploads\/2023\/11\/Den-am-dat-ngoai-that-LYK-3.jpg 1004w, https:\/\/lyk-lighting.com\/wp-content\/uploads\/2023\/11\/Den-am-dat-ngoai-that-LYK-3-300x232.jpg 300w, https:\/\/lyk-lighting.com\/wp-content\/uploads\/2023\/11\/Den-am-dat-ngoai-that-LYK-3-768x594.jpg 768w, https:\/\/lyk-lighting.com\/wp-content\/uploads\/2023\/11\/Den-am-dat-ngoai-that-LYK-3-600x464.jpg 600w\" sizes=\"(max-width: 1004px) 100vw, 1004px\" \/> <img loading=\"lazy\" decoding=\"async\" class=\"alignnone size-full wp-image-5138\" src=\"http:\/\/lyk-lighting.com\/wp-content\/uploads\/2023\/11\/Den-am-dat-ngoai-that-LYK-4.jpg\" alt=\"\" width=\"1204\" height=\"1658\" srcset=\"https:\/\/lyk-lighting.com\/wp-content\/uploads\/2023\/11\/Den-am-dat-ngoai-that-LYK-4.jpg 1204w, https:\/\/lyk-lighting.com\/wp-content\/uploads\/2023\/11\/Den-am-dat-ngoai-that-LYK-4-218x300.jpg 218w, https:\/\/lyk-lighting.com\/wp-content\/uploads\/2023\/11\/Den-am-dat-ngoai-that-LYK-4-744x1024.jpg 744w, https:\/\/lyk-lighting.com\/wp-content\/uploads\/2023\/11\/Den-am-dat-ngoai-that-LYK-4-768x1058.jpg 768w, https:\/\/lyk-lighting.com\/wp-content\/uploads\/2023\/11\/Den-am-dat-ngoai-that-LYK-4-1115x1536.jpg 1115w, https:\/\/lyk-lighting.com\/wp-content\/uploads\/2023\/11\/Den-am-dat-ngoai-that-LYK-4-600x826.jpg 600w\" sizes=\"(max-width: 1204px) 100vw, 1204px\" \/><\/p>\n<h3>H\u01b0\u1edbng d\u1eabn l\u1eafp \u0111\u1eb7t \u0111\u00e8n \u00e2m \u0111\u1ea5t ODL029<\/h3>\n<p><img loading=\"lazy\" decoding=\"async\" class=\"alignnone size-full wp-image-5147\" src=\"http:\/\/lyk-lighting.com\/wp-content\/uploads\/2023\/11\/Huong-dan-lap-dat-ODL028-ODL029-ODL030.jpg\" alt=\"\" width=\"1920\" height=\"1238\" srcset=\"https:\/\/lyk-lighting.com\/wp-content\/uploads\/2023\/11\/Huong-dan-lap-dat-ODL028-ODL029-ODL030.jpg 1920w, https:\/\/lyk-lighting.com\/wp-content\/uploads\/2023\/11\/Huong-dan-lap-dat-ODL028-ODL029-ODL030-300x193.jpg 300w, https:\/\/lyk-lighting.com\/wp-content\/uploads\/2023\/11\/Huong-dan-lap-dat-ODL028-ODL029-ODL030-1024x660.jpg 1024w, https:\/\/lyk-lighting.com\/wp-content\/uploads\/2023\/11\/Huong-dan-lap-dat-ODL028-ODL029-ODL030-768x495.jpg 768w, https:\/\/lyk-lighting.com\/wp-content\/uploads\/2023\/11\/Huong-dan-lap-dat-ODL028-ODL029-ODL030-1536x990.jpg 1536w, https:\/\/lyk-lighting.com\/wp-content\/uploads\/2023\/11\/Huong-dan-lap-dat-ODL028-ODL029-ODL030-600x387.jpg 600w\" sizes=\"(max-width: 1920px) 100vw, 1920px\" \/><\/p>\n","protected":false},"excerpt":{"rendered":"<p>A touch of luxury for your outdoor space<\/p>\n<p>Inground Light ODL029 has a cylindrical design with a transparent tempered glass lens, which helps to diffuse the light evenly and beautifully. The light comes in a variety of light colors to suit a variety of design styles.<\/p>\n<p>Inground Light ODL029 is a high-end LED recessed light that is suitable for customers who appreciate luxury and sophistication. With its outstanding advantages such as: Energy saving; Long lifespan; Ability to withstand harsh weather conditions; Suitable for a variety of spaces; &#8230;<\/p>\n<p>Inground Light ODL029\u00a0is the perfect choice for your outdoor space.<\/p>\n<p><strong>o\u1ea1i th\u1ea5t<\/strong><\/p>\n<p>\u0110\u00e8n \u00e2m \u0111\u1ea5t ODL029 c\u00f3 thi\u1ebft k\u1ebf h\u00ecnh tr\u1ee5 tr\u00f2n, v\u1edbi m\u1eb7t k\u00ednh c\u01b0\u1eddng l\u1ef1c trong su\u1ed1t, gi\u00fap \u00e1nh s\u00e1ng ph\u00e1t ra \u0111\u01b0\u1ee3c lan t\u1ecfa \u0111\u1ec1u v\u00e0 \u0111\u1eb9p m\u1eaft. \u0110\u00e8n c\u00f3 nhi\u1ec1u m\u00e0u s\u1eafc \u00e1nh s\u00e1ng kh\u00e1c nhau, ph\u00f9 h\u1ee3p v\u1edbi nhi\u1ec1u phong c\u00e1ch thi\u1ebft k\u1ebf kh\u00e1c nhau.<\/p>\n<p>\u0110\u00e8n \u00e2m \u0111\u1ea5t ODL029 l\u00e0 s\u1ea3n ph\u1ea9m \u0111\u00e8n \u00e2m \u0111\u1ea5t Led cao c\u1ea5p, ph\u00f9 h\u1ee3p v\u1edbi nh\u1eefng kh\u00e1ch h\u00e0ng y\u00eau th\u00edch s\u1ef1 sang tr\u1ecdng v\u00e0 \u0111\u1eb3ng c\u1ea5p. V\u1edbi nh\u1eefng \u01b0u \u0111i\u1ec3m v\u01b0\u1ee3t tr\u1ed9i nh\u01b0: Ti\u1ebft ki\u1ec7m n\u0103ng l\u01b0\u1ee3ng; Tu\u1ed5i th\u1ecd cao; Kh\u1ea3 n\u0103ng ch\u1ed1ng ch\u1ecbu th\u1eddi ti\u1ebft kh\u1eafc nghi\u1ec7t; Th\u00edch h\u1ee3p cho nhi\u1ec1u kh\u00f4ng gian;&#8230;<br \/>\n\u0111\u00e8n \u00e2m \u0111\u1ea5t ODL029 l\u00e0 l\u1ef1a ch\u1ecdn ho\u00e0n h\u1ea3o cho kh\u00f4ng gian ngo\u1ea1i th\u1ea5t c\u1ee7a b\u1ea1n.<\/p>\n","protected":false},"featured_media":8689,"template":"","meta":[],"product_cat":[186],"product_tag":[],"class_list":{"0":"post-10851","1":"product","2":"type-product","3":"status-publish","4":"has-post-thumbnail","6":"product_cat-inground-light","8":"first","9":"instock","10":"shipping-taxable","11":"product-type-simple"},"_links":{"self":[{"href":"https:\/\/lyk-lighting.com\/en\/wp-json\/wp\/v2\/product\/10851","targetHints":{"allow":["GET"]}}],"collection":[{"href":"https:\/\/lyk-lighting.com\/en\/wp-json\/wp\/v2\/product"}],"about":[{"href":"https:\/\/lyk-lighting.com\/en\/wp-json\/wp\/v2\/types\/product"}],"version-history":[{"count":0,"href":"https:\/\/lyk-lighting.com\/en\/wp-json\/wp\/v2\/product\/10851\/revisions"}],"wp:featuredmedia":[{"embeddable":true,"href":"https:\/\/lyk-lighting.com\/en\/wp-json\/wp\/v2\/media\/8689"}],"wp:attachment":[{"href":"https:\/\/lyk-lighting.com\/en\/wp-json\/wp\/v2\/media?parent=10851"}],"wp:term":[{"taxonomy":"product_cat","embeddable":true,"href":"https:\/\/lyk-lighting.com\/en\/wp-json\/wp\/v2\/product_cat?post=10851"},{"taxonomy":"product_tag","embeddable":true,"href":"https:\/\/lyk-lighting.com\/en\/wp-json\/wp\/v2\/product_tag?post=10851"}],"curies":[{"name":"wp","href":"https:\/\/api.w.org\/{rel}","templated":true}]}}