{"id":10858,"date":"2023-11-10T11:40:13","date_gmt":"2023-11-10T04:40:13","guid":{"rendered":"http:\/\/lyk-lighting.com\/san-pham\/inground-light-odl020\/"},"modified":"2023-11-10T11:40:13","modified_gmt":"2023-11-10T04:40:13","slug":"inground-light-odl020","status":"publish","type":"product","link":"https:\/\/lyk-lighting.com\/en\/san-pham\/inground-light-odl020\/","title":{"rendered":"Inground Light ODL020"},"content":{"rendered":"<h3 style=\"text-align: left\">Specification Inground Light ODL020<\/h3>\n<p>Item No.: ODL020<br \/>\nLamp Type: CREE XPE<br \/>\nWatt: 1x1W<br \/>\nCCT.: 3000K<br \/>\nLumens: 70 lm<br \/>\nBeam Angel: 30degree<br \/>\nMaterial: brass, stainless steel<br \/>\nFinishing: stainless steel<br \/>\nLamp Size: D38H46.5MM<br \/>\nIP Rating: IP67<br \/>\nInstallation: please refer to Manual<\/p>\n<p><img fetchpriority=\"high\" decoding=\"async\" class=\"alignnone size-full wp-image-5135\" src=\"http:\/\/lyk-lighting.com\/wp-content\/uploads\/2023\/11\/Den-am-dat-ngoai-that-LYK-1.jpg\" alt=\"\" width=\"1102\" height=\"1416\" srcset=\"https:\/\/lyk-lighting.com\/wp-content\/uploads\/2023\/11\/Den-am-dat-ngoai-that-LYK-1.jpg 1102w, https:\/\/lyk-lighting.com\/wp-content\/uploads\/2023\/11\/Den-am-dat-ngoai-that-LYK-1-233x300.jpg 233w, https:\/\/lyk-lighting.com\/wp-content\/uploads\/2023\/11\/Den-am-dat-ngoai-that-LYK-1-797x1024.jpg 797w, https:\/\/lyk-lighting.com\/wp-content\/uploads\/2023\/11\/Den-am-dat-ngoai-that-LYK-1-768x987.jpg 768w, https:\/\/lyk-lighting.com\/wp-content\/uploads\/2023\/11\/Den-am-dat-ngoai-that-LYK-1-600x771.jpg 600w\" sizes=\"(max-width: 1102px) 100vw, 1102px\" \/> <img decoding=\"async\" class=\"alignnone size-full wp-image-5136\" src=\"http:\/\/lyk-lighting.com\/wp-content\/uploads\/2023\/11\/Den-am-dat-ngoai-that-LYK-2.jpg\" alt=\"\" width=\"1500\" height=\"1029\" srcset=\"https:\/\/lyk-lighting.com\/wp-content\/uploads\/2023\/11\/Den-am-dat-ngoai-that-LYK-2.jpg 1500w, https:\/\/lyk-lighting.com\/wp-content\/uploads\/2023\/11\/Den-am-dat-ngoai-that-LYK-2-300x206.jpg 300w, https:\/\/lyk-lighting.com\/wp-content\/uploads\/2023\/11\/Den-am-dat-ngoai-that-LYK-2-1024x702.jpg 1024w, https:\/\/lyk-lighting.com\/wp-content\/uploads\/2023\/11\/Den-am-dat-ngoai-that-LYK-2-768x527.jpg 768w, https:\/\/lyk-lighting.com\/wp-content\/uploads\/2023\/11\/Den-am-dat-ngoai-that-LYK-2-600x412.jpg 600w\" sizes=\"(max-width: 1500px) 100vw, 1500px\" \/> <img decoding=\"async\" class=\"alignnone wp-image-5137 size-full\" src=\"http:\/\/lyk-lighting.com\/wp-content\/uploads\/2023\/11\/Den-am-dat-ngoai-that-LYK-3.jpg\" alt=\"\" width=\"1004\" height=\"776\" srcset=\"https:\/\/lyk-lighting.com\/wp-content\/uploads\/2023\/11\/Den-am-dat-ngoai-that-LYK-3.jpg 1004w, https:\/\/lyk-lighting.com\/wp-content\/uploads\/2023\/11\/Den-am-dat-ngoai-that-LYK-3-300x232.jpg 300w, https:\/\/lyk-lighting.com\/wp-content\/uploads\/2023\/11\/Den-am-dat-ngoai-that-LYK-3-768x594.jpg 768w, https:\/\/lyk-lighting.com\/wp-content\/uploads\/2023\/11\/Den-am-dat-ngoai-that-LYK-3-600x464.jpg 600w\" sizes=\"(max-width: 1004px) 100vw, 1004px\" \/> <img loading=\"lazy\" decoding=\"async\" class=\"alignnone size-full wp-image-5138\" src=\"http:\/\/lyk-lighting.com\/wp-content\/uploads\/2023\/11\/Den-am-dat-ngoai-that-LYK-4.jpg\" alt=\"\" width=\"1204\" height=\"1658\" srcset=\"https:\/\/lyk-lighting.com\/wp-content\/uploads\/2023\/11\/Den-am-dat-ngoai-that-LYK-4.jpg 1204w, https:\/\/lyk-lighting.com\/wp-content\/uploads\/2023\/11\/Den-am-dat-ngoai-that-LYK-4-218x300.jpg 218w, https:\/\/lyk-lighting.com\/wp-content\/uploads\/2023\/11\/Den-am-dat-ngoai-that-LYK-4-744x1024.jpg 744w, https:\/\/lyk-lighting.com\/wp-content\/uploads\/2023\/11\/Den-am-dat-ngoai-that-LYK-4-768x1058.jpg 768w, https:\/\/lyk-lighting.com\/wp-content\/uploads\/2023\/11\/Den-am-dat-ngoai-that-LYK-4-1115x1536.jpg 1115w, https:\/\/lyk-lighting.com\/wp-content\/uploads\/2023\/11\/Den-am-dat-ngoai-that-LYK-4-600x826.jpg 600w\" sizes=\"(max-width: 1204px) 100vw, 1204px\" \/><\/p>\n<h3>H\u01b0\u1edbng d\u1eabn l\u1eafp \u0111\u1eb7t \u0111\u00e8n \u00e2m \u0111\u1ea5t ODL020<\/h3>\n<p><img loading=\"lazy\" decoding=\"async\" class=\"alignnone size-full wp-image-5134\" src=\"http:\/\/lyk-lighting.com\/wp-content\/uploads\/2023\/11\/Huong-dan-lap-dat-ODL020-ODL024-ODL001.jpg\" alt=\"\" width=\"1920\" height=\"1025\" srcset=\"https:\/\/lyk-lighting.com\/wp-content\/uploads\/2023\/11\/Huong-dan-lap-dat-ODL020-ODL024-ODL001.jpg 1920w, https:\/\/lyk-lighting.com\/wp-content\/uploads\/2023\/11\/Huong-dan-lap-dat-ODL020-ODL024-ODL001-300x160.jpg 300w, https:\/\/lyk-lighting.com\/wp-content\/uploads\/2023\/11\/Huong-dan-lap-dat-ODL020-ODL024-ODL001-1024x547.jpg 1024w, https:\/\/lyk-lighting.com\/wp-content\/uploads\/2023\/11\/Huong-dan-lap-dat-ODL020-ODL024-ODL001-768x410.jpg 768w, https:\/\/lyk-lighting.com\/wp-content\/uploads\/2023\/11\/Huong-dan-lap-dat-ODL020-ODL024-ODL001-1536x820.jpg 1536w, https:\/\/lyk-lighting.com\/wp-content\/uploads\/2023\/11\/Huong-dan-lap-dat-ODL020-ODL024-ODL001-600x320.jpg 600w\" sizes=\"(max-width: 1920px) 100vw, 1920px\" \/><\/p>\n<p><img loading=\"lazy\" decoding=\"async\" class=\"alignnone size-full wp-image-5133\" src=\"http:\/\/lyk-lighting.com\/wp-content\/uploads\/2023\/11\/Huong-dan-lap-dat-ODL020.jpg\" alt=\"\" width=\"1920\" height=\"1025\" srcset=\"https:\/\/lyk-lighting.com\/wp-content\/uploads\/2023\/11\/Huong-dan-lap-dat-ODL020.jpg 1920w, https:\/\/lyk-lighting.com\/wp-content\/uploads\/2023\/11\/Huong-dan-lap-dat-ODL020-300x160.jpg 300w, https:\/\/lyk-lighting.com\/wp-content\/uploads\/2023\/11\/Huong-dan-lap-dat-ODL020-1024x547.jpg 1024w, https:\/\/lyk-lighting.com\/wp-content\/uploads\/2023\/11\/Huong-dan-lap-dat-ODL020-768x410.jpg 768w, https:\/\/lyk-lighting.com\/wp-content\/uploads\/2023\/11\/Huong-dan-lap-dat-ODL020-1536x820.jpg 1536w, https:\/\/lyk-lighting.com\/wp-content\/uploads\/2023\/11\/Huong-dan-lap-dat-ODL020-600x320.jpg 600w\" sizes=\"(max-width: 1920px) 100vw, 1920px\" \/><\/p>\n","protected":false},"excerpt":{"rendered":"<p>Inground Light ODL020t is a high-quality LED inground light that is designed with a modern, elegant style, making it suitable for a variety of different outdoor spaces.<\/p>\n<ul>\n<li data-sourcepos=\"11:1-11:178\"><strong>Energy efficiency:<\/strong>\u00a0The light uses high-quality LED chips, which can save up to 80% of energy compared to traditional lights. This helps to save electricity costs for users.<\/li>\n<li data-sourcepos=\"12:1-12:185\"><strong>Long lifespan:<\/strong>\u00a0The light has a lifespan of up to 50,000 hours, which is 10 times longer than traditional lights. This helps to reduce maintenance and replacement costs for lights.<\/li>\n<li data-sourcepos=\"13:1-13:238\"><strong>Aesthetics:<\/strong>\u00a0The light is designed with a modern, elegant style that is suitable for a variety of design styles. The light comes in a variety of light colors, which can help to create an impressive lighting effect for outdoor spaces.<\/li>\n<li data-sourcepos=\"14:1-15:0\"><strong>Weatherproof capabilities:<\/strong>\u00a0The light is made from high-quality materials that are weatherproof, making it suitable for a variety of different weather conditions. The light has an IP67 protection rating, which helps to protect it from water, dust, and the effects of weather.<\/li>\n<\/ul>\n","protected":false},"featured_media":8682,"template":"","meta":[],"product_cat":[186],"product_tag":[],"class_list":{"0":"post-10858","1":"product","2":"type-product","3":"status-publish","4":"has-post-thumbnail","6":"product_cat-inground-light","8":"first","9":"instock","10":"shipping-taxable","11":"product-type-simple"},"_links":{"self":[{"href":"https:\/\/lyk-lighting.com\/en\/wp-json\/wp\/v2\/product\/10858","targetHints":{"allow":["GET"]}}],"collection":[{"href":"https:\/\/lyk-lighting.com\/en\/wp-json\/wp\/v2\/product"}],"about":[{"href":"https:\/\/lyk-lighting.com\/en\/wp-json\/wp\/v2\/types\/product"}],"version-history":[{"count":0,"href":"https:\/\/lyk-lighting.com\/en\/wp-json\/wp\/v2\/product\/10858\/revisions"}],"wp:featuredmedia":[{"embeddable":true,"href":"https:\/\/lyk-lighting.com\/en\/wp-json\/wp\/v2\/media\/8682"}],"wp:attachment":[{"href":"https:\/\/lyk-lighting.com\/en\/wp-json\/wp\/v2\/media?parent=10858"}],"wp:term":[{"taxonomy":"product_cat","embeddable":true,"href":"https:\/\/lyk-lighting.com\/en\/wp-json\/wp\/v2\/product_cat?post=10858"},{"taxonomy":"product_tag","embeddable":true,"href":"https:\/\/lyk-lighting.com\/en\/wp-json\/wp\/v2\/product_tag?post=10858"}],"curies":[{"name":"wp","href":"https:\/\/api.w.org\/{rel}","templated":true}]}}