{"id":11020,"date":"2023-10-19T15:09:34","date_gmt":"2023-10-19T08:09:34","guid":{"rendered":"http:\/\/lyk-lighting.com\/san-pham\/360-degree-shaped-decorative-led-light\/"},"modified":"2024-01-11T12:05:45","modified_gmt":"2024-01-11T05:05:45","slug":"360-degree-shaped-decorative-led-light","status":"publish","type":"product","link":"https:\/\/lyk-lighting.com\/en\/san-pham\/360-degree-shaped-decorative-led-light\/","title":{"rendered":"360-Degree Shaped Decorative LED Light"},"content":{"rendered":"<p><strong>360-Degree Shaped Decorative LED Light<\/strong><\/p>\n<p>Decorative 360-Degree Shaped LED lights can be installed in various locations and surfaces to create circular light lines, serving as focal points or avoiding monotony in architecture. With an IP66 waterproof rating, the product can be installed outdoors in locations that are not prone to water accumulation. The light produced by the 360-degree decorative LED lights comes from LEDs through enhanced brightness lenses, ensuring no harm to the illuminated materials, similar to laser beams.<\/p>\n<p><img decoding=\"async\" src=\"http:\/\/lyk-lighting.com\/wp-content\/uploads\/2023\/10\/454832_LightExpo_trick-lama-360_4.jpg\" alt=\"\u0110\u00e8n led trang tr\u00ed t\u1ea1o h\u00ecnh 360 \u0111\u1ed9\" \/><\/p>\n<p>360-Degree Shaped Decorative LED Light<img decoding=\"async\" src=\"http:\/\/lyk-lighting.com\/wp-content\/uploads\/2023\/10\/4910-11145951.jpg\" alt=\"\u0110\u00e8n led trang tr\u00ed t\u1ea1o h\u00ecnh 360 \u0111\u1ed9\" \/>360-Degree Shaped Decorative LED Light<img decoding=\"async\" src=\"http:\/\/lyk-lighting.com\/wp-content\/uploads\/2023\/10\/Den-led-trang-tri-tao-hinh-360-do-7.jpg\" \/><img decoding=\"async\" src=\"http:\/\/lyk-lighting.com\/wp-content\/uploads\/2023\/10\/Den-led-trang-tri-tao-hinh-360-do-5.jpg\" \/><\/p>\n","protected":false},"excerpt":{"rendered":"<p>360-Degree Shaped Decorative LED lights are a unique type of interior and exterior decorative lights with lenses that help focus light to form a frame around surrounding objects. The lights create decorative light edges for architectural elements such as windows, wall frames, and recesses.<\/p>\n","protected":false},"featured_media":8217,"template":"","meta":[],"product_cat":[202],"product_tag":[],"class_list":{"0":"post-11020","1":"product","2":"type-product","3":"status-publish","4":"has-post-thumbnail","6":"product_cat-step-light","8":"first","9":"instock","10":"shipping-taxable","11":"product-type-simple"},"_links":{"self":[{"href":"https:\/\/lyk-lighting.com\/en\/wp-json\/wp\/v2\/product\/11020","targetHints":{"allow":["GET"]}}],"collection":[{"href":"https:\/\/lyk-lighting.com\/en\/wp-json\/wp\/v2\/product"}],"about":[{"href":"https:\/\/lyk-lighting.com\/en\/wp-json\/wp\/v2\/types\/product"}],"version-history":[{"count":0,"href":"https:\/\/lyk-lighting.com\/en\/wp-json\/wp\/v2\/product\/11020\/revisions"}],"wp:featuredmedia":[{"embeddable":true,"href":"https:\/\/lyk-lighting.com\/en\/wp-json\/wp\/v2\/media\/8217"}],"wp:attachment":[{"href":"https:\/\/lyk-lighting.com\/en\/wp-json\/wp\/v2\/media?parent=11020"}],"wp:term":[{"taxonomy":"product_cat","embeddable":true,"href":"https:\/\/lyk-lighting.com\/en\/wp-json\/wp\/v2\/product_cat?post=11020"},{"taxonomy":"product_tag","embeddable":true,"href":"https:\/\/lyk-lighting.com\/en\/wp-json\/wp\/v2\/product_tag?post=11020"}],"curies":[{"name":"wp","href":"https:\/\/api.w.org\/{rel}","templated":true}]}}