{"id":12099,"date":"2024-04-15T16:59:45","date_gmt":"2024-04-15T09:59:45","guid":{"rendered":"http:\/\/lyk-lighting.com\/?post_type=product&#038;p=12099"},"modified":"2024-04-23T10:45:25","modified_gmt":"2024-04-23T03:45:25","slug":"den-chieu-tranh-kf69689-dtda","status":"publish","type":"product","link":"https:\/\/lyk-lighting.com\/en\/san-pham\/den-chieu-tranh-kf69689-dtda\/","title":{"rendered":"\u0110\u00e8n chi\u1ebfu tranh KF69689-DTD"},"content":{"rendered":"<p><img fetchpriority=\"high\" decoding=\"async\" class=\"alignnone wp-image-12113 size-full\" src=\"http:\/\/lyk-lighting.com\/wp-content\/uploads\/2024\/04\/16735081763747.jpg\" alt=\"\" width=\"1920\" height=\"628\" srcset=\"https:\/\/lyk-lighting.com\/wp-content\/uploads\/2024\/04\/16735081763747.jpg 1920w, https:\/\/lyk-lighting.com\/wp-content\/uploads\/2024\/04\/16735081763747-300x98.jpg 300w, https:\/\/lyk-lighting.com\/wp-content\/uploads\/2024\/04\/16735081763747-1024x335.jpg 1024w, https:\/\/lyk-lighting.com\/wp-content\/uploads\/2024\/04\/16735081763747-768x251.jpg 768w, https:\/\/lyk-lighting.com\/wp-content\/uploads\/2024\/04\/16735081763747-1536x502.jpg 1536w, https:\/\/lyk-lighting.com\/wp-content\/uploads\/2024\/04\/16735081763747-600x196.jpg 600w\" sizes=\"(max-width: 1920px) 100vw, 1920px\" \/><\/p>\n<h3>Th\u00f4ng s\u1ed1 k\u1ef9 thu\u1eadt \u0111\u00e8n chi\u1ebfu tranh KF69689-DTD<\/h3>\n<p>Model: KF69689-DTD<br \/>\nC\u00f4ng su\u1ea5t: 10W<br \/>\n\u0110\u1ed9 r\u1ecdi: 200-250lm<br \/>\nHo\u00e0n thi\u1ec7n: S\u01a1n \u0110en \/ \u00a0Tr\u1eafng<br \/>\nNgu\u1ed3n s\u00e1ng chip LED Bridgelux V4HD<br \/>\nCh\u1ec9 s\u1ed1 ho\u00e0n m\u00e0u: CRI &gt;=96<br \/>\nM\u00e0u s\u1eafc \u00e1nh s\u00e1ng: Trung t\u00ednh 4000K<br \/>\nG\u00f3c chi\u1ebfu Zoom 24\u00b0 -32\u00b0\/ \u0110i\u1ec1u ch\u1ec9nh khung chi\u1ebfu\/ ch\u1ec9nh n\u00e9t, l\u00e0m m\u1edd khung chi\u1ebfu<br \/>\nCh\u1ebf \u0111\u1ed9 Dimmable: N\u00fam v\u1eb7n th\u00e2n \u0111\u00e8n \u0111i\u1ec1u ch\u1ec9nh Dim 0-10VK\u00edch th\u01b0\u1edbc: \u03a645 x 155mm<br \/>\nTr\u1ecdng l\u01b0\u1ee3ng: 0.8Kg<br \/>\n\u0110i\u1ec7n \u00e1p v\u00e0o: AC-200-240V<br \/>\nTh\u00e2n v\u1ecf: h\u1ee3p kim nh\u00f4m s\u01a1n t\u0129nh \u0111i\u1ec7n m\u00e0u tr\u1eafng<br \/>\nL\u1eafp \u0111\u1eb7t: ray 3 c\u1ef1c (T3)<br \/>\nB\u1ea3o h\u00e0nh: 36 th\u00e1ng<br \/>\n<img decoding=\"async\" class=\"alignnone size-full wp-image-12106\" src=\"http:\/\/lyk-lighting.com\/wp-content\/uploads\/2024\/04\/Den-chieu-tranh-KF69689-DTD-color.png\" alt=\"\" width=\"898\" height=\"238\" srcset=\"https:\/\/lyk-lighting.com\/wp-content\/uploads\/2024\/04\/Den-chieu-tranh-KF69689-DTD-color.png 898w, https:\/\/lyk-lighting.com\/wp-content\/uploads\/2024\/04\/Den-chieu-tranh-KF69689-DTD-color-300x80.png 300w, https:\/\/lyk-lighting.com\/wp-content\/uploads\/2024\/04\/Den-chieu-tranh-KF69689-DTD-color-768x204.png 768w, https:\/\/lyk-lighting.com\/wp-content\/uploads\/2024\/04\/Den-chieu-tranh-KF69689-DTD-color-600x159.png 600w\" sizes=\"(max-width: 898px) 100vw, 898px\" \/><\/p>\n","protected":false},"excerpt":{"rendered":"<p>Th\u00f4ng s\u1ed1 k\u1ef9 thu\u1eadt \u0111\u00e8n chi\u1ebfu tranh KF69689-DTD Model: KF69689-DTD C\u00f4ng su\u1ea5t: 10W \u0110\u1ed9 r\u1ecdi: 200-250lm Ho\u00e0n thi\u1ec7n: S\u01a1n \u0110en \/ \u00a0Tr\u1eafng Ngu\u1ed3n s\u00e1ng chip LED Bridgelux V4HD Ch\u1ec9 s\u1ed1 ho\u00e0n m\u00e0u: CRI &gt;=96 M\u00e0u s\u1eafc \u00e1nh s\u00e1ng: Trung t\u00ednh 4000K G\u00f3c chi\u1ebfu Zoom 24\u00b0 -32\u00b0\/ \u0110i\u1ec1u ch\u1ec9nh khung chi\u1ebfu\/ ch\u1ec9nh n\u00e9t, l\u00e0m m\u1edd khung [&hellip;]<\/p>\n","protected":false},"featured_media":12102,"template":"","meta":[],"product_cat":[223],"product_tag":[],"class_list":{"0":"post-12099","1":"product","2":"type-product","3":"status-publish","4":"has-post-thumbnail","6":"product_cat-den-ray-nam-cham","8":"first","9":"instock","10":"shipping-taxable","11":"product-type-simple"},"_links":{"self":[{"href":"https:\/\/lyk-lighting.com\/en\/wp-json\/wp\/v2\/product\/12099","targetHints":{"allow":["GET"]}}],"collection":[{"href":"https:\/\/lyk-lighting.com\/en\/wp-json\/wp\/v2\/product"}],"about":[{"href":"https:\/\/lyk-lighting.com\/en\/wp-json\/wp\/v2\/types\/product"}],"version-history":[{"count":0,"href":"https:\/\/lyk-lighting.com\/en\/wp-json\/wp\/v2\/product\/12099\/revisions"}],"wp:featuredmedia":[{"embeddable":true,"href":"https:\/\/lyk-lighting.com\/en\/wp-json\/wp\/v2\/media\/12102"}],"wp:attachment":[{"href":"https:\/\/lyk-lighting.com\/en\/wp-json\/wp\/v2\/media?parent=12099"}],"wp:term":[{"taxonomy":"product_cat","embeddable":true,"href":"https:\/\/lyk-lighting.com\/en\/wp-json\/wp\/v2\/product_cat?post=12099"},{"taxonomy":"product_tag","embeddable":true,"href":"https:\/\/lyk-lighting.com\/en\/wp-json\/wp\/v2\/product_tag?post=12099"}],"curies":[{"name":"wp","href":"https:\/\/api.w.org\/{rel}","templated":true}]}}