{"id":13050,"date":"2024-05-08T09:20:23","date_gmt":"2024-05-08T02:20:23","guid":{"rendered":"http:\/\/lyk-lighting.com\/?post_type=product&#038;p=13050"},"modified":"2024-05-10T14:51:54","modified_gmt":"2024-05-10T07:51:54","slug":"reading-light-lwa545-copy","status":"publish","type":"product","link":"https:\/\/lyk-lighting.com\/en\/san-pham\/reading-light-lwa545-copy\/","title":{"rendered":"Reading light LWA540"},"content":{"rendered":"<h3 style=\"text-align: left;\">Specification Reading light LWA540<\/h3>\n<p>\u0110\u00e3 x\u00f3a kho\u1ea3ng tr\u1ed1ng gi\u1eefa c\u00e1c d\u00f2ng:<\/p>\n<p>Item No.: LWA540<br \/>\nLamp Type: CREE XPE<br \/>\nWatt: 3W<br \/>\nCCT.: 3000K<br \/>\nLumens: 120 lm<br \/>\nBeam Angle: 30 degree<br \/>\nMaterial: Aluminium, steel<br \/>\nFinishing: white painting \/ black painting<br \/>\nLamp Size: L160\u00d7W53\u00d7H50(mm)<br \/>\nIP Rating: IP20<br \/>\nInstallation: Wall recessed<\/p>\n<p><img fetchpriority=\"high\" decoding=\"async\" class=\"alignnone size-large wp-image-13055\" src=\"http:\/\/lyk-lighting.com\/wp-content\/uploads\/2024\/05\/LWA540-783x1024.jpg\" alt=\"\" width=\"783\" height=\"1024\" srcset=\"https:\/\/lyk-lighting.com\/wp-content\/uploads\/2024\/05\/LWA540-783x1024.jpg 783w, https:\/\/lyk-lighting.com\/wp-content\/uploads\/2024\/05\/LWA540-229x300.jpg 229w, https:\/\/lyk-lighting.com\/wp-content\/uploads\/2024\/05\/LWA540-768x1004.jpg 768w, https:\/\/lyk-lighting.com\/wp-content\/uploads\/2024\/05\/LWA540-1175x1536.jpg 1175w, https:\/\/lyk-lighting.com\/wp-content\/uploads\/2024\/05\/LWA540-1566x2048.jpg 1566w, https:\/\/lyk-lighting.com\/wp-content\/uploads\/2024\/05\/LWA540-600x785.jpg 600w, https:\/\/lyk-lighting.com\/wp-content\/uploads\/2024\/05\/LWA540.jpg 1580w\" sizes=\"(max-width: 783px) 100vw, 783px\" \/><\/p>\n","protected":false},"excerpt":{"rendered":"<div class=\"et_pb_column et_pb_column_2_3 et_pb_column_3_tb_body et_pb_css_mix_blend_mode_passthrough\">\n<div class=\"et_pb_with_border et_pb_module et_pb_wc_tabs et_pb_wc_tabs_0_tb_body et_pb_tabs et_slide_transition_to_1 et_slide_transition_to_0\">\n<div class=\"et_pb_all_tabs\">\n<div class=\"et_pb_tab clearfix et_pb_active_content et-pb-active-slide\">\n<div class=\"et_pb_tab_content\">\n<div class=\"et_pb_column et_pb_column_2_3 et_pb_column_3_tb_body et_pb_css_mix_blend_mode_passthrough\">\n<div class=\"et_pb_with_border et_pb_module et_pb_wc_tabs et_pb_wc_tabs_0_tb_body et_pb_tabs et_slide_transition_to_1 et_slide_transition_to_0\">\n<div class=\"et_pb_all_tabs\">\n<div class=\"et_pb_tab clearfix et_pb_active_content et-pb-active-slide\">\n<div class=\"et_pb_tab_content\">\n<p><span id=\"input-sentence~0\">The LWA540 series of reading lights are designed specifically for hotel rooms. <\/span><span id=\"input-sentence~1\">Installed at the back of the bedside cabinet, t<\/span><span id=\"input-sentence~2\">he lights can fold up to 90 degrees and rotate 350 degrees flexibly. <\/span><span id=\"input-sentence~3\">Easy to turn on\/off lights with the switch on the headlamp.<\/span><\/p>\n<p><span id=\"input-sentence~4\">In particular, you can customize the light surface color to suit the hotel&#8217;s design style.<\/span><\/p>\n<p>In particular, you can customize the light surface color to suit the hotel&#8217;s design style.<\/p>\n<\/div>\n<\/div>\n<\/div>\n<\/div>\n<\/div>\n<\/div>\n<\/div>\n<\/div>\n<\/div>\n<\/div>\n","protected":false},"featured_media":13052,"template":"","meta":[],"product_cat":[320],"product_tag":[],"class_list":{"0":"post-13050","1":"product","2":"type-product","3":"status-publish","4":"has-post-thumbnail","6":"product_cat-reading-light","8":"first","9":"instock","10":"shipping-taxable","11":"product-type-simple"},"_links":{"self":[{"href":"https:\/\/lyk-lighting.com\/en\/wp-json\/wp\/v2\/product\/13050","targetHints":{"allow":["GET"]}}],"collection":[{"href":"https:\/\/lyk-lighting.com\/en\/wp-json\/wp\/v2\/product"}],"about":[{"href":"https:\/\/lyk-lighting.com\/en\/wp-json\/wp\/v2\/types\/product"}],"version-history":[{"count":0,"href":"https:\/\/lyk-lighting.com\/en\/wp-json\/wp\/v2\/product\/13050\/revisions"}],"wp:featuredmedia":[{"embeddable":true,"href":"https:\/\/lyk-lighting.com\/en\/wp-json\/wp\/v2\/media\/13052"}],"wp:attachment":[{"href":"https:\/\/lyk-lighting.com\/en\/wp-json\/wp\/v2\/media?parent=13050"}],"wp:term":[{"taxonomy":"product_cat","embeddable":true,"href":"https:\/\/lyk-lighting.com\/en\/wp-json\/wp\/v2\/product_cat?post=13050"},{"taxonomy":"product_tag","embeddable":true,"href":"https:\/\/lyk-lighting.com\/en\/wp-json\/wp\/v2\/product_tag?post=13050"}],"curies":[{"name":"wp","href":"https:\/\/api.w.org\/{rel}","templated":true}]}}