{"id":18683,"date":"2025-12-04T15:32:58","date_gmt":"2025-12-04T08:32:58","guid":{"rendered":"http:\/\/lyk-lighting.com\/?post_type=product&#038;p=18683"},"modified":"2025-12-10T11:18:54","modified_gmt":"2025-12-10T04:18:54","slug":"den-recessed-light-fl76035","status":"publish","type":"product","link":"https:\/\/lyk-lighting.com\/en\/san-pham\/den-recessed-light-fl76035\/","title":{"rendered":"\u0110\u00e8n Recessed light FL76035"},"content":{"rendered":"","protected":false},"excerpt":{"rendered":"<h3>Th\u00f4ng s\u1ed1 k\u1ef9 thu\u1eadt<\/h3>\n<h3>\u0110\u00e8n Recessed light FL76035<\/h3>\n<p>M\u00e3 s\u1ea3n ph\u1ea9m: FL76035<br \/>\nC\u00f4ng su\u1ea5t: 18W &#8211; 220-240V DC<br \/>\nC\u01b0\u1eddng \u0111\u1ed9 s\u00e1ng: 2700k | 3000K | 5000K | 6000K<br \/>\nG\u00f3c chi\u1ebfu: 15\u00b0 24\u00b0 35\u00b0<br \/>\nLed chip:\u00a0 CRI &gt; 90<br \/>\nCh\u1ea5t li\u1ec7u:<br \/>\nCutout: \u00d8100<br \/>\nDIM: On-off \/ DIM Triac \/ DIM Bluetooth \/ DIM DALI \/ DIM Zigbee<\/p>\n","protected":false},"featured_media":18776,"template":"","meta":[],"product_cat":[174],"product_tag":[],"class_list":{"0":"post-18683","1":"product","2":"type-product","3":"status-publish","4":"has-post-thumbnail","6":"product_cat-den-downlight-am-tran","8":"first","9":"instock","10":"shipping-taxable","11":"product-type-simple"},"_links":{"self":[{"href":"https:\/\/lyk-lighting.com\/en\/wp-json\/wp\/v2\/product\/18683","targetHints":{"allow":["GET"]}}],"collection":[{"href":"https:\/\/lyk-lighting.com\/en\/wp-json\/wp\/v2\/product"}],"about":[{"href":"https:\/\/lyk-lighting.com\/en\/wp-json\/wp\/v2\/types\/product"}],"version-history":[{"count":2,"href":"https:\/\/lyk-lighting.com\/en\/wp-json\/wp\/v2\/product\/18683\/revisions"}],"predecessor-version":[{"id":18689,"href":"https:\/\/lyk-lighting.com\/en\/wp-json\/wp\/v2\/product\/18683\/revisions\/18689"}],"wp:featuredmedia":[{"embeddable":true,"href":"https:\/\/lyk-lighting.com\/en\/wp-json\/wp\/v2\/media\/18776"}],"wp:attachment":[{"href":"https:\/\/lyk-lighting.com\/en\/wp-json\/wp\/v2\/media?parent=18683"}],"wp:term":[{"taxonomy":"product_cat","embeddable":true,"href":"https:\/\/lyk-lighting.com\/en\/wp-json\/wp\/v2\/product_cat?post=18683"},{"taxonomy":"product_tag","embeddable":true,"href":"https:\/\/lyk-lighting.com\/en\/wp-json\/wp\/v2\/product_tag?post=18683"}],"curies":[{"name":"wp","href":"https:\/\/api.w.org\/{rel}","templated":true}]}}