{"id":18712,"date":"2025-12-04T16:18:53","date_gmt":"2025-12-04T09:18:53","guid":{"rendered":"http:\/\/lyk-lighting.com\/?post_type=product&#038;p=18712"},"modified":"2025-12-10T13:32:38","modified_gmt":"2025-12-10T06:32:38","slug":"den-ceiling-mounted-light-12524","status":"publish","type":"product","link":"https:\/\/lyk-lighting.com\/en\/san-pham\/den-ceiling-mounted-light-12524\/","title":{"rendered":"\u0110\u00e8n Ceiling mounted light 12524"},"content":{"rendered":"","protected":false},"excerpt":{"rendered":"<h3>Th\u00f4ng s\u1ed1 k\u1ef9 thu\u1eadt<\/h3>\n<h3>\u0110\u00e8n Ceiling mounted light\u00a012524<\/h3>\n<p>M\u00e3 s\u1ea3n ph\u1ea9m: 12524<br \/>\nC\u00f4ng su\u1ea5t: 8W \/ 15W \/ 20W \/ 30W &#8211; 220-240V DC<br \/>\nC\u01b0\u1eddng \u0111\u1ed9 s\u00e1ng: 3000K | 4000K | 6000K<br \/>\nG\u00f3c chi\u1ebfu: 35\u00b0 45\u00b0 50\u00b0<br \/>\nLed chip:\u00a0 CRI &gt; 90<br \/>\nCh\u1ea5t li\u1ec7u:<br \/>\nCutout:<br \/>\nDIM: On-off \/ DIM Triac \/ DIM Bluetooth \/ DIM DALI \/ DIM Zigbee<\/p>\n","protected":false},"featured_media":18790,"template":"","meta":[],"product_cat":[182],"product_tag":[],"class_list":{"0":"post-18712","1":"product","2":"type-product","3":"status-publish","4":"has-post-thumbnail","6":"product_cat-den-gan-noi-tran","8":"first","9":"instock","10":"shipping-taxable","11":"product-type-simple"},"_links":{"self":[{"href":"https:\/\/lyk-lighting.com\/en\/wp-json\/wp\/v2\/product\/18712","targetHints":{"allow":["GET"]}}],"collection":[{"href":"https:\/\/lyk-lighting.com\/en\/wp-json\/wp\/v2\/product"}],"about":[{"href":"https:\/\/lyk-lighting.com\/en\/wp-json\/wp\/v2\/types\/product"}],"version-history":[{"count":4,"href":"https:\/\/lyk-lighting.com\/en\/wp-json\/wp\/v2\/product\/18712\/revisions"}],"predecessor-version":[{"id":18722,"href":"https:\/\/lyk-lighting.com\/en\/wp-json\/wp\/v2\/product\/18712\/revisions\/18722"}],"wp:featuredmedia":[{"embeddable":true,"href":"https:\/\/lyk-lighting.com\/en\/wp-json\/wp\/v2\/media\/18790"}],"wp:attachment":[{"href":"https:\/\/lyk-lighting.com\/en\/wp-json\/wp\/v2\/media?parent=18712"}],"wp:term":[{"taxonomy":"product_cat","embeddable":true,"href":"https:\/\/lyk-lighting.com\/en\/wp-json\/wp\/v2\/product_cat?post=18712"},{"taxonomy":"product_tag","embeddable":true,"href":"https:\/\/lyk-lighting.com\/en\/wp-json\/wp\/v2\/product_tag?post=18712"}],"curies":[{"name":"wp","href":"https:\/\/api.w.org\/{rel}","templated":true}]}}