{"id":3387,"date":"2023-09-15T16:00:01","date_gmt":"2023-09-15T09:00:01","guid":{"rendered":"http:\/\/lyk-lighting.com\/?post_type=product&#038;p=3387"},"modified":"2023-10-19T16:23:49","modified_gmt":"2023-10-19T09:23:49","slug":"cam-bien-cham-dimmer-touch","status":"publish","type":"product","link":"https:\/\/lyk-lighting.com\/en\/san-pham\/cam-bien-cham-dimmer-touch\/","title":{"rendered":"C\u1ea3m bi\u1ebfn ch\u1ea1m dimmer touch"},"content":{"rendered":"<h3>Th\u00f4ng s\u1ed1 k\u1ef9 thu\u1eadt c\u1ea3m bi\u1ebfn ch\u1ea1m dimmer touch<\/h3>\n<p>\u0110i\u1ec7n \u00e1p ho\u1ea1t \u0111\u1ed9ng: 12V\/24V DC<br \/>\nC\u00f4ng su\u1ea5t ho\u1ea1t \u0111\u1ed9ng: 60W (c\u00f3 th\u1ec3 \u0111i\u1ec1u khi\u1ec3n cho b\u1ed9 \u0111\u00e8n led c\u00f3 t\u1ed5ng c\u00f4ng su\u1ea5t 60W)<br \/>\nC\u1ea3m \u1ee9ng ch\u1ea1m khi c\u00f3 ti\u1ebfp x\u00fac \u0111i\u1ec7n tr\u1edf<\/p>\n<figure id=\"attachment_4518\" aria-describedby=\"caption-attachment-4518\" style=\"width: 380px\" class=\"wp-caption alignnone\"><img fetchpriority=\"high\" decoding=\"async\" class=\"wp-image-4518 size-full\" src=\"http:\/\/lyk-lighting.com\/wp-content\/uploads\/2023\/09\/Cam-bien-cham-dimmer-touch-2.jpg\" alt=\"Th\u00f4ng s\u1ed1 k\u1ef9 thu\u1eadt c\u1ea3m bi\u1ebfn ch\u1ea1m dimmer touch\" width=\"380\" height=\"197\" srcset=\"https:\/\/lyk-lighting.com\/wp-content\/uploads\/2023\/09\/Cam-bien-cham-dimmer-touch-2.jpg 380w, https:\/\/lyk-lighting.com\/wp-content\/uploads\/2023\/09\/Cam-bien-cham-dimmer-touch-2-300x156.jpg 300w\" sizes=\"(max-width: 380px) 100vw, 380px\" \/><figcaption id=\"caption-attachment-4518\" class=\"wp-caption-text\">Th\u00f4ng s\u1ed1 k\u1ef9 thu\u1eadt c\u1ea3m bi\u1ebfn ch\u1ea1m dimmer touch<\/figcaption><\/figure>\n<figure id=\"attachment_4522\" aria-describedby=\"caption-attachment-4522\" style=\"width: 360px\" class=\"wp-caption alignnone\"><img decoding=\"async\" class=\"wp-image-4522 size-full\" src=\"http:\/\/lyk-lighting.com\/wp-content\/uploads\/2023\/09\/Cam-bien-cham-dimmer-touch-7.jpg\" alt=\"Th\u00f4ng s\u1ed1 k\u1ef9 thu\u1eadt c\u1ea3m bi\u1ebfn ch\u1ea1m dimmer touch\" width=\"360\" height=\"360\" srcset=\"https:\/\/lyk-lighting.com\/wp-content\/uploads\/2023\/09\/Cam-bien-cham-dimmer-touch-7.jpg 360w, https:\/\/lyk-lighting.com\/wp-content\/uploads\/2023\/09\/Cam-bien-cham-dimmer-touch-7-300x300.jpg 300w, https:\/\/lyk-lighting.com\/wp-content\/uploads\/2023\/09\/Cam-bien-cham-dimmer-touch-7-150x150.jpg 150w, https:\/\/lyk-lighting.com\/wp-content\/uploads\/2023\/09\/Cam-bien-cham-dimmer-touch-7-100x100.jpg 100w\" sizes=\"(max-width: 360px) 100vw, 360px\" \/><figcaption id=\"caption-attachment-4522\" class=\"wp-caption-text\">Th\u00f4ng s\u1ed1 k\u1ef9 thu\u1eadt c\u1ea3m bi\u1ebfn ch\u1ea1m dimmer touch<\/figcaption><\/figure>\n<h3>C\u1ea3m bi\u1ebfn ch\u1ea1m dimmer touch &#8211; gi\u1ea3i ph\u00e1p c\u00f4ng t\u1eafc th\u00f4ng minh cho n\u1ed9i th\u1ea5t c\u1ee7a b\u1ea1n<\/h3>\n<h4>H\u01b0\u1edbng d\u1eabn s\u1eed d\u1ee5ng<\/h4>\n<p>C\u1ea3m bi\u1ebfn ch\u1ea1m dimmer touch s\u1ebd c\u00f3 t\u00e1c \u0111\u1ed9ng l\u00ean \u0111\u00e8n khi tay ta ch\u1ea1m v\u00e0o ph\u1ea7n v\u1ecf kim lo\u1ea1i b\u00ean ngo\u00e0i.<\/p>\n<p>ch\u1ea1m nhanh s\u1ebd t\u1eaft ho\u1eb7c m\u1edf \u0111\u00e8n. \u0110i\u1ec1u ch\u1ec9nh \u00e1nh s\u00e1ng \u0111\u00e8n b\u1eb1ng c\u00e1ch ch\u1ea1m v\u00e0 gi\u1eef tay cho \u0111\u1ebfn khi c\u01b0\u1eddng \u0111\u1ed9 s\u00e1ng v\u1eeba \u00fd.<\/p>\n<p>Khi t\u1eaft m\u1edf \u0111\u00e8n th\u00ec c\u1ea3m bi\u1ebfn s\u1ebd &#8220;nh\u1edb: ch\u1ebf \u0111\u1ed9 \u00e1nh s\u00e1ng hi\u1ec7n \u0111ang gi\u1eef.<\/p>\n<h4>C\u00e1ch l\u1eafp \u0111\u1eb7t c\u1ea3m bi\u1ebfn ch\u1ea1m dimmer touch<\/h4>\n<p>Vi\u1ec7c l\u1eafp \u0111\u1eb7t r\u1ea5t \u0111\u01a1n gi\u1ea3n khi b\u1ea1n ch\u1ec9 c\u1ea7n khoan 1 l\u1ed7 c\u00f3 k\u00edch th\u01b0\u1edbc\u00a0\u03a616mm x s\u00e2u 12mm l\u00ean v\u00e1n.<\/p>\n<p>B\u1ea1n c\u00f3 th\u1ec3 d\u00f9ng v\u00e1n 18mm m\u00e0 kh\u00f4ng b\u1ecb \u1ea3nh h\u01b0\u1edfng \u0111\u1ebfn \u0111\u1ed9 ch\u1eafc ch\u1eafn c\u1ee7a \u0111\u1ed3 g\u1ed7.<\/p>\n<figure id=\"attachment_4517\" aria-describedby=\"caption-attachment-4517\" style=\"width: 900px\" class=\"wp-caption alignnone\"><img decoding=\"async\" class=\"size-full wp-image-4517\" src=\"http:\/\/lyk-lighting.com\/wp-content\/uploads\/2023\/09\/Cam-bien-cham-dimmer-touch-1.jpg\" alt=\"C\u1ea3m bi\u1ebfn ch\u1ea1m dimmer touch\" width=\"900\" height=\"900\" srcset=\"https:\/\/lyk-lighting.com\/wp-content\/uploads\/2023\/09\/Cam-bien-cham-dimmer-touch-1.jpg 900w, https:\/\/lyk-lighting.com\/wp-content\/uploads\/2023\/09\/Cam-bien-cham-dimmer-touch-1-300x300.jpg 300w, https:\/\/lyk-lighting.com\/wp-content\/uploads\/2023\/09\/Cam-bien-cham-dimmer-touch-1-150x150.jpg 150w, https:\/\/lyk-lighting.com\/wp-content\/uploads\/2023\/09\/Cam-bien-cham-dimmer-touch-1-768x768.jpg 768w, https:\/\/lyk-lighting.com\/wp-content\/uploads\/2023\/09\/Cam-bien-cham-dimmer-touch-1-600x600.jpg 600w, https:\/\/lyk-lighting.com\/wp-content\/uploads\/2023\/09\/Cam-bien-cham-dimmer-touch-1-100x100.jpg 100w\" sizes=\"(max-width: 900px) 100vw, 900px\" \/><figcaption id=\"caption-attachment-4517\" class=\"wp-caption-text\">C\u1ea3m bi\u1ebfn ch\u1ea1m dimmer touch<\/figcaption><\/figure>\n<p>C\u1ea3m bi\u1ebfn ch\u1ea1m dimmer touch c\u00f3 2 c\u1eb7p d\u00e2y ra:<\/p>\n<ul>\n<li>C\u1eb7p d\u00e2y \u0111\u1ea7u jack &#8220;\u0111\u1ef1c&#8221; l\u00e0 c\u1eb7p d\u00e2y v\u00e0o ngu\u1ed3n &#8211; <strong>To power<\/strong><\/li>\n<li>C\u1eb7p d\u00e2y \u0111\u1ea7u jack &#8220;c\u00e1i&#8221; l\u00e0 c\u1eb7p d\u00e2y v\u00e0o \u0111\u00e8n &#8211; <strong>To light<\/strong><\/li>\n<\/ul>\n<figure id=\"attachment_4521\" aria-describedby=\"caption-attachment-4521\" style=\"width: 512px\" class=\"wp-caption alignnone\"><img loading=\"lazy\" decoding=\"async\" class=\"size-full wp-image-4521\" src=\"http:\/\/lyk-lighting.com\/wp-content\/uploads\/2023\/09\/Cam-bien-cham-dimmer-touch-5.jpg\" alt=\"D\u00e2y c\u00f3 ch\u1eef: d\u00e2y d\u01b0\u01a1ng V+\" width=\"512\" height=\"384\" srcset=\"https:\/\/lyk-lighting.com\/wp-content\/uploads\/2023\/09\/Cam-bien-cham-dimmer-touch-5.jpg 512w, https:\/\/lyk-lighting.com\/wp-content\/uploads\/2023\/09\/Cam-bien-cham-dimmer-touch-5-300x225.jpg 300w\" sizes=\"(max-width: 512px) 100vw, 512px\" \/><figcaption id=\"caption-attachment-4521\" class=\"wp-caption-text\">D\u00e2y c\u00f3 ch\u1eef: d\u00e2y d\u01b0\u01a1ng V+<\/figcaption><\/figure>\n<figure id=\"attachment_4516\" aria-describedby=\"caption-attachment-4516\" style=\"width: 480px\" class=\"wp-caption alignnone\"><img loading=\"lazy\" decoding=\"async\" class=\"size-full wp-image-4516\" src=\"http:\/\/lyk-lighting.com\/wp-content\/uploads\/2023\/09\/Cam-bien-cham-dimmer-touch-6.jpg\" alt=\"D\u00e2y g\u1ea1ch \u0111\u1ee9t qu\u00e3ng: d\u00e2y \u00e2m V-\" width=\"480\" height=\"275\" srcset=\"https:\/\/lyk-lighting.com\/wp-content\/uploads\/2023\/09\/Cam-bien-cham-dimmer-touch-6.jpg 480w, https:\/\/lyk-lighting.com\/wp-content\/uploads\/2023\/09\/Cam-bien-cham-dimmer-touch-6-300x172.jpg 300w\" sizes=\"(max-width: 480px) 100vw, 480px\" \/><figcaption id=\"caption-attachment-4516\" class=\"wp-caption-text\">D\u00e2y g\u1ea1ch \u0111\u1ee9t qu\u00e3ng: d\u00e2y \u00e2m V-<\/figcaption><\/figure>\n<p>Khi \u0111\u1ea5u \u0111\u00fang d\u00e2y th\u00ec v\u00f2ng \u00e1nh s\u00e1ng xanh s\u1ebd s\u00e1ng l\u00ean, khi \u0111\u00f3 b\u1ea1n \u0111\u00e3 c\u00f3 th\u1ec3 \u0111i\u1ec1u khi\u1ec3n \u0111\u01b0\u1ee3c r\u1ed3i<\/p>\n<p><img loading=\"lazy\" decoding=\"async\" class=\"alignnone size-full wp-image-4519\" src=\"http:\/\/lyk-lighting.com\/wp-content\/uploads\/2023\/09\/Cam-bien-cham-dimmer-touch-3.jpg\" alt=\"\" width=\"756\" height=\"720\" srcset=\"https:\/\/lyk-lighting.com\/wp-content\/uploads\/2023\/09\/Cam-bien-cham-dimmer-touch-3.jpg 756w, https:\/\/lyk-lighting.com\/wp-content\/uploads\/2023\/09\/Cam-bien-cham-dimmer-touch-3-300x286.jpg 300w, https:\/\/lyk-lighting.com\/wp-content\/uploads\/2023\/09\/Cam-bien-cham-dimmer-touch-3-600x571.jpg 600w\" sizes=\"(max-width: 756px) 100vw, 756px\" \/><\/p>\n<h4>C\u00e1c l\u1ed7i th\u01b0\u1eddng g\u1eb7p khi l\u1eafp \u0111\u1eb7t<\/h4>\n<h5><strong>1. L\u1eafp sai d\u00e2y:<\/strong><\/h5>\n<ul>\n<li>Khi l\u1eafp sai d\u00e2y th\u00ec v\u00f2ng tr\u00f2n xanh s\u1ebd kh\u00f4ng s\u00e1ng l\u00ean, b\u1ea1n ch\u1ecbu kh\u00f3 \u0111\u1ea3o \u0111\u1ea7u d\u00e2y nh\u00e9<\/li>\n<li>Ho\u1eb7c l\u00e0 b\u1ea1n th\u1ea5y v\u00f2ng tr\u00f2n xanh nh\u01b0ng kh\u00f4ng \u0111i\u1ec1u khi\u1ec3n \u0111\u01b0\u1ee3c \u0111\u00e8n. Khi \u0111\u00f3 b\u1ea1n \u0111\u1ea3o d\u00e2y gi\u1eefa v\u00e0o \u0111\u00e8n v\u00e0 v\u00e0o ngu\u1ed3n nh\u00e9<\/li>\n<\/ul>\n<h5><strong>2. V\u1eabn kh\u00f4ng \u0111i\u1ec1u khi\u1ec3n \u0111\u01b0\u1ee3c:<\/strong><\/h5>\n<p>B\u1ea1n ch\u00fa \u00fd v\u00ec \u0111\u00e2y l\u00e0 c\u1ea3m bi\u1ebfn b\u1eb1ng \u0111i\u1ec7n tr\u1edf n\u00ean khi ti\u1ebfp x\u00fac v\u1edbi s\u1eaft, da tay ng\u01b0\u1eddi v\u00e0o ph\u1ea7n b\u1ecdc b\u00ean ngo\u00e0i c\u1ee7a c\u1ea3m bi\u1ebfn c\u0169ng khi\u1ebfn cho c\u1ea3m bi\u1ebfn ho\u1ea1t \u0111\u1ed9ng. B\u1ea1n ch\u00fa \u00fd khi th\u1eed c\u1ea3m bi\u1ebfn th\u00ec c\u1ea7m v\u00e0o s\u1ee3i d\u00e2y th\u00f4i nh\u00e9. Khi n\u00e0o \u0111i\u1ec1u khi\u1ec3n th\u00ec m\u1edbi ch\u1ea1m v\u00e0o l\u1edbp v\u1ecf b\u00ean ngo\u00e0i.<\/p>\n<p><img loading=\"lazy\" decoding=\"async\" class=\"alignnone size-full wp-image-4520\" src=\"http:\/\/lyk-lighting.com\/wp-content\/uploads\/2023\/09\/Cam-bien-cham-dimmer-touch-4.jpg\" alt=\"\" width=\"378\" height=\"354\" srcset=\"https:\/\/lyk-lighting.com\/wp-content\/uploads\/2023\/09\/Cam-bien-cham-dimmer-touch-4.jpg 378w, https:\/\/lyk-lighting.com\/wp-content\/uploads\/2023\/09\/Cam-bien-cham-dimmer-touch-4-300x281.jpg 300w\" sizes=\"(max-width: 378px) 100vw, 378px\" \/><\/p>\n<p><iframe title=\"C\u1ea3m bi\u1ebfn ch\u1ea1m dimmer touch cho \u0111\u00e8n led\" width=\"800\" height=\"450\" src=\"https:\/\/www.youtube.com\/embed\/Yt9xnLqnS0g?feature=oembed\" frameborder=\"0\" allow=\"accelerometer; autoplay; clipboard-write; encrypted-media; gyroscope; picture-in-picture; web-share\" allowfullscreen><\/iframe><\/p>\n","protected":false},"excerpt":{"rendered":"<div id=\"short_description_content\" class=\"rte align_justify\">\n<div id=\"short_description_content\" class=\"rte align_justify\">\n<p>C\u1ea3m bi\u1ebfn ch\u1ea1m dimmer touch cho \u0111\u00e8n led c\u00f3 thi\u1ebft k\u1ebf nh\u1ecf g\u1ecdn, sang tr\u1ecdng, d\u1ec5 l\u1eafp \u0111\u1eb7t v\u00e0 c\u00f3 \u0111\u1ed9 b\u1ec1n cao. S\u1ea3n ph\u1ea9m duy nh\u1ea5t tr\u00ean th\u1ecb tr\u01b0\u1eddng c\u00f3 th\u1ec3 dimmer cho t\u1ea5t c\u1ea3 c\u00e1c h\u1ec7 \u0111\u00e8n led 12VDC b\u1eb1ng c\u1ea3m \u1ee9ng. S\u1ea3n ph\u1ea9m th\u00edch h\u1ee3p cho t\u1ea5t c\u1ea3 c\u00e1c h\u1ec7 t\u1ee7 k\u1ec7, gi\u00fap mang l\u1ea1i th\u1ea9m m\u1ef9 cao.<\/p>\n<\/div>\n<\/div>\n","protected":false},"featured_media":4517,"template":"","meta":[],"product_cat":[258],"product_tag":[],"class_list":{"0":"post-3387","1":"product","2":"type-product","3":"status-publish","4":"has-post-thumbnail","6":"product_cat-chua-phan-loai-vi","8":"first","9":"instock","10":"shipping-taxable","11":"product-type-simple"},"_links":{"self":[{"href":"https:\/\/lyk-lighting.com\/en\/wp-json\/wp\/v2\/product\/3387","targetHints":{"allow":["GET"]}}],"collection":[{"href":"https:\/\/lyk-lighting.com\/en\/wp-json\/wp\/v2\/product"}],"about":[{"href":"https:\/\/lyk-lighting.com\/en\/wp-json\/wp\/v2\/types\/product"}],"version-history":[{"count":0,"href":"https:\/\/lyk-lighting.com\/en\/wp-json\/wp\/v2\/product\/3387\/revisions"}],"wp:featuredmedia":[{"embeddable":true,"href":"https:\/\/lyk-lighting.com\/en\/wp-json\/wp\/v2\/media\/4517"}],"wp:attachment":[{"href":"https:\/\/lyk-lighting.com\/en\/wp-json\/wp\/v2\/media?parent=3387"}],"wp:term":[{"taxonomy":"product_cat","embeddable":true,"href":"https:\/\/lyk-lighting.com\/en\/wp-json\/wp\/v2\/product_cat?post=3387"},{"taxonomy":"product_tag","embeddable":true,"href":"https:\/\/lyk-lighting.com\/en\/wp-json\/wp\/v2\/product_tag?post=3387"}],"curies":[{"name":"wp","href":"https:\/\/api.w.org\/{rel}","templated":true}]}}