{"id":4383,"date":"2023-10-16T16:49:42","date_gmt":"2023-10-16T09:49:42","guid":{"rendered":"http:\/\/lyk-lighting.com\/?post_type=product&#038;p=4383"},"modified":"2023-12-13T17:03:52","modified_gmt":"2023-12-13T10:03:52","slug":"den-gan-noi-tran-laman-p308","status":"publish","type":"product","link":"https:\/\/lyk-lighting.com\/en\/san-pham\/den-gan-noi-tran-laman-p308\/","title":{"rendered":"\u0110\u00e8n g\u1eafn n\u1ed5i tr\u1ea7n LAMAN P308"},"content":{"rendered":"<h3>Th\u00f4ng s\u1ed1 k\u1ef9 thu\u1eadt \u0111\u00e8n g\u1eafn n\u1ed5i tr\u1ea7n LAMAN P308<\/h3>\n<div>\n<p>Products Name: PLP-P308-6W-S<br \/>\nWattage: 6W<br \/>\nCCT: 3000K\/4000K\/6000K<br \/>\nBeam angle: 14-35\u00b0focusable<br \/>\nMaterial: Aluminum<br \/>\nBody Color: Black,,Silver<br \/>\nLife Time :50000h<br \/>\nCRI&gt;93<br \/>\nLumen: 353lm<br \/>\nInstallation: Spring CLIP top<br \/>\nInstallation: Spring CLIP top<br \/>\nHotel \/ Catering \/ Exhibition hall<\/p>\n<p><img fetchpriority=\"high\" decoding=\"async\" class=\"alignnone size-full wp-image-4386\" src=\"http:\/\/lyk-lighting.com\/wp-content\/uploads\/2023\/10\/Den-tha-trang-tri-LAMAN-P308-3.jpg\" alt=\"\" width=\"1380\" height=\"1023\" srcset=\"https:\/\/lyk-lighting.com\/wp-content\/uploads\/2023\/10\/Den-tha-trang-tri-LAMAN-P308-3.jpg 1380w, https:\/\/lyk-lighting.com\/wp-content\/uploads\/2023\/10\/Den-tha-trang-tri-LAMAN-P308-3-300x222.jpg 300w, https:\/\/lyk-lighting.com\/wp-content\/uploads\/2023\/10\/Den-tha-trang-tri-LAMAN-P308-3-1024x759.jpg 1024w, https:\/\/lyk-lighting.com\/wp-content\/uploads\/2023\/10\/Den-tha-trang-tri-LAMAN-P308-3-768x569.jpg 768w, https:\/\/lyk-lighting.com\/wp-content\/uploads\/2023\/10\/Den-tha-trang-tri-LAMAN-P308-3-600x445.jpg 600w\" sizes=\"(max-width: 1380px) 100vw, 1380px\" \/> <img decoding=\"async\" class=\"alignnone size-full wp-image-4388\" src=\"http:\/\/lyk-lighting.com\/wp-content\/uploads\/2023\/10\/Den-tha-trang-tri-LAMAN-P308-5.jpg\" alt=\"\" width=\"1278\" height=\"909\" srcset=\"https:\/\/lyk-lighting.com\/wp-content\/uploads\/2023\/10\/Den-tha-trang-tri-LAMAN-P308-5.jpg 1278w, https:\/\/lyk-lighting.com\/wp-content\/uploads\/2023\/10\/Den-tha-trang-tri-LAMAN-P308-5-300x213.jpg 300w, https:\/\/lyk-lighting.com\/wp-content\/uploads\/2023\/10\/Den-tha-trang-tri-LAMAN-P308-5-1024x728.jpg 1024w, https:\/\/lyk-lighting.com\/wp-content\/uploads\/2023\/10\/Den-tha-trang-tri-LAMAN-P308-5-768x546.jpg 768w, https:\/\/lyk-lighting.com\/wp-content\/uploads\/2023\/10\/Den-tha-trang-tri-LAMAN-P308-5-600x427.jpg 600w\" sizes=\"(max-width: 1278px) 100vw, 1278px\" \/> <img decoding=\"async\" class=\"alignnone size-full wp-image-4387\" src=\"http:\/\/lyk-lighting.com\/wp-content\/uploads\/2023\/10\/Den-tha-trang-tri-LAMAN-P308-4.jpg\" alt=\"\" width=\"1232\" height=\"968\" srcset=\"https:\/\/lyk-lighting.com\/wp-content\/uploads\/2023\/10\/Den-tha-trang-tri-LAMAN-P308-4.jpg 1232w, https:\/\/lyk-lighting.com\/wp-content\/uploads\/2023\/10\/Den-tha-trang-tri-LAMAN-P308-4-300x236.jpg 300w, https:\/\/lyk-lighting.com\/wp-content\/uploads\/2023\/10\/Den-tha-trang-tri-LAMAN-P308-4-1024x805.jpg 1024w, https:\/\/lyk-lighting.com\/wp-content\/uploads\/2023\/10\/Den-tha-trang-tri-LAMAN-P308-4-768x603.jpg 768w, https:\/\/lyk-lighting.com\/wp-content\/uploads\/2023\/10\/Den-tha-trang-tri-LAMAN-P308-4-600x471.jpg 600w\" sizes=\"(max-width: 1232px) 100vw, 1232px\" \/><\/p>\n<h3>\u0110\u00e8n g\u1eafn n\u1ed5i tr\u1ea7n LAMAN P308<\/h3>\n<p><strong>\u0110\u00e8n g\u1eafn n\u1ed5i tr\u1ea7n LAMAN P308 <\/strong>l\u00e0 d\u00f2ng \u0111\u00e8n s\u1eed d\u1ee5ng chu\u00f4i E27 ph\u1ed5 bi\u1ebfn \u0111\u1ec3 thay th\u1ebf cho c\u00e1c \u0111\u00e8n b\u00f3ng bulb b\u00ecnh th\u01b0\u1eddng s\u1eed d\u1ee5ng cho h\u1ec7 \u0111\u00e8n th\u1ea3 b\u00e0n \u0103n, th\u1ea3 \u0111\u1ea7u gi\u01b0\u1eddng trong c\u00e1c h\u1ec7 th\u1ed1ng nh\u00e0 h\u00e0ng, kh\u00e1ch s\u1ea1n v\u00e0 qu\u00e1n cafe cao c\u1ea5p. \u0110\u00e8n LAMAN P308 c\u00f3 chu\u00f4i E27 n\u00ean c\u00f3 th\u1ec3 t\u01b0\u01a1ng th\u00edch v\u1edbi t\u1ea5t c\u1ea3 c\u00e1c h\u1ec7 \u0111\u00e8n th\u1ea3 th\u00f4ng d\u1ee5ng hi\u1ec7n nay. B\u00ean c\u1ea1nh \u0111\u00f3, \u0111\u00e8n g\u1eafn n\u1ed5i tr\u1ea7n LAMAN P308 c\u00f2n c\u00f3 kh\u1ea3 n\u0103ng zoom c\u00f9ng ch\u1ea5t l\u01b0\u1ee3ng \u00e1nh s\u00e1ng tuy\u1ec7t h\u1ea3o CRI&gt;97 mang l\u1ea1i \u00e1nh s\u00e1ng cao c\u1ea5p, \u0111\u1ea7y t\u00ednh th\u1ea9m m\u1ef9 cho kh\u00f4ng gian sang tr\u1ecdng.<\/p>\n<p><img loading=\"lazy\" decoding=\"async\" class=\"alignnone size-full wp-image-4389\" src=\"http:\/\/lyk-lighting.com\/wp-content\/uploads\/2023\/10\/Den-tha-trang-tri-LAMAN-P308-1.jpg\" alt=\"\" width=\"1480\" height=\"770\" srcset=\"https:\/\/lyk-lighting.com\/wp-content\/uploads\/2023\/10\/Den-tha-trang-tri-LAMAN-P308-1.jpg 1480w, https:\/\/lyk-lighting.com\/wp-content\/uploads\/2023\/10\/Den-tha-trang-tri-LAMAN-P308-1-300x156.jpg 300w, https:\/\/lyk-lighting.com\/wp-content\/uploads\/2023\/10\/Den-tha-trang-tri-LAMAN-P308-1-1024x533.jpg 1024w, https:\/\/lyk-lighting.com\/wp-content\/uploads\/2023\/10\/Den-tha-trang-tri-LAMAN-P308-1-768x400.jpg 768w, https:\/\/lyk-lighting.com\/wp-content\/uploads\/2023\/10\/Den-tha-trang-tri-LAMAN-P308-1-600x312.jpg 600w\" sizes=\"(max-width: 1480px) 100vw, 1480px\" \/><\/p>\n<\/div>\n","protected":false},"excerpt":{"rendered":"<div id=\"short_description_content\" class=\"rte align_justify\">\n<div id=\"short_description_content\" class=\"rte align_justify\">\n<div id=\"short_description_content\" class=\"rte align_justify\">\n<div id=\"short_description_content\" class=\"rte align_justify\">\n<div id=\"short_description_content\" class=\"rte align_justify\">\n<div id=\"short_description_content\" class=\"rte align_justify\">\n<div id=\"short_description_content\" class=\"rte align_justify\">\n<div id=\"short_description_content\" class=\"rte align_justify\">\n<div id=\"short_description_content\" class=\"rte align_justify\">\n<div id=\"short_description_content\" class=\"rte align_justify\">\n<div id=\"short_description_content\" class=\"rte align_justify\">\n<div id=\"short_description_content\" class=\"rte align_justify\">\n<div id=\"short_description_content\" class=\"rte align_justify\">\n<div id=\"short_description_content\" class=\"rte align_justify\">\n<div id=\"short_description_content\" class=\"rte align_justify\">\n<div id=\"short_description_content\" class=\"rte align_justify\">\n<div id=\"short_description_content\" class=\"rte align_justify\">\n<div id=\"short_description_content\" class=\"rte align_justify\">\n<div id=\"short_description_content\" class=\"rte align_justify\">\n<div id=\"short_description_content\" class=\"rte align_justify\">\n<div id=\"short_description_content\" class=\"rte align_justify\">\n<div id=\"short_description_content\" class=\"rte align_justify\">\n<div id=\"short_description_content\" class=\"rte align_justify\">\n<div id=\"short_description_content\" class=\"rte align_justify\">\n<div id=\"short_description_content\" class=\"rte align_justify\">\n<div id=\"short_description_content\" class=\"rte align_justify\">\n<div id=\"short_description_content\" class=\"rte align_justify\">\n<div id=\"short_description_content\" class=\"rte align_justify\">\n<div id=\"short_description_content\" class=\"rte align_justify\">\n<div id=\"short_description_content\" class=\"rte align_justify\">\n<div id=\"short_description_content\" class=\"rte align_justify\">\n<div id=\"short_description_content\" class=\"rte align_justify\">\n<div id=\"short_description_content\" class=\"rte align_justify\">\n<div id=\"short_description_content\" class=\"rte align_justify\">\n<div id=\"short_description_content\" class=\"rte align_justify\">\n<div id=\"short_description_content\" class=\"rte align_justify\">\n<div id=\"short_description_content\" class=\"rte align_justify\">\n<div id=\"short_description_content\" class=\"rte align_justify\">\n<div id=\"short_description_content\" class=\"rte align_justify\">\n<div id=\"short_description_content\" class=\"rte align_justify\">\n<div id=\"short_description_content\" class=\"rte align_justify\">\n<div id=\"short_description_content\" class=\"rte align_justify\">\n<div id=\"short_description_content\" class=\"rte align_justify\">\n<div id=\"short_description_content\" class=\"rte align_justify\">\n<div id=\"short_description_content\" class=\"rte align_justify\">\n<div id=\"short_description_content\" class=\"rte align_justify\">\n<div id=\"short_description_content\" class=\"rte align_justify\">\n<div id=\"short_description_content\" class=\"rte align_justify\">\n<div id=\"short_description_content\" class=\"rte align_justify\">\n<div id=\"short_description_content\" class=\"rte align_justify\">\n<div id=\"short_description_content\" class=\"rte align_justify\">\n<div id=\"short_description_content\" class=\"rte align_justify\">\n<div id=\"short_description_content\" class=\"rte align_justify\">\n<div id=\"short_description_content\" class=\"rte align_justify\">\n<div id=\"short_description_content\" class=\"rte align_justify\">\n<div id=\"short_description_content\" class=\"rte align_justify\">\n<div id=\"short_description_content\" class=\"rte align_justify\">\n<div id=\"short_description_content\" class=\"rte align_justify\">\n<div id=\"short_description_content\" class=\"rte align_justify\">\n<div id=\"short_description_content\" class=\"rte align_justify\">\n<div id=\"short_description_content\" class=\"rte align_justify\">\n<div id=\"short_description_content\" class=\"rte align_justify\">\n<div id=\"short_description_content\" class=\"rte align_justify\">\n<div id=\"short_description_content\" class=\"rte align_justify\">\n<div id=\"short_description_content\" class=\"rte align_justify\">\n<div id=\"short_description_content\" class=\"rte align_justify\">\n<div id=\"short_description_content\" class=\"rte align_justify\">\n<div id=\"short_description_content\" class=\"rte align_justify\">\n<div id=\"short_description_content\" class=\"rte align_justify\">\n<div id=\"short_description_content\" class=\"rte align_justify\">\n<div id=\"short_description_content\" class=\"rte align_justify\">\n<p>\u0110\u00e8n g\u1eafn n\u1ed5i tr\u1ea7n LAMAN P308 l\u00e0 d\u00f2ng \u0111\u00e8n s\u1eed d\u1ee5ng chu\u00f4i E27 ph\u1ed5 bi\u1ebfn \u0111\u1ec3 thay th\u1ebf cho c\u00e1c \u0111\u00e8n b\u00f3ng bulb b\u00ecnh th\u01b0\u1eddng s\u1eed d\u1ee5ng cho h\u1ec7 \u0111\u00e8n th\u1ea3 b\u00e0n \u0103n, th\u1ea3 \u0111\u1ea7u gi\u01b0\u1eddng trong c\u00e1c h\u1ec7 th\u1ed1ng nh\u00e0 h\u00e0ng, kh\u00e1ch s\u1ea1n v\u00e0 qu\u00e1n cafe cao c\u1ea5p.<\/p>\n<\/div>\n<\/div>\n<\/div>\n<\/div>\n<\/div>\n<\/div>\n<\/div>\n<\/div>\n<\/div>\n<\/div>\n<\/div>\n<\/div>\n<\/div>\n<\/div>\n<\/div>\n<\/div>\n<\/div>\n<\/div>\n<\/div>\n<\/div>\n<\/div>\n<\/div>\n<\/div>\n<\/div>\n<\/div>\n<\/div>\n<\/div>\n<\/div>\n<\/div>\n<\/div>\n<\/div>\n<\/div>\n<\/div>\n<\/div>\n<\/div>\n<\/div>\n<\/div>\n<\/div>\n<\/div>\n<\/div>\n<\/div>\n<\/div>\n<\/div>\n<\/div>\n<\/div>\n<\/div>\n<\/div>\n<\/div>\n<\/div>\n<\/div>\n<\/div>\n<\/div>\n<\/div>\n<\/div>\n<\/div>\n<\/div>\n<\/div>\n<\/div>\n<\/div>\n<\/div>\n<\/div>\n<\/div>\n<\/div>\n<\/div>\n<\/div>\n<\/div>\n<\/div>\n<\/div>\n<\/div>\n<\/div>\n<\/div>\n","protected":false},"featured_media":4384,"template":"","meta":[],"product_cat":[182],"product_tag":[],"class_list":{"0":"post-4383","1":"product","2":"type-product","3":"status-publish","4":"has-post-thumbnail","6":"product_cat-den-gan-noi-tran","8":"first","9":"instock","10":"shipping-taxable","11":"product-type-simple"},"_links":{"self":[{"href":"https:\/\/lyk-lighting.com\/en\/wp-json\/wp\/v2\/product\/4383","targetHints":{"allow":["GET"]}}],"collection":[{"href":"https:\/\/lyk-lighting.com\/en\/wp-json\/wp\/v2\/product"}],"about":[{"href":"https:\/\/lyk-lighting.com\/en\/wp-json\/wp\/v2\/types\/product"}],"version-history":[{"count":0,"href":"https:\/\/lyk-lighting.com\/en\/wp-json\/wp\/v2\/product\/4383\/revisions"}],"wp:featuredmedia":[{"embeddable":true,"href":"https:\/\/lyk-lighting.com\/en\/wp-json\/wp\/v2\/media\/4384"}],"wp:attachment":[{"href":"https:\/\/lyk-lighting.com\/en\/wp-json\/wp\/v2\/media?parent=4383"}],"wp:term":[{"taxonomy":"product_cat","embeddable":true,"href":"https:\/\/lyk-lighting.com\/en\/wp-json\/wp\/v2\/product_cat?post=4383"},{"taxonomy":"product_tag","embeddable":true,"href":"https:\/\/lyk-lighting.com\/en\/wp-json\/wp\/v2\/product_tag?post=4383"}],"curies":[{"name":"wp","href":"https:\/\/api.w.org\/{rel}","templated":true}]}}