{"id":4390,"date":"2025-01-16T16:57:19","date_gmt":"2025-01-16T09:57:19","guid":{"rendered":"http:\/\/lyk-lighting.com\/?post_type=product&#038;p=4390"},"modified":"2025-02-26T16:55:57","modified_gmt":"2025-02-26T09:55:57","slug":"den-led-spotlight-chieu-diem-laman-p339","status":"publish","type":"product","link":"https:\/\/lyk-lighting.com\/en\/san-pham\/den-led-spotlight-chieu-diem-laman-p339\/","title":{"rendered":"\u0110\u00e8n led spotlight chi\u1ebfu \u0111i\u1ec3m LAMAN P339"},"content":{"rendered":"<h3>Th\u00f4ng s\u1ed1 k\u1ef9 thu\u1eadt \u0111\u00e8n th\u1ea3 trang tr\u00ed LAMAN P339<\/h3>\n<div>\n<p>Wattage: 7W<br \/>\nCCT: 3000K\/4000K\/6000K<br \/>\nBeam angle: 12~54\u00b0<br \/>\nMaterial: Aluminum<br \/>\nBody Color: Blck,White,Silver<br \/>\nvoltage: AC100-240V<br \/>\nLife Time: 50000h<br \/>\nCRI&gt;93<br \/>\nLumen:4871m<br \/>\nHole Size: 75-78mm<br \/>\nInstallation: Embedded<br \/>\nMuseum Exhibition hall<\/p>\n<p><img fetchpriority=\"high\" decoding=\"async\" class=\"alignnone size-full wp-image-4395\" src=\"http:\/\/lyk-lighting.com\/wp-content\/uploads\/2023\/10\/Den-led-spotlight-chieu-diem-LAMAN-P339-5.jpg\" alt=\"\" width=\"1387\" height=\"1010\" srcset=\"https:\/\/lyk-lighting.com\/wp-content\/uploads\/2023\/10\/Den-led-spotlight-chieu-diem-LAMAN-P339-5.jpg 1387w, https:\/\/lyk-lighting.com\/wp-content\/uploads\/2023\/10\/Den-led-spotlight-chieu-diem-LAMAN-P339-5-300x218.jpg 300w, https:\/\/lyk-lighting.com\/wp-content\/uploads\/2023\/10\/Den-led-spotlight-chieu-diem-LAMAN-P339-5-1024x746.jpg 1024w, https:\/\/lyk-lighting.com\/wp-content\/uploads\/2023\/10\/Den-led-spotlight-chieu-diem-LAMAN-P339-5-768x559.jpg 768w, https:\/\/lyk-lighting.com\/wp-content\/uploads\/2023\/10\/Den-led-spotlight-chieu-diem-LAMAN-P339-5-600x437.jpg 600w\" sizes=\"(max-width: 1387px) 100vw, 1387px\" \/><\/p>\n<h3>\u0110\u00e8n th\u1ea3 trang tr\u00ed LAMAN P339<\/h3>\n<p><strong>\u0110\u00e8n led spotlight chi\u1ebfu \u0111i\u1ec3m \u00e2m tr\u1ea7n LAMAN P339<\/strong>\u00a0l\u00e0 d\u00f2ng \u0111\u00e8n cao c\u1ea5p chuy\u00ean d\u00f9ng trong nh\u1eefng c\u00f4ng tr\u00ecnh c\u00f3 s\u1ef1 chau chu\u1ed1t v\u00e0 y\u00eau c\u1ea7u th\u1ea9m m\u0129 cao nh\u01b0 kh\u00e1ch s\u1ea1n, nh\u00e0 h\u00e0ng v\u00e0 vi\u1ec7n b\u1ea3o t\u00e0ng. S\u1ea3n ph\u1ea9m c\u00f3 \u0111\u1ed9 r\u1ecdi \u00e1nh s\u00e1ng t\u1ed1t, t\u00e1i t\u1ea1o m\u00e0u s\u1eafc trung th\u1ef1c CRI&gt;97,\u00a0 s\u1eed d\u1ee5ng chip led cao c\u1ea5p Cree v\u00e0 ngu\u1ed3n led ES isolated-driver gi\u00fap \u0111\u1ea3m b\u1ea3o tu\u1ed5i th\u1ecd \u0111\u00e8n led v\u1edbi th\u1eddi h\u1ea1n b\u1ea3o h\u00e0nh 3 n\u0103m.<\/p>\n<p><img decoding=\"async\" class=\"alignnone size-full wp-image-4396\" src=\"http:\/\/lyk-lighting.com\/wp-content\/uploads\/2023\/10\/Den-led-spotlight-chieu-diem-LAMAN-P339-6.jpg\" alt=\"\" width=\"1504\" height=\"831\" srcset=\"https:\/\/lyk-lighting.com\/wp-content\/uploads\/2023\/10\/Den-led-spotlight-chieu-diem-LAMAN-P339-6.jpg 1504w, https:\/\/lyk-lighting.com\/wp-content\/uploads\/2023\/10\/Den-led-spotlight-chieu-diem-LAMAN-P339-6-300x166.jpg 300w, https:\/\/lyk-lighting.com\/wp-content\/uploads\/2023\/10\/Den-led-spotlight-chieu-diem-LAMAN-P339-6-1024x566.jpg 1024w, https:\/\/lyk-lighting.com\/wp-content\/uploads\/2023\/10\/Den-led-spotlight-chieu-diem-LAMAN-P339-6-768x424.jpg 768w, https:\/\/lyk-lighting.com\/wp-content\/uploads\/2023\/10\/Den-led-spotlight-chieu-diem-LAMAN-P339-6-600x332.jpg 600w\" sizes=\"(max-width: 1504px) 100vw, 1504px\" \/><\/p>\n<p>H\u1ec7 \u0111\u00e8n spotlight chi\u1ebfu \u0111i\u1ec3m LAMAN P339 l\u00e0 lo\u1ea1i \u0111\u00e8n \u0111\u01b0\u1ee3c ho\u00e0n thi\u1ec7n v\u1edbi m\u1ee9c \u0111\u1ed9 cao, c\u00e1c chi ti\u1ebft \u0111\u00e8n \u0111\u01b0\u1ee3c s\u1ea3n xu\u1ea5t ch\u00ednh x\u00e1c \u0111\u1ec3 \u0111\u1ea3m b\u1ea3o \u0111\u1ed9 th\u1eabm m\u0129 v\u00e0 trau chu\u1ed1t c\u1ee7a s\u1ea3n ph\u1ea9m.<\/p>\n<p>S\u1ea3n ph\u1ea9m r\u1ea5t th\u00edch h\u1ee3p cho nh\u1eefng khu v\u1ef1c tr\u01b0ng b\u00e0y c\u00e1c s\u1ea3n ph\u1ea9m cao c\u1ea5p nh\u01b0 t\u00fai x\u00e1ch, \u0111\u1ed3ng h\u1ed3 th\u1eddi trang, n\u1eef trang\u00a0 v\u00e0ng b\u1ea1c, tr\u01b0ng b\u00e0y c\u00e1c m\u00f4 h\u00ecnh, hi\u1ec7n v\u1eadt&#8230; do c\u00f3 \u0111\u1ed9 ho\u00e0n m\u00e0u c\u1ef1c cao CRI&gt;97.<\/p>\n<p>B\u1ec1 ngo\u00e0i cao c\u1ea5p, t\u1ec9nh x\u1ea3o n\u00ean r\u1ea5t th\u00edch h\u1ee3p cho c\u00e1c h\u1ec7 t\u1ee7 tr\u01b0ng b\u00e0y hi\u1ec7n \u0111\u1ea1i c\u0169ng nh\u01b0 c\u1ed5 \u0111i\u1ec3n.<\/p>\n<p>C\u00f3 ch\u1ebf \u0111\u1ed9 zoom gi\u00fap \u0111i\u1ec1u ch\u1ec9nh \u0111\u1ed9 t\u1ee5 \u00e1nh s\u00e1ng t\u1ed1i \u01b0u theo kho\u1ea3ng c\u00e1ch chi\u1ebfu s\u00e1ng.<\/p>\n<p><img decoding=\"async\" class=\"alignnone size-full wp-image-4394\" src=\"http:\/\/lyk-lighting.com\/wp-content\/uploads\/2023\/10\/Den-led-spotlight-chieu-diem-LAMAN-P339-4.jpg\" alt=\"\" width=\"1484\" height=\"1048\" srcset=\"https:\/\/lyk-lighting.com\/wp-content\/uploads\/2023\/10\/Den-led-spotlight-chieu-diem-LAMAN-P339-4.jpg 1484w, https:\/\/lyk-lighting.com\/wp-content\/uploads\/2023\/10\/Den-led-spotlight-chieu-diem-LAMAN-P339-4-300x212.jpg 300w, https:\/\/lyk-lighting.com\/wp-content\/uploads\/2023\/10\/Den-led-spotlight-chieu-diem-LAMAN-P339-4-1024x723.jpg 1024w, https:\/\/lyk-lighting.com\/wp-content\/uploads\/2023\/10\/Den-led-spotlight-chieu-diem-LAMAN-P339-4-768x542.jpg 768w, https:\/\/lyk-lighting.com\/wp-content\/uploads\/2023\/10\/Den-led-spotlight-chieu-diem-LAMAN-P339-4-600x424.jpg 600w\" sizes=\"(max-width: 1484px) 100vw, 1484px\" \/> <img loading=\"lazy\" decoding=\"async\" class=\"alignnone size-full wp-image-4393\" src=\"http:\/\/lyk-lighting.com\/wp-content\/uploads\/2023\/10\/Den-led-spotlight-chieu-diem-LAMAN-P339-3.jpg\" alt=\"\" width=\"1463\" height=\"762\" srcset=\"https:\/\/lyk-lighting.com\/wp-content\/uploads\/2023\/10\/Den-led-spotlight-chieu-diem-LAMAN-P339-3.jpg 1463w, https:\/\/lyk-lighting.com\/wp-content\/uploads\/2023\/10\/Den-led-spotlight-chieu-diem-LAMAN-P339-3-300x156.jpg 300w, https:\/\/lyk-lighting.com\/wp-content\/uploads\/2023\/10\/Den-led-spotlight-chieu-diem-LAMAN-P339-3-1024x533.jpg 1024w, https:\/\/lyk-lighting.com\/wp-content\/uploads\/2023\/10\/Den-led-spotlight-chieu-diem-LAMAN-P339-3-768x400.jpg 768w, https:\/\/lyk-lighting.com\/wp-content\/uploads\/2023\/10\/Den-led-spotlight-chieu-diem-LAMAN-P339-3-600x313.jpg 600w\" sizes=\"(max-width: 1463px) 100vw, 1463px\" \/><\/p>\n<\/div>\n","protected":false},"excerpt":{"rendered":"<div id=\"short_description_content\" class=\"rte align_justify\">\n<div id=\"short_description_content\" class=\"rte align_justify\">\n<div id=\"short_description_content\" class=\"rte align_justify\">\n<div id=\"short_description_content\" class=\"rte align_justify\">\n<div id=\"short_description_content\" class=\"rte align_justify\">\n<div id=\"short_description_content\" class=\"rte align_justify\">\n<div id=\"short_description_content\" class=\"rte align_justify\">\n<div id=\"short_description_content\" class=\"rte align_justify\">\n<div id=\"short_description_content\" class=\"rte align_justify\">\n<div id=\"short_description_content\" class=\"rte align_justify\">\n<div id=\"short_description_content\" class=\"rte align_justify\">\n<div id=\"short_description_content\" class=\"rte align_justify\">\n<div id=\"short_description_content\" class=\"rte align_justify\">\n<div id=\"short_description_content\" class=\"rte align_justify\">\n<div id=\"short_description_content\" class=\"rte align_justify\">\n<div id=\"short_description_content\" class=\"rte align_justify\">\n<div id=\"short_description_content\" class=\"rte align_justify\">\n<div id=\"short_description_content\" class=\"rte align_justify\">\n<div id=\"short_description_content\" class=\"rte align_justify\">\n<div id=\"short_description_content\" class=\"rte align_justify\">\n<div id=\"short_description_content\" class=\"rte align_justify\">\n<div id=\"short_description_content\" class=\"rte align_justify\">\n<div id=\"short_description_content\" class=\"rte align_justify\">\n<div id=\"short_description_content\" class=\"rte align_justify\">\n<div id=\"short_description_content\" class=\"rte align_justify\">\n<div id=\"short_description_content\" class=\"rte align_justify\">\n<div id=\"short_description_content\" class=\"rte align_justify\">\n<div id=\"short_description_content\" class=\"rte align_justify\">\n<div id=\"short_description_content\" class=\"rte align_justify\">\n<div id=\"short_description_content\" class=\"rte align_justify\">\n<div id=\"short_description_content\" class=\"rte align_justify\">\n<div id=\"short_description_content\" class=\"rte align_justify\">\n<div id=\"short_description_content\" class=\"rte align_justify\">\n<div id=\"short_description_content\" class=\"rte align_justify\">\n<div id=\"short_description_content\" class=\"rte align_justify\">\n<div id=\"short_description_content\" class=\"rte align_justify\">\n<div id=\"short_description_content\" class=\"rte align_justify\">\n<div id=\"short_description_content\" class=\"rte align_justify\">\n<div id=\"short_description_content\" class=\"rte align_justify\">\n<div id=\"short_description_content\" class=\"rte align_justify\">\n<div id=\"short_description_content\" class=\"rte align_justify\">\n<div id=\"short_description_content\" class=\"rte align_justify\">\n<div id=\"short_description_content\" class=\"rte align_justify\">\n<div id=\"short_description_content\" class=\"rte align_justify\">\n<div id=\"short_description_content\" class=\"rte align_justify\">\n<div id=\"short_description_content\" class=\"rte align_justify\">\n<div id=\"short_description_content\" class=\"rte align_justify\">\n<div id=\"short_description_content\" class=\"rte align_justify\">\n<div id=\"short_description_content\" class=\"rte align_justify\">\n<div id=\"short_description_content\" class=\"rte align_justify\">\n<div id=\"short_description_content\" class=\"rte align_justify\">\n<div id=\"short_description_content\" class=\"rte align_justify\">\n<div id=\"short_description_content\" class=\"rte align_justify\">\n<div id=\"short_description_content\" class=\"rte align_justify\">\n<div id=\"short_description_content\" class=\"rte align_justify\">\n<div id=\"short_description_content\" class=\"rte align_justify\">\n<div id=\"short_description_content\" class=\"rte align_justify\">\n<div id=\"short_description_content\" class=\"rte align_justify\">\n<div id=\"short_description_content\" class=\"rte align_justify\">\n<div id=\"short_description_content\" class=\"rte align_justify\">\n<div id=\"short_description_content\" class=\"rte align_justify\">\n<div id=\"short_description_content\" class=\"rte align_justify\">\n<div id=\"short_description_content\" class=\"rte align_justify\">\n<div id=\"short_description_content\" class=\"rte align_justify\">\n<div id=\"short_description_content\" class=\"rte align_justify\">\n<div id=\"short_description_content\" class=\"rte align_justify\">\n<div id=\"short_description_content\" class=\"rte align_justify\">\n<div id=\"short_description_content\" class=\"rte align_justify\">\n<div id=\"short_description_content\" class=\"rte align_justify\">\n<div id=\"short_description_content\" class=\"rte align_justify\">\n<div id=\"short_description_content\" class=\"rte align_justify\">\n<div id=\"short_description_content\" class=\"rte align_justify\">\n<p>\u0110\u00e8n led spotlight chi\u1ebfu \u0111i\u1ec3m LAMAN P339 l\u00e0 d\u00f2ng \u0111\u00e8n \u00e2m tr\u1ea7n cao c\u1ea5p chuy\u00ean d\u00f9ng cho c\u00e1c c\u00f4ng tr\u00ecnh n\u1ed9i th\u1ea5t bi\u1ec7t th\u1ef1, kh\u00e1ch s\u1ea1n cao c\u1ea5p v\u1edbi thi\u1ebft k\u1ebf v\u01b0\u1ee3t tr\u1ed9i, ch\u1ea5t l\u01b0\u1ee3ng \u00e1nh s\u00e1ng tuy\u1ec7t h\u1ea3o.<\/p>\n<\/div>\n<\/div>\n<\/div>\n<\/div>\n<\/div>\n<\/div>\n<\/div>\n<\/div>\n<\/div>\n<\/div>\n<\/div>\n<\/div>\n<\/div>\n<\/div>\n<\/div>\n<\/div>\n<\/div>\n<\/div>\n<\/div>\n<\/div>\n<\/div>\n<\/div>\n<\/div>\n<\/div>\n<\/div>\n<\/div>\n<\/div>\n<\/div>\n<\/div>\n<\/div>\n<\/div>\n<\/div>\n<\/div>\n<\/div>\n<\/div>\n<\/div>\n<\/div>\n<\/div>\n<\/div>\n<\/div>\n<\/div>\n<\/div>\n<\/div>\n<\/div>\n<\/div>\n<\/div>\n<\/div>\n<\/div>\n<\/div>\n<\/div>\n<\/div>\n<\/div>\n<\/div>\n<\/div>\n<\/div>\n<\/div>\n<\/div>\n<\/div>\n<\/div>\n<\/div>\n<\/div>\n<\/div>\n<\/div>\n<\/div>\n<\/div>\n<\/div>\n<\/div>\n<\/div>\n<\/div>\n<\/div>\n<\/div>\n<\/div>\n","protected":false},"featured_media":4391,"template":"","meta":[],"product_cat":[174],"product_tag":[],"class_list":{"0":"post-4390","1":"product","2":"type-product","3":"status-publish","4":"has-post-thumbnail","6":"product_cat-den-downlight-am-tran","8":"first","9":"instock","10":"shipping-taxable","11":"product-type-simple"},"_links":{"self":[{"href":"https:\/\/lyk-lighting.com\/en\/wp-json\/wp\/v2\/product\/4390","targetHints":{"allow":["GET"]}}],"collection":[{"href":"https:\/\/lyk-lighting.com\/en\/wp-json\/wp\/v2\/product"}],"about":[{"href":"https:\/\/lyk-lighting.com\/en\/wp-json\/wp\/v2\/types\/product"}],"version-history":[{"count":1,"href":"https:\/\/lyk-lighting.com\/en\/wp-json\/wp\/v2\/product\/4390\/revisions"}],"predecessor-version":[{"id":17300,"href":"https:\/\/lyk-lighting.com\/en\/wp-json\/wp\/v2\/product\/4390\/revisions\/17300"}],"wp:featuredmedia":[{"embeddable":true,"href":"https:\/\/lyk-lighting.com\/en\/wp-json\/wp\/v2\/media\/4391"}],"wp:attachment":[{"href":"https:\/\/lyk-lighting.com\/en\/wp-json\/wp\/v2\/media?parent=4390"}],"wp:term":[{"taxonomy":"product_cat","embeddable":true,"href":"https:\/\/lyk-lighting.com\/en\/wp-json\/wp\/v2\/product_cat?post=4390"},{"taxonomy":"product_tag","embeddable":true,"href":"https:\/\/lyk-lighting.com\/en\/wp-json\/wp\/v2\/product_tag?post=4390"}],"curies":[{"name":"wp","href":"https:\/\/api.w.org\/{rel}","templated":true}]}}