{"id":4441,"date":"2025-01-18T08:44:11","date_gmt":"2025-01-18T01:44:11","guid":{"rendered":"http:\/\/lyk-lighting.com\/?post_type=product&#038;p=4441"},"modified":"2025-02-26T16:55:51","modified_gmt":"2025-02-26T09:55:51","slug":"den-led-spotlight-chieu-diem-sieu-nho-laman-8314","status":"publish","type":"product","link":"https:\/\/lyk-lighting.com\/en\/san-pham\/den-led-spotlight-chieu-diem-sieu-nho-laman-8314\/","title":{"rendered":"\u0110\u00e8n led spotlight chi\u1ebfu \u0111i\u1ec3m si\u00eau nh\u1ecf LAMAN 8314"},"content":{"rendered":"<h3>Th\u00f4ng s\u1ed1 k\u1ef9 thu\u1eadt \u0111\u00e8n th\u1ea3 trang tr\u00ed LAMAN 8314<\/h3>\n<div>\n<p>Wattage: 3W<br \/>\nCCT: 3000K\/4000K\/6000K<br \/>\nBeam Angle: 8\u00b0~40\u00b0<br \/>\nMaterial: Plating black<br \/>\nvoltage: AC220-240V<br \/>\nCatering, wine rack, bar<br \/>\nLumen: 50-60HZ<br \/>\nCRI: &gt;90<br \/>\nLumen: 180lm<br \/>\nHole size: 40MM<br \/>\nOptical configuration: lens<\/p>\n<h3>\u0110\u00e8n th\u1ea3 trang tr\u00ed LAMAN <strong>8314<\/strong><\/h3>\n<p><strong>\u0110\u00e8n led spotlight chi\u1ebfu \u0111i\u1ec3m \u00e2m tr\u1ea7n si\u00eau nh\u1ecf LAMAN 8314\u00a0<\/strong>l\u00e0 d\u00f2ng \u0111\u00e8n cao c\u1ea5p chuy\u00ean d\u00f9ng trong nh\u1eefng c\u00f4ng tr\u00ecnh c\u00f3 s\u1ef1 chau chu\u1ed1t v\u00e0 y\u00eau c\u1ea7u th\u1ea9m m\u0129 cao nh\u01b0 kh\u00e1ch s\u1ea1n, nh\u00e0 h\u00e0ng v\u00e0 vi\u1ec7n b\u1ea3o t\u00e0ng. S\u1ea3n ph\u1ea9m c\u00f3 \u0111\u1ed9 r\u1ecdi \u00e1nh s\u00e1ng t\u1ed1t, t\u00e1i t\u1ea1o m\u00e0u s\u1eafc trung th\u1ef1c CRI&gt;97,\u00a0 s\u1eed d\u1ee5ng chip led cao c\u1ea5p Cree v\u00e0 ngu\u1ed3n led ES isolated-driver gi\u00fap \u0111\u1ea3m b\u1ea3o tu\u1ed5i th\u1ecd \u0111\u00e8n led v\u1edbi th\u1eddi h\u1ea1n b\u1ea3o h\u00e0nh 3 n\u0103m.<\/p>\n<figure id=\"attachment_4445\" aria-describedby=\"caption-attachment-4445\" style=\"width: 1664px\" class=\"wp-caption alignnone\"><img fetchpriority=\"high\" decoding=\"async\" class=\"wp-image-4445 size-full\" src=\"http:\/\/lyk-lighting.com\/wp-content\/uploads\/2023\/10\/Den-led-spotlight-chieu-diem-sieu-nho-LAMAN-8314-1.jpg\" alt=\"\u0110\u00e8n led spotlight chi\u1ebfu \u0111i\u1ec3m si\u00eau nh\u1ecf LAMAN 8314\" width=\"1664\" height=\"975\" srcset=\"https:\/\/lyk-lighting.com\/wp-content\/uploads\/2023\/10\/Den-led-spotlight-chieu-diem-sieu-nho-LAMAN-8314-1.jpg 1664w, https:\/\/lyk-lighting.com\/wp-content\/uploads\/2023\/10\/Den-led-spotlight-chieu-diem-sieu-nho-LAMAN-8314-1-300x176.jpg 300w, https:\/\/lyk-lighting.com\/wp-content\/uploads\/2023\/10\/Den-led-spotlight-chieu-diem-sieu-nho-LAMAN-8314-1-1024x600.jpg 1024w, https:\/\/lyk-lighting.com\/wp-content\/uploads\/2023\/10\/Den-led-spotlight-chieu-diem-sieu-nho-LAMAN-8314-1-768x450.jpg 768w, https:\/\/lyk-lighting.com\/wp-content\/uploads\/2023\/10\/Den-led-spotlight-chieu-diem-sieu-nho-LAMAN-8314-1-1536x900.jpg 1536w, https:\/\/lyk-lighting.com\/wp-content\/uploads\/2023\/10\/Den-led-spotlight-chieu-diem-sieu-nho-LAMAN-8314-1-600x352.jpg 600w\" sizes=\"(max-width: 1664px) 100vw, 1664px\" \/><figcaption id=\"caption-attachment-4445\" class=\"wp-caption-text\">\u0110\u00e8n led spotlight chi\u1ebfu \u0111i\u1ec3m si\u00eau nh\u1ecf LAMAN 8314<\/figcaption><\/figure>\n<p>&nbsp;<\/p>\n<p>H\u1ec7 \u0111\u00e8n spotlight chi\u1ebfu \u0111i\u1ec3m mini si\u00eau nh\u1ecf LAMAN 8314 l\u00e0 lo\u1ea1i \u0111\u00e8n \u0111\u01b0\u1ee3c ho\u00e0n thi\u1ec7n v\u1edbi m\u1ee9c \u0111\u1ed9 cao, c\u00e1c chi ti\u1ebft \u0111\u00e8n \u0111\u01b0\u1ee3c s\u1ea3n xu\u1ea5t ch\u00ednh x\u00e1c \u0111\u1ec3 \u0111\u1ea3m b\u1ea3o \u0111\u1ed9 th\u1eabm m\u0129 v\u00e0 trau chu\u1ed1t c\u1ee7a s\u1ea3n ph\u1ea9m.<\/p>\n<p>S\u1ea3n ph\u1ea9m r\u1ea5t th\u00edch h\u1ee3p cho nh\u1eefng khu v\u1ef1c tr\u01b0ng b\u00e0y c\u00e1c s\u1ea3n ph\u1ea9m cao c\u1ea5p nh\u01b0 t\u00fai x\u00e1ch, \u0111\u1ed3ng h\u1ed3 th\u1eddi trang, n\u1eef trang\u00a0 v\u00e0ng b\u1ea1c, tr\u01b0ng b\u00e0y c\u00e1c m\u00f4 h\u00ecnh, hi\u1ec7n v\u1eadt&#8230; do c\u00f3 \u0111\u1ed9 ho\u00e0n m\u00e0u c\u1ef1c cao CRI&gt;97.<\/p>\n<p>B\u1ec1 ngo\u00e0i cao c\u1ea5p, t\u1ec9nh x\u1ea3o n\u00ean r\u1ea5t th\u00edch h\u1ee3p cho c\u00e1c h\u1ec7 t\u1ee7 tr\u01b0ng b\u00e0y hi\u1ec7n \u0111\u1ea1i c\u0169ng nh\u01b0 c\u1ed5 \u0111i\u1ec3n.<\/p>\n<p>C\u00f3 ch\u1ebf \u0111\u1ed9 zoom gi\u00fap \u0111i\u1ec1u ch\u1ec9nh \u0111\u1ed9 t\u1ee5 \u00e1nh s\u00e1ng t\u1ed1i \u01b0u theo kho\u1ea3ng c\u00e1ch chi\u1ebfu s\u00e1ng.<\/p>\n<figure id=\"attachment_4446\" aria-describedby=\"caption-attachment-4446\" style=\"width: 1410px\" class=\"wp-caption alignnone\"><img decoding=\"async\" class=\"wp-image-4446 size-full\" src=\"http:\/\/lyk-lighting.com\/wp-content\/uploads\/2023\/10\/Den-led-spotlight-chieu-diem-sieu-nho-LAMAN-8314-2.jpg\" alt=\"\u0110\u00e8n led spotlight chi\u1ebfu \u0111i\u1ec3m si\u00eau nh\u1ecf LAMAN 8314\" width=\"1410\" height=\"1195\" srcset=\"https:\/\/lyk-lighting.com\/wp-content\/uploads\/2023\/10\/Den-led-spotlight-chieu-diem-sieu-nho-LAMAN-8314-2.jpg 1410w, https:\/\/lyk-lighting.com\/wp-content\/uploads\/2023\/10\/Den-led-spotlight-chieu-diem-sieu-nho-LAMAN-8314-2-300x254.jpg 300w, https:\/\/lyk-lighting.com\/wp-content\/uploads\/2023\/10\/Den-led-spotlight-chieu-diem-sieu-nho-LAMAN-8314-2-1024x868.jpg 1024w, https:\/\/lyk-lighting.com\/wp-content\/uploads\/2023\/10\/Den-led-spotlight-chieu-diem-sieu-nho-LAMAN-8314-2-768x651.jpg 768w, https:\/\/lyk-lighting.com\/wp-content\/uploads\/2023\/10\/Den-led-spotlight-chieu-diem-sieu-nho-LAMAN-8314-2-600x509.jpg 600w\" sizes=\"(max-width: 1410px) 100vw, 1410px\" \/><figcaption id=\"caption-attachment-4446\" class=\"wp-caption-text\">\u0110\u00e8n led spotlight chi\u1ebfu \u0111i\u1ec3m si\u00eau nh\u1ecf LAMAN 8314<\/figcaption><\/figure>\n<p><img decoding=\"async\" class=\"alignnone size-full wp-image-4442\" src=\"http:\/\/lyk-lighting.com\/wp-content\/uploads\/2023\/10\/Den-led-spotlight-chieu-diem-sieu-nho-LAMAN-8314-3.jpg\" alt=\"\" width=\"1612\" height=\"1268\" srcset=\"https:\/\/lyk-lighting.com\/wp-content\/uploads\/2023\/10\/Den-led-spotlight-chieu-diem-sieu-nho-LAMAN-8314-3.jpg 1612w, https:\/\/lyk-lighting.com\/wp-content\/uploads\/2023\/10\/Den-led-spotlight-chieu-diem-sieu-nho-LAMAN-8314-3-300x236.jpg 300w, https:\/\/lyk-lighting.com\/wp-content\/uploads\/2023\/10\/Den-led-spotlight-chieu-diem-sieu-nho-LAMAN-8314-3-1024x805.jpg 1024w, https:\/\/lyk-lighting.com\/wp-content\/uploads\/2023\/10\/Den-led-spotlight-chieu-diem-sieu-nho-LAMAN-8314-3-768x604.jpg 768w, https:\/\/lyk-lighting.com\/wp-content\/uploads\/2023\/10\/Den-led-spotlight-chieu-diem-sieu-nho-LAMAN-8314-3-1536x1208.jpg 1536w, https:\/\/lyk-lighting.com\/wp-content\/uploads\/2023\/10\/Den-led-spotlight-chieu-diem-sieu-nho-LAMAN-8314-3-600x472.jpg 600w\" sizes=\"(max-width: 1612px) 100vw, 1612px\" \/> <img loading=\"lazy\" decoding=\"async\" class=\"alignnone size-full wp-image-4443\" src=\"http:\/\/lyk-lighting.com\/wp-content\/uploads\/2023\/10\/Den-led-spotlight-chieu-diem-sieu-nho-LAMAN-8314-4.jpg\" alt=\"\" width=\"1665\" height=\"870\" srcset=\"https:\/\/lyk-lighting.com\/wp-content\/uploads\/2023\/10\/Den-led-spotlight-chieu-diem-sieu-nho-LAMAN-8314-4.jpg 1665w, https:\/\/lyk-lighting.com\/wp-content\/uploads\/2023\/10\/Den-led-spotlight-chieu-diem-sieu-nho-LAMAN-8314-4-300x157.jpg 300w, https:\/\/lyk-lighting.com\/wp-content\/uploads\/2023\/10\/Den-led-spotlight-chieu-diem-sieu-nho-LAMAN-8314-4-1024x535.jpg 1024w, https:\/\/lyk-lighting.com\/wp-content\/uploads\/2023\/10\/Den-led-spotlight-chieu-diem-sieu-nho-LAMAN-8314-4-768x401.jpg 768w, https:\/\/lyk-lighting.com\/wp-content\/uploads\/2023\/10\/Den-led-spotlight-chieu-diem-sieu-nho-LAMAN-8314-4-1536x803.jpg 1536w, https:\/\/lyk-lighting.com\/wp-content\/uploads\/2023\/10\/Den-led-spotlight-chieu-diem-sieu-nho-LAMAN-8314-4-600x314.jpg 600w\" sizes=\"(max-width: 1665px) 100vw, 1665px\" \/><\/p>\n<\/div>\n","protected":false},"excerpt":{"rendered":"<div id=\"short_description_content\" class=\"rte align_justify\">\n<div id=\"short_description_content\" class=\"rte align_justify\">\n<div id=\"short_description_content\" class=\"rte align_justify\">\n<div id=\"short_description_content\" class=\"rte align_justify\">\n<div id=\"short_description_content\" class=\"rte align_justify\">\n<div id=\"short_description_content\" class=\"rte align_justify\">\n<div id=\"short_description_content\" class=\"rte align_justify\">\n<div id=\"short_description_content\" class=\"rte align_justify\">\n<div id=\"short_description_content\" class=\"rte align_justify\">\n<div id=\"short_description_content\" class=\"rte align_justify\">\n<div id=\"short_description_content\" class=\"rte align_justify\">\n<div id=\"short_description_content\" class=\"rte align_justify\">\n<div id=\"short_description_content\" class=\"rte align_justify\">\n<div id=\"short_description_content\" class=\"rte align_justify\">\n<div id=\"short_description_content\" class=\"rte align_justify\">\n<div id=\"short_description_content\" class=\"rte align_justify\">\n<div id=\"short_description_content\" class=\"rte align_justify\">\n<div id=\"short_description_content\" class=\"rte align_justify\">\n<div id=\"short_description_content\" class=\"rte align_justify\">\n<div id=\"short_description_content\" class=\"rte align_justify\">\n<div id=\"short_description_content\" class=\"rte align_justify\">\n<div id=\"short_description_content\" class=\"rte align_justify\">\n<div id=\"short_description_content\" class=\"rte align_justify\">\n<div id=\"short_description_content\" class=\"rte align_justify\">\n<div id=\"short_description_content\" class=\"rte align_justify\">\n<div id=\"short_description_content\" class=\"rte align_justify\">\n<div id=\"short_description_content\" class=\"rte align_justify\">\n<div id=\"short_description_content\" class=\"rte align_justify\">\n<div id=\"short_description_content\" class=\"rte align_justify\">\n<div id=\"short_description_content\" class=\"rte align_justify\">\n<div id=\"short_description_content\" class=\"rte align_justify\">\n<div id=\"short_description_content\" class=\"rte align_justify\">\n<div id=\"short_description_content\" class=\"rte align_justify\">\n<div id=\"short_description_content\" class=\"rte align_justify\">\n<div id=\"short_description_content\" class=\"rte align_justify\">\n<div id=\"short_description_content\" class=\"rte align_justify\">\n<div id=\"short_description_content\" class=\"rte align_justify\">\n<div id=\"short_description_content\" class=\"rte align_justify\">\n<div id=\"short_description_content\" class=\"rte align_justify\">\n<div id=\"short_description_content\" class=\"rte align_justify\">\n<div id=\"short_description_content\" class=\"rte align_justify\">\n<div id=\"short_description_content\" class=\"rte align_justify\">\n<div id=\"short_description_content\" class=\"rte align_justify\">\n<div id=\"short_description_content\" class=\"rte align_justify\">\n<div id=\"short_description_content\" class=\"rte align_justify\">\n<div id=\"short_description_content\" class=\"rte align_justify\">\n<div id=\"short_description_content\" class=\"rte align_justify\">\n<div id=\"short_description_content\" class=\"rte align_justify\">\n<div id=\"short_description_content\" class=\"rte align_justify\">\n<div id=\"short_description_content\" class=\"rte align_justify\">\n<div id=\"short_description_content\" class=\"rte align_justify\">\n<div id=\"short_description_content\" class=\"rte align_justify\">\n<div id=\"short_description_content\" class=\"rte align_justify\">\n<div id=\"short_description_content\" class=\"rte align_justify\">\n<div id=\"short_description_content\" class=\"rte align_justify\">\n<div id=\"short_description_content\" class=\"rte align_justify\">\n<div id=\"short_description_content\" class=\"rte align_justify\">\n<div id=\"short_description_content\" class=\"rte align_justify\">\n<div id=\"short_description_content\" class=\"rte align_justify\">\n<div id=\"short_description_content\" class=\"rte align_justify\">\n<div id=\"short_description_content\" class=\"rte align_justify\">\n<div id=\"short_description_content\" class=\"rte align_justify\">\n<div id=\"short_description_content\" class=\"rte align_justify\">\n<div id=\"short_description_content\" class=\"rte align_justify\">\n<div id=\"short_description_content\" class=\"rte align_justify\">\n<div id=\"short_description_content\" class=\"rte align_justify\">\n<div id=\"short_description_content\" class=\"rte align_justify\">\n<div id=\"short_description_content\" class=\"rte align_justify\">\n<div id=\"short_description_content\" class=\"rte align_justify\">\n<div id=\"short_description_content\" class=\"rte align_justify\">\n<div id=\"short_description_content\" class=\"rte align_justify\">\n<div id=\"short_description_content\" class=\"rte align_justify\">\n<div id=\"short_description_content\" class=\"rte align_justify\">\n<p>\u0110\u00e8n led spotlight chi\u1ebfu \u0111i\u1ec3m si\u00eau nh\u1ecf LAMAN 8314 l\u00e0 d\u00f2ng \u0111\u00e8n \u00e2m tr\u1ea7n cao c\u1ea5p chuy\u00ean d\u00f9ng cho c\u00e1c c\u00f4ng tr\u00ecnh n\u1ed9i th\u1ea5t bi\u1ec7t th\u1ef1, kh\u00e1ch s\u1ea1n cao c\u1ea5p v\u1edbi thi\u1ebft k\u1ebf v\u01b0\u1ee3t tr\u1ed9i, ch\u1ea5t l\u01b0\u1ee3ng \u00e1nh s\u00e1ng tuy\u1ec7t h\u1ea3o.<\/p>\n<\/div>\n<\/div>\n<\/div>\n<\/div>\n<\/div>\n<\/div>\n<\/div>\n<\/div>\n<\/div>\n<\/div>\n<\/div>\n<\/div>\n<\/div>\n<\/div>\n<\/div>\n<\/div>\n<\/div>\n<\/div>\n<\/div>\n<\/div>\n<\/div>\n<\/div>\n<\/div>\n<\/div>\n<\/div>\n<\/div>\n<\/div>\n<\/div>\n<\/div>\n<\/div>\n<\/div>\n<\/div>\n<\/div>\n<\/div>\n<\/div>\n<\/div>\n<\/div>\n<\/div>\n<\/div>\n<\/div>\n<\/div>\n<\/div>\n<\/div>\n<\/div>\n<\/div>\n<\/div>\n<\/div>\n<\/div>\n<\/div>\n<\/div>\n<\/div>\n<\/div>\n<\/div>\n<\/div>\n<\/div>\n<\/div>\n<\/div>\n<\/div>\n<\/div>\n<\/div>\n<\/div>\n<\/div>\n<\/div>\n<\/div>\n<\/div>\n<\/div>\n<\/div>\n<\/div>\n<\/div>\n<\/div>\n<\/div>\n<\/div>\n<\/div>\n","protected":false},"featured_media":4444,"template":"","meta":[],"product_cat":[174],"product_tag":[],"class_list":{"0":"post-4441","1":"product","2":"type-product","3":"status-publish","4":"has-post-thumbnail","6":"product_cat-den-downlight-am-tran","8":"first","9":"instock","10":"shipping-taxable","11":"product-type-simple"},"_links":{"self":[{"href":"https:\/\/lyk-lighting.com\/en\/wp-json\/wp\/v2\/product\/4441","targetHints":{"allow":["GET"]}}],"collection":[{"href":"https:\/\/lyk-lighting.com\/en\/wp-json\/wp\/v2\/product"}],"about":[{"href":"https:\/\/lyk-lighting.com\/en\/wp-json\/wp\/v2\/types\/product"}],"version-history":[{"count":1,"href":"https:\/\/lyk-lighting.com\/en\/wp-json\/wp\/v2\/product\/4441\/revisions"}],"predecessor-version":[{"id":17299,"href":"https:\/\/lyk-lighting.com\/en\/wp-json\/wp\/v2\/product\/4441\/revisions\/17299"}],"wp:featuredmedia":[{"embeddable":true,"href":"https:\/\/lyk-lighting.com\/en\/wp-json\/wp\/v2\/media\/4444"}],"wp:attachment":[{"href":"https:\/\/lyk-lighting.com\/en\/wp-json\/wp\/v2\/media?parent=4441"}],"wp:term":[{"taxonomy":"product_cat","embeddable":true,"href":"https:\/\/lyk-lighting.com\/en\/wp-json\/wp\/v2\/product_cat?post=4441"},{"taxonomy":"product_tag","embeddable":true,"href":"https:\/\/lyk-lighting.com\/en\/wp-json\/wp\/v2\/product_tag?post=4441"}],"curies":[{"name":"wp","href":"https:\/\/api.w.org\/{rel}","templated":true}]}}