{"id":4447,"date":"2025-01-18T08:54:36","date_gmt":"2025-01-18T01:54:36","guid":{"rendered":"http:\/\/lyk-lighting.com\/?post_type=product&#038;p=4447"},"modified":"2025-02-26T16:55:46","modified_gmt":"2025-02-26T09:55:46","slug":"den-spotlight-am-tran-cao-cap-laman-7703","status":"publish","type":"product","link":"https:\/\/lyk-lighting.com\/en\/san-pham\/den-spotlight-am-tran-cao-cap-laman-7703\/","title":{"rendered":"\u0110\u00e8n spotlight \u00e2m tr\u1ea7n cao c\u1ea5p LAMAN 7703"},"content":{"rendered":"<h3>Th\u00f4ng s\u1ed1 k\u1ef9 thu\u1eadt \u0111\u00e8n spotlight \u00e2m tr\u1ea7n cao c\u1ea5p LAMAN 7703<\/h3>\n<figure id=\"attachment_4450\" aria-describedby=\"caption-attachment-4450\" style=\"width: 799px\" class=\"wp-caption alignnone\"><img fetchpriority=\"high\" decoding=\"async\" class=\"wp-image-4450 size-full\" src=\"http:\/\/lyk-lighting.com\/wp-content\/uploads\/2023\/10\/Den-spotlight-am-tran-cao-cap-LAMAN-7703-3.jpg\" alt=\"Th\u00f4ng s\u1ed1 k\u1ef9 thu\u1eadt \u0111\u00e8n spotlight \u00e2m tr\u1ea7n cao c\u1ea5p LAMAN 7703\" width=\"799\" height=\"635\" srcset=\"https:\/\/lyk-lighting.com\/wp-content\/uploads\/2023\/10\/Den-spotlight-am-tran-cao-cap-LAMAN-7703-3.jpg 799w, https:\/\/lyk-lighting.com\/wp-content\/uploads\/2023\/10\/Den-spotlight-am-tran-cao-cap-LAMAN-7703-3-300x238.jpg 300w, https:\/\/lyk-lighting.com\/wp-content\/uploads\/2023\/10\/Den-spotlight-am-tran-cao-cap-LAMAN-7703-3-768x610.jpg 768w, https:\/\/lyk-lighting.com\/wp-content\/uploads\/2023\/10\/Den-spotlight-am-tran-cao-cap-LAMAN-7703-3-600x477.jpg 600w\" sizes=\"(max-width: 799px) 100vw, 799px\" \/><figcaption id=\"caption-attachment-4450\" class=\"wp-caption-text\">Th\u00f4ng s\u1ed1 k\u1ef9 thu\u1eadt \u0111\u00e8n spotlight \u00e2m tr\u1ea7n cao c\u1ea5p LAMAN 7703<\/figcaption><\/figure>\n<h3>\u0110\u00e8n spotlight \u00e2m tr\u1ea7n cao c\u1ea5p LAMAN 7703<\/h3>\n<div>\n<p><strong>\u0110\u00e8n downlight \u00e2m tr\u1ea7n cao c\u1ea5p LAMAN 7703\u00a0<\/strong>l\u00e0 d\u00f2ng \u0111\u00e8n cao c\u1ea5p chuy\u00ean d\u00f9ng trong nh\u1eefng c\u00f4ng tr\u00ecnh c\u00f3 s\u1ef1 chau chu\u1ed1t v\u00e0 y\u00eau c\u1ea7u th\u1ea9m m\u0129 cao nh\u01b0 kh\u00e1ch s\u1ea1n, nh\u00e0 h\u00e0ng v\u00e0 vi\u1ec7n b\u1ea3o t\u00e0ng. S\u1ea3n ph\u1ea9m c\u00f3 \u0111\u1ed9 r\u1ecdi \u00e1nh s\u00e1ng t\u1ed1t, t\u00e1i t\u1ea1o m\u00e0u s\u1eafc trung th\u1ef1c CRI&gt;97,\u00a0 s\u1eed d\u1ee5ng chip led cao c\u1ea5p Cree v\u00e0 ngu\u1ed3n led ES isolated-driver gi\u00fap \u0111\u1ea3m b\u1ea3o tu\u1ed5i th\u1ecd \u0111\u00e8n led v\u1edbi th\u1eddi h\u1ea1n b\u1ea3o h\u00e0nh 3 n\u0103m.<\/p>\n<figure id=\"attachment_4448\" aria-describedby=\"caption-attachment-4448\" style=\"width: 838px\" class=\"wp-caption alignnone\"><img decoding=\"async\" class=\"wp-image-4448 size-full\" src=\"http:\/\/lyk-lighting.com\/wp-content\/uploads\/2023\/10\/Den-spotlight-am-tran-cao-cap-LAMAN-7703-1.jpg\" alt=\"\u0110\u00e8n spotlight \u00e2m tr\u1ea7n cao c\u1ea5p LAMAN 7703\" width=\"838\" height=\"564\" srcset=\"https:\/\/lyk-lighting.com\/wp-content\/uploads\/2023\/10\/Den-spotlight-am-tran-cao-cap-LAMAN-7703-1.jpg 838w, https:\/\/lyk-lighting.com\/wp-content\/uploads\/2023\/10\/Den-spotlight-am-tran-cao-cap-LAMAN-7703-1-300x202.jpg 300w, https:\/\/lyk-lighting.com\/wp-content\/uploads\/2023\/10\/Den-spotlight-am-tran-cao-cap-LAMAN-7703-1-768x517.jpg 768w, https:\/\/lyk-lighting.com\/wp-content\/uploads\/2023\/10\/Den-spotlight-am-tran-cao-cap-LAMAN-7703-1-600x404.jpg 600w\" sizes=\"(max-width: 838px) 100vw, 838px\" \/><figcaption id=\"caption-attachment-4448\" class=\"wp-caption-text\">\u0110\u00e8n spotlight \u00e2m tr\u1ea7n cao c\u1ea5p LAMAN 7703<\/figcaption><\/figure>\n<p><strong>D\u00f2ng \u0111\u00e8n downlight \u00e2m tr\u1ea7n cao c\u1ea5p LAMAN 7703<\/strong> c\u00f3 th\u1ec3 gi\u00fap b\u1ea1n l\u1ef1a ch\u1ecdn module k\u1ebft n\u1ed1i v\u00e0 l\u1eafp \u0111\u1eb7t \u0111\u00e8n theo y\u00eau c\u1ea7u thi\u1ebft k\u1ebf kh\u1eaft khe nh\u1ea5t. C\u00f3 c\u00e1c c\u1ee5m \u0111\u00e8n d\u1ea1ng 1 b\u00f3ng, 3 b\u00f3ng, 4 b\u00f3ng, 5 b\u00f3ng, 9 b\u00f3ng, 10 b\u00f3ng.<\/p>\n<figure id=\"attachment_4449\" aria-describedby=\"caption-attachment-4449\" style=\"width: 749px\" class=\"wp-caption alignnone\"><img decoding=\"async\" class=\"wp-image-4449 size-full\" src=\"http:\/\/lyk-lighting.com\/wp-content\/uploads\/2023\/10\/Den-spotlight-am-tran-cao-cap-LAMAN-7703-2.jpg\" alt=\"\u0110\u00e8n spotlight \u00e2m tr\u1ea7n cao c\u1ea5p LAMAN 7703\" width=\"749\" height=\"579\" srcset=\"https:\/\/lyk-lighting.com\/wp-content\/uploads\/2023\/10\/Den-spotlight-am-tran-cao-cap-LAMAN-7703-2.jpg 749w, https:\/\/lyk-lighting.com\/wp-content\/uploads\/2023\/10\/Den-spotlight-am-tran-cao-cap-LAMAN-7703-2-300x232.jpg 300w, https:\/\/lyk-lighting.com\/wp-content\/uploads\/2023\/10\/Den-spotlight-am-tran-cao-cap-LAMAN-7703-2-600x464.jpg 600w\" sizes=\"(max-width: 749px) 100vw, 749px\" \/><figcaption id=\"caption-attachment-4449\" class=\"wp-caption-text\">\u0110\u00e8n spotlight \u00e2m tr\u1ea7n cao c\u1ea5p LAMAN 7703<\/figcaption><\/figure>\n<figure id=\"attachment_4451\" aria-describedby=\"caption-attachment-4451\" style=\"width: 837px\" class=\"wp-caption alignnone\"><img loading=\"lazy\" decoding=\"async\" class=\"wp-image-4451 size-full\" src=\"http:\/\/lyk-lighting.com\/wp-content\/uploads\/2023\/10\/Den-spotlight-am-tran-cao-cap-LAMAN-7703-4.jpg\" alt=\"\u0110\u00e8n spotlight \u00e2m tr\u1ea7n cao c\u1ea5p LAMAN 7703\" width=\"837\" height=\"435\" srcset=\"https:\/\/lyk-lighting.com\/wp-content\/uploads\/2023\/10\/Den-spotlight-am-tran-cao-cap-LAMAN-7703-4.jpg 837w, https:\/\/lyk-lighting.com\/wp-content\/uploads\/2023\/10\/Den-spotlight-am-tran-cao-cap-LAMAN-7703-4-300x156.jpg 300w, https:\/\/lyk-lighting.com\/wp-content\/uploads\/2023\/10\/Den-spotlight-am-tran-cao-cap-LAMAN-7703-4-768x399.jpg 768w, https:\/\/lyk-lighting.com\/wp-content\/uploads\/2023\/10\/Den-spotlight-am-tran-cao-cap-LAMAN-7703-4-600x312.jpg 600w\" sizes=\"(max-width: 837px) 100vw, 837px\" \/><figcaption id=\"caption-attachment-4451\" class=\"wp-caption-text\">\u0110\u00e8n spotlight \u00e2m tr\u1ea7n cao c\u1ea5p LAMAN 7703<\/figcaption><\/figure>\n<\/div>\n","protected":false},"excerpt":{"rendered":"<div id=\"short_description_content\" class=\"rte align_justify\">\n<div id=\"short_description_content\" class=\"rte align_justify\">\n<div id=\"short_description_content\" class=\"rte align_justify\">\n<div id=\"short_description_content\" class=\"rte align_justify\">\n<div id=\"short_description_content\" class=\"rte align_justify\">\n<div id=\"short_description_content\" class=\"rte align_justify\">\n<div id=\"short_description_content\" class=\"rte align_justify\">\n<div id=\"short_description_content\" class=\"rte align_justify\">\n<div id=\"short_description_content\" class=\"rte align_justify\">\n<div id=\"short_description_content\" class=\"rte align_justify\">\n<div id=\"short_description_content\" class=\"rte align_justify\">\n<div id=\"short_description_content\" class=\"rte align_justify\">\n<div id=\"short_description_content\" class=\"rte align_justify\">\n<div id=\"short_description_content\" class=\"rte align_justify\">\n<div id=\"short_description_content\" class=\"rte align_justify\">\n<div id=\"short_description_content\" class=\"rte align_justify\">\n<div id=\"short_description_content\" class=\"rte align_justify\">\n<div id=\"short_description_content\" class=\"rte align_justify\">\n<div id=\"short_description_content\" class=\"rte align_justify\">\n<div id=\"short_description_content\" class=\"rte align_justify\">\n<div id=\"short_description_content\" class=\"rte align_justify\">\n<div id=\"short_description_content\" class=\"rte align_justify\">\n<div id=\"short_description_content\" class=\"rte align_justify\">\n<div id=\"short_description_content\" class=\"rte align_justify\">\n<div id=\"short_description_content\" class=\"rte align_justify\">\n<div id=\"short_description_content\" class=\"rte align_justify\">\n<div id=\"short_description_content\" class=\"rte align_justify\">\n<div id=\"short_description_content\" class=\"rte align_justify\">\n<div id=\"short_description_content\" class=\"rte align_justify\">\n<div id=\"short_description_content\" class=\"rte align_justify\">\n<div id=\"short_description_content\" class=\"rte align_justify\">\n<div id=\"short_description_content\" class=\"rte align_justify\">\n<div id=\"short_description_content\" class=\"rte align_justify\">\n<div id=\"short_description_content\" class=\"rte align_justify\">\n<div id=\"short_description_content\" class=\"rte align_justify\">\n<div id=\"short_description_content\" class=\"rte align_justify\">\n<div id=\"short_description_content\" class=\"rte align_justify\">\n<div id=\"short_description_content\" class=\"rte align_justify\">\n<div id=\"short_description_content\" class=\"rte align_justify\">\n<div id=\"short_description_content\" class=\"rte align_justify\">\n<div id=\"short_description_content\" class=\"rte align_justify\">\n<div id=\"short_description_content\" class=\"rte align_justify\">\n<div id=\"short_description_content\" class=\"rte align_justify\">\n<div id=\"short_description_content\" class=\"rte align_justify\">\n<div id=\"short_description_content\" class=\"rte align_justify\">\n<div id=\"short_description_content\" class=\"rte align_justify\">\n<div id=\"short_description_content\" class=\"rte align_justify\">\n<div id=\"short_description_content\" class=\"rte align_justify\">\n<div id=\"short_description_content\" class=\"rte align_justify\">\n<div id=\"short_description_content\" class=\"rte align_justify\">\n<div id=\"short_description_content\" class=\"rte align_justify\">\n<div id=\"short_description_content\" class=\"rte align_justify\">\n<div id=\"short_description_content\" class=\"rte align_justify\">\n<div id=\"short_description_content\" class=\"rte align_justify\">\n<div id=\"short_description_content\" class=\"rte align_justify\">\n<div id=\"short_description_content\" class=\"rte align_justify\">\n<div id=\"short_description_content\" class=\"rte align_justify\">\n<div id=\"short_description_content\" class=\"rte align_justify\">\n<div id=\"short_description_content\" class=\"rte align_justify\">\n<div id=\"short_description_content\" class=\"rte align_justify\">\n<div id=\"short_description_content\" class=\"rte align_justify\">\n<div id=\"short_description_content\" class=\"rte align_justify\">\n<div id=\"short_description_content\" class=\"rte align_justify\">\n<div id=\"short_description_content\" class=\"rte align_justify\">\n<div id=\"short_description_content\" class=\"rte align_justify\">\n<div id=\"short_description_content\" class=\"rte align_justify\">\n<div id=\"short_description_content\" class=\"rte align_justify\">\n<div id=\"short_description_content\" class=\"rte align_justify\">\n<div id=\"short_description_content\" class=\"rte align_justify\">\n<div id=\"short_description_content\" class=\"rte align_justify\">\n<div id=\"short_description_content\" class=\"rte align_justify\">\n<div id=\"short_description_content\" class=\"rte align_justify\">\n<div id=\"short_description_content\" class=\"rte align_justify\">\n<div id=\"short_description_content\" class=\"rte align_justify\">\n<p>\u0110\u00e8n led spotlight \u00e2m tr\u1ea7n LAMAN 7703 l\u00e0 d\u00f2ng \u0111\u00e8n \u00e2m tr\u1ea7n cao c\u1ea5p chuy\u00ean d\u00f9ng cho c\u00e1c c\u00f4ng tr\u00ecnh n\u1ed9i th\u1ea5t bi\u1ec7t th\u1ef1, kh\u00e1ch s\u1ea1n cao c\u1ea5p v\u1edbi thi\u1ebft k\u1ebf v\u01b0\u1ee3t tr\u1ed9i, ch\u1ea5t l\u01b0\u1ee3ng \u00e1nh s\u00e1ng tuy\u1ec7t h\u1ea3o.<\/p>\n<\/div>\n<\/div>\n<\/div>\n<\/div>\n<\/div>\n<\/div>\n<\/div>\n<\/div>\n<\/div>\n<\/div>\n<\/div>\n<\/div>\n<\/div>\n<\/div>\n<\/div>\n<\/div>\n<\/div>\n<\/div>\n<\/div>\n<\/div>\n<\/div>\n<\/div>\n<\/div>\n<\/div>\n<\/div>\n<\/div>\n<\/div>\n<\/div>\n<\/div>\n<\/div>\n<\/div>\n<\/div>\n<\/div>\n<\/div>\n<\/div>\n<\/div>\n<\/div>\n<\/div>\n<\/div>\n<\/div>\n<\/div>\n<\/div>\n<\/div>\n<\/div>\n<\/div>\n<\/div>\n<\/div>\n<\/div>\n<\/div>\n<\/div>\n<\/div>\n<\/div>\n<\/div>\n<\/div>\n<\/div>\n<\/div>\n<\/div>\n<\/div>\n<\/div>\n<\/div>\n<\/div>\n<\/div>\n<\/div>\n<\/div>\n<\/div>\n<\/div>\n<\/div>\n<\/div>\n<\/div>\n<\/div>\n<\/div>\n<\/div>\n<\/div>\n<\/div>\n","protected":false},"featured_media":4452,"template":"","meta":[],"product_cat":[174],"product_tag":[],"class_list":{"0":"post-4447","1":"product","2":"type-product","3":"status-publish","4":"has-post-thumbnail","6":"product_cat-den-downlight-am-tran","8":"first","9":"instock","10":"shipping-taxable","11":"product-type-simple"},"_links":{"self":[{"href":"https:\/\/lyk-lighting.com\/en\/wp-json\/wp\/v2\/product\/4447","targetHints":{"allow":["GET"]}}],"collection":[{"href":"https:\/\/lyk-lighting.com\/en\/wp-json\/wp\/v2\/product"}],"about":[{"href":"https:\/\/lyk-lighting.com\/en\/wp-json\/wp\/v2\/types\/product"}],"version-history":[{"count":1,"href":"https:\/\/lyk-lighting.com\/en\/wp-json\/wp\/v2\/product\/4447\/revisions"}],"predecessor-version":[{"id":17298,"href":"https:\/\/lyk-lighting.com\/en\/wp-json\/wp\/v2\/product\/4447\/revisions\/17298"}],"wp:featuredmedia":[{"embeddable":true,"href":"https:\/\/lyk-lighting.com\/en\/wp-json\/wp\/v2\/media\/4452"}],"wp:attachment":[{"href":"https:\/\/lyk-lighting.com\/en\/wp-json\/wp\/v2\/media?parent=4447"}],"wp:term":[{"taxonomy":"product_cat","embeddable":true,"href":"https:\/\/lyk-lighting.com\/en\/wp-json\/wp\/v2\/product_cat?post=4447"},{"taxonomy":"product_tag","embeddable":true,"href":"https:\/\/lyk-lighting.com\/en\/wp-json\/wp\/v2\/product_tag?post=4447"}],"curies":[{"name":"wp","href":"https:\/\/api.w.org\/{rel}","templated":true}]}}