{"id":4459,"date":"2023-10-18T10:06:48","date_gmt":"2023-10-18T03:06:48","guid":{"rendered":"http:\/\/lyk-lighting.com\/?post_type=product&#038;p=4459"},"modified":"2023-10-25T09:05:29","modified_gmt":"2023-10-25T02:05:29","slug":"den-chieu-diem-tracklight-cao-cap-laman-8906","status":"publish","type":"product","link":"https:\/\/lyk-lighting.com\/en\/san-pham\/den-chieu-diem-tracklight-cao-cap-laman-8906\/","title":{"rendered":"\u0110\u00e8n chi\u1ebfu \u0111i\u1ec3m tracklight cao c\u1ea5p LAMAN 8906"},"content":{"rendered":"<h3>Th\u00f4ng s\u1ed1 k\u1ef9 thu\u1eadt \u0111\u00e8n chi\u1ebfu \u0111i\u1ec3m tracklight cao c\u1ea5p LAMAN 8906<\/h3>\n<p>Product name: Surface mounted spotlight<br \/>\nModel number: 8906<br \/>\nWattage: 5W-9W<br \/>\nMaterial: Aluminum<br \/>\nvoltage: AC100-240V<br \/>\nBeam Angle:15\u00b0<br \/>\nCCT: 3000K 4000K 5000K<br \/>\nCRI&gt;90<br \/>\nLight source: COB chips<br \/>\nDining table, aisle, background wall<\/p>\n<figure id=\"attachment_4461\" aria-describedby=\"caption-attachment-4461\" style=\"width: 1380px\" class=\"wp-caption alignnone\"><img fetchpriority=\"high\" decoding=\"async\" class=\"size-full wp-image-4461\" src=\"http:\/\/lyk-lighting.com\/wp-content\/uploads\/2023\/10\/Den-chieu-diem-tracklight-cao-cap-LAMAN-8906-4.jpg\" alt=\"\u0110\u00e8n chi\u1ebfu \u0111i\u1ec3m tracklight cao c\u1ea5p LAMAN 8906\" width=\"1380\" height=\"906\" srcset=\"https:\/\/lyk-lighting.com\/wp-content\/uploads\/2023\/10\/Den-chieu-diem-tracklight-cao-cap-LAMAN-8906-4.jpg 1380w, https:\/\/lyk-lighting.com\/wp-content\/uploads\/2023\/10\/Den-chieu-diem-tracklight-cao-cap-LAMAN-8906-4-300x197.jpg 300w, https:\/\/lyk-lighting.com\/wp-content\/uploads\/2023\/10\/Den-chieu-diem-tracklight-cao-cap-LAMAN-8906-4-1024x672.jpg 1024w, https:\/\/lyk-lighting.com\/wp-content\/uploads\/2023\/10\/Den-chieu-diem-tracklight-cao-cap-LAMAN-8906-4-768x504.jpg 768w, https:\/\/lyk-lighting.com\/wp-content\/uploads\/2023\/10\/Den-chieu-diem-tracklight-cao-cap-LAMAN-8906-4-600x394.jpg 600w\" sizes=\"(max-width: 1380px) 100vw, 1380px\" \/><figcaption id=\"caption-attachment-4461\" class=\"wp-caption-text\">\u0110\u00e8n chi\u1ebfu \u0111i\u1ec3m tracklight cao c\u1ea5p LAMAN 8906<\/figcaption><\/figure>\n<h3><strong>\u0110\u00e8n chi\u1ebfu \u0111i\u1ec3m tracklight cao c\u1ea5p LAMAN 8906<\/strong><\/h3>\n<div>\n<p><strong>\u0110\u00e8n chi\u1ebfu \u0111i\u1ec3m tracklight cao c\u1ea5p LAMAN 8906<\/strong> l\u00e0 d\u00f2ng \u0111\u00e8n chi\u1ebfu \u0111i\u1ec3m, c\u00f3 thi\u1ebft k\u1ebf nh\u1ecf g\u1ecdn, cao c\u1ea5p th\u01b0\u1eddng \u0111\u01b0\u1ee3c d\u00f9ng trong c\u00e1c d\u1ef1 \u00e1n c\u1ea7n ch\u1ea5t l\u01b0\u1ee3ng \u00e1nh s\u00e1ng t\u1ed1t v\u00e0 y\u00eau c\u1ea7u cao v\u1ec1 m\u1eb7t th\u1ea9m m\u1ef9. \u0110\u00e8n chi\u1ebfu \u0111i\u1ec3m LAMAN 8906 d\u1ec5 d\u00e0ng l\u1eafp \u0111\u1eb7t v\u00e0 \u0111i\u1ec1u ch\u1ec9nh ph\u00f9 h\u1ee3p v\u1edbi thi\u1ebft k\u1ebf \u00e1nh s\u00e1ng theo \u00fd \u0111\u1ed3 c\u1ee7a ki\u1ebfn tr\u00fac s\u01b0, mang l\u1ea1i v\u1ebb \u0111\u1eb9p ho\u00e0n m\u1ef9 cho thi\u1ebft k\u1ebf.<\/p>\n<figure id=\"attachment_4463\" aria-describedby=\"caption-attachment-4463\" style=\"width: 1191px\" class=\"wp-caption alignnone\"><img decoding=\"async\" class=\"wp-image-4463 size-full\" src=\"http:\/\/lyk-lighting.com\/wp-content\/uploads\/2023\/10\/Den-chieu-diem-tracklight-cao-cap-LAMAN-8906-2.jpg\" alt=\"\u0110\u00e8n chi\u1ebfu \u0111i\u1ec3m tracklight cao c\u1ea5p LAMAN 8906\" width=\"1191\" height=\"624\" srcset=\"https:\/\/lyk-lighting.com\/wp-content\/uploads\/2023\/10\/Den-chieu-diem-tracklight-cao-cap-LAMAN-8906-2.jpg 1191w, https:\/\/lyk-lighting.com\/wp-content\/uploads\/2023\/10\/Den-chieu-diem-tracklight-cao-cap-LAMAN-8906-2-300x157.jpg 300w, https:\/\/lyk-lighting.com\/wp-content\/uploads\/2023\/10\/Den-chieu-diem-tracklight-cao-cap-LAMAN-8906-2-1024x537.jpg 1024w, https:\/\/lyk-lighting.com\/wp-content\/uploads\/2023\/10\/Den-chieu-diem-tracklight-cao-cap-LAMAN-8906-2-768x402.jpg 768w, https:\/\/lyk-lighting.com\/wp-content\/uploads\/2023\/10\/Den-chieu-diem-tracklight-cao-cap-LAMAN-8906-2-600x314.jpg 600w\" sizes=\"(max-width: 1191px) 100vw, 1191px\" \/><figcaption id=\"caption-attachment-4463\" class=\"wp-caption-text\">\u0110\u00e8n chi\u1ebfu \u0111i\u1ec3m tracklight cao c\u1ea5p LAMAN 8906<\/figcaption><\/figure>\n<h3>\u1ee8ng d\u1ee5ng c\u1ee7a \u0111\u00e8n chi\u1ebfu \u0111i\u1ec3m tracklight cao c\u1ea5p LAMAN 8906<\/h3>\n<p>1. C\u00e1c c\u0103n h\u1ed9, bi\u1ec7t th\u1ef1 cao c\u1ea5p y\u00eau c\u1ea7u \u00e1nh s\u00e1ng trong v\u00e0 d\u1ecbu nh\u1eb9<\/p>\n<p>2. C\u00e1c nh\u00e0 h\u00e0ng, kh\u00e1ch s\u1ea1n c\u1ea7n \u00e1nh s\u00e1ng t\u1eadp trung v\u00e0o c\u00e1c \u0111i\u1ec3m nh\u1ea5n trang tr\u00ed, v\u1ecb tr\u00ed b\u00e0n \u0103n, qu\u1ea7y bar ho\u1eb7c c\u00e1c v\u1ecb tr\u00ed t\u01b0\u1eddng trang tr\u00ed<\/p>\n<p>3. C\u00e1c chi\u1ebfu s\u00e1ng th\u01b0 vi\u1ec7n, vi\u1ec7n b\u1ea3o t\u00e0ng c\u1ea7n \u00e1nh s\u00e1ng ch\u1ea5t l\u01b0\u1ee3ng cao v\u00e0 t\u1eadp trung v\u00e0o c\u00e1c hi\u1ec7n v\u1eadt tr\u01b0ng b\u00e0y<\/p>\n<p>4. C\u00e1c shop c\u1eeda h\u00e0ng th\u1eddi trang cao c\u1ea5p nh\u1eb1m t\u00f4n vinh ch\u1ea5t li\u1ec7u v\u00e0 v\u1ebb \u0111\u1eb9p s\u1ea3n ph\u1ea9m, thu h\u00fat \u00e1nh nh\u00ecn c\u1ee7a kh\u00e1ch h\u00e0ng th\u00f4ng qua m\u00e0u s\u1eafc ch\u00e2n th\u1ef1c v\u00e0 b\u1eaft m\u1eaft c\u1ee7a s\u1ea3n ph\u1ea9m.<\/p>\n<p>CH\u00da \u00dd: s\u1ea3n ph\u1ea9m kh\u00f4ng ph\u00f9 h\u1ee3p trong c\u00e1c kh\u00f4ng gian ngo\u00e0i tr\u1eddi.<\/p>\n<\/div>\n<figure id=\"attachment_4464\" aria-describedby=\"caption-attachment-4464\" style=\"width: 1401px\" class=\"wp-caption alignnone\"><img decoding=\"async\" class=\"wp-image-4464 size-full\" src=\"http:\/\/lyk-lighting.com\/wp-content\/uploads\/2023\/10\/Den-chieu-diem-tracklight-cao-cap-LAMAN-8906-3.jpg\" alt=\"\u1ee8ng d\u1ee5ng c\u1ee7a \u0111\u00e8n chi\u1ebfu \u0111i\u1ec3m tracklight cao c\u1ea5p LAMAN 8906\" width=\"1401\" height=\"849\" srcset=\"https:\/\/lyk-lighting.com\/wp-content\/uploads\/2023\/10\/Den-chieu-diem-tracklight-cao-cap-LAMAN-8906-3.jpg 1401w, https:\/\/lyk-lighting.com\/wp-content\/uploads\/2023\/10\/Den-chieu-diem-tracklight-cao-cap-LAMAN-8906-3-300x182.jpg 300w, https:\/\/lyk-lighting.com\/wp-content\/uploads\/2023\/10\/Den-chieu-diem-tracklight-cao-cap-LAMAN-8906-3-1024x621.jpg 1024w, https:\/\/lyk-lighting.com\/wp-content\/uploads\/2023\/10\/Den-chieu-diem-tracklight-cao-cap-LAMAN-8906-3-768x465.jpg 768w, https:\/\/lyk-lighting.com\/wp-content\/uploads\/2023\/10\/Den-chieu-diem-tracklight-cao-cap-LAMAN-8906-3-600x364.jpg 600w\" sizes=\"(max-width: 1401px) 100vw, 1401px\" \/><figcaption id=\"caption-attachment-4464\" class=\"wp-caption-text\">\u1ee8ng d\u1ee5ng c\u1ee7a \u0111\u00e8n chi\u1ebfu \u0111i\u1ec3m tracklight cao c\u1ea5p LAMAN 8906<\/figcaption><\/figure>\n<figure id=\"attachment_4462\" aria-describedby=\"caption-attachment-4462\" style=\"width: 1479px\" class=\"wp-caption alignnone\"><img loading=\"lazy\" decoding=\"async\" class=\"wp-image-4462 size-full\" src=\"http:\/\/lyk-lighting.com\/wp-content\/uploads\/2023\/10\/Den-chieu-diem-tracklight-cao-cap-LAMAN-8906-1.jpg\" alt=\"\u1ee8ng d\u1ee5ng c\u1ee7a \u0111\u00e8n chi\u1ebfu \u0111i\u1ec3m tracklight cao c\u1ea5p LAMAN 8906\" width=\"1479\" height=\"777\" srcset=\"https:\/\/lyk-lighting.com\/wp-content\/uploads\/2023\/10\/Den-chieu-diem-tracklight-cao-cap-LAMAN-8906-1.jpg 1479w, https:\/\/lyk-lighting.com\/wp-content\/uploads\/2023\/10\/Den-chieu-diem-tracklight-cao-cap-LAMAN-8906-1-300x158.jpg 300w, https:\/\/lyk-lighting.com\/wp-content\/uploads\/2023\/10\/Den-chieu-diem-tracklight-cao-cap-LAMAN-8906-1-1024x538.jpg 1024w, https:\/\/lyk-lighting.com\/wp-content\/uploads\/2023\/10\/Den-chieu-diem-tracklight-cao-cap-LAMAN-8906-1-768x403.jpg 768w, https:\/\/lyk-lighting.com\/wp-content\/uploads\/2023\/10\/Den-chieu-diem-tracklight-cao-cap-LAMAN-8906-1-600x315.jpg 600w\" sizes=\"(max-width: 1479px) 100vw, 1479px\" \/><figcaption id=\"caption-attachment-4462\" class=\"wp-caption-text\">\u1ee8ng d\u1ee5ng c\u1ee7a \u0111\u00e8n chi\u1ebfu \u0111i\u1ec3m tracklight cao c\u1ea5p LAMAN 8906<\/figcaption><\/figure>\n<div>\n<p>&nbsp;<\/p>\n<\/div>\n","protected":false},"excerpt":{"rendered":"<div id=\"short_description_content\" class=\"rte align_justify\">\n<div id=\"short_description_content\" class=\"rte align_justify\">\n<div id=\"short_description_content\" class=\"rte align_justify\">\n<div id=\"short_description_content\" class=\"rte align_justify\">\n<div id=\"short_description_content\" class=\"rte align_justify\">\n<div id=\"short_description_content\" class=\"rte align_justify\">\n<div id=\"short_description_content\" class=\"rte align_justify\">\n<div id=\"short_description_content\" class=\"rte align_justify\">\n<div id=\"short_description_content\" class=\"rte align_justify\">\n<div id=\"short_description_content\" class=\"rte align_justify\">\n<div id=\"short_description_content\" class=\"rte align_justify\">\n<div id=\"short_description_content\" class=\"rte align_justify\">\n<div id=\"short_description_content\" class=\"rte align_justify\">\n<div id=\"short_description_content\" class=\"rte align_justify\">\n<div id=\"short_description_content\" class=\"rte align_justify\">\n<div id=\"short_description_content\" class=\"rte align_justify\">\n<div id=\"short_description_content\" class=\"rte align_justify\">\n<div id=\"short_description_content\" class=\"rte align_justify\">\n<div id=\"short_description_content\" class=\"rte align_justify\">\n<div id=\"short_description_content\" class=\"rte align_justify\">\n<div id=\"short_description_content\" class=\"rte align_justify\">\n<div id=\"short_description_content\" class=\"rte align_justify\">\n<div id=\"short_description_content\" class=\"rte align_justify\">\n<div id=\"short_description_content\" class=\"rte align_justify\">\n<div id=\"short_description_content\" class=\"rte align_justify\">\n<div id=\"short_description_content\" class=\"rte align_justify\">\n<div id=\"short_description_content\" class=\"rte align_justify\">\n<div id=\"short_description_content\" class=\"rte align_justify\">\n<div id=\"short_description_content\" class=\"rte align_justify\">\n<div id=\"short_description_content\" class=\"rte align_justify\">\n<div id=\"short_description_content\" class=\"rte align_justify\">\n<div id=\"short_description_content\" class=\"rte align_justify\">\n<div id=\"short_description_content\" class=\"rte align_justify\">\n<div id=\"short_description_content\" class=\"rte align_justify\">\n<div id=\"short_description_content\" class=\"rte align_justify\">\n<div id=\"short_description_content\" class=\"rte align_justify\">\n<div id=\"short_description_content\" class=\"rte align_justify\">\n<div id=\"short_description_content\" class=\"rte align_justify\">\n<div id=\"short_description_content\" class=\"rte align_justify\">\n<div id=\"short_description_content\" class=\"rte align_justify\">\n<div id=\"short_description_content\" class=\"rte align_justify\">\n<div id=\"short_description_content\" class=\"rte align_justify\">\n<div id=\"short_description_content\" class=\"rte align_justify\">\n<div id=\"short_description_content\" class=\"rte align_justify\">\n<div id=\"short_description_content\" class=\"rte align_justify\">\n<div id=\"short_description_content\" class=\"rte align_justify\">\n<div id=\"short_description_content\" class=\"rte align_justify\">\n<div id=\"short_description_content\" class=\"rte align_justify\">\n<div id=\"short_description_content\" class=\"rte align_justify\">\n<div id=\"short_description_content\" class=\"rte align_justify\">\n<div id=\"short_description_content\" class=\"rte align_justify\">\n<div id=\"short_description_content\" class=\"rte align_justify\">\n<div id=\"short_description_content\" class=\"rte align_justify\">\n<div id=\"short_description_content\" class=\"rte align_justify\">\n<div id=\"short_description_content\" class=\"rte align_justify\">\n<div id=\"short_description_content\" class=\"rte align_justify\">\n<div id=\"short_description_content\" class=\"rte align_justify\">\n<div id=\"short_description_content\" class=\"rte align_justify\">\n<div id=\"short_description_content\" class=\"rte align_justify\">\n<div id=\"short_description_content\" class=\"rte align_justify\">\n<div id=\"short_description_content\" class=\"rte align_justify\">\n<div id=\"short_description_content\" class=\"rte align_justify\">\n<div id=\"short_description_content\" class=\"rte align_justify\">\n<div id=\"short_description_content\" class=\"rte align_justify\">\n<div id=\"short_description_content\" class=\"rte align_justify\">\n<div id=\"short_description_content\" class=\"rte align_justify\">\n<div id=\"short_description_content\" class=\"rte align_justify\">\n<div id=\"short_description_content\" class=\"rte align_justify\">\n<div id=\"short_description_content\" class=\"rte align_justify\">\n<div id=\"short_description_content\" class=\"rte align_justify\">\n<div id=\"short_description_content\" class=\"rte align_justify\">\n<div id=\"short_description_content\" class=\"rte align_justify\">\n<div id=\"short_description_content\" class=\"rte align_justify\">\n<div id=\"short_description_content\" class=\"rte align_justify\">\n<div id=\"short_description_content\" class=\"rte align_justify\">\n<div id=\"short_description_content\" class=\"rte align_justify\">\n<p>\u0110\u00e8n chi\u1ebfu \u0111i\u1ec3m tracklight cao c\u1ea5p LAMAN 8906 l\u00e0 d\u00f2ng \u0111\u00e8n chi\u1ebfu \u0111i\u1ec3m c\u00f3 kh\u1ea3 n\u0103ng thay \u0111\u1ed5i \u0111\u1ed9 ch\u1ee5m \u00e1nh s\u00e1ng, c\u00f3 thi\u1ebft k\u1ebf nh\u1ecf g\u1ecdn, cao c\u1ea5p th\u01b0\u1eddng \u0111\u01b0\u1ee3c d\u00f9ng trong c\u00e1c d\u1ef1 \u00e1n c\u1ea7n ch\u1ea5t l\u01b0\u1ee3ng \u00e1nh s\u00e1ng t\u1ed1t v\u00e0 y\u00eau c\u1ea7u cao v\u1ec1 m\u1eb7t th\u1ea9m m\u1ef9.<\/p>\n<\/div>\n<\/div>\n<\/div>\n<\/div>\n<\/div>\n<\/div>\n<\/div>\n<\/div>\n<\/div>\n<\/div>\n<\/div>\n<\/div>\n<\/div>\n<\/div>\n<\/div>\n<\/div>\n<\/div>\n<\/div>\n<\/div>\n<\/div>\n<\/div>\n<\/div>\n<\/div>\n<\/div>\n<\/div>\n<\/div>\n<\/div>\n<\/div>\n<\/div>\n<\/div>\n<\/div>\n<\/div>\n<\/div>\n<\/div>\n<\/div>\n<\/div>\n<\/div>\n<\/div>\n<\/div>\n<\/div>\n<\/div>\n<\/div>\n<\/div>\n<\/div>\n<\/div>\n<\/div>\n<\/div>\n<\/div>\n<\/div>\n<\/div>\n<\/div>\n<\/div>\n<\/div>\n<\/div>\n<\/div>\n<\/div>\n<\/div>\n<\/div>\n<\/div>\n<\/div>\n<\/div>\n<\/div>\n<\/div>\n<\/div>\n<\/div>\n<\/div>\n<\/div>\n<\/div>\n<\/div>\n<\/div>\n<\/div>\n<\/div>\n<\/div>\n<\/div>\n<\/div>\n<\/div>\n","protected":false},"featured_media":4460,"template":"","meta":[],"product_cat":[182],"product_tag":[],"class_list":{"0":"post-4459","1":"product","2":"type-product","3":"status-publish","4":"has-post-thumbnail","6":"product_cat-den-gan-noi-tran","8":"first","9":"instock","10":"shipping-taxable","11":"product-type-simple"},"_links":{"self":[{"href":"https:\/\/lyk-lighting.com\/en\/wp-json\/wp\/v2\/product\/4459","targetHints":{"allow":["GET"]}}],"collection":[{"href":"https:\/\/lyk-lighting.com\/en\/wp-json\/wp\/v2\/product"}],"about":[{"href":"https:\/\/lyk-lighting.com\/en\/wp-json\/wp\/v2\/types\/product"}],"version-history":[{"count":0,"href":"https:\/\/lyk-lighting.com\/en\/wp-json\/wp\/v2\/product\/4459\/revisions"}],"wp:featuredmedia":[{"embeddable":true,"href":"https:\/\/lyk-lighting.com\/en\/wp-json\/wp\/v2\/media\/4460"}],"wp:attachment":[{"href":"https:\/\/lyk-lighting.com\/en\/wp-json\/wp\/v2\/media?parent=4459"}],"wp:term":[{"taxonomy":"product_cat","embeddable":true,"href":"https:\/\/lyk-lighting.com\/en\/wp-json\/wp\/v2\/product_cat?post=4459"},{"taxonomy":"product_tag","embeddable":true,"href":"https:\/\/lyk-lighting.com\/en\/wp-json\/wp\/v2\/product_tag?post=4459"}],"curies":[{"name":"wp","href":"https:\/\/api.w.org\/{rel}","templated":true}]}}