{"id":4471,"date":"2025-01-18T11:10:17","date_gmt":"2025-01-18T04:10:17","guid":{"rendered":"http:\/\/lyk-lighting.com\/?post_type=product&#038;p=4471"},"modified":"2025-02-26T16:55:41","modified_gmt":"2025-02-26T09:55:41","slug":"den-downlight-am-tran-cao-cap-laman-7710","status":"publish","type":"product","link":"https:\/\/lyk-lighting.com\/en\/san-pham\/den-downlight-am-tran-cao-cap-laman-7710\/","title":{"rendered":"\u0110\u00e8n downlight \u00e2m tr\u1ea7n cao c\u1ea5p LAMAN 7710"},"content":{"rendered":"<h3>Th\u00f4ng s\u1ed1 k\u1ef9 thu\u1eadt \u0111\u00e8n downlight \u00e2m tr\u1ea7n cao c\u1ea5p LAMAN 7710<\/h3>\n<p>Item name: LAMAN 7710<br \/>\nLed type: Cree COB<br \/>\nPower: 3W\/5W\/7W\/10W<br \/>\nColor Temperature: 3000K 4000K 6000K<br \/>\n\/150\/24905.185.262<br \/>\nBeam Angle: fix 10\u00b0\/15\u00b0\/<br \/>\nInput Voltage: AC100-240V 50-60Hz<br \/>\nInstallation: RecessedLifespan: 30,000 50,000 Hours<br \/>\nBody Color: White \/ Black<br \/>\nCut hole: 70mm<\/p>\n<figure id=\"attachment_4478\" aria-describedby=\"caption-attachment-4478\" style=\"width: 800px\" class=\"wp-caption alignnone\"><img fetchpriority=\"high\" decoding=\"async\" class=\"size-full wp-image-4478\" src=\"http:\/\/lyk-lighting.com\/wp-content\/uploads\/2023\/10\/Den-downlight-am-tran-cao-cap-LAMAN-7710-1.jpg\" alt=\"\u0110\u00e8n downlight \u00e2m tr\u1ea7n cao c\u1ea5p LAMAN 7710 \" width=\"800\" height=\"450\" srcset=\"https:\/\/lyk-lighting.com\/wp-content\/uploads\/2023\/10\/Den-downlight-am-tran-cao-cap-LAMAN-7710-1.jpg 800w, https:\/\/lyk-lighting.com\/wp-content\/uploads\/2023\/10\/Den-downlight-am-tran-cao-cap-LAMAN-7710-1-300x169.jpg 300w, https:\/\/lyk-lighting.com\/wp-content\/uploads\/2023\/10\/Den-downlight-am-tran-cao-cap-LAMAN-7710-1-768x432.jpg 768w, https:\/\/lyk-lighting.com\/wp-content\/uploads\/2023\/10\/Den-downlight-am-tran-cao-cap-LAMAN-7710-1-600x338.jpg 600w\" sizes=\"(max-width: 800px) 100vw, 800px\" \/><figcaption id=\"caption-attachment-4478\" class=\"wp-caption-text\">\u0110\u00e8n downlight \u00e2m tr\u1ea7n cao c\u1ea5p LAMAN 7710<\/figcaption><\/figure>\n<h3>\u0110\u00e8n downlight \u00e2m tr\u1ea7n cao c\u1ea5p LAMAN 7710<\/h3>\n<div>\n<p>\u0110\u00e8n downlight \u00e2m tr\u1ea7n cao c\u1ea5p LAMAN 7710 l\u00e0 d\u00f2ng \u0111\u00e8n cao c\u1ea5p \u0111\u01b0\u1ee3c khuy\u1ebfn c\u00e1o s\u1eed d\u1ee5ng trong nh\u1eefng c\u00f4ng tr\u00ecnh c\u00f3 s\u1ef1 chau chu\u1ed1t v\u00e0 y\u00eau c\u1ea7u th\u1ea9m m\u0129 cao do \u0111\u00e2y l\u00e0 d\u00f2ng \u0111\u00e8n downlight d\u00f9ng trong kh\u00e1ch s\u1ea1n, nh\u00e0 h\u00e0ng v\u00e0 vi\u1ec7n b\u1ea3o t\u00e0ng l\u00e0 ch\u1ee7 y\u1ebfu. S\u1ea3n ph\u1ea9m c\u00f3 \u0111\u1ed9 t\u1eadp trung \u00e1nh s\u00e1ng t\u1ed1t, s\u1eed d\u1ee5ng chip led cao c\u1ea5p Cree v\u00e0 ngu\u1ed3n led ES isolated-driver gi\u00fap \u0111\u1ea3m b\u1ea3o tu\u1ed5i th\u1ecd \u0111\u00e8n led v\u1edbi th\u1eddi h\u1ea1n b\u1ea3o h\u00e0nh 3 n\u0103m.<\/p>\n<figure id=\"attachment_4477\" aria-describedby=\"caption-attachment-4477\" style=\"width: 800px\" class=\"wp-caption alignnone\"><img decoding=\"async\" class=\"size-full wp-image-4477\" src=\"http:\/\/lyk-lighting.com\/wp-content\/uploads\/2023\/10\/Den-downlight-am-tran-cao-cap-LAMAN-7710-3.jpg\" alt=\"\u0110\u00e8n downlight \u00e2m tr\u1ea7n cao c\u1ea5p LAMAN 7710 \" width=\"800\" height=\"450\" srcset=\"https:\/\/lyk-lighting.com\/wp-content\/uploads\/2023\/10\/Den-downlight-am-tran-cao-cap-LAMAN-7710-3.jpg 800w, https:\/\/lyk-lighting.com\/wp-content\/uploads\/2023\/10\/Den-downlight-am-tran-cao-cap-LAMAN-7710-3-300x169.jpg 300w, https:\/\/lyk-lighting.com\/wp-content\/uploads\/2023\/10\/Den-downlight-am-tran-cao-cap-LAMAN-7710-3-768x432.jpg 768w, https:\/\/lyk-lighting.com\/wp-content\/uploads\/2023\/10\/Den-downlight-am-tran-cao-cap-LAMAN-7710-3-600x338.jpg 600w\" sizes=\"(max-width: 800px) 100vw, 800px\" \/><figcaption id=\"caption-attachment-4477\" class=\"wp-caption-text\">\u0110\u00e8n downlight \u00e2m tr\u1ea7n cao c\u1ea5p LAMAN 7710<\/figcaption><\/figure>\n<\/div>\n","protected":false},"excerpt":{"rendered":"<div id=\"short_description_content\" class=\"rte align_justify\">\n<div id=\"short_description_content\" class=\"rte align_justify\">\n<div id=\"short_description_content\" class=\"rte align_justify\">\n<div id=\"short_description_content\" class=\"rte align_justify\">\n<div id=\"short_description_content\" class=\"rte align_justify\">\n<div id=\"short_description_content\" class=\"rte align_justify\">\n<div id=\"short_description_content\" class=\"rte align_justify\">\n<div id=\"short_description_content\" class=\"rte align_justify\">\n<div id=\"short_description_content\" class=\"rte align_justify\">\n<div id=\"short_description_content\" class=\"rte align_justify\">\n<div id=\"short_description_content\" class=\"rte align_justify\">\n<div id=\"short_description_content\" class=\"rte align_justify\">\n<div id=\"short_description_content\" class=\"rte align_justify\">\n<div id=\"short_description_content\" class=\"rte align_justify\">\n<div id=\"short_description_content\" class=\"rte align_justify\">\n<div id=\"short_description_content\" class=\"rte align_justify\">\n<div id=\"short_description_content\" class=\"rte align_justify\">\n<div id=\"short_description_content\" class=\"rte align_justify\">\n<div id=\"short_description_content\" class=\"rte align_justify\">\n<div id=\"short_description_content\" class=\"rte align_justify\">\n<div id=\"short_description_content\" class=\"rte align_justify\">\n<div id=\"short_description_content\" class=\"rte align_justify\">\n<div id=\"short_description_content\" class=\"rte align_justify\">\n<div id=\"short_description_content\" class=\"rte align_justify\">\n<div id=\"short_description_content\" class=\"rte align_justify\">\n<div id=\"short_description_content\" class=\"rte align_justify\">\n<div id=\"short_description_content\" class=\"rte align_justify\">\n<div id=\"short_description_content\" class=\"rte align_justify\">\n<div id=\"short_description_content\" class=\"rte align_justify\">\n<div id=\"short_description_content\" class=\"rte align_justify\">\n<div id=\"short_description_content\" class=\"rte align_justify\">\n<div id=\"short_description_content\" class=\"rte align_justify\">\n<div id=\"short_description_content\" class=\"rte align_justify\">\n<div id=\"short_description_content\" class=\"rte align_justify\">\n<div id=\"short_description_content\" class=\"rte align_justify\">\n<div id=\"short_description_content\" class=\"rte align_justify\">\n<div id=\"short_description_content\" class=\"rte align_justify\">\n<div id=\"short_description_content\" class=\"rte align_justify\">\n<div id=\"short_description_content\" class=\"rte align_justify\">\n<div id=\"short_description_content\" class=\"rte align_justify\">\n<div id=\"short_description_content\" class=\"rte align_justify\">\n<div id=\"short_description_content\" class=\"rte align_justify\">\n<div id=\"short_description_content\" class=\"rte align_justify\">\n<div id=\"short_description_content\" class=\"rte align_justify\">\n<div id=\"short_description_content\" class=\"rte align_justify\">\n<div id=\"short_description_content\" class=\"rte align_justify\">\n<div id=\"short_description_content\" class=\"rte align_justify\">\n<div id=\"short_description_content\" class=\"rte align_justify\">\n<div id=\"short_description_content\" class=\"rte align_justify\">\n<div id=\"short_description_content\" class=\"rte align_justify\">\n<div id=\"short_description_content\" class=\"rte align_justify\">\n<div id=\"short_description_content\" class=\"rte align_justify\">\n<div id=\"short_description_content\" class=\"rte align_justify\">\n<div id=\"short_description_content\" class=\"rte align_justify\">\n<div id=\"short_description_content\" class=\"rte align_justify\">\n<div id=\"short_description_content\" class=\"rte align_justify\">\n<div id=\"short_description_content\" class=\"rte align_justify\">\n<div id=\"short_description_content\" class=\"rte align_justify\">\n<div id=\"short_description_content\" class=\"rte align_justify\">\n<div id=\"short_description_content\" class=\"rte align_justify\">\n<div id=\"short_description_content\" class=\"rte align_justify\">\n<div id=\"short_description_content\" class=\"rte align_justify\">\n<div id=\"short_description_content\" class=\"rte align_justify\">\n<div id=\"short_description_content\" class=\"rte align_justify\">\n<div id=\"short_description_content\" class=\"rte align_justify\">\n<div id=\"short_description_content\" class=\"rte align_justify\">\n<div id=\"short_description_content\" class=\"rte align_justify\">\n<div id=\"short_description_content\" class=\"rte align_justify\">\n<div id=\"short_description_content\" class=\"rte align_justify\">\n<div id=\"short_description_content\" class=\"rte align_justify\">\n<div id=\"short_description_content\" class=\"rte align_justify\">\n<div id=\"short_description_content\" class=\"rte align_justify\">\n<div id=\"short_description_content\" class=\"rte align_justify\">\n<div id=\"short_description_content\" class=\"rte align_justify\">\n<div id=\"short_description_content\" class=\"rte align_justify\">\n<div id=\"short_description_content\" class=\"rte align_justify\">\n<div id=\"short_description_content\" class=\"rte align_justify\">\n<div id=\"short_description_content\" class=\"rte align_justify\">\n<div id=\"short_description_content\" class=\"rte align_justify\">\n<p>\u0110\u00e8n led downlight \u00e2m tr\u1ea7n LAMAN 7710 l\u00e0 d\u00f2ng \u0111\u00e8n downlight \u00e2m tr\u1ea7n cao c\u1ea5p chuy\u00ean cho c\u00e1c c\u00f4ng tr\u00ecnh n\u1ed9i th\u1ea5t bi\u1ec7t th\u1ef1, d\u1ef1 \u00e1n cao c\u1ea5p \u0111\u01b0\u1ee3c ph\u00e1t tri\u1ec3n v\u1edbi c\u00e1c t\u00ednh n\u0103ng n\u1ed5i tr\u1ed9i, ch\u1ea5t l\u01b0\u1ee3ng \u00e1nh s\u00e1ng tuy\u1ec7t h\u1ea3o.<\/p>\n<\/div>\n<\/div>\n<\/div>\n<\/div>\n<\/div>\n<\/div>\n<\/div>\n<\/div>\n<\/div>\n<\/div>\n<\/div>\n<\/div>\n<\/div>\n<\/div>\n<\/div>\n<\/div>\n<\/div>\n<\/div>\n<\/div>\n<\/div>\n<\/div>\n<\/div>\n<\/div>\n<\/div>\n<\/div>\n<\/div>\n<\/div>\n<\/div>\n<\/div>\n<\/div>\n<\/div>\n<\/div>\n<\/div>\n<\/div>\n<\/div>\n<\/div>\n<\/div>\n<\/div>\n<\/div>\n<\/div>\n<\/div>\n<\/div>\n<\/div>\n<\/div>\n<\/div>\n<\/div>\n<\/div>\n<\/div>\n<\/div>\n<\/div>\n<\/div>\n<\/div>\n<\/div>\n<\/div>\n<\/div>\n<\/div>\n<\/div>\n<\/div>\n<\/div>\n<\/div>\n<\/div>\n<\/div>\n<\/div>\n<\/div>\n<\/div>\n<\/div>\n<\/div>\n<\/div>\n<\/div>\n<\/div>\n<\/div>\n<\/div>\n<\/div>\n<\/div>\n<\/div>\n<\/div>\n<\/div>\n<\/div>\n<\/div>\n","protected":false},"featured_media":4476,"template":"","meta":[],"product_cat":[174],"product_tag":[],"class_list":{"0":"post-4471","1":"product","2":"type-product","3":"status-publish","4":"has-post-thumbnail","6":"product_cat-den-downlight-am-tran","8":"first","9":"instock","10":"shipping-taxable","11":"product-type-simple"},"_links":{"self":[{"href":"https:\/\/lyk-lighting.com\/en\/wp-json\/wp\/v2\/product\/4471","targetHints":{"allow":["GET"]}}],"collection":[{"href":"https:\/\/lyk-lighting.com\/en\/wp-json\/wp\/v2\/product"}],"about":[{"href":"https:\/\/lyk-lighting.com\/en\/wp-json\/wp\/v2\/types\/product"}],"version-history":[{"count":1,"href":"https:\/\/lyk-lighting.com\/en\/wp-json\/wp\/v2\/product\/4471\/revisions"}],"predecessor-version":[{"id":17297,"href":"https:\/\/lyk-lighting.com\/en\/wp-json\/wp\/v2\/product\/4471\/revisions\/17297"}],"wp:featuredmedia":[{"embeddable":true,"href":"https:\/\/lyk-lighting.com\/en\/wp-json\/wp\/v2\/media\/4476"}],"wp:attachment":[{"href":"https:\/\/lyk-lighting.com\/en\/wp-json\/wp\/v2\/media?parent=4471"}],"wp:term":[{"taxonomy":"product_cat","embeddable":true,"href":"https:\/\/lyk-lighting.com\/en\/wp-json\/wp\/v2\/product_cat?post=4471"},{"taxonomy":"product_tag","embeddable":true,"href":"https:\/\/lyk-lighting.com\/en\/wp-json\/wp\/v2\/product_tag?post=4471"}],"curies":[{"name":"wp","href":"https:\/\/api.w.org\/{rel}","templated":true}]}}