{"id":4511,"date":"2023-10-19T15:58:19","date_gmt":"2023-10-19T08:58:19","guid":{"rendered":"http:\/\/lyk-lighting.com\/?post_type=product&#038;p=4511"},"modified":"2023-12-18T14:09:58","modified_gmt":"2023-12-18T07:09:58","slug":"bo-mach-vay-tay-dieu-khien-den-led-vd-09","status":"publish","type":"product","link":"https:\/\/lyk-lighting.com\/en\/san-pham\/bo-mach-vay-tay-dieu-khien-den-led-vd-09\/","title":{"rendered":"B\u1ed9 m\u1ea1ch v\u1eaby tay \u0111i\u1ec1u khi\u1ec3n \u0111\u00e8n led VD-09"},"content":{"rendered":"<h3>Th\u00f4ng s\u1ed1 k\u1ef9 thu\u1eadt b\u1ed9 m\u1ea1ch v\u1eaby tay \u0111i\u1ec1u khi\u1ec3n \u0111\u00e8n led VD-09<\/h3>\n<p>\u0110i\u1ec7n \u00e1p v\u00e0o\/ra: 12VDC ho\u1eb7c 24VDC<br \/>\nD\u00f2ng v\u00e0o\/ra: 8A max<br \/>\nC\u00f4ng su\u1ea5t t\u1ed1i \u0111a: 12V-60W ho\u1eb7c 24V-120W<br \/>\nKho\u1ea3ng c\u00e1ch c\u1ea3m bi\u1ebfn: &lt; 8cm &#8211; c\u00f3 th\u1ec3 c\u1ea3m bi\u1ebfn qua l\u1edbp diffuser c\u1ee7a thanh nh\u00f4m \u0111\u1ecbnh h\u00ecnh \u0111\u00e8n led<br \/>\nGi\u1eef tay ph\u00eda tr\u00ean sensor \u0111\u1ec3 thay \u0111\u1ed5i \u0111\u1ed9 s\u00e1ng \u0111\u00e8n (dim)<\/p>\n<h3>B\u1ed9 m\u1ea1ch v\u1eaby tay \u0111i\u1ec1u khi\u1ec3n \u0111\u00e8n led VD-09<\/h3>\n<div>\n<p>B\u1ed9 m\u1ea1ch v\u1eaby tay VD-09 d\u00f9ng \u0111\u1ec3 \u0111i\u1ec1u khi\u1ec3n \u0111\u00e8n led b\u1eb1ng c\u00e1ch b\u1eadt-t\u1eaft ho\u1eb7c dim d\u00f9ng c\u00f4ng ngh\u1ec7 s\u00f3ng radar.<\/p>\n<p>M\u1ea1ch c\u00f3 k\u00edch th\u01b0\u1edbc nh\u1ecf g\u1ecdn c\u00f3 th\u1ec3 h\u00e0n tr\u1ef1c ti\u1ebfp v\u00e0o led d\u00e2y v\u00e0 d\u00e1n v\u00e0o trong thanh nh\u00f4m gi\u00fap b\u1ea1n d\u1ec5 d\u00e0ng thi c\u00f4ng v\u00e0 mang n\u00e9t \u0111\u1eb9p hi\u1ec7n \u0111\u1ea1i \u0111\u1ebfn c\u00e1c thi\u1ebft k\u1ebf c\u1ee7a b\u1ea1n.<\/p>\n<h4>Nguy\u00ean t\u1eafc \u0111i\u1ec1u khi\u1ec3n \u0111\u00e8n<\/h4>\n<p>\u0110\u00e8n chuy\u1ec3n ch\u1ebf \u0111\u1ed9 on-off khi c\u00f3 v\u1eadt \u0111i qua c\u1ea3m bi\u1ebfn (tay qu\u01a1 qua c\u1ea3m bi\u1ebfn), \u00e1nh s\u00e1ng s\u1ebd t\u1eeb t\u1eeb s\u00e1ng\/t\u1eaft trong kho\u1ea3ng 2 gi\u00e2y.<\/p>\n<figure id=\"attachment_4513\" aria-describedby=\"caption-attachment-4513\" style=\"width: 2560px\" class=\"wp-caption alignnone\"><img fetchpriority=\"high\" decoding=\"async\" class=\"size-full wp-image-4513\" src=\"http:\/\/lyk-lighting.com\/wp-content\/uploads\/2023\/10\/Bo-mach-vay-tay-dieu-khien-den-led-VD-09-2-scaled.jpg\" alt=\"Nguy\u00ean t\u1eafc \u0111i\u1ec1u khi\u1ec3n \u0111\u00e8n\" width=\"2560\" height=\"1920\" srcset=\"https:\/\/lyk-lighting.com\/wp-content\/uploads\/2023\/10\/Bo-mach-vay-tay-dieu-khien-den-led-VD-09-2-scaled.jpg 2560w, https:\/\/lyk-lighting.com\/wp-content\/uploads\/2023\/10\/Bo-mach-vay-tay-dieu-khien-den-led-VD-09-2-300x225.jpg 300w, https:\/\/lyk-lighting.com\/wp-content\/uploads\/2023\/10\/Bo-mach-vay-tay-dieu-khien-den-led-VD-09-2-1024x768.jpg 1024w, https:\/\/lyk-lighting.com\/wp-content\/uploads\/2023\/10\/Bo-mach-vay-tay-dieu-khien-den-led-VD-09-2-768x576.jpg 768w, https:\/\/lyk-lighting.com\/wp-content\/uploads\/2023\/10\/Bo-mach-vay-tay-dieu-khien-den-led-VD-09-2-1536x1152.jpg 1536w, https:\/\/lyk-lighting.com\/wp-content\/uploads\/2023\/10\/Bo-mach-vay-tay-dieu-khien-den-led-VD-09-2-2048x1536.jpg 2048w, https:\/\/lyk-lighting.com\/wp-content\/uploads\/2023\/10\/Bo-mach-vay-tay-dieu-khien-den-led-VD-09-2-600x450.jpg 600w\" sizes=\"(max-width: 2560px) 100vw, 2560px\" \/><figcaption id=\"caption-attachment-4513\" class=\"wp-caption-text\">Nguy\u00ean t\u1eafc \u0111i\u1ec1u khi\u1ec3n \u0111\u00e8n<\/figcaption><\/figure>\n<h4>C\u00e1ch k\u1ebft n\u1ed1i<\/h4>\n<p>1 m\u1ea1ch c\u1ea3m bi\u1ebfn s\u1ebd c\u00f3 2 \u0111\u1ea7u.<\/p>\n<p>1 \u0111\u1ea7u c\u00f3 2 \u0111i\u1ec7n c\u1ef1c ghi ch\u1eef &#8220;LED +&#8221; v\u00e0 &#8220;LED -&#8220;. \u0110\u1ea7u n\u00e0y s\u1ebd h\u00e0n tr\u1ef1c ti\u1ebfp v\u00e0o d\u00e2y led v\u1edbi c\u1ef1c \u00e2m d\u01b0\u01a1ng theo nh\u01b0 \u0111\u00e8n led.<\/p>\n<p>1 \u0111\u1ea7u c\u00f3 2 \u0111i\u1ec7n c\u1ef1c ghi V+ s\u1ebd h\u00e0n v\u00e0o c\u1ef1c d\u01b0\u01a1ng c\u1ee7a ngu\u1ed3n 12VDC\/24VDC, c\u1ef1c c\u00f2n l\u1ea1i V- s\u1ebd h\u00e0n v\u00e0o d\u00e2y c\u1ef1c \u00e2m c\u1ee7a ngu\u1ed3n 12VDC\/24VDC<\/p>\n<p><iframe title=\"M\u1ea1ch c\u1ea3m bi\u1ebfn v\u1eaby tay \u0111i\u1ec1u khi\u1ec3n \u0111\u00e8n led VD-09\" width=\"800\" height=\"600\" src=\"https:\/\/www.youtube.com\/embed\/Ye918X8tlzg?feature=oembed\" frameborder=\"0\" allow=\"accelerometer; autoplay; clipboard-write; encrypted-media; gyroscope; picture-in-picture; web-share\" allowfullscreen><\/iframe><\/p>\n<\/div>\n","protected":false},"excerpt":{"rendered":"<div id=\"short_description_content\" class=\"rte align_justify\">\n<div id=\"short_description_content\" class=\"rte align_justify\">\n<div id=\"short_description_content\" class=\"rte align_justify\">\n<div id=\"short_description_content\" class=\"rte align_justify\">\n<div id=\"short_description_content\" class=\"rte align_justify\">\n<div id=\"short_description_content\" class=\"rte align_justify\">\n<div id=\"short_description_content\" class=\"rte align_justify\">\n<div id=\"short_description_content\" class=\"rte align_justify\">\n<div id=\"short_description_content\" class=\"rte align_justify\">\n<div id=\"short_description_content\" class=\"rte align_justify\">\n<div id=\"short_description_content\" class=\"rte align_justify\">\n<div id=\"short_description_content\" class=\"rte align_justify\">\n<div id=\"short_description_content\" class=\"rte align_justify\">\n<div id=\"short_description_content\" class=\"rte align_justify\">\n<div id=\"short_description_content\" class=\"rte align_justify\">\n<div id=\"short_description_content\" class=\"rte align_justify\">\n<div id=\"short_description_content\" class=\"rte align_justify\">\n<div id=\"short_description_content\" class=\"rte align_justify\">\n<div id=\"short_description_content\" class=\"rte align_justify\">\n<div id=\"short_description_content\" class=\"rte align_justify\">\n<div id=\"short_description_content\" class=\"rte align_justify\">\n<div id=\"short_description_content\" class=\"rte align_justify\">\n<div id=\"short_description_content\" class=\"rte align_justify\">\n<div id=\"short_description_content\" class=\"rte align_justify\">\n<div id=\"short_description_content\" class=\"rte align_justify\">\n<div id=\"short_description_content\" class=\"rte align_justify\">\n<div id=\"short_description_content\" class=\"rte align_justify\">\n<div id=\"short_description_content\" class=\"rte align_justify\">\n<div id=\"short_description_content\" class=\"rte align_justify\">\n<div id=\"short_description_content\" class=\"rte align_justify\">\n<div id=\"short_description_content\" class=\"rte align_justify\">\n<div id=\"short_description_content\" class=\"rte align_justify\">\n<div id=\"short_description_content\" class=\"rte align_justify\">\n<div id=\"short_description_content\" class=\"rte align_justify\">\n<div id=\"short_description_content\" class=\"rte align_justify\">\n<div id=\"short_description_content\" class=\"rte align_justify\">\n<div id=\"short_description_content\" class=\"rte align_justify\">\n<div id=\"short_description_content\" class=\"rte align_justify\">\n<div id=\"short_description_content\" class=\"rte align_justify\">\n<div id=\"short_description_content\" class=\"rte align_justify\">\n<div id=\"short_description_content\" class=\"rte align_justify\">\n<div id=\"short_description_content\" class=\"rte align_justify\">\n<div id=\"short_description_content\" class=\"rte align_justify\">\n<div id=\"short_description_content\" class=\"rte align_justify\">\n<div id=\"short_description_content\" class=\"rte align_justify\">\n<div id=\"short_description_content\" class=\"rte align_justify\">\n<div id=\"short_description_content\" class=\"rte align_justify\">\n<div id=\"short_description_content\" class=\"rte align_justify\">\n<div id=\"short_description_content\" class=\"rte align_justify\">\n<div id=\"short_description_content\" class=\"rte align_justify\">\n<div id=\"short_description_content\" class=\"rte align_justify\">\n<div id=\"short_description_content\" class=\"rte align_justify\">\n<div id=\"short_description_content\" class=\"rte align_justify\">\n<div id=\"short_description_content\" class=\"rte align_justify\">\n<div id=\"short_description_content\" class=\"rte align_justify\">\n<div id=\"short_description_content\" class=\"rte align_justify\">\n<div id=\"short_description_content\" class=\"rte align_justify\">\n<div id=\"short_description_content\" class=\"rte align_justify\">\n<div id=\"short_description_content\" class=\"rte align_justify\">\n<div id=\"short_description_content\" class=\"rte align_justify\">\n<div id=\"short_description_content\" class=\"rte align_justify\">\n<div id=\"short_description_content\" class=\"rte align_justify\">\n<div id=\"short_description_content\" class=\"rte align_justify\">\n<div id=\"short_description_content\" class=\"rte align_justify\">\n<div id=\"short_description_content\" class=\"rte align_justify\">\n<div id=\"short_description_content\" class=\"rte align_justify\">\n<div id=\"short_description_content\" class=\"rte align_justify\">\n<div id=\"short_description_content\" class=\"rte align_justify\">\n<div id=\"short_description_content\" class=\"rte align_justify\">\n<div id=\"short_description_content\" class=\"rte align_justify\">\n<div id=\"short_description_content\" class=\"rte align_justify\">\n<div id=\"short_description_content\" class=\"rte align_justify\">\n<div id=\"short_description_content\" class=\"rte align_justify\">\n<div id=\"short_description_content\" class=\"rte align_justify\">\n<div id=\"short_description_content\" class=\"rte align_justify\">\n<div id=\"short_description_content\" class=\"rte align_justify\">\n<div id=\"short_description_content\" class=\"rte align_justify\">\n<div id=\"short_description_content\" class=\"rte align_justify\">\n<div id=\"short_description_content\" class=\"rte align_justify\">\n<div id=\"short_description_content\" class=\"rte align_justify\">\n<div id=\"short_description_content\" class=\"rte align_justify\">\n<p>B\u1ed9 m\u1ea1ch \u0111i\u1ec1u khi\u1ec3n v\u1eaby tay VD-09 d\u00f9ng \u0111\u1ec3 \u0111i\u1ec1u khi\u1ec3n \u0111\u00e8n led c\u00e1c ch\u1ebf \u0111\u1ed9 on-off-dimmable. M\u1ea1ch c\u00f3 th\u1ec3 d\u00f9ng v\u1edbi t\u1ea5t c\u1ea3 h\u1ec7 \u0111\u00e8n led tr\u00ean th\u1ecb tr\u01b0\u1eddng 12VDC ho\u1eb7c 24VDC. S\u1ea3n ph\u1ea9m th\u00edch h\u1ee3p khi k\u1ebft h\u1ee3p v\u1edbi thanh nh\u00f4m \u0111\u1ecbnh h\u00ecnh trong c\u00e1c h\u1ec7 t\u1ee7 k\u1ec7 v\u00e0 t\u1ee7 b\u1ebfp.<\/p>\n<\/div>\n<\/div>\n<\/div>\n<\/div>\n<\/div>\n<\/div>\n<\/div>\n<\/div>\n<\/div>\n<\/div>\n<\/div>\n<\/div>\n<\/div>\n<\/div>\n<\/div>\n<\/div>\n<\/div>\n<\/div>\n<\/div>\n<\/div>\n<\/div>\n<\/div>\n<\/div>\n<\/div>\n<\/div>\n<\/div>\n<\/div>\n<\/div>\n<\/div>\n<\/div>\n<\/div>\n<\/div>\n<\/div>\n<\/div>\n<\/div>\n<\/div>\n<\/div>\n<\/div>\n<\/div>\n<\/div>\n<\/div>\n<\/div>\n<\/div>\n<\/div>\n<\/div>\n<\/div>\n<\/div>\n<\/div>\n<\/div>\n<\/div>\n<\/div>\n<\/div>\n<\/div>\n<\/div>\n<\/div>\n<\/div>\n<\/div>\n<\/div>\n<\/div>\n<\/div>\n<\/div>\n<\/div>\n<\/div>\n<\/div>\n<\/div>\n<\/div>\n<\/div>\n<\/div>\n<\/div>\n<\/div>\n<\/div>\n<\/div>\n<\/div>\n<\/div>\n<\/div>\n<\/div>\n<\/div>\n<\/div>\n<\/div>\n<\/div>\n<\/div>\n","protected":false},"featured_media":4514,"template":"","meta":[],"product_cat":[140],"product_tag":[],"class_list":{"0":"post-4511","1":"product","2":"type-product","3":"status-publish","4":"has-post-thumbnail","6":"product_cat-den-noi-that","8":"first","9":"instock","10":"shipping-taxable","11":"product-type-simple"},"_links":{"self":[{"href":"https:\/\/lyk-lighting.com\/en\/wp-json\/wp\/v2\/product\/4511","targetHints":{"allow":["GET"]}}],"collection":[{"href":"https:\/\/lyk-lighting.com\/en\/wp-json\/wp\/v2\/product"}],"about":[{"href":"https:\/\/lyk-lighting.com\/en\/wp-json\/wp\/v2\/types\/product"}],"version-history":[{"count":0,"href":"https:\/\/lyk-lighting.com\/en\/wp-json\/wp\/v2\/product\/4511\/revisions"}],"wp:featuredmedia":[{"embeddable":true,"href":"https:\/\/lyk-lighting.com\/en\/wp-json\/wp\/v2\/media\/4514"}],"wp:attachment":[{"href":"https:\/\/lyk-lighting.com\/en\/wp-json\/wp\/v2\/media?parent=4511"}],"wp:term":[{"taxonomy":"product_cat","embeddable":true,"href":"https:\/\/lyk-lighting.com\/en\/wp-json\/wp\/v2\/product_cat?post=4511"},{"taxonomy":"product_tag","embeddable":true,"href":"https:\/\/lyk-lighting.com\/en\/wp-json\/wp\/v2\/product_tag?post=4511"}],"curies":[{"name":"wp","href":"https:\/\/api.w.org\/{rel}","templated":true}]}}