{"id":4523,"date":"2023-10-19T16:23:52","date_gmt":"2023-10-19T09:23:52","guid":{"rendered":"http:\/\/lyk-lighting.com\/?post_type=product&#038;p=4523"},"modified":"2023-10-25T09:03:35","modified_gmt":"2023-10-25T02:03:35","slug":"cam-bien-vay-tay-dung-cho-den-led","status":"publish","type":"product","link":"https:\/\/lyk-lighting.com\/en\/san-pham\/cam-bien-vay-tay-dung-cho-den-led\/","title":{"rendered":"C\u1ea3m bi\u1ebfn v\u1eaby tay d\u00f9ng cho \u0111\u00e8n led"},"content":{"rendered":"<h3>Th\u00f4ng s\u1ed1 k\u1ef9 thu\u1eadt c\u1ea3m bi\u1ebfn v\u1eaby tay d\u00f9ng cho \u0111\u00e8n led<\/h3>\n<p>\u0110i\u1ec7n \u00e1p ho\u1ea1t \u0111\u1ed9ng: 12V\/24V DC<br \/>\nC\u00f4ng su\u1ea5t ho\u1ea1t \u0111\u1ed9ng: 60W (c\u00f3 th\u1ec3 \u0111i\u1ec1u khi\u1ec3n cho b\u1ed9 \u0111\u00e8n led c\u00f3 t\u1ed5ng c\u00f4ng su\u1ea5t 60W)<br \/>\nC\u1ea3m bi\u1ebfn \u00e1nh s\u00e1ng h\u1ed3ng ngo\u1ea1i<\/p>\n<p><img decoding=\"async\" class=\"alignnone wp-image-3396 size-thumbnail\" src=\"http:\/\/lyk-lighting.com\/wp-content\/uploads\/2023\/09\/Cam-bien-vay-tay-dung-cho-den-led-150x150.jpg\" alt=\"\" width=\"150\" height=\"150\" srcset=\"https:\/\/lyk-lighting.com\/wp-content\/uploads\/2023\/09\/Cam-bien-vay-tay-dung-cho-den-led-150x150.jpg 150w, https:\/\/lyk-lighting.com\/wp-content\/uploads\/2023\/09\/Cam-bien-vay-tay-dung-cho-den-led-100x100.jpg 100w\" sizes=\"(max-width: 150px) 100vw, 150px\" \/> <img decoding=\"async\" class=\"alignnone wp-image-3389 size-thumbnail\" src=\"http:\/\/lyk-lighting.com\/wp-content\/uploads\/2023\/09\/Cam-bien-vay-tay-dung-cho-den-led-2-150x150.jpg\" alt=\"\" width=\"150\" height=\"150\" srcset=\"https:\/\/lyk-lighting.com\/wp-content\/uploads\/2023\/09\/Cam-bien-vay-tay-dung-cho-den-led-2-150x150.jpg 150w, https:\/\/lyk-lighting.com\/wp-content\/uploads\/2023\/09\/Cam-bien-vay-tay-dung-cho-den-led-2-300x300.jpg 300w, https:\/\/lyk-lighting.com\/wp-content\/uploads\/2023\/09\/Cam-bien-vay-tay-dung-cho-den-led-2-100x100.jpg 100w\" sizes=\"(max-width: 150px) 100vw, 150px\" \/><\/p>\n<h3>C\u1ea3m bi\u1ebfn v\u1eaby tay &#8211; thi\u1ebft b\u1ecb n\u1ed9i th\u1ea5t hi\u1ec7n \u0111\u1ea1i, th\u00f4ng minh<\/h3>\n<h4>C\u00e1ch l\u1eafp \u0111\u1eb7t m\u1eaft c\u1ea3m bi\u1ebfn v\u1eaby tay<\/h4>\n<p>M\u1eaft c\u1ea3m bi\u1ebfn v\u1eaby tay \u0111i c\u00f9ng v\u1edbi b\u1ed9 g\u00e1 ch\u1eafc ch\u1eafn, \u0111\u1eb9p v\u00e0 ti\u1ec7n l\u1ee3i n\u00ean r\u1ea5t d\u1ec5 l\u1eafp \u0111\u1eb7t v\u00e0o c\u00e1c thi\u1ebft b\u1ecb n\u1ed9i th\u1ea5t.<\/p>\n<p>C\u1ea3m bi\u1ebfn v\u1eaby tay c\u0169ng c\u00f3 th\u1ec3 l\u1eafp cho t\u1ee7 qu\u1ea7n \u00e1o n\u1ebfu mu\u1ed1n d\u00f9ng c\u00e1ch \u0111i\u1ec1u khi\u1ec3n nh\u01b0 v\u1eady, tr\u01b0\u1eddng h\u1ee3p tr\u00e1nh con tr\u1ebb ngh\u1ecbch c\u1ea3m bei61n h\u00e0nh tr\u00ecnh.<\/p>\n<figure id=\"attachment_3405\" aria-describedby=\"caption-attachment-3405\" style=\"width: 1280px\" class=\"wp-caption alignnone\"><img fetchpriority=\"high\" decoding=\"async\" class=\"size-full wp-image-3405\" src=\"http:\/\/lyk-lighting.com\/wp-content\/uploads\/2023\/09\/Cam-bien-vay-tay-co-2-cap-day-1-cap-day-vao-nguon-adapter-12V24V-1-cap-day-vao-den-led.jpg\" alt=\"C\u1ea3m bi\u1ebfn v\u1eaby tay c\u00f3 2 c\u1eb7p d\u00e2y - 1 c\u1eb7p d\u00e2y v\u00e0o ngu\u1ed3n adapter 12V24V - 1 c\u1eb7p d\u00e2y v\u00e0o \u0111\u00e8n led\" width=\"1280\" height=\"960\" srcset=\"https:\/\/lyk-lighting.com\/wp-content\/uploads\/2023\/09\/Cam-bien-vay-tay-co-2-cap-day-1-cap-day-vao-nguon-adapter-12V24V-1-cap-day-vao-den-led.jpg 1280w, https:\/\/lyk-lighting.com\/wp-content\/uploads\/2023\/09\/Cam-bien-vay-tay-co-2-cap-day-1-cap-day-vao-nguon-adapter-12V24V-1-cap-day-vao-den-led-600x450.jpg 600w, https:\/\/lyk-lighting.com\/wp-content\/uploads\/2023\/09\/Cam-bien-vay-tay-co-2-cap-day-1-cap-day-vao-nguon-adapter-12V24V-1-cap-day-vao-den-led-300x225.jpg 300w, https:\/\/lyk-lighting.com\/wp-content\/uploads\/2023\/09\/Cam-bien-vay-tay-co-2-cap-day-1-cap-day-vao-nguon-adapter-12V24V-1-cap-day-vao-den-led-1024x768.jpg 1024w, https:\/\/lyk-lighting.com\/wp-content\/uploads\/2023\/09\/Cam-bien-vay-tay-co-2-cap-day-1-cap-day-vao-nguon-adapter-12V24V-1-cap-day-vao-den-led-768x576.jpg 768w\" sizes=\"(max-width: 1280px) 100vw, 1280px\" \/><figcaption id=\"caption-attachment-3405\" class=\"wp-caption-text\">C\u1ea3m bi\u1ebfn v\u1eaby tay c\u00f3 2 c\u1eb7p d\u00e2y &#8211; 1 c\u1eb7p d\u00e2y v\u00e0o ngu\u1ed3n adapter 12V24V &#8211; 1 c\u1eb7p d\u00e2y v\u00e0o \u0111\u00e8n led<\/figcaption><\/figure>\n<p>&nbsp;<\/p>\n<figure id=\"attachment_3399\" aria-describedby=\"caption-attachment-3399\" style=\"width: 1280px\" class=\"wp-caption alignnone\"><img loading=\"lazy\" decoding=\"async\" class=\"size-full wp-image-3399\" src=\"http:\/\/lyk-lighting.com\/wp-content\/uploads\/2023\/09\/Cam-bien-vay-tay-dung-cho-den-led-3-1.jpg\" alt=\"To light: c\u1eb7p d\u00e2y v\u00e0o \u0111\u00e8n, th\u01b0\u1eddng n\u1eb1m b\u00ean ph\u00eda m\u1eaft trong\" width=\"1280\" height=\"960\" srcset=\"https:\/\/lyk-lighting.com\/wp-content\/uploads\/2023\/09\/Cam-bien-vay-tay-dung-cho-den-led-3-1.jpg 1280w, https:\/\/lyk-lighting.com\/wp-content\/uploads\/2023\/09\/Cam-bien-vay-tay-dung-cho-den-led-3-1-600x450.jpg 600w, https:\/\/lyk-lighting.com\/wp-content\/uploads\/2023\/09\/Cam-bien-vay-tay-dung-cho-den-led-3-1-300x225.jpg 300w, https:\/\/lyk-lighting.com\/wp-content\/uploads\/2023\/09\/Cam-bien-vay-tay-dung-cho-den-led-3-1-1024x768.jpg 1024w, https:\/\/lyk-lighting.com\/wp-content\/uploads\/2023\/09\/Cam-bien-vay-tay-dung-cho-den-led-3-1-768x576.jpg 768w\" sizes=\"(max-width: 1280px) 100vw, 1280px\" \/><figcaption id=\"caption-attachment-3399\" class=\"wp-caption-text\"><strong>To light:<\/strong> c\u1eb7p d\u00e2y v\u00e0o \u0111\u00e8n, th\u01b0\u1eddng n\u1eb1m b\u00ean ph\u00eda m\u1eaft trong<\/figcaption><\/figure>\n<figure id=\"attachment_3404\" aria-describedby=\"caption-attachment-3404\" style=\"width: 920px\" class=\"wp-caption alignnone\"><img loading=\"lazy\" decoding=\"async\" class=\"size-full wp-image-3404\" src=\"http:\/\/lyk-lighting.com\/wp-content\/uploads\/2023\/09\/Cam-bien-vay-tay-dung-cho-den-led-8.jpg\" alt=\"To power supply: c\u1eb7p d\u00e2y v\u00e0o ngu\u1ed3n 12V\/24V, th\u01b0\u1eddng n\u1eb1m b\u00ean ph\u00eda m\u1eaft \u0111en\" width=\"920\" height=\"702\" srcset=\"https:\/\/lyk-lighting.com\/wp-content\/uploads\/2023\/09\/Cam-bien-vay-tay-dung-cho-den-led-8.jpg 920w, https:\/\/lyk-lighting.com\/wp-content\/uploads\/2023\/09\/Cam-bien-vay-tay-dung-cho-den-led-8-600x458.jpg 600w, https:\/\/lyk-lighting.com\/wp-content\/uploads\/2023\/09\/Cam-bien-vay-tay-dung-cho-den-led-8-300x229.jpg 300w, https:\/\/lyk-lighting.com\/wp-content\/uploads\/2023\/09\/Cam-bien-vay-tay-dung-cho-den-led-8-768x586.jpg 768w\" sizes=\"(max-width: 920px) 100vw, 920px\" \/><figcaption id=\"caption-attachment-3404\" class=\"wp-caption-text\"><strong>To power supply:<\/strong> c\u1eb7p d\u00e2y v\u00e0o ngu\u1ed3n 12V\/24V, th\u01b0\u1eddng n\u1eb1m b\u00ean ph\u00eda m\u1eaft \u0111en<\/figcaption><\/figure>\n<figure id=\"attachment_3406\" aria-describedby=\"caption-attachment-3406\" style=\"width: 480px\" class=\"wp-caption alignnone\"><img loading=\"lazy\" decoding=\"async\" class=\"size-full wp-image-3406\" src=\"http:\/\/lyk-lighting.com\/wp-content\/uploads\/2023\/09\/8533f2baa75a4904104b.jpg\" alt=\"D\u00e2y c\u00f3 ch\u1eef: d\u00e2y d\u01b0\u01a1ng V+D\u00e2y g\u1ea1ch \u0111\u1ee9t qu\u00e3ng: d\u00e2y \u00e2m V-\" width=\"480\" height=\"275\" srcset=\"https:\/\/lyk-lighting.com\/wp-content\/uploads\/2023\/09\/8533f2baa75a4904104b.jpg 480w, https:\/\/lyk-lighting.com\/wp-content\/uploads\/2023\/09\/8533f2baa75a4904104b-300x172.jpg 300w\" sizes=\"(max-width: 480px) 100vw, 480px\" \/><figcaption id=\"caption-attachment-3406\" class=\"wp-caption-text\"><strong>D\u00e2y c\u00f3 ch\u1eef:<\/strong> d\u00e2y d\u01b0\u01a1ng V+<br \/><strong>D\u00e2y g\u1ea1ch \u0111\u1ee9t qu\u00e3ng:<\/strong> d\u00e2y \u00e2m V-<\/figcaption><\/figure>\n<figure id=\"attachment_3400\" aria-describedby=\"caption-attachment-3400\" style=\"width: 1280px\" class=\"wp-caption alignnone\"><img loading=\"lazy\" decoding=\"async\" class=\"size-full wp-image-3400\" src=\"http:\/\/lyk-lighting.com\/wp-content\/uploads\/2023\/09\/Cam-bien-vay-tay-dung-cho-den-led-4-1.jpg\" alt=\" M\u1ed7i khi c\u00f3 v\u1eadt che qua m\u1eaft c\u1ea3m bi\u1ec3n th\u00ec \u0111\u00e8n s\u1ebd \u0111\u1ed5i tr\u1ea1ng th\u00e1i, t\u1eeb s\u00e1ng th\u00e0nh t\u1eaft ho\u1eb7c t\u1eeb t\u1eaft th\u00e0nh s\u00e1ng.\" width=\"1280\" height=\"960\" srcset=\"https:\/\/lyk-lighting.com\/wp-content\/uploads\/2023\/09\/Cam-bien-vay-tay-dung-cho-den-led-4-1.jpg 1280w, https:\/\/lyk-lighting.com\/wp-content\/uploads\/2023\/09\/Cam-bien-vay-tay-dung-cho-den-led-4-1-600x450.jpg 600w, https:\/\/lyk-lighting.com\/wp-content\/uploads\/2023\/09\/Cam-bien-vay-tay-dung-cho-den-led-4-1-300x225.jpg 300w, https:\/\/lyk-lighting.com\/wp-content\/uploads\/2023\/09\/Cam-bien-vay-tay-dung-cho-den-led-4-1-1024x768.jpg 1024w, https:\/\/lyk-lighting.com\/wp-content\/uploads\/2023\/09\/Cam-bien-vay-tay-dung-cho-den-led-4-1-768x576.jpg 768w\" sizes=\"(max-width: 1280px) 100vw, 1280px\" \/><figcaption id=\"caption-attachment-3400\" class=\"wp-caption-text\">M\u1ed7i khi c\u00f3 v\u1eadt che qua m\u1eaft c\u1ea3m bi\u1ec3n th\u00ec \u0111\u00e8n s\u1ebd \u0111\u1ed5i tr\u1ea1ng th\u00e1i, t\u1eeb s\u00e1ng th\u00e0nh t\u1eaft ho\u1eb7c t\u1eeb t\u1eaft th\u00e0nh s\u00e1ng.<\/figcaption><\/figure>\n<figure id=\"attachment_3401\" aria-describedby=\"caption-attachment-3401\" style=\"width: 1280px\" class=\"wp-caption alignnone\"><img loading=\"lazy\" decoding=\"async\" class=\"size-full wp-image-3401\" src=\"http:\/\/lyk-lighting.com\/wp-content\/uploads\/2023\/09\/Cam-bien-vay-tay-dung-cho-den-led-5-1.jpg\" alt=\"c\u00f3 th\u1ec3 d\u00f9ng c\u1ea3m bi\u1ebfn v\u1eaby tay v\u1edbi h\u1ec7 thanh nh\u00f4m \u0111\u1ecbnh h\u00ecnh \u0111\u00e8n led =&gt; v\u00e0o tham kh\u1ea3o c\u00e1c s\u1ea3n ph\u1ea9m thanh nh\u00f4m t\u1ea1i \u0111\u00e2y.\" width=\"1280\" height=\"960\" srcset=\"https:\/\/lyk-lighting.com\/wp-content\/uploads\/2023\/09\/Cam-bien-vay-tay-dung-cho-den-led-5-1.jpg 1280w, https:\/\/lyk-lighting.com\/wp-content\/uploads\/2023\/09\/Cam-bien-vay-tay-dung-cho-den-led-5-1-600x450.jpg 600w, https:\/\/lyk-lighting.com\/wp-content\/uploads\/2023\/09\/Cam-bien-vay-tay-dung-cho-den-led-5-1-300x225.jpg 300w, https:\/\/lyk-lighting.com\/wp-content\/uploads\/2023\/09\/Cam-bien-vay-tay-dung-cho-den-led-5-1-1024x768.jpg 1024w, https:\/\/lyk-lighting.com\/wp-content\/uploads\/2023\/09\/Cam-bien-vay-tay-dung-cho-den-led-5-1-768x576.jpg 768w\" sizes=\"(max-width: 1280px) 100vw, 1280px\" \/><figcaption id=\"caption-attachment-3401\" class=\"wp-caption-text\">c\u00f3 th\u1ec3 d\u00f9ng c\u1ea3m bi\u1ebfn v\u1eaby tay v\u1edbi h\u1ec7 thanh nh\u00f4m \u0111\u1ecbnh h\u00ecnh \u0111\u00e8n led =&gt; v\u00e0o tham kh\u1ea3o c\u00e1c s\u1ea3n ph\u1ea9m thanh nh\u00f4m t\u1ea1i \u0111\u00e2y.<\/figcaption><\/figure>\n<h4>C\u00e1c l\u1ed7i th\u01b0\u1eddng g\u1eb7p khi l\u1eafp \u0111\u1eb7t c\u1ea3m bi\u1ebfn v\u1eaby tay<\/h4>\n<h5><strong>A. L\u1eafp sai d\u00e2y:<\/strong><\/h5>\n<ul>\n<li>Hi\u1ec7n t\u01b0\u1ee3ng: \u0111\u00e8n lu\u00f4n s\u00e1ng<\/li>\n<li>Nguy\u00ean nh\u00e2n: n\u1ed1i ng\u01b0\u1ee3c d\u00e2y v\u00e0o \u0111\u00e8n v\u00e0o trong adapter 12V<\/li>\n<li>C\u00e1ch kh\u1eafc ph\u1ee5c: \u0111\u1ea3o \u0111\u1ea7u d\u00e2y<\/li>\n<\/ul>\n<h5><strong>B. L\u1eafp c\u1ea3m bi\u1ebfn qu\u00e1 s\u00e2u ho\u1eb7c qu\u00e1 s\u00e1t v\u00e0o v\u00e1n<\/strong><\/h5>\n<p><strong>Hi\u1ec7n t\u01b0\u1ee3ng:<\/strong> \u0111\u00e8n kh\u00f4ng \u0111i\u1ec1u khi\u1ec3n \u0111\u01b0\u1ee3c v\u00e0 gi\u1eef nguy\u00ean tr\u1ea1ng th\u00e1i.<\/p>\n<p><img loading=\"lazy\" decoding=\"async\" class=\"alignnone size-full wp-image-3402\" src=\"http:\/\/lyk-lighting.com\/wp-content\/uploads\/2023\/09\/Cam-bien-vay-tay-dung-cho-den-led-6-1.jpg\" alt=\"\" width=\"1280\" height=\"960\" srcset=\"https:\/\/lyk-lighting.com\/wp-content\/uploads\/2023\/09\/Cam-bien-vay-tay-dung-cho-den-led-6-1.jpg 1280w, https:\/\/lyk-lighting.com\/wp-content\/uploads\/2023\/09\/Cam-bien-vay-tay-dung-cho-den-led-6-1-600x450.jpg 600w, https:\/\/lyk-lighting.com\/wp-content\/uploads\/2023\/09\/Cam-bien-vay-tay-dung-cho-den-led-6-1-300x225.jpg 300w, https:\/\/lyk-lighting.com\/wp-content\/uploads\/2023\/09\/Cam-bien-vay-tay-dung-cho-den-led-6-1-1024x768.jpg 1024w, https:\/\/lyk-lighting.com\/wp-content\/uploads\/2023\/09\/Cam-bien-vay-tay-dung-cho-den-led-6-1-768x576.jpg 768w\" sizes=\"(max-width: 1280px) 100vw, 1280px\" \/><\/p>\n<p><strong>Nguy\u00ean nh\u00e2n:<\/strong> m\u1eaft c\u1ea3m bi\u1ebfn qu\u00e1 s\u00e1t v\u1edbi v\u00e1n n\u00ean tia h\u1ed3ng ngo\u1ea1i ph\u1ea3n chi\u1ebfu v\u00e0o v\u00e1n v\u00e0 \u0111\u1ebfn m\u1eaft thu<\/p>\n<p><strong>C\u00e1ch kh\u1eafc ph\u1ee5c:<\/strong> ch\u00eam cao m\u1eaft c\u1ea3m bi\u1ebfn l\u00ean ho\u1eb7c \u0111\u01b0a m\u1eaft c\u1ea3m bi\u1ebfn ra s\u00e1t m\u00e9p t\u1ee7<\/p>\n<p><img loading=\"lazy\" decoding=\"async\" class=\"alignnone size-full wp-image-3403\" src=\"http:\/\/lyk-lighting.com\/wp-content\/uploads\/2023\/09\/Cam-bien-vay-tay-dung-cho-den-led-7-1.jpg\" alt=\"\" width=\"1280\" height=\"960\" srcset=\"https:\/\/lyk-lighting.com\/wp-content\/uploads\/2023\/09\/Cam-bien-vay-tay-dung-cho-den-led-7-1.jpg 1280w, https:\/\/lyk-lighting.com\/wp-content\/uploads\/2023\/09\/Cam-bien-vay-tay-dung-cho-den-led-7-1-600x450.jpg 600w, https:\/\/lyk-lighting.com\/wp-content\/uploads\/2023\/09\/Cam-bien-vay-tay-dung-cho-den-led-7-1-300x225.jpg 300w, https:\/\/lyk-lighting.com\/wp-content\/uploads\/2023\/09\/Cam-bien-vay-tay-dung-cho-den-led-7-1-1024x768.jpg 1024w, https:\/\/lyk-lighting.com\/wp-content\/uploads\/2023\/09\/Cam-bien-vay-tay-dung-cho-den-led-7-1-768x576.jpg 768w\" sizes=\"(max-width: 1280px) 100vw, 1280px\" \/><\/p>\n","protected":false},"excerpt":{"rendered":"<div id=\"short_description_content\" class=\"rte align_justify\">\n<div id=\"short_description_content\" class=\"rte align_justify\">\n<div id=\"short_description_content\" class=\"rte align_justify\">\n<p>C\u1ea3m bi\u1ebfn c\u1eeda t\u1ee7 d\u00f9ng \u0111i\u1ec1u khi\u1ec3n \u0111\u00e8n led trong c\u00e1c v\u1ecb tr\u00ed kh\u00f4ng c\u00f3 s\u1eb5n c\u00f4ng t\u1eafc ho\u1eb7c c\u1ea7n th\u00eam ti\u1ec7n l\u1ee3i nh\u01b0 t\u1eaft m\u1edf \u0111\u00e8n khi tay \u01b0\u1edbt, tay d\u01a1. \u0110\u00e8n s\u1ebd t\u1eaft khi v\u1eaby tay qua v\u00e0 \u0111\u00e8n s\u00e1ng khi v\u1eaby tay l\u1ea7n n\u1eefa. S\u1ea3n ph\u1ea9m \u0111\u01a1n gi\u1ea3n, d\u1ec5 l\u1eafp \u0111\u1eb7t v\u00e0 c\u00f3 t\u00ednh th\u1ea9m m\u1ef9 cao n\u00ean<\/p>\n<\/div>\n<\/div>\n<\/div>\n","protected":false},"featured_media":3408,"template":"","meta":[],"product_cat":[166],"product_tag":[],"class_list":{"0":"post-4523","1":"product","2":"type-product","3":"status-publish","4":"has-post-thumbnail","6":"product_cat-den-downlight-am-tu-ke","8":"first","9":"instock","10":"shipping-taxable","11":"product-type-simple"},"_links":{"self":[{"href":"https:\/\/lyk-lighting.com\/en\/wp-json\/wp\/v2\/product\/4523","targetHints":{"allow":["GET"]}}],"collection":[{"href":"https:\/\/lyk-lighting.com\/en\/wp-json\/wp\/v2\/product"}],"about":[{"href":"https:\/\/lyk-lighting.com\/en\/wp-json\/wp\/v2\/types\/product"}],"version-history":[{"count":0,"href":"https:\/\/lyk-lighting.com\/en\/wp-json\/wp\/v2\/product\/4523\/revisions"}],"wp:featuredmedia":[{"embeddable":true,"href":"https:\/\/lyk-lighting.com\/en\/wp-json\/wp\/v2\/media\/3408"}],"wp:attachment":[{"href":"https:\/\/lyk-lighting.com\/en\/wp-json\/wp\/v2\/media?parent=4523"}],"wp:term":[{"taxonomy":"product_cat","embeddable":true,"href":"https:\/\/lyk-lighting.com\/en\/wp-json\/wp\/v2\/product_cat?post=4523"},{"taxonomy":"product_tag","embeddable":true,"href":"https:\/\/lyk-lighting.com\/en\/wp-json\/wp\/v2\/product_tag?post=4523"}],"curies":[{"name":"wp","href":"https:\/\/api.w.org\/{rel}","templated":true}]}}