{"id":4526,"date":"2023-10-19T16:47:30","date_gmt":"2023-10-19T09:47:30","guid":{"rendered":"http:\/\/lyk-lighting.com\/?post_type=product&#038;p=4526"},"modified":"2023-10-25T09:03:12","modified_gmt":"2023-10-25T02:03:12","slug":"den-led-tu-ke-noi-a1120","status":"publish","type":"product","link":"https:\/\/lyk-lighting.com\/en\/san-pham\/den-led-tu-ke-noi-a1120\/","title":{"rendered":"\u0110\u00e8n led t\u1ee7 k\u1ec7 n\u1ed5i A1120"},"content":{"rendered":"<h3>Th\u00f4ng s\u1ed1 k\u1ef9 thu\u1eadt \u0111\u00e8n led t\u1ee7 k\u1ec7 n\u1ed5i A1120<\/h3>\n<p>M\u00e3 s\u1ea3n ph\u1ea9m: A1120<br \/>\nK\u00edch th\u01b0\u1edbc: \u03d5 70 x 12 mm<br \/>\nVoltage: 12VDC<br \/>\nC\u00f4ng su\u1ea5t: 1.5W<br \/>\nChip led: 18 chip 3014<br \/>\nM\u00e0u \u00e1nh s\u00e1ng: c\u00f3 3 lo\u1ea1i 3000K (v\u00e0ng n\u1eafng) \u2013 4000K (v\u00e0ng d\u1ecbu) \u2013 6000K (tr\u1eafng)<br \/>\nCRI &gt; 80<br \/>\nC\u00f3 th\u1ec3 s\u1eed d\u1ee5ng v\u1edbi sensor<br \/>\nB\u1ec1 m\u1eb7t ho\u00e0n thi\u1ec7n b\u00ean ngo\u00e0i c\u00f3 4 m\u00e0u \u0111\u1ec3 l\u1ef1a ch\u1ecdn: Tr\u1eafng (White), B\u1ea1c (Chrome), X\u00e1m (Gray) v\u00e0 \u0110en (Black)<\/p>\n<p><img decoding=\"async\" class=\"alignnone wp-image-3396 size-thumbnail\" src=\"http:\/\/lyk-lighting.com\/wp-content\/uploads\/2023\/09\/Cam-bien-vay-tay-dung-cho-den-led-150x150.jpg\" alt=\"\" width=\"150\" height=\"150\" srcset=\"https:\/\/lyk-lighting.com\/wp-content\/uploads\/2023\/09\/Cam-bien-vay-tay-dung-cho-den-led-150x150.jpg 150w, https:\/\/lyk-lighting.com\/wp-content\/uploads\/2023\/09\/Cam-bien-vay-tay-dung-cho-den-led-100x100.jpg 100w\" sizes=\"(max-width: 150px) 100vw, 150px\" \/> <img decoding=\"async\" class=\"alignnone wp-image-3389 size-thumbnail\" src=\"http:\/\/lyk-lighting.com\/wp-content\/uploads\/2023\/09\/Cam-bien-vay-tay-dung-cho-den-led-2-150x150.jpg\" alt=\"\" width=\"150\" height=\"150\" srcset=\"https:\/\/lyk-lighting.com\/wp-content\/uploads\/2023\/09\/Cam-bien-vay-tay-dung-cho-den-led-2-150x150.jpg 150w, https:\/\/lyk-lighting.com\/wp-content\/uploads\/2023\/09\/Cam-bien-vay-tay-dung-cho-den-led-2-300x300.jpg 300w, https:\/\/lyk-lighting.com\/wp-content\/uploads\/2023\/09\/Cam-bien-vay-tay-dung-cho-den-led-2-100x100.jpg 100w\" sizes=\"(max-width: 150px) 100vw, 150px\" \/><\/p>\n<h3>C\u00e1ch l\u1eafp \u0111\u1eb7t \u0111\u00e8n led t\u1ee7 k\u1ec7 n\u1ed5i A1120<\/h3>\n<p>\u0110\u00e8n led cabinet A1120 \u0111\u00e3 c\u00f3 s\u1eb5n ng\u00e0m t\u00edch h\u1ee3p v\u1edbi \u0111\u00e8n, b\u1ea1n ch\u1ec9 c\u1ea7n khoan v\u00e0o v\u00e1n m\u1ed9t l\u1ed7 c\u00f3 \u0111\u01b0\u1eddng k\u00ednh 55mm v\u00e0 \u0111\u1ed9 s\u00e2u 11mm l\u00e0 c\u00f3 th\u1ec3 \u1ed1p \u0111\u00e8n v\u00e0o tr\u1ef1c ti\u1ebfp.<\/p>\n<p>\u0110\u00e8n c\u1ea7n ngu\u1ed3n t\u1ed5 ong b\u00ean ngo\u00e0i \u0111\u1ec3 chuy\u1ec3n \u0111i\u1ec7n th\u1ebf t\u1eeb \u0111i\u1ec7n nh\u00e0 220V sang \u0111i\u1ec7n 1 chi\u1ec1u 12VDC.<\/p>\n<figure id=\"attachment_4528\" aria-describedby=\"caption-attachment-4528\" style=\"width: 653px\" class=\"wp-caption alignnone\"><img fetchpriority=\"high\" decoding=\"async\" class=\"size-full wp-image-4528\" src=\"http:\/\/lyk-lighting.com\/wp-content\/uploads\/2023\/10\/Den-led-tu-ke-noi-A1120-2.jpg\" alt=\"\u0110\u00e8n led cabinet n\u1ed5i A1120\" width=\"653\" height=\"431\" srcset=\"https:\/\/lyk-lighting.com\/wp-content\/uploads\/2023\/10\/Den-led-tu-ke-noi-A1120-2.jpg 653w, https:\/\/lyk-lighting.com\/wp-content\/uploads\/2023\/10\/Den-led-tu-ke-noi-A1120-2-300x198.jpg 300w, https:\/\/lyk-lighting.com\/wp-content\/uploads\/2023\/10\/Den-led-tu-ke-noi-A1120-2-600x396.jpg 600w\" sizes=\"(max-width: 653px) 100vw, 653px\" \/><figcaption id=\"caption-attachment-4528\" class=\"wp-caption-text\">\u0110\u00e8n led cabinet n\u1ed5i A1120<\/figcaption><\/figure>\n<p><img loading=\"lazy\" decoding=\"async\" class=\"alignnone size-full wp-image-4531\" src=\"http:\/\/lyk-lighting.com\/wp-content\/uploads\/2023\/10\/Den-led-tu-ke-noi-A1120-5.jpg\" alt=\"\" width=\"637\" height=\"417\" srcset=\"https:\/\/lyk-lighting.com\/wp-content\/uploads\/2023\/10\/Den-led-tu-ke-noi-A1120-5.jpg 637w, https:\/\/lyk-lighting.com\/wp-content\/uploads\/2023\/10\/Den-led-tu-ke-noi-A1120-5-300x196.jpg 300w, https:\/\/lyk-lighting.com\/wp-content\/uploads\/2023\/10\/Den-led-tu-ke-noi-A1120-5-600x393.jpg 600w\" sizes=\"(max-width: 637px) 100vw, 637px\" \/><\/p>\n<figure id=\"attachment_4529\" aria-describedby=\"caption-attachment-4529\" style=\"width: 1117px\" class=\"wp-caption alignnone\"><img loading=\"lazy\" decoding=\"async\" class=\"size-full wp-image-4529\" src=\"http:\/\/lyk-lighting.com\/wp-content\/uploads\/2023\/10\/Den-led-tu-ke-noi-A1120-3.jpg\" alt=\"C\u00e1c b\u1ec1 m\u1eb7t ho\u00e0n thi\u1ec7n c\u1ee7a \u0111\u00e8n led t\u1ee7 k\u1ec7 n\u1ed5i A1120\" width=\"1117\" height=\"838\" srcset=\"https:\/\/lyk-lighting.com\/wp-content\/uploads\/2023\/10\/Den-led-tu-ke-noi-A1120-3.jpg 1117w, https:\/\/lyk-lighting.com\/wp-content\/uploads\/2023\/10\/Den-led-tu-ke-noi-A1120-3-300x225.jpg 300w, https:\/\/lyk-lighting.com\/wp-content\/uploads\/2023\/10\/Den-led-tu-ke-noi-A1120-3-1024x768.jpg 1024w, https:\/\/lyk-lighting.com\/wp-content\/uploads\/2023\/10\/Den-led-tu-ke-noi-A1120-3-768x576.jpg 768w, https:\/\/lyk-lighting.com\/wp-content\/uploads\/2023\/10\/Den-led-tu-ke-noi-A1120-3-600x450.jpg 600w\" sizes=\"(max-width: 1117px) 100vw, 1117px\" \/><figcaption id=\"caption-attachment-4529\" class=\"wp-caption-text\">C\u00e1c b\u1ec1 m\u1eb7t ho\u00e0n thi\u1ec7n c\u1ee7a \u0111\u00e8n led t\u1ee7 k\u1ec7 n\u1ed5i A1120<\/figcaption><\/figure>\n<figure id=\"attachment_4527\" aria-describedby=\"caption-attachment-4527\" style=\"width: 1167px\" class=\"wp-caption alignnone\"><img loading=\"lazy\" decoding=\"async\" class=\"size-full wp-image-4527\" src=\"http:\/\/lyk-lighting.com\/wp-content\/uploads\/2023\/10\/Den-led-tu-ke-noi-A1120-1.jpg\" alt=\"H\u00ecnh \u1ee9ng d\u1ee5ng c\u1ee7a \u0111\u00e8n led cabinet n\u1ed5i A1120\" width=\"1167\" height=\"842\" srcset=\"https:\/\/lyk-lighting.com\/wp-content\/uploads\/2023\/10\/Den-led-tu-ke-noi-A1120-1.jpg 1167w, https:\/\/lyk-lighting.com\/wp-content\/uploads\/2023\/10\/Den-led-tu-ke-noi-A1120-1-300x216.jpg 300w, https:\/\/lyk-lighting.com\/wp-content\/uploads\/2023\/10\/Den-led-tu-ke-noi-A1120-1-1024x739.jpg 1024w, https:\/\/lyk-lighting.com\/wp-content\/uploads\/2023\/10\/Den-led-tu-ke-noi-A1120-1-768x554.jpg 768w, https:\/\/lyk-lighting.com\/wp-content\/uploads\/2023\/10\/Den-led-tu-ke-noi-A1120-1-600x433.jpg 600w\" sizes=\"(max-width: 1167px) 100vw, 1167px\" \/><figcaption id=\"caption-attachment-4527\" class=\"wp-caption-text\">H\u00ecnh \u1ee9ng d\u1ee5ng c\u1ee7a \u0111\u00e8n led cabinet n\u1ed5i A1120<\/figcaption><\/figure>\n","protected":false},"excerpt":{"rendered":"<div id=\"short_description_content\" class=\"rte align_justify\">\n<div id=\"short_description_content\" class=\"rte align_justify\">\n<div id=\"short_description_content\" class=\"rte align_justify\">\n<div id=\"short_description_content\" class=\"rte align_justify\">\n<p>\u0110\u00e8n led cabinet n\u1ed5i A1120 d\u00f9ng cho t\u1ee7 b\u1ebfp v\u00e0 \u0111\u1ed3 n\u1ed9i th\u1ea5t c\u1ee7a Kim Ph\u00e1t l\u00e0 s\u1ea3n ph\u1ea9m trang tr\u00ed cao c\u1ea5p \u0111\u01b0\u1ee3c s\u1ea3n xu\u1ea5t theo ti\u00eau chu\u1ea9n US-UK r\u1ea5t d\u1ec5 s\u1eed d\u1ee5ng. \u0110\u00e8n led cabinet gi\u00fap mang \u00e1nh s\u00e1ng s\u1ed1ng \u0111\u1ed9ng v\u00e0o c\u00e1c thi\u1ebft b\u1ecb n\u1ed9i th\u1ea5t c\u1ee7a b\u1ea1n.<\/p>\n<\/div>\n<\/div>\n<\/div>\n<\/div>\n","protected":false},"featured_media":4532,"template":"","meta":[],"product_cat":[166],"product_tag":[],"class_list":{"0":"post-4526","1":"product","2":"type-product","3":"status-publish","4":"has-post-thumbnail","6":"product_cat-den-downlight-am-tu-ke","8":"first","9":"instock","10":"shipping-taxable","11":"product-type-simple"},"_links":{"self":[{"href":"https:\/\/lyk-lighting.com\/en\/wp-json\/wp\/v2\/product\/4526","targetHints":{"allow":["GET"]}}],"collection":[{"href":"https:\/\/lyk-lighting.com\/en\/wp-json\/wp\/v2\/product"}],"about":[{"href":"https:\/\/lyk-lighting.com\/en\/wp-json\/wp\/v2\/types\/product"}],"version-history":[{"count":0,"href":"https:\/\/lyk-lighting.com\/en\/wp-json\/wp\/v2\/product\/4526\/revisions"}],"wp:featuredmedia":[{"embeddable":true,"href":"https:\/\/lyk-lighting.com\/en\/wp-json\/wp\/v2\/media\/4532"}],"wp:attachment":[{"href":"https:\/\/lyk-lighting.com\/en\/wp-json\/wp\/v2\/media?parent=4526"}],"wp:term":[{"taxonomy":"product_cat","embeddable":true,"href":"https:\/\/lyk-lighting.com\/en\/wp-json\/wp\/v2\/product_cat?post=4526"},{"taxonomy":"product_tag","embeddable":true,"href":"https:\/\/lyk-lighting.com\/en\/wp-json\/wp\/v2\/product_tag?post=4526"}],"curies":[{"name":"wp","href":"https:\/\/api.w.org\/{rel}","templated":true}]}}