{"id":4533,"date":"2023-10-19T17:00:11","date_gmt":"2023-10-19T10:00:11","guid":{"rendered":"http:\/\/lyk-lighting.com\/?post_type=product&#038;p=4533"},"modified":"2023-10-25T09:03:07","modified_gmt":"2023-10-25T02:03:07","slug":"den-led-cabinet-am-a1110","status":"publish","type":"product","link":"https:\/\/lyk-lighting.com\/en\/san-pham\/den-led-cabinet-am-a1110\/","title":{"rendered":"\u0110\u00e8n led cabinet \u00e2m A1110"},"content":{"rendered":"<h3>Th\u00f4ng s\u1ed1 k\u1ef9 thu\u1eadt \u0111\u00e8n led cabinet \u00e2m A1110<\/h3>\n<p>M\u00e3 s\u1ea3n ph\u1ea9m: A1110<br \/>\nK\u00edch th\u01b0\u1edbc: \u03d5 70 x 12 mm<br \/>\nVoltage: 12VDC<br \/>\nC\u00f4ng su\u1ea5t: 1.5W<br \/>\nChip led: 18 chip 3014<br \/>\nM\u00e0u \u00e1nh s\u00e1ng: c\u00f3 3 lo\u1ea1i 3000K (v\u00e0ng n\u1eafng) \u2013 4000K (v\u00e0ng d\u1ecbu) \u2013 6000K (tr\u1eafng)<br \/>\nCRI &gt; 80<br \/>\nC\u00f3 th\u1ec3 s\u1eed d\u1ee5ng v\u1edbi sensor<br \/>\nB\u1ec1 m\u1eb7t ho\u00e0n thi\u1ec7n b\u00ean ngo\u00e0i c\u00f3 4 m\u00e0u \u0111\u1ec3 l\u1ef1a ch\u1ecdn: Tr\u1eafng (White), B\u1ea1c (Chrome), X\u00e1m (Gray) v\u00e0 \u0110en (Black)<\/p>\n<h3>C\u00e1ch l\u1eafp \u0111\u1eb7t \u0111\u00e8n led cabinet \u00e2m A1110<\/h3>\n<p>\u0110\u00e8n led cabinet A1110 \u0111\u00e3 c\u00f3 s\u1eb5n ng\u00e0m t\u00edch h\u1ee3p v\u1edbi \u0111\u00e8n, b\u1ea1n ch\u1ec9 c\u1ea7n khoan v\u00e0o v\u00e1n m\u1ed9t l\u1ed7 c\u00f3 \u0111\u01b0\u1eddng k\u00ednh 55mm v\u00e0 \u0111\u1ed9 s\u00e2u 11mm l\u00e0 c\u00f3 th\u1ec3 \u1ed1p \u0111\u00e8n v\u00e0o tr\u1ef1c ti\u1ebfp.<\/p>\n<p>\u0110\u00e8n c\u1ea7n ngu\u1ed3n t\u1ed5 ong b\u00ean ngo\u00e0i \u0111\u1ec3 chuy\u1ec3n \u0111i\u1ec7n th\u1ebf t\u1eeb \u0111i\u1ec7n nh\u00e0 220V sang \u0111i\u1ec7n 1 chi\u1ec1u 12VDC<\/p>\n<p><img fetchpriority=\"high\" decoding=\"async\" class=\"alignnone size-full wp-image-4536\" src=\"http:\/\/lyk-lighting.com\/wp-content\/uploads\/2023\/10\/Den-led-cabinet-am-A1110-8.jpg\" alt=\"\" width=\"677\" height=\"492\" srcset=\"https:\/\/lyk-lighting.com\/wp-content\/uploads\/2023\/10\/Den-led-cabinet-am-A1110-8.jpg 677w, https:\/\/lyk-lighting.com\/wp-content\/uploads\/2023\/10\/Den-led-cabinet-am-A1110-8-300x218.jpg 300w, https:\/\/lyk-lighting.com\/wp-content\/uploads\/2023\/10\/Den-led-cabinet-am-A1110-8-600x436.jpg 600w\" sizes=\"(max-width: 677px) 100vw, 677px\" \/><\/p>\n<figure id=\"attachment_4537\" aria-describedby=\"caption-attachment-4537\" style=\"width: 1101px\" class=\"wp-caption alignnone\"><img decoding=\"async\" class=\"size-full wp-image-4537\" src=\"http:\/\/lyk-lighting.com\/wp-content\/uploads\/2023\/10\/Den-led-cabinet-am-A1110-9.jpg\" alt=\"C\u00e1ch l\u1eafp \u0111\u00e8n led cabinet \u00e2m A1110 cho t\u1ee7 k\u1ec7 \" width=\"1101\" height=\"957\" srcset=\"https:\/\/lyk-lighting.com\/wp-content\/uploads\/2023\/10\/Den-led-cabinet-am-A1110-9.jpg 1101w, https:\/\/lyk-lighting.com\/wp-content\/uploads\/2023\/10\/Den-led-cabinet-am-A1110-9-300x261.jpg 300w, https:\/\/lyk-lighting.com\/wp-content\/uploads\/2023\/10\/Den-led-cabinet-am-A1110-9-1024x890.jpg 1024w, https:\/\/lyk-lighting.com\/wp-content\/uploads\/2023\/10\/Den-led-cabinet-am-A1110-9-768x668.jpg 768w, https:\/\/lyk-lighting.com\/wp-content\/uploads\/2023\/10\/Den-led-cabinet-am-A1110-9-600x522.jpg 600w\" sizes=\"(max-width: 1101px) 100vw, 1101px\" \/><figcaption id=\"caption-attachment-4537\" class=\"wp-caption-text\">C\u00e1ch l\u1eafp \u0111\u00e8n led cabinet \u00e2m A1110 cho t\u1ee7 k\u1ec7<\/figcaption><\/figure>\n<figure id=\"attachment_4539\" aria-describedby=\"caption-attachment-4539\" style=\"width: 775px\" class=\"wp-caption alignnone\"><img decoding=\"async\" class=\"size-full wp-image-4539\" src=\"http:\/\/lyk-lighting.com\/wp-content\/uploads\/2023\/10\/Den-led-cabinet-am-A1110-11.jpg\" alt=\"C\u00e1c h\u00ecnh d\u00e1ng b\u00ean ngo\u00e0i c\u1ee7a \u0111\u00e8n led cabinet \u00e2m A1110\" width=\"775\" height=\"775\" srcset=\"https:\/\/lyk-lighting.com\/wp-content\/uploads\/2023\/10\/Den-led-cabinet-am-A1110-11.jpg 775w, https:\/\/lyk-lighting.com\/wp-content\/uploads\/2023\/10\/Den-led-cabinet-am-A1110-11-300x300.jpg 300w, https:\/\/lyk-lighting.com\/wp-content\/uploads\/2023\/10\/Den-led-cabinet-am-A1110-11-150x150.jpg 150w, https:\/\/lyk-lighting.com\/wp-content\/uploads\/2023\/10\/Den-led-cabinet-am-A1110-11-768x768.jpg 768w, https:\/\/lyk-lighting.com\/wp-content\/uploads\/2023\/10\/Den-led-cabinet-am-A1110-11-600x600.jpg 600w, https:\/\/lyk-lighting.com\/wp-content\/uploads\/2023\/10\/Den-led-cabinet-am-A1110-11-100x100.jpg 100w\" sizes=\"(max-width: 775px) 100vw, 775px\" \/><figcaption id=\"caption-attachment-4539\" class=\"wp-caption-text\">C\u00e1c h\u00ecnh d\u00e1ng b\u00ean ngo\u00e0i c\u1ee7a \u0111\u00e8n led cabinet \u00e2m A1110<\/figcaption><\/figure>\n<h3><strong>H\u00ecnh \u1ea3nh \u1ee9ng d\u1ee5ng c\u1ee7a \u0111\u00e8n led cabinet \u00e2m A1110<\/strong><\/h3>\n<figure id=\"attachment_4534\" aria-describedby=\"caption-attachment-4534\" style=\"width: 2560px\" class=\"wp-caption alignnone\"><img loading=\"lazy\" decoding=\"async\" class=\"size-full wp-image-4534\" src=\"http:\/\/lyk-lighting.com\/wp-content\/uploads\/2023\/10\/Den-led-cabinet-am-A1110-1-scaled.jpg\" alt=\"\u1ee9ng d\u1ee5ng c\u1ee7a \u0111\u00e8n led cabinet \u00e2m A1110\" width=\"2560\" height=\"1829\" srcset=\"https:\/\/lyk-lighting.com\/wp-content\/uploads\/2023\/10\/Den-led-cabinet-am-A1110-1-scaled.jpg 2560w, https:\/\/lyk-lighting.com\/wp-content\/uploads\/2023\/10\/Den-led-cabinet-am-A1110-1-300x214.jpg 300w, https:\/\/lyk-lighting.com\/wp-content\/uploads\/2023\/10\/Den-led-cabinet-am-A1110-1-1024x731.jpg 1024w, https:\/\/lyk-lighting.com\/wp-content\/uploads\/2023\/10\/Den-led-cabinet-am-A1110-1-768x549.jpg 768w, https:\/\/lyk-lighting.com\/wp-content\/uploads\/2023\/10\/Den-led-cabinet-am-A1110-1-1536x1097.jpg 1536w, https:\/\/lyk-lighting.com\/wp-content\/uploads\/2023\/10\/Den-led-cabinet-am-A1110-1-2048x1463.jpg 2048w, https:\/\/lyk-lighting.com\/wp-content\/uploads\/2023\/10\/Den-led-cabinet-am-A1110-1-600x429.jpg 600w\" sizes=\"(max-width: 2560px) 100vw, 2560px\" \/><figcaption id=\"caption-attachment-4534\" class=\"wp-caption-text\">\u1ee9ng d\u1ee5ng c\u1ee7a \u0111\u00e8n led cabinet \u00e2m A1110<\/figcaption><\/figure>\n<figure id=\"attachment_4535\" aria-describedby=\"caption-attachment-4535\" style=\"width: 736px\" class=\"wp-caption alignnone\"><img loading=\"lazy\" decoding=\"async\" class=\"size-full wp-image-4535\" src=\"http:\/\/lyk-lighting.com\/wp-content\/uploads\/2023\/10\/Den-led-cabinet-am-A1110-7.jpg\" alt=\"\u1ee9ng d\u1ee5ng c\u1ee7a \u0111\u00e8n led cabinet \u00e2m A1110\" width=\"736\" height=\"393\" srcset=\"https:\/\/lyk-lighting.com\/wp-content\/uploads\/2023\/10\/Den-led-cabinet-am-A1110-7.jpg 736w, https:\/\/lyk-lighting.com\/wp-content\/uploads\/2023\/10\/Den-led-cabinet-am-A1110-7-300x160.jpg 300w, https:\/\/lyk-lighting.com\/wp-content\/uploads\/2023\/10\/Den-led-cabinet-am-A1110-7-600x320.jpg 600w\" sizes=\"(max-width: 736px) 100vw, 736px\" \/><figcaption id=\"caption-attachment-4535\" class=\"wp-caption-text\">\u1ee9ng d\u1ee5ng c\u1ee7a \u0111\u00e8n led cabinet \u00e2m A1110<\/figcaption><\/figure>\n","protected":false},"excerpt":{"rendered":"<div id=\"short_description_content\" class=\"rte align_justify\">\n<div id=\"short_description_content\" class=\"rte align_justify\">\n<div id=\"short_description_content\" class=\"rte align_justify\">\n<div id=\"short_description_content\" class=\"rte align_justify\">\n<div id=\"short_description_content\" class=\"rte align_justify\">\n<p>\u0110\u00e8n led cabinet \u00e2m A1110 d\u00f9ng cho t\u1ee7 b\u1ebfp v\u00e0 \u0111\u1ed3 n\u1ed9i th\u1ea5t c\u1ee7a Kim Ph\u00e1t l\u00e0 s\u1ea3n ph\u1ea9m trang tr\u00ed cao c\u1ea5p \u0111\u01b0\u1ee3c s\u1ea3n xu\u1ea5t theo ti\u00eau chu\u1ea9n US-UK r\u1ea5t d\u1ec5 s\u1eed d\u1ee5ng. \u0110\u00e8n led cabinet gi\u00fap mang \u00e1nh s\u00e1ng s\u1ed1ng \u0111\u1ed9ng v\u00e0o c\u00e1c thi\u1ebft b\u1ecb n\u1ed9i th\u1ea5t c\u1ee7a b\u1ea1n. Qui tr\u00ecnh l\u1eafp \u0111\u1eb7t \u0111\u01a1n gi<\/p>\n<\/div>\n<\/div>\n<\/div>\n<\/div>\n<\/div>\n","protected":false},"featured_media":4538,"template":"","meta":[],"product_cat":[166],"product_tag":[],"class_list":{"0":"post-4533","1":"product","2":"type-product","3":"status-publish","4":"has-post-thumbnail","6":"product_cat-den-downlight-am-tu-ke","8":"first","9":"instock","10":"shipping-taxable","11":"product-type-simple"},"_links":{"self":[{"href":"https:\/\/lyk-lighting.com\/en\/wp-json\/wp\/v2\/product\/4533","targetHints":{"allow":["GET"]}}],"collection":[{"href":"https:\/\/lyk-lighting.com\/en\/wp-json\/wp\/v2\/product"}],"about":[{"href":"https:\/\/lyk-lighting.com\/en\/wp-json\/wp\/v2\/types\/product"}],"version-history":[{"count":0,"href":"https:\/\/lyk-lighting.com\/en\/wp-json\/wp\/v2\/product\/4533\/revisions"}],"wp:featuredmedia":[{"embeddable":true,"href":"https:\/\/lyk-lighting.com\/en\/wp-json\/wp\/v2\/media\/4538"}],"wp:attachment":[{"href":"https:\/\/lyk-lighting.com\/en\/wp-json\/wp\/v2\/media?parent=4533"}],"wp:term":[{"taxonomy":"product_cat","embeddable":true,"href":"https:\/\/lyk-lighting.com\/en\/wp-json\/wp\/v2\/product_cat?post=4533"},{"taxonomy":"product_tag","embeddable":true,"href":"https:\/\/lyk-lighting.com\/en\/wp-json\/wp\/v2\/product_tag?post=4533"}],"curies":[{"name":"wp","href":"https:\/\/api.w.org\/{rel}","templated":true}]}}