{"id":4542,"date":"2023-10-20T10:00:10","date_gmt":"2023-10-20T03:00:10","guid":{"rendered":"http:\/\/lyk-lighting.com\/?post_type=product&#038;p=4542"},"modified":"2023-10-20T10:08:56","modified_gmt":"2023-10-20T03:08:56","slug":"led-day-dan-2835-120l","status":"publish","type":"product","link":"https:\/\/lyk-lighting.com\/en\/san-pham\/led-day-dan-2835-120l\/","title":{"rendered":"Led d\u00e2y d\u00e1n 2835-120L"},"content":{"rendered":"<h3>Th\u00f4ng s\u1ed1 k\u1ef9 thu\u1eadt Led d\u00e2y d\u00e1n 2835-120L<\/h3>\n<p>G\u00f3c s\u00e1ng: 160 \u0111\u1ed9<br \/>\n\u0110i\u1ec1u ch\u1ec9nh Dimmer: C\u00f3<br \/>\nChip led: Epistar SMD2835<br \/>\nS\u1ed1 l\u01b0\u1ee3ng led: 120led\/m<br \/>\n\u0110\u1ed9 ho\u00e0n m\u00e0u CRI: 90 (th\u00edch h\u1ee3p cho nh\u00e0 h\u00e0ng, shop cao c\u1ea5p)<br \/>\nChi\u1ec1u r\u1ed9ng d\u00e2y: 10mm<br \/>\n\u0110i\u1ec7n \u00e1p ho\u1ea1t \u0111\u1ed9ng: 24VDC<br \/>\nS\u1ed1 led tr\u00ean m\u1ed7i \u0111o\u1ea1n: 3 led<br \/>\nCh\u1ed1ng n\u01b0\u1edbc: kh\u00f4ng<br \/>\n\u0110\u1ed9 s\u00e1ng: 20-23 Lm\/led<br \/>\nC\u00f4ng su\u1ea5t: 24W\/m &#8211; 18W\/m<br \/>\nM\u00e0u s\u1eafc: 3000K-6000K (ghi ch\u00fa r\u00f5 khi \u0111\u1eb7t h\u00e0ng)<br \/>\nTi\u00eau chu\u1ea9n: RoHS<\/p>\n<p><img fetchpriority=\"high\" decoding=\"async\" class=\"alignnone size-full wp-image-4543\" src=\"http:\/\/lyk-lighting.com\/wp-content\/uploads\/2023\/10\/Led-day-dan-2835-120L-1.jpg\" alt=\"\" width=\"2228\" height=\"997\" srcset=\"https:\/\/lyk-lighting.com\/wp-content\/uploads\/2023\/10\/Led-day-dan-2835-120L-1.jpg 2228w, https:\/\/lyk-lighting.com\/wp-content\/uploads\/2023\/10\/Led-day-dan-2835-120L-1-300x134.jpg 300w, https:\/\/lyk-lighting.com\/wp-content\/uploads\/2023\/10\/Led-day-dan-2835-120L-1-1024x458.jpg 1024w, https:\/\/lyk-lighting.com\/wp-content\/uploads\/2023\/10\/Led-day-dan-2835-120L-1-768x344.jpg 768w, https:\/\/lyk-lighting.com\/wp-content\/uploads\/2023\/10\/Led-day-dan-2835-120L-1-1536x687.jpg 1536w, https:\/\/lyk-lighting.com\/wp-content\/uploads\/2023\/10\/Led-day-dan-2835-120L-1-2048x916.jpg 2048w, https:\/\/lyk-lighting.com\/wp-content\/uploads\/2023\/10\/Led-day-dan-2835-120L-1-600x268.jpg 600w\" sizes=\"(max-width: 2228px) 100vw, 2228px\" \/> <img decoding=\"async\" class=\"alignnone size-full wp-image-4544\" src=\"http:\/\/lyk-lighting.com\/wp-content\/uploads\/2023\/10\/Led-day-dan-2835-120L-2.jpg\" alt=\"\" width=\"2067\" height=\"1013\" srcset=\"https:\/\/lyk-lighting.com\/wp-content\/uploads\/2023\/10\/Led-day-dan-2835-120L-2.jpg 2067w, https:\/\/lyk-lighting.com\/wp-content\/uploads\/2023\/10\/Led-day-dan-2835-120L-2-300x147.jpg 300w, https:\/\/lyk-lighting.com\/wp-content\/uploads\/2023\/10\/Led-day-dan-2835-120L-2-1024x502.jpg 1024w, https:\/\/lyk-lighting.com\/wp-content\/uploads\/2023\/10\/Led-day-dan-2835-120L-2-768x376.jpg 768w, https:\/\/lyk-lighting.com\/wp-content\/uploads\/2023\/10\/Led-day-dan-2835-120L-2-1536x753.jpg 1536w, https:\/\/lyk-lighting.com\/wp-content\/uploads\/2023\/10\/Led-day-dan-2835-120L-2-2048x1004.jpg 2048w, https:\/\/lyk-lighting.com\/wp-content\/uploads\/2023\/10\/Led-day-dan-2835-120L-2-600x294.jpg 600w\" sizes=\"(max-width: 2067px) 100vw, 2067px\" \/><\/p>\n<h3><img decoding=\"async\" class=\"alignnone size-full wp-image-4547\" src=\"http:\/\/lyk-lighting.com\/wp-content\/uploads\/2023\/10\/Led-day-dan-2835-120L-5.jpg\" alt=\"\" width=\"800\" height=\"800\" srcset=\"https:\/\/lyk-lighting.com\/wp-content\/uploads\/2023\/10\/Led-day-dan-2835-120L-5.jpg 800w, https:\/\/lyk-lighting.com\/wp-content\/uploads\/2023\/10\/Led-day-dan-2835-120L-5-300x300.jpg 300w, https:\/\/lyk-lighting.com\/wp-content\/uploads\/2023\/10\/Led-day-dan-2835-120L-5-150x150.jpg 150w, https:\/\/lyk-lighting.com\/wp-content\/uploads\/2023\/10\/Led-day-dan-2835-120L-5-768x768.jpg 768w, https:\/\/lyk-lighting.com\/wp-content\/uploads\/2023\/10\/Led-day-dan-2835-120L-5-600x600.jpg 600w, https:\/\/lyk-lighting.com\/wp-content\/uploads\/2023\/10\/Led-day-dan-2835-120L-5-100x100.jpg 100w\" sizes=\"(max-width: 800px) 100vw, 800px\" \/><\/h3>\n<h3>M\u00f4 t\u1ea3 Led d\u00e2y d\u00e1n 2835-120L<\/h3>\n<p>Led d\u00e2y d\u00e1n 2835-12090824 l\u00e0 lo\u1ea1i d\u00e2y m\u1ec1m c\u00f3 keo d\u00e1n 3M ph\u00eda sau d\u00f9ng k\u1ebft h\u1ee3p v\u1edbi \u0111\u00e8n led thanh nh\u00f4m cho chi\u1ebfu s\u00e1ng gia \u0111\u00ecnh, trang tr\u00ed c\u1eeda h\u00e0ng, xe h\u01a1i v\u00e0 nhi\u1ec1u \u1ee9ng d\u1ee5ng chi\u1ebfu s\u00e1ng ph\u1ed5 bi\u1ebfn. \u0110\u00e8n led d\u00e2y d\u00e1n d\u00f9ng chip SMD2835 l\u00e0 lo\u1ea1i led si\u00eau s\u00e1ng v\u00e0 c\u00f3 nhi\u1ec1u lo\u1ea1i m\u00e0u s\u1eafc ch\u1ecdn l\u1ef1a v\u1edbi d\u1ea3i nhi\u1ec7t trong kho\u1ea3ng 3000K-6000K. \u0110\u01b0\u1ee3c thi\u1ebft k\u1ebf l\u00e0m vi\u1ec7c li\u00ean t\u1ee5c trong 30,000 gi\u1edd chi\u1ebfu s\u00e1ng.<\/p>\n<div class=\"mceTemp\"><\/div>\n<figure id=\"attachment_4545\" aria-describedby=\"caption-attachment-4545\" style=\"width: 387px\" class=\"wp-caption alignnone\"><img loading=\"lazy\" decoding=\"async\" class=\"size-full wp-image-4545\" src=\"http:\/\/lyk-lighting.com\/wp-content\/uploads\/2023\/10\/Led-day-dan-2835-120L-3.jpg\" alt=\"\u1ee8ng d\u1ee5n c\u1ee7a Led d\u00e2y d\u00e1n 2835-120L\" width=\"387\" height=\"581\" srcset=\"https:\/\/lyk-lighting.com\/wp-content\/uploads\/2023\/10\/Led-day-dan-2835-120L-3.jpg 387w, https:\/\/lyk-lighting.com\/wp-content\/uploads\/2023\/10\/Led-day-dan-2835-120L-3-200x300.jpg 200w\" sizes=\"(max-width: 387px) 100vw, 387px\" \/><figcaption id=\"caption-attachment-4545\" class=\"wp-caption-text\">\u1ee8ng d\u1ee5n c\u1ee7a Led d\u00e2y d\u00e1n 2835-120L<\/figcaption><\/figure>\n","protected":false},"excerpt":{"rendered":"<div id=\"short_description_content\" class=\"rte align_justify\">\n<div id=\"short_description_content\" class=\"rte align_justify\">\n<div id=\"short_description_content\" class=\"rte align_justify\">\n<div id=\"short_description_content\" class=\"rte align_justify\">\n<div id=\"short_description_content\" class=\"rte align_justify\">\n<div id=\"short_description_content\" class=\"rte align_justify\">\n<p>\u0110\u00e8n led d\u00e2y d\u00e1n \u0111\u01b0\u1ee3c d\u00e1n v\u00e0o c\u00e1c \u0111\u00e8n led thanh nh\u00f4m d\u00f9ng trong trang tr\u00ed n\u1ed9i th\u1ea5t, shop c\u1eeda h\u00e0ng, \u0111\u1ed9 \u00e1nh s\u00e1ng xe h\u01a1i. \u0110\u00e8n led d\u00e2y d\u00e1n 2835-120L s\u1eed d\u1ee5ng chip SMD2835, c\u00f3 120 led\/m, \u0111\u1ed9 ho\u00e0n m\u00e0u 90CRI n\u00ean th\u00edch h\u1ee3p cho c\u00e1c chi\u1ebfu s\u00e1ng cao c\u1ea5p.<\/p>\n<\/div>\n<\/div>\n<\/div>\n<\/div>\n<\/div>\n<\/div>\n","protected":false},"featured_media":4546,"template":"","meta":[],"product_cat":[180],"product_tag":[],"class_list":{"0":"post-4542","1":"product","2":"type-product","3":"status-publish","4":"has-post-thumbnail","6":"product_cat-den-led-day","8":"first","9":"instock","10":"shipping-taxable","11":"product-type-simple"},"_links":{"self":[{"href":"https:\/\/lyk-lighting.com\/en\/wp-json\/wp\/v2\/product\/4542","targetHints":{"allow":["GET"]}}],"collection":[{"href":"https:\/\/lyk-lighting.com\/en\/wp-json\/wp\/v2\/product"}],"about":[{"href":"https:\/\/lyk-lighting.com\/en\/wp-json\/wp\/v2\/types\/product"}],"version-history":[{"count":0,"href":"https:\/\/lyk-lighting.com\/en\/wp-json\/wp\/v2\/product\/4542\/revisions"}],"wp:featuredmedia":[{"embeddable":true,"href":"https:\/\/lyk-lighting.com\/en\/wp-json\/wp\/v2\/media\/4546"}],"wp:attachment":[{"href":"https:\/\/lyk-lighting.com\/en\/wp-json\/wp\/v2\/media?parent=4542"}],"wp:term":[{"taxonomy":"product_cat","embeddable":true,"href":"https:\/\/lyk-lighting.com\/en\/wp-json\/wp\/v2\/product_cat?post=4542"},{"taxonomy":"product_tag","embeddable":true,"href":"https:\/\/lyk-lighting.com\/en\/wp-json\/wp\/v2\/product_tag?post=4542"}],"curies":[{"name":"wp","href":"https:\/\/api.w.org\/{rel}","templated":true}]}}