{"id":4557,"date":"2023-10-20T10:24:00","date_gmt":"2023-10-20T03:24:00","guid":{"rendered":"http:\/\/lyk-lighting.com\/?post_type=product&#038;p=4557"},"modified":"2023-10-20T10:24:45","modified_gmt":"2023-10-20T03:24:45","slug":"led-day-dan-5050-42901212","status":"publish","type":"product","link":"https:\/\/lyk-lighting.com\/en\/san-pham\/led-day-dan-5050-42901212\/","title":{"rendered":"Led d\u00e2y d\u00e1n 5050-42901212"},"content":{"rendered":"<h3>Th\u00f4ng s\u1ed1 k\u1ef9 thu\u1eadt Led d\u00e2y d\u00e1n 5050-42901212<\/h3>\n<p>G\u00f3c s\u00e1ng: 160 \u0111\u1ed9<br \/>\n\u0110i\u1ec1u ch\u1ec9nh Dimmer: C\u00f3<br \/>\nChip led: Epistar SMD2835<br \/>\nS\u1ed1 l\u01b0\u1ee3ng led: 60led\/m<br \/>\n\u0110\u1ed9 ho\u00e0n m\u00e0u CRI: 75<br \/>\nChi\u1ec1u r\u1ed9ng d\u00e2y: 8mm<br \/>\n\u0110i\u1ec7n \u00e1p ho\u1ea1t \u0111\u1ed9ng: 12VDC<br \/>\nS\u1ed1 led tr\u00ean m\u1ed7i \u0111o\u1ea1n: 3 led<br \/>\nCh\u1ed1ng n\u01b0\u1edbc: kh\u00f4ng<br \/>\n\u0110\u1ed9 s\u00e1ng: 20-21 Lm\/led<br \/>\nC\u00f4ng su\u1ea5t: 12W\/m<br \/>\nM\u00e0u s\u1eafc: 3000K-6000K (ghi ch\u00fa r\u00f5 khi \u0111\u1eb7t h\u00e0ng)<br \/>\nTi\u00eau chu\u1ea9n: RoHS<\/p>\n<figure id=\"attachment_4554\" aria-describedby=\"caption-attachment-4554\" style=\"width: 900px\" class=\"wp-caption alignnone\"><img fetchpriority=\"high\" decoding=\"async\" class=\"size-full wp-image-4554\" src=\"http:\/\/lyk-lighting.com\/wp-content\/uploads\/2023\/10\/Led-day-dan-5050-42901212-1.jpg\" alt=\"Led d\u00e2y d\u00e1n 5050-42901212\" width=\"900\" height=\"600\" srcset=\"https:\/\/lyk-lighting.com\/wp-content\/uploads\/2023\/10\/Led-day-dan-5050-42901212-1.jpg 900w, https:\/\/lyk-lighting.com\/wp-content\/uploads\/2023\/10\/Led-day-dan-5050-42901212-1-300x200.jpg 300w, https:\/\/lyk-lighting.com\/wp-content\/uploads\/2023\/10\/Led-day-dan-5050-42901212-1-768x512.jpg 768w, https:\/\/lyk-lighting.com\/wp-content\/uploads\/2023\/10\/Led-day-dan-5050-42901212-1-600x400.jpg 600w\" sizes=\"(max-width: 900px) 100vw, 900px\" \/><figcaption id=\"caption-attachment-4554\" class=\"wp-caption-text\">Led d\u00e2y d\u00e1n 5050-42901212<\/figcaption><\/figure>\n<figure id=\"attachment_4553\" aria-describedby=\"caption-attachment-4553\" style=\"width: 800px\" class=\"wp-caption alignnone\"><img decoding=\"async\" class=\"size-full wp-image-4553\" src=\"http:\/\/lyk-lighting.com\/wp-content\/uploads\/2023\/10\/Led-day-dan-5050-42901212-4.jpg\" alt=\"Led d\u00e2y d\u00e1n 5050-42901212\" width=\"800\" height=\"800\" srcset=\"https:\/\/lyk-lighting.com\/wp-content\/uploads\/2023\/10\/Led-day-dan-5050-42901212-4.jpg 800w, https:\/\/lyk-lighting.com\/wp-content\/uploads\/2023\/10\/Led-day-dan-5050-42901212-4-300x300.jpg 300w, https:\/\/lyk-lighting.com\/wp-content\/uploads\/2023\/10\/Led-day-dan-5050-42901212-4-150x150.jpg 150w, https:\/\/lyk-lighting.com\/wp-content\/uploads\/2023\/10\/Led-day-dan-5050-42901212-4-768x768.jpg 768w, https:\/\/lyk-lighting.com\/wp-content\/uploads\/2023\/10\/Led-day-dan-5050-42901212-4-600x600.jpg 600w, https:\/\/lyk-lighting.com\/wp-content\/uploads\/2023\/10\/Led-day-dan-5050-42901212-4-100x100.jpg 100w\" sizes=\"(max-width: 800px) 100vw, 800px\" \/><figcaption id=\"caption-attachment-4553\" class=\"wp-caption-text\">Led d\u00e2y d\u00e1n 5050-42901212<\/figcaption><\/figure>\n<h3>M\u00f4 t\u1ea3 Led d\u00e2y d\u00e1n 5050-42901212<\/h3>\n<p>Led d\u00e2y d\u00e1n 5050-42901212 l\u00e0 lo\u1ea1i d\u00e2y m\u1ec1m c\u00f3 keo d\u00e1n 3M ph\u00eda sau d\u00f9ng k\u1ebft h\u1ee3p v\u1edbi \u0111\u00e8n led thanh nh\u00f4m cho chi\u1ebfu s\u00e1ng gia \u0111\u00ecnh, trang tr\u00ed c\u1eeda h\u00e0ng, xe h\u01a1i v\u00e0 nhi\u1ec1u \u1ee9ng d\u1ee5ng chi\u1ebfu s\u00e1ng ph\u1ed5 bi\u1ebfn. \u0110\u00e8n led d\u00e2y d\u00e1n d\u00f9ng chip SMD5050 l\u00e0 lo\u1ea1i led si\u00eau s\u00e1ng v\u00e0 c\u00f3 nhi\u1ec1u lo\u1ea1i m\u00e0u s\u1eafc ch\u1ecdn l\u1ef1a v\u1edbi d\u1ea3i nhi\u1ec7t trong kho\u1ea3ng 3000K-6000K. \u0110\u01b0\u1ee3c thi\u1ebft k\u1ebf l\u00e0m vi\u1ec7c li\u00ean t\u1ee5c trong 30,000 gi\u1edd chi\u1ebfu s\u00e1ng.<\/p>\n<div class=\"mceTemp\"><\/div>\n<figure id=\"attachment_4555\" aria-describedby=\"caption-attachment-4555\" style=\"width: 660px\" class=\"wp-caption alignnone\"><img decoding=\"async\" class=\"size-full wp-image-4555\" src=\"http:\/\/lyk-lighting.com\/wp-content\/uploads\/2023\/10\/Led-day-dan-5050-42901212-2.jpg\" alt=\"\u1ee8ng d\u1ee5ng Led d\u00e2y d\u00e1n 5050-42901212\" width=\"660\" height=\"441\" srcset=\"https:\/\/lyk-lighting.com\/wp-content\/uploads\/2023\/10\/Led-day-dan-5050-42901212-2.jpg 660w, https:\/\/lyk-lighting.com\/wp-content\/uploads\/2023\/10\/Led-day-dan-5050-42901212-2-300x200.jpg 300w, https:\/\/lyk-lighting.com\/wp-content\/uploads\/2023\/10\/Led-day-dan-5050-42901212-2-600x401.jpg 600w\" sizes=\"(max-width: 660px) 100vw, 660px\" \/><figcaption id=\"caption-attachment-4555\" class=\"wp-caption-text\">\u1ee8ng d\u1ee5ng Led d\u00e2y d\u00e1n 5050-42901212<\/figcaption><\/figure>\n","protected":false},"excerpt":{"rendered":"<div id=\"short_description_content\" class=\"rte align_justify\">\n<div id=\"short_description_content\" class=\"rte align_justify\">\n<div id=\"short_description_content\" class=\"rte align_justify\">\n<div id=\"short_description_content\" class=\"rte align_justify\">\n<div id=\"short_description_content\" class=\"rte align_justify\">\n<div id=\"short_description_content\" class=\"rte align_justify\">\n<div id=\"short_description_content\" class=\"rte align_justify\">\n<p>\u0110\u00e8n led d\u00e2y d\u00e1n \u0111\u01b0\u1ee3c d\u00e1n v\u00e0o c\u00e1c \u0111\u00e8n led thanh nh\u00f4m d\u00f9ng trong trang tr\u00ed n\u1ed9i th\u1ea5t, shop c\u1eeda h\u00e0ng, \u0111\u1ed9 \u00e1nh s\u00e1ng xe h\u01a1i. \u0110\u00e8n led d\u00e2y d\u00e1n 5050-42901212 s\u1eed d\u1ee5ng chip SMD5050, c\u00f3 42 led\/m, \u0111\u1ed9 ho\u00e0n m\u00e0u 90CRI n\u00ean th\u00edch h\u1ee3p cho c\u00e1c chi\u1ebfu s\u00e1ng cao c\u1ea5p.<\/p>\n<\/div>\n<\/div>\n<\/div>\n<\/div>\n<\/div>\n<\/div>\n<\/div>\n","protected":false},"featured_media":4556,"template":"","meta":[],"product_cat":[180],"product_tag":[],"class_list":{"0":"post-4557","1":"product","2":"type-product","3":"status-publish","4":"has-post-thumbnail","6":"product_cat-den-led-day","8":"first","9":"instock","10":"shipping-taxable","11":"product-type-simple"},"_links":{"self":[{"href":"https:\/\/lyk-lighting.com\/en\/wp-json\/wp\/v2\/product\/4557","targetHints":{"allow":["GET"]}}],"collection":[{"href":"https:\/\/lyk-lighting.com\/en\/wp-json\/wp\/v2\/product"}],"about":[{"href":"https:\/\/lyk-lighting.com\/en\/wp-json\/wp\/v2\/types\/product"}],"version-history":[{"count":0,"href":"https:\/\/lyk-lighting.com\/en\/wp-json\/wp\/v2\/product\/4557\/revisions"}],"wp:featuredmedia":[{"embeddable":true,"href":"https:\/\/lyk-lighting.com\/en\/wp-json\/wp\/v2\/media\/4556"}],"wp:attachment":[{"href":"https:\/\/lyk-lighting.com\/en\/wp-json\/wp\/v2\/media?parent=4557"}],"wp:term":[{"taxonomy":"product_cat","embeddable":true,"href":"https:\/\/lyk-lighting.com\/en\/wp-json\/wp\/v2\/product_cat?post=4557"},{"taxonomy":"product_tag","embeddable":true,"href":"https:\/\/lyk-lighting.com\/en\/wp-json\/wp\/v2\/product_tag?post=4557"}],"curies":[{"name":"wp","href":"https:\/\/api.w.org\/{rel}","templated":true}]}}