{"id":4558,"date":"2023-10-20T10:27:21","date_gmt":"2023-10-20T03:27:21","guid":{"rendered":"http:\/\/lyk-lighting.com\/?post_type=product&#038;p=4558"},"modified":"2023-10-20T10:32:41","modified_gmt":"2023-10-20T03:32:41","slug":"led-day-dan-3528-12075812-2in1","status":"publish","type":"product","link":"https:\/\/lyk-lighting.com\/en\/san-pham\/led-day-dan-3528-12075812-2in1\/","title":{"rendered":"Led d\u00e2y d\u00e1n 3528-12075812 2in1"},"content":{"rendered":"<h3>Th\u00f4ng s\u1ed1 k\u1ef9 thu\u1eadt Led d\u00e2y d\u00e1n 3528-12075812 2in1<\/h3>\n<p>G\u00f3c s\u00e1ng: 180 \u0111\u1ed9<br \/>\n\u0110i\u1ec1u ch\u1ec9nh Dimmer: C\u00f3<br \/>\nChip led: Epistar SMD3528<br \/>\nS\u1ed1 l\u01b0\u1ee3ng led: 120led\/m<br \/>\n\u0110\u1ed9 ho\u00e0n m\u00e0u CRI: 75<br \/>\nChi\u1ec1u r\u1ed9ng d\u00e2y: 8mm<br \/>\n\u0110i\u1ec7n \u00e1p ho\u1ea1t \u0111\u1ed9ng: 12VDC<br \/>\nS\u1ed1 led tr\u00ean m\u1ed7i \u0111o\u1ea1n: 3 led<br \/>\nCh\u1ed1ng n\u01b0\u1edbc: kh\u00f4ng<br \/>\n\u0110\u1ed9 s\u00e1ng: 6-7 Lm\/led<br \/>\nC\u00f4ng su\u1ea5t: 9.6W\/m<br \/>\nM\u00e0u s\u1eafc: 3000K-3500K-4000K<br \/>\nTi\u00eau chu\u1ea9n: RoHS<\/p>\n<figure id=\"attachment_4560\" aria-describedby=\"caption-attachment-4560\" style=\"width: 600px\" class=\"wp-caption alignnone\"><img fetchpriority=\"high\" decoding=\"async\" class=\"size-full wp-image-4560\" src=\"http:\/\/lyk-lighting.com\/wp-content\/uploads\/2023\/10\/Led-day-dan-3528-12075812-2in1-2.jpg\" alt=\"Led d\u00e2y d\u00e1n 3528-12075812 2in1\" width=\"600\" height=\"400\" srcset=\"https:\/\/lyk-lighting.com\/wp-content\/uploads\/2023\/10\/Led-day-dan-3528-12075812-2in1-2.jpg 600w, https:\/\/lyk-lighting.com\/wp-content\/uploads\/2023\/10\/Led-day-dan-3528-12075812-2in1-2-300x200.jpg 300w\" sizes=\"(max-width: 600px) 100vw, 600px\" \/><figcaption id=\"caption-attachment-4560\" class=\"wp-caption-text\">Led d\u00e2y d\u00e1n 3528-12075812 2in1<\/figcaption><\/figure>\n<figure id=\"attachment_4562\" aria-describedby=\"caption-attachment-4562\" style=\"width: 800px\" class=\"wp-caption alignnone\"><img decoding=\"async\" class=\"size-full wp-image-4562\" src=\"http:\/\/lyk-lighting.com\/wp-content\/uploads\/2023\/10\/Led-day-dan-3528-12075812-2in1-4.jpg\" alt=\"Led d\u00e2y d\u00e1n 3528-12075812 2in1\" width=\"800\" height=\"800\" srcset=\"https:\/\/lyk-lighting.com\/wp-content\/uploads\/2023\/10\/Led-day-dan-3528-12075812-2in1-4.jpg 800w, https:\/\/lyk-lighting.com\/wp-content\/uploads\/2023\/10\/Led-day-dan-3528-12075812-2in1-4-300x300.jpg 300w, https:\/\/lyk-lighting.com\/wp-content\/uploads\/2023\/10\/Led-day-dan-3528-12075812-2in1-4-150x150.jpg 150w, https:\/\/lyk-lighting.com\/wp-content\/uploads\/2023\/10\/Led-day-dan-3528-12075812-2in1-4-768x768.jpg 768w, https:\/\/lyk-lighting.com\/wp-content\/uploads\/2023\/10\/Led-day-dan-3528-12075812-2in1-4-600x600.jpg 600w, https:\/\/lyk-lighting.com\/wp-content\/uploads\/2023\/10\/Led-day-dan-3528-12075812-2in1-4-100x100.jpg 100w\" sizes=\"(max-width: 800px) 100vw, 800px\" \/><figcaption id=\"caption-attachment-4562\" class=\"wp-caption-text\">Led d\u00e2y d\u00e1n 3528-12075812 2in1<\/figcaption><\/figure>\n<h3>M\u00f4 t\u1ea3 Led d\u00e2y d\u00e1n 3528-12075812 2in1<\/h3>\n<p>Led d\u00e2y d\u00e1n 3528-12075812 l\u00e0 lo\u1ea1i d\u00e2y m\u1ec1m c\u00f3 keo d\u00e1n 3M ph\u00eda sau d\u00f9ng k\u1ebft h\u1ee3p v\u1edbi \u0111\u00e8n led thanh nh\u00f4m cho chi\u1ebfu s\u00e1ng gia \u0111\u00ecnh, trang tr\u00ed c\u1eeda h\u00e0ng, xe h\u01a1i v\u00e0 nhi\u1ec1u \u1ee9ng d\u1ee5ng chi\u1ebfu s\u00e1ng ph\u1ed5 bi\u1ebfn. \u0110\u00e8n led d\u00e2y d\u00e1n d\u00f9ng chip SMD3528 v\u00e0 c\u00f3 2 m\u00e0u chip led \u0111\u01b0\u1ee3c d\u00e1n l\u00ean c\u00f9ng d\u00e2y. Do \u0111\u00f3 led d\u00e2y d\u00e1n 2in1 c\u00f3 3 ch\u1ebf \u0111\u1ed9 m\u00e0u cho b\u1ea1n thay \u0111\u1ed5i: tr\u1eafng-tr\u1eafng \u1ea5m-v\u00e0ng \u1ea5m. \u0110\u01b0\u1ee3c thi\u1ebft k\u1ebf l\u00e0m vi\u1ec7c li\u00ean t\u1ee5c trong 30,000 gi\u1edd chi\u1ebfu s\u00e1ng.<\/p>\n<figure id=\"attachment_4559\" aria-describedby=\"caption-attachment-4559\" style=\"width: 334px\" class=\"wp-caption alignnone\"><img decoding=\"async\" class=\"size-full wp-image-4559\" src=\"http:\/\/lyk-lighting.com\/wp-content\/uploads\/2023\/10\/Led-day-dan-3528-12075812-2in1-1.jpg\" alt=\"\u1ee8ng d\u1ee5ng led d\u00e2y d\u00e1n Led d\u00e2y d\u00e1n 3528-12075812 2in1\" width=\"334\" height=\"500\" srcset=\"https:\/\/lyk-lighting.com\/wp-content\/uploads\/2023\/10\/Led-day-dan-3528-12075812-2in1-1.jpg 334w, https:\/\/lyk-lighting.com\/wp-content\/uploads\/2023\/10\/Led-day-dan-3528-12075812-2in1-1-200x300.jpg 200w\" sizes=\"(max-width: 334px) 100vw, 334px\" \/><figcaption id=\"caption-attachment-4559\" class=\"wp-caption-text\">\u1ee8ng d\u1ee5ng led d\u00e2y d\u00e1n Led d\u00e2y d\u00e1n 3528-12075812 2in1<\/figcaption><\/figure>\n","protected":false},"excerpt":{"rendered":"<div id=\"short_description_content\" class=\"rte align_justify\">\n<div id=\"short_description_content\" class=\"rte align_justify\">\n<div id=\"short_description_content\" class=\"rte align_justify\">\n<div id=\"short_description_content\" class=\"rte align_justify\">\n<div id=\"short_description_content\" class=\"rte align_justify\">\n<div id=\"short_description_content\" class=\"rte align_justify\">\n<div id=\"short_description_content\" class=\"rte align_justify\">\n<div id=\"short_description_content\" class=\"rte align_justify\">\n<p>\u0110\u00e8n led d\u00e2y d\u00e1n \u0111\u01b0\u1ee3c d\u00e1n v\u00e0o c\u00e1c \u0111\u00e8n led thanh nh\u00f4m d\u00f9ng trong trang tr\u00ed n\u1ed9i th\u1ea5t, shop c\u1eeda h\u00e0ng, \u0111\u1ed9 \u00e1nh s\u00e1ng xe h\u01a1i. \u0110\u00e8n led d\u00e2y d\u00e1n 3528-12075812 2in1 s\u1eed d\u1ee5ng chip SMD2835, c\u00f3 120 led\/m, \u0111\u1ed9 ho\u00e0n m\u00e0u 75CRI n\u00ean th\u00edch h\u1ee3p cho c\u00e1c chi\u1ebfu s\u00e1ng d\u00e2n d\u1ee5ng.<\/p>\n<\/div>\n<\/div>\n<\/div>\n<\/div>\n<\/div>\n<\/div>\n<\/div>\n<\/div>\n","protected":false},"featured_media":4561,"template":"","meta":[],"product_cat":[180],"product_tag":[],"class_list":{"0":"post-4558","1":"product","2":"type-product","3":"status-publish","4":"has-post-thumbnail","6":"product_cat-den-led-day","8":"first","9":"instock","10":"shipping-taxable","11":"product-type-simple"},"_links":{"self":[{"href":"https:\/\/lyk-lighting.com\/en\/wp-json\/wp\/v2\/product\/4558","targetHints":{"allow":["GET"]}}],"collection":[{"href":"https:\/\/lyk-lighting.com\/en\/wp-json\/wp\/v2\/product"}],"about":[{"href":"https:\/\/lyk-lighting.com\/en\/wp-json\/wp\/v2\/types\/product"}],"version-history":[{"count":0,"href":"https:\/\/lyk-lighting.com\/en\/wp-json\/wp\/v2\/product\/4558\/revisions"}],"wp:featuredmedia":[{"embeddable":true,"href":"https:\/\/lyk-lighting.com\/en\/wp-json\/wp\/v2\/media\/4561"}],"wp:attachment":[{"href":"https:\/\/lyk-lighting.com\/en\/wp-json\/wp\/v2\/media?parent=4558"}],"wp:term":[{"taxonomy":"product_cat","embeddable":true,"href":"https:\/\/lyk-lighting.com\/en\/wp-json\/wp\/v2\/product_cat?post=4558"},{"taxonomy":"product_tag","embeddable":true,"href":"https:\/\/lyk-lighting.com\/en\/wp-json\/wp\/v2\/product_tag?post=4558"}],"curies":[{"name":"wp","href":"https:\/\/api.w.org\/{rel}","templated":true}]}}