{"id":4569,"date":"2023-10-20T10:41:18","date_gmt":"2023-10-20T03:41:18","guid":{"rendered":"http:\/\/lyk-lighting.com\/?post_type=product&#038;p=4569"},"modified":"2023-10-20T10:44:24","modified_gmt":"2023-10-20T03:44:24","slug":"led-day-dan-2835-12075812","status":"publish","type":"product","link":"https:\/\/lyk-lighting.com\/en\/san-pham\/led-day-dan-2835-12075812\/","title":{"rendered":"Led d\u00e2y d\u00e1n 2835-12075812"},"content":{"rendered":"<h3>Th\u00f4ng s\u1ed1 k\u1ef9 thu\u1eadt Led d\u00e2y d\u00e1n 2835-12075812<\/h3>\n<p>G\u00f3c s\u00e1ng: 160 \u0111\u1ed9<br \/>\n\u0110i\u1ec1u ch\u1ec9nh Dimmer: C\u00f3<br \/>\nChip led: Epistar SMD2835<br \/>\nS\u1ed1 l\u01b0\u1ee3ng led: 120led\/m<br \/>\n\u0110\u1ed9 ho\u00e0n m\u00e0u CRI: 75<br \/>\nChi\u1ec1u r\u1ed9ng d\u00e2y: 8mm<br \/>\n\u0110i\u1ec7n \u00e1p ho\u1ea1t \u0111\u1ed9ng: 12VDC<br \/>\nS\u1ed1 led tr\u00ean m\u1ed7i \u0111o\u1ea1n: 3 led<br \/>\nCh\u1ed1ng n\u01b0\u1edbc: kh\u00f4ng<br \/>\n\u0110\u1ed9 s\u00e1ng: 20-23 Lm\/led<br \/>\nC\u00f4ng su\u1ea5t: 24W\/m<br \/>\nM\u00e0u s\u1eafc: 3000K-6000K (ghi ch\u00fa r\u00f5 khi \u0111\u1eb7t h\u00e0ng)<br \/>\nTi\u00eau chu\u1ea9n: RoHS<\/p>\n<figure id=\"attachment_4572\" aria-describedby=\"caption-attachment-4572\" style=\"width: 800px\" class=\"wp-caption alignnone\"><img fetchpriority=\"high\" decoding=\"async\" class=\"size-full wp-image-4572\" src=\"http:\/\/lyk-lighting.com\/wp-content\/uploads\/2023\/10\/Led-day-dan-2835-12075812-3.jpg\" alt=\"Led d\u00e2y d\u00e1n 2835-12075812\" width=\"800\" height=\"800\" srcset=\"https:\/\/lyk-lighting.com\/wp-content\/uploads\/2023\/10\/Led-day-dan-2835-12075812-3.jpg 800w, https:\/\/lyk-lighting.com\/wp-content\/uploads\/2023\/10\/Led-day-dan-2835-12075812-3-300x300.jpg 300w, https:\/\/lyk-lighting.com\/wp-content\/uploads\/2023\/10\/Led-day-dan-2835-12075812-3-150x150.jpg 150w, https:\/\/lyk-lighting.com\/wp-content\/uploads\/2023\/10\/Led-day-dan-2835-12075812-3-768x768.jpg 768w, https:\/\/lyk-lighting.com\/wp-content\/uploads\/2023\/10\/Led-day-dan-2835-12075812-3-600x600.jpg 600w, https:\/\/lyk-lighting.com\/wp-content\/uploads\/2023\/10\/Led-day-dan-2835-12075812-3-100x100.jpg 100w\" sizes=\"(max-width: 800px) 100vw, 800px\" \/><figcaption id=\"caption-attachment-4572\" class=\"wp-caption-text\">Led d\u00e2y d\u00e1n 2835-12075812<\/figcaption><\/figure>\n<h3>M\u00f4 t\u1ea3 Led d\u00e2y d\u00e1n 2835-12075812<\/h3>\n<p>Led d\u00e2y d\u00e1n 2835-12075812 l\u00e0 lo\u1ea1i d\u00e2y m\u1ec1m c\u00f3 keo d\u00e1n 3M ph\u00eda sau d\u00f9ng k\u1ebft h\u1ee3p v\u1edbi \u0111\u00e8n led thanh nh\u00f4m cho chi\u1ebfu s\u00e1ng gia \u0111\u00ecnh, trang tr\u00ed c\u1eeda h\u00e0ng, xe h\u01a1i v\u00e0 nhi\u1ec1u \u1ee9ng d\u1ee5ng chi\u1ebfu s\u00e1ng ph\u1ed5 bi\u1ebfn. \u0110\u00e8n led d\u00e2y d\u00e1n d\u00f9ng chip SMD2835 l\u00e0 lo\u1ea1i led si\u00eau s\u00e1ng v\u00e0 c\u00f3 nhi\u1ec1u lo\u1ea1i m\u00e0u s\u1eafc ch\u1ecdn l\u1ef1a v\u1edbi d\u1ea3i nhi\u1ec7t trong kho\u1ea3ng 3000K-6000K. \u0110\u01b0\u1ee3c thi\u1ebft k\u1ebf l\u00e0m vi\u1ec7c li\u00ean t\u1ee5c trong 30,000 gi\u1edd chi\u1ebfu s\u00e1ng.<\/p>\n<figure id=\"attachment_4570\" aria-describedby=\"caption-attachment-4570\" style=\"width: 555px\" class=\"wp-caption alignnone\"><img decoding=\"async\" class=\"size-full wp-image-4570\" src=\"http:\/\/lyk-lighting.com\/wp-content\/uploads\/2023\/10\/Led-day-dan-2835-12075812-1.jpg\" alt=\"\u1ee8ng d\u1ee5ng Led d\u00e2y d\u00e1n 2835-12075812\" width=\"555\" height=\"368\" srcset=\"https:\/\/lyk-lighting.com\/wp-content\/uploads\/2023\/10\/Led-day-dan-2835-12075812-1.jpg 555w, https:\/\/lyk-lighting.com\/wp-content\/uploads\/2023\/10\/Led-day-dan-2835-12075812-1-300x199.jpg 300w\" sizes=\"(max-width: 555px) 100vw, 555px\" \/><figcaption id=\"caption-attachment-4570\" class=\"wp-caption-text\">\u1ee8ng d\u1ee5ng Led d\u00e2y d\u00e1n 2835-12075812<\/figcaption><\/figure>\n","protected":false},"excerpt":{"rendered":"<div id=\"short_description_content\" class=\"rte align_justify\">\n<div id=\"short_description_content\" class=\"rte align_justify\">\n<div id=\"short_description_content\" class=\"rte align_justify\">\n<div id=\"short_description_content\" class=\"rte align_justify\">\n<div id=\"short_description_content\" class=\"rte align_justify\">\n<div id=\"short_description_content\" class=\"rte align_justify\">\n<div id=\"short_description_content\" class=\"rte align_justify\">\n<div id=\"short_description_content\" class=\"rte align_justify\">\n<div id=\"short_description_content\" class=\"rte align_justify\">\n<div id=\"short_description_content\" class=\"rte align_justify\">\n<div id=\"short_description_content\" class=\"rte align_justify\">\n<div id=\"short_description_content\" class=\"rte align_justify\">\n<div id=\"short_description_content\" class=\"rte align_justify\">\n<div id=\"short_description_content\" class=\"rte align_justify\">\n<div id=\"short_description_content\" class=\"rte align_justify\">\n<div id=\"short_description_content\" class=\"rte align_justify\">\n<div id=\"short_description_content\" class=\"rte align_justify\">\n<div id=\"short_description_content\" class=\"rte align_justify\">\n<p>\u0110\u00e8n led d\u00e2y d\u00e1n \u0111\u01b0\u1ee3c d\u00e1n v\u00e0o c\u00e1c \u0111\u00e8n led thanh nh\u00f4m d\u00f9ng trong trang tr\u00ed n\u1ed9i th\u1ea5t, shop c\u1eeda h\u00e0ng, \u0111\u1ed9 \u00e1nh s\u00e1ng xe h\u01a1i. \u0110\u00e8n led d\u00e2y d\u00e1n 2835-12075812 s\u1eed d\u1ee5ng chip SMD2835, c\u00f3 120 led\/m, \u0111\u1ed9 ho\u00e0n m\u00e0u 75CRI n\u00ean th\u00edch h\u1ee3p cho c\u00e1c chi\u1ebfu s\u00e1ng d\u00e2n d\u1ee5ng.<\/p>\n<\/div>\n<\/div>\n<\/div>\n<\/div>\n<\/div>\n<\/div>\n<\/div>\n<\/div>\n<\/div>\n<\/div>\n<\/div>\n<\/div>\n<\/div>\n<\/div>\n<\/div>\n<\/div>\n<\/div>\n<\/div>\n","protected":false},"featured_media":4571,"template":"","meta":[],"product_cat":[180],"product_tag":[],"class_list":{"0":"post-4569","1":"product","2":"type-product","3":"status-publish","4":"has-post-thumbnail","6":"product_cat-den-led-day","8":"first","9":"instock","10":"shipping-taxable","11":"product-type-simple"},"_links":{"self":[{"href":"https:\/\/lyk-lighting.com\/en\/wp-json\/wp\/v2\/product\/4569","targetHints":{"allow":["GET"]}}],"collection":[{"href":"https:\/\/lyk-lighting.com\/en\/wp-json\/wp\/v2\/product"}],"about":[{"href":"https:\/\/lyk-lighting.com\/en\/wp-json\/wp\/v2\/types\/product"}],"version-history":[{"count":0,"href":"https:\/\/lyk-lighting.com\/en\/wp-json\/wp\/v2\/product\/4569\/revisions"}],"wp:featuredmedia":[{"embeddable":true,"href":"https:\/\/lyk-lighting.com\/en\/wp-json\/wp\/v2\/media\/4571"}],"wp:attachment":[{"href":"https:\/\/lyk-lighting.com\/en\/wp-json\/wp\/v2\/media?parent=4569"}],"wp:term":[{"taxonomy":"product_cat","embeddable":true,"href":"https:\/\/lyk-lighting.com\/en\/wp-json\/wp\/v2\/product_cat?post=4569"},{"taxonomy":"product_tag","embeddable":true,"href":"https:\/\/lyk-lighting.com\/en\/wp-json\/wp\/v2\/product_tag?post=4569"}],"curies":[{"name":"wp","href":"https:\/\/api.w.org\/{rel}","templated":true}]}}