{"id":4647,"date":"2023-10-22T13:20:25","date_gmt":"2023-10-22T06:20:25","guid":{"rendered":"http:\/\/lyk-lighting.com\/?post_type=product&#038;p=4647"},"modified":"2023-10-25T09:01:21","modified_gmt":"2023-10-25T02:01:21","slug":"silicon-flex-st1313","status":"publish","type":"product","link":"https:\/\/lyk-lighting.com\/en\/san-pham\/silicon-flex-st1313\/","title":{"rendered":"Silicon Flex ST1313"},"content":{"rendered":"<h3>Th\u00f4ng s\u1ed1 k\u1ef9 thu\u1eadt Silicon Flex Top View ST1313:<\/h3>\n<p>M\u00e3 s\u1ea3n ph\u1ea9m: ST1313<br \/>\nK\u00edch th\u01b0\u1edbc: 13*13mm<br \/>\nCh\u1ea5t li\u1ec7u: Silicon<br \/>\nB\u1ea3n d\u00e2y led \u0111\u1ec1 xu\u1ea5t: 8mm<br \/>\n\u0110i\u1ec7n \u00e1p ho\u1ea1t \u0111\u1ed9ng: 12\/24VDC<br \/>\nCh\u1ed1ng n\u01b0\u1edbc: IP67<br \/>\nM\u00e0u s\u1eafc: 3000K-4000K-6000K-RGBW<br \/>\nG\u00f3c chi\u1ebfu: 180 \u0111\u1ed9<br \/>\n\u0110i\u1ec1u ch\u1ec9nh Dimmer: C\u00f3<br \/>\nPh\u1ee5 ki\u1ec7n: n\u1eafp b\u1ecbt \u0111\u1ea7u v\u00e0 bas k\u1eb9p<\/p>\n<p><img fetchpriority=\"high\" decoding=\"async\" class=\"alignnone size-full wp-image-4648\" src=\"http:\/\/lyk-lighting.com\/wp-content\/uploads\/2023\/10\/Silicon-Flex-ST1313-1.jpg\" alt=\"\" width=\"2000\" height=\"1600\" srcset=\"https:\/\/lyk-lighting.com\/wp-content\/uploads\/2023\/10\/Silicon-Flex-ST1313-1.jpg 2000w, https:\/\/lyk-lighting.com\/wp-content\/uploads\/2023\/10\/Silicon-Flex-ST1313-1-300x240.jpg 300w, https:\/\/lyk-lighting.com\/wp-content\/uploads\/2023\/10\/Silicon-Flex-ST1313-1-1024x819.jpg 1024w, https:\/\/lyk-lighting.com\/wp-content\/uploads\/2023\/10\/Silicon-Flex-ST1313-1-768x614.jpg 768w, https:\/\/lyk-lighting.com\/wp-content\/uploads\/2023\/10\/Silicon-Flex-ST1313-1-1536x1229.jpg 1536w, https:\/\/lyk-lighting.com\/wp-content\/uploads\/2023\/10\/Silicon-Flex-ST1313-1-600x480.jpg 600w\" sizes=\"(max-width: 2000px) 100vw, 2000px\" \/><\/p>\n<h3>M\u00f4 t\u1ea3 Silicon Flex Top View ST1313<\/h3>\n<div id=\"short_description_content\" class=\"rte align_justify\">\n<p>Silicon Flex ST1313 l\u00e0 \u1ed1ng nh\u1ef1a silicon kh\u00f4ng bao g\u1ed3m d\u1ea3i \u0111\u00e8n led. V\u1edbi thi\u1ebft k\u1ebf v\u00e0 s\u1eed d\u1ee5ng ch\u1ea5t li\u1ec7u silicon gi\u00fap cho ST1313 t\u00e1i t\u1ea1o \u00e1nh s\u00e1ng m\u1ecbn v\u00e0 trung th\u1ef1c khi s\u1eed d\u1ee5ng c\u00f9ng \u0111\u00e8n led d\u00e2y d\u00e1n. Kh\u1ea3 n\u0103ng ch\u1ecbu nhi\u1ec7t cao, kh\u00f4ng b\u1ecb oxy h\u00f3a, hi\u1ec7u su\u1ea5t ch\u1ed1ng n\u01b0\u1edbc c\u1ef1c t\u1ed1t, c\u00f3 th\u1ec3 t\u1ea1o ra b\u1ea5t k\u1ef3 h\u00ecnh d\u1ea1ng n\u00e0o m\u00e0 b\u1ea1n mu\u1ed1n, b\u1edfi t\u00ednh \u01b0u vi\u1ec7t m\u1ec1m v\u00e0 d\u1ec5 u\u1ed1n cong.<\/p>\n<\/div>\n<p><img decoding=\"async\" class=\"alignnone size-full wp-image-4651\" src=\"http:\/\/lyk-lighting.com\/wp-content\/uploads\/2023\/10\/Silicon-Flex-ST1313-4.jpg\" alt=\"\" width=\"2000\" height=\"1600\" srcset=\"https:\/\/lyk-lighting.com\/wp-content\/uploads\/2023\/10\/Silicon-Flex-ST1313-4.jpg 2000w, https:\/\/lyk-lighting.com\/wp-content\/uploads\/2023\/10\/Silicon-Flex-ST1313-4-300x240.jpg 300w, https:\/\/lyk-lighting.com\/wp-content\/uploads\/2023\/10\/Silicon-Flex-ST1313-4-1024x819.jpg 1024w, https:\/\/lyk-lighting.com\/wp-content\/uploads\/2023\/10\/Silicon-Flex-ST1313-4-768x614.jpg 768w, https:\/\/lyk-lighting.com\/wp-content\/uploads\/2023\/10\/Silicon-Flex-ST1313-4-1536x1229.jpg 1536w, https:\/\/lyk-lighting.com\/wp-content\/uploads\/2023\/10\/Silicon-Flex-ST1313-4-600x480.jpg 600w\" sizes=\"(max-width: 2000px) 100vw, 2000px\" \/><\/p>\n","protected":false},"excerpt":{"rendered":"<div id=\"short_description_content\" class=\"rte align_justify\">\n<div id=\"short_description_content\" class=\"rte align_justify\">\n<div id=\"short_description_content\" class=\"rte align_justify\">\n<div id=\"short_description_content\" class=\"rte align_justify\">\n<div id=\"short_description_content\" class=\"rte align_justify\">\n<div id=\"short_description_content\" class=\"rte align_justify\">\n<div id=\"short_description_content\" class=\"rte align_justify\">\n<div id=\"short_description_content\" class=\"rte align_justify\">\n<div id=\"short_description_content\" class=\"rte align_justify\">\n<div id=\"short_description_content\" class=\"rte align_justify\">\n<div id=\"short_description_content\" class=\"rte align_justify\">\n<div id=\"short_description_content\" class=\"rte align_justify\">\n<div id=\"short_description_content\" class=\"rte align_justify\">\n<div id=\"short_description_content\" class=\"rte align_justify\">\n<div id=\"short_description_content\" class=\"rte align_justify\">\n<div id=\"short_description_content\" class=\"rte align_justify\">\n<div id=\"short_description_content\" class=\"rte align_justify\">\n<div id=\"short_description_content\" class=\"rte align_justify\">\n<div id=\"short_description_content\" class=\"rte align_justify\">\n<div id=\"short_description_content\" class=\"rte align_justify\">\n<div id=\"short_description_content\" class=\"rte align_justify\">\n<p>Silicon Flex ST1313 l\u00e0 d\u00f2ng s\u1ea3n ph\u1ea9m m\u1edbi, linh ho\u1ea1t c\u00f3 th\u1ec3 u\u1ed1n cong, t\u1ea1o h\u00ecnh \u0111a d\u1ea1ng, d\u1ec5 d\u00e0ng c\u1eaft n\u1ed1i, kh\u1ea3 n\u0103ng ch\u1ed1ng ch\u1ecbu th\u1eddi ti\u1ebft cao, kh\u00f4ng b\u1ecb \u0103n m\u00f2n.<\/p>\n<\/div>\n<\/div>\n<\/div>\n<\/div>\n<\/div>\n<\/div>\n<\/div>\n<\/div>\n<\/div>\n<\/div>\n<\/div>\n<\/div>\n<\/div>\n<\/div>\n<\/div>\n<\/div>\n<\/div>\n<\/div>\n<\/div>\n<\/div>\n<\/div>\n","protected":false},"featured_media":4649,"template":"","meta":[],"product_cat":[260],"product_tag":[],"class_list":{"0":"post-4647","1":"product","2":"type-product","3":"status-publish","4":"has-post-thumbnail","6":"product_cat-silicon-flex","8":"first","9":"instock","10":"shipping-taxable","11":"product-type-simple"},"_links":{"self":[{"href":"https:\/\/lyk-lighting.com\/en\/wp-json\/wp\/v2\/product\/4647","targetHints":{"allow":["GET"]}}],"collection":[{"href":"https:\/\/lyk-lighting.com\/en\/wp-json\/wp\/v2\/product"}],"about":[{"href":"https:\/\/lyk-lighting.com\/en\/wp-json\/wp\/v2\/types\/product"}],"version-history":[{"count":0,"href":"https:\/\/lyk-lighting.com\/en\/wp-json\/wp\/v2\/product\/4647\/revisions"}],"wp:featuredmedia":[{"embeddable":true,"href":"https:\/\/lyk-lighting.com\/en\/wp-json\/wp\/v2\/media\/4649"}],"wp:attachment":[{"href":"https:\/\/lyk-lighting.com\/en\/wp-json\/wp\/v2\/media?parent=4647"}],"wp:term":[{"taxonomy":"product_cat","embeddable":true,"href":"https:\/\/lyk-lighting.com\/en\/wp-json\/wp\/v2\/product_cat?post=4647"},{"taxonomy":"product_tag","embeddable":true,"href":"https:\/\/lyk-lighting.com\/en\/wp-json\/wp\/v2\/product_tag?post=4647"}],"curies":[{"name":"wp","href":"https:\/\/api.w.org\/{rel}","templated":true}]}}