{"id":4673,"date":"2023-10-22T13:36:29","date_gmt":"2023-10-22T06:36:29","guid":{"rendered":"http:\/\/lyk-lighting.com\/?post_type=product&#038;p=4673"},"modified":"2023-10-22T13:40:40","modified_gmt":"2023-10-22T06:40:40","slug":"bo-dieu-khien-den-led-wifi","status":"publish","type":"product","link":"https:\/\/lyk-lighting.com\/en\/san-pham\/bo-dieu-khien-den-led-wifi\/","title":{"rendered":"B\u1ed9 \u0111i\u1ec1u khi\u1ec3n \u0111\u00e8n led WIFI"},"content":{"rendered":"<h3>Th\u00f4ng s\u1ed1 k\u1ef9 thu\u1eadt b\u1ed9 \u0111i\u1ec1u khi\u1ec3n \u0111\u00e8n led WIFI<\/h3>\n<p>S\u1eed d\u1ee5ng c\u00f4ng ngh\u1ec7 WIFI t\u01b0\u01a1ng th\u00edch ph\u1ea7n m\u1ec1m Tuya<\/p>\n<p>B\u1ea3o v\u1ec7 ng\u1eafn m\u1ea1ch<\/p>\n<p>DC12-24V, 4 channels x 4A<\/p>\n<p>Max load 192W\/12V; 384W\/24V<\/p>\n<p>C\u00f3 th\u1ec3 k\u1ebft h\u1ee3p RF remote control RFBT15<\/p>\n<p>L\u01b0u l\u1ea1i ch\u1ebf \u0111\u1ed9 g\u1ea7n nh\u1ea5t khi b\u1ecb m\u1ea5t ngu\u1ed3n. Khi b\u1eadt ngu\u1ed3n tr\u1edf l\u1ea1i, b\u1ed9 \u0111i\u1ec1u khi\u1ec3n ch\u1ea1y theo ch\u01b0\u01a1ng tr\u00ecnh \u0111\u00e3 l\u01b0u g\u1ea7n nh\u1ea5t.<\/p>\n<figure id=\"attachment_4675\" aria-describedby=\"caption-attachment-4675\" style=\"width: 1525px\" class=\"wp-caption alignnone\"><img fetchpriority=\"high\" decoding=\"async\" class=\"size-full wp-image-4675\" src=\"http:\/\/lyk-lighting.com\/wp-content\/uploads\/2023\/10\/Bo-dieu-khien-den-led-WIFI-1.jpeg\" alt=\"K\u00edch th\u01b0\u1edbc b\u1ed9 \u0111i\u1ec1u khi\u1ec3n \u0111\u00e8n led WIFI\" width=\"1525\" height=\"617\" srcset=\"https:\/\/lyk-lighting.com\/wp-content\/uploads\/2023\/10\/Bo-dieu-khien-den-led-WIFI-1.jpeg 1525w, https:\/\/lyk-lighting.com\/wp-content\/uploads\/2023\/10\/Bo-dieu-khien-den-led-WIFI-1-300x121.jpeg 300w, https:\/\/lyk-lighting.com\/wp-content\/uploads\/2023\/10\/Bo-dieu-khien-den-led-WIFI-1-1024x414.jpeg 1024w, https:\/\/lyk-lighting.com\/wp-content\/uploads\/2023\/10\/Bo-dieu-khien-den-led-WIFI-1-768x311.jpeg 768w, https:\/\/lyk-lighting.com\/wp-content\/uploads\/2023\/10\/Bo-dieu-khien-den-led-WIFI-1-600x243.jpeg 600w\" sizes=\"(max-width: 1525px) 100vw, 1525px\" \/><figcaption id=\"caption-attachment-4675\" class=\"wp-caption-text\">K\u00edch th\u01b0\u1edbc b\u1ed9 \u0111i\u1ec1u khi\u1ec3n \u0111\u00e8n led WIFI<\/figcaption><\/figure>\n<figure id=\"attachment_4677\" aria-describedby=\"caption-attachment-4677\" style=\"width: 1172px\" class=\"wp-caption alignnone\"><img decoding=\"async\" class=\"size-full wp-image-4677\" src=\"http:\/\/lyk-lighting.com\/wp-content\/uploads\/2023\/10\/kich-thuoc.jpg\" alt=\"K\u00edch th\u01b0\u1edbc b\u1ed9 \u0111i\u1ec1u khi\u1ec3n \u0111\u00e8n led WIFI\" width=\"1172\" height=\"577\" srcset=\"https:\/\/lyk-lighting.com\/wp-content\/uploads\/2023\/10\/kich-thuoc.jpg 1172w, https:\/\/lyk-lighting.com\/wp-content\/uploads\/2023\/10\/kich-thuoc-300x148.jpg 300w, https:\/\/lyk-lighting.com\/wp-content\/uploads\/2023\/10\/kich-thuoc-1024x504.jpg 1024w, https:\/\/lyk-lighting.com\/wp-content\/uploads\/2023\/10\/kich-thuoc-768x378.jpg 768w, https:\/\/lyk-lighting.com\/wp-content\/uploads\/2023\/10\/kich-thuoc-600x295.jpg 600w\" sizes=\"(max-width: 1172px) 100vw, 1172px\" \/><figcaption id=\"caption-attachment-4677\" class=\"wp-caption-text\">K\u00edch th\u01b0\u1edbc b\u1ed9 \u0111i\u1ec1u khi\u1ec3n \u0111\u00e8n led WIFI<\/figcaption><\/figure>\n<h3>M\u00f4 t\u1ea3 b\u1ed9 \u0111i\u1ec1u khi\u1ec3n \u0111\u00e8n led WIFI<\/h3>\n<div id=\"short_description_content\" class=\"rte align_justify\">\n<p>B\u1ed9 \u0111i\u1ec1u khi\u1ec3n \u0111\u00e8n led D014 d\u00f9ng c\u00f4ng ngh\u1ec7 PWM (Pulse Width Modulation) \u0111\u1ec3 \u0111i\u1ec1u khi\u1ec3n \u00e1nh s\u00e1ng c\u1ee7a c\u00e1c lo\u1ea1i \u0111\u00e8n led 12V\/24VDC (constant voltage) nh\u01b0 l\u00e0 \u0111\u00e8n pin, \u0111\u00e8n led d\u00e2y, led thanh, led module&#8230; Thi\u1ebft b\u1ecb c\u00f3 th\u1ec3 d\u00f9ng \u0111i\u1ec1u khi\u1ec3n c\u00e1c h\u1ec7 \u0111\u00e8n led nhi\u1ec1u m\u00e0u nh\u01b0 RGB, RGBW, RGBWW<\/p>\n<\/div>\n<h3>H\u01b0\u1edbng d\u1eabn c\u00e0i \u0111\u1eb7t b\u1ed9 \u0111i\u1ec1u khi\u1ec3n WIFI D014<\/h3>\n<p><iframe title=\"B\u1ed9 \u0111i\u1ec1u khi\u1ec3n \u0111\u00e8n led WIFI\" width=\"800\" height=\"450\" src=\"https:\/\/www.youtube.com\/embed\/AcKblKxtFrg?feature=oembed\" frameborder=\"0\" allow=\"accelerometer; autoplay; clipboard-write; encrypted-media; gyroscope; picture-in-picture; web-share\" allowfullscreen><\/iframe><\/p>\n","protected":false},"excerpt":{"rendered":"<div id=\"short_description_content\" class=\"rte align_justify\">\n<div id=\"short_description_content\" class=\"rte align_justify\">\n<div id=\"short_description_content\" class=\"rte align_justify\">\n<div id=\"short_description_content\" class=\"rte align_justify\">\n<div id=\"short_description_content\" class=\"rte align_justify\">\n<div id=\"short_description_content\" class=\"rte align_justify\">\n<div id=\"short_description_content\" class=\"rte align_justify\">\n<div id=\"short_description_content\" class=\"rte align_justify\">\n<div id=\"short_description_content\" class=\"rte align_justify\">\n<div id=\"short_description_content\" class=\"rte align_justify\">\n<div id=\"short_description_content\" class=\"rte align_justify\">\n<div id=\"short_description_content\" class=\"rte align_justify\">\n<div id=\"short_description_content\" class=\"rte align_justify\">\n<div id=\"short_description_content\" class=\"rte align_justify\">\n<div id=\"short_description_content\" class=\"rte align_justify\">\n<div id=\"short_description_content\" class=\"rte align_justify\">\n<div id=\"short_description_content\" class=\"rte align_justify\">\n<div id=\"short_description_content\" class=\"rte align_justify\">\n<div id=\"short_description_content\" class=\"rte align_justify\">\n<div id=\"short_description_content\" class=\"rte align_justify\">\n<div id=\"short_description_content\" class=\"rte align_justify\">\n<p>B\u1ed9 \u0111i\u1ec1u khi\u1ec3n \u0111\u00e8n led WIFI cho ph\u00e9p \u0111i\u1ec1u khi\u1ec3n c\u00e1c thi\u1ebft b\u1ecb chi\u1ebfu s\u00e1ng t\u1eeb xa th\u00f4ng qua \u1ee9ng d\u1ee5ng tr\u00ean \u0111i\u1ec7n tho\u1ea1i, gi\u00fap linh ho\u1ea1t \u0111i\u1ec1u ch\u1ec9nh ch\u1ebf \u0111\u1ed9 \u00e1nh s\u00e1ng cho d\u00e2n d\u1ee5ng c\u0169ng nh\u01b0 tr\u00ecnh chi\u1ebfu chuy\u00ean nghi\u1ec7p.<\/p>\n<\/div>\n<\/div>\n<\/div>\n<\/div>\n<\/div>\n<\/div>\n<\/div>\n<\/div>\n<\/div>\n<\/div>\n<\/div>\n<\/div>\n<\/div>\n<\/div>\n<\/div>\n<\/div>\n<\/div>\n<\/div>\n<\/div>\n<\/div>\n<\/div>\n","protected":false},"featured_media":4674,"template":"","meta":[],"product_cat":[258],"product_tag":[],"class_list":{"0":"post-4673","1":"product","2":"type-product","3":"status-publish","4":"has-post-thumbnail","6":"product_cat-chua-phan-loai-vi","8":"first","9":"instock","10":"shipping-taxable","11":"product-type-simple"},"_links":{"self":[{"href":"https:\/\/lyk-lighting.com\/en\/wp-json\/wp\/v2\/product\/4673","targetHints":{"allow":["GET"]}}],"collection":[{"href":"https:\/\/lyk-lighting.com\/en\/wp-json\/wp\/v2\/product"}],"about":[{"href":"https:\/\/lyk-lighting.com\/en\/wp-json\/wp\/v2\/types\/product"}],"version-history":[{"count":0,"href":"https:\/\/lyk-lighting.com\/en\/wp-json\/wp\/v2\/product\/4673\/revisions"}],"wp:featuredmedia":[{"embeddable":true,"href":"https:\/\/lyk-lighting.com\/en\/wp-json\/wp\/v2\/media\/4674"}],"wp:attachment":[{"href":"https:\/\/lyk-lighting.com\/en\/wp-json\/wp\/v2\/media?parent=4673"}],"wp:term":[{"taxonomy":"product_cat","embeddable":true,"href":"https:\/\/lyk-lighting.com\/en\/wp-json\/wp\/v2\/product_cat?post=4673"},{"taxonomy":"product_tag","embeddable":true,"href":"https:\/\/lyk-lighting.com\/en\/wp-json\/wp\/v2\/product_tag?post=4673"}],"curies":[{"name":"wp","href":"https:\/\/api.w.org\/{rel}","templated":true}]}}