{"id":4686,"date":"2023-10-22T15:11:34","date_gmt":"2023-10-22T08:11:34","guid":{"rendered":"http:\/\/lyk-lighting.com\/?post_type=product&#038;p=4686"},"modified":"2023-10-22T15:14:15","modified_gmt":"2023-10-22T08:14:15","slug":"nguon-led-12v-sieu-mong","status":"publish","type":"product","link":"https:\/\/lyk-lighting.com\/en\/san-pham\/nguon-led-12v-sieu-mong\/","title":{"rendered":"Ngu\u1ed3n led 12V si\u00eau m\u1ecfng"},"content":{"rendered":"<h3>Th\u00f4ng s\u1ed1 k\u1ef9 thu\u1eadt ngu\u1ed3n led 12V si\u00eau m\u1ecfng<\/h3>\n<p>Ng\u00f5 v\u00e0o: 160-220 VAC \/ 50-60 Hz<br \/>\nNg\u00f5 ra: 12 VDC &#8211; 10A\/16.7A\/25A<br \/>\nC\u00f4ng su\u1ea5t: 120W &#8211; 200W &#8211; 300W<br \/>\nK\u00edch th\u01b0\u1edbc: 200mm (d\u00e0i) x 50mm (ngang) x 20mm cao<\/p>\n<h3>\u0110\u1eb7c t\u00ednh ngu\u1ed3n led 12V si\u00eau m\u1ecfng<\/h3>\n<ul>\n<li>100% \u0111\u01b0\u1ee3c ki\u1ec3m tra burn-in test tr\u01b0\u1edbc khi xu\u1ea5t x\u01b0\u1edfng<\/li>\n<li>M\u1ea1ch t\u00edch h\u1ee3p nh\u1ecf g\u1ecdn v\u1edbi linh ki\u1ec7n cao c\u1ea5p d\u00f9ng cho \u0111\u00e8n led<\/li>\n<li>Thi\u1ebft k\u1ebf t\u1ea3n nhi\u1ec7t t\u1ed1t, ch\u1ed1ng l\u01b0u nhi\u1ec7t tr\u00ean linh ki\u1ec7n, k\u00e9o d\u00e0i tu\u1ed5i th\u1ecd s\u1eed d\u1ee5ng<\/li>\n<li>C\u00f3 b\u1ed9 b\u1ea3o v\u1ec7 qu\u00e1 \u00e1p, qu\u00e1 c\u00f4ng su\u1ea5t, qu\u00e1 nhi\u1ec7t \u0111\u1ed9<\/li>\n<\/ul>\n<h3>\u1ee8ng d\u1ee5ng ngu\u1ed3n led 12V si\u00eau m\u1ecfng<\/h3>\n<ul>\n<li>\u0110\u00e8n led t\u1ee7 k\u1ec7 &#8211; tham kh\u1ea3o c\u00e1c lo\u1ea1i thanh nh\u00f4m \u0111\u1ecbnh h\u00ecnh d\u00f9ng cho \u0111\u00e8n led<\/li>\n<li>\u0110\u00e8n led thanh nh\u00f4m \u0111\u1ecbnh h\u00ecnh d\u1ea1ng treo th\u1ea3 &#8211; gi\u1ea5u ngu\u1ed3n v\u00e0o ng\u0103n tr\u00ean<\/li>\n<li>B\u1ea3ng qu\u1ea3ng c\u00e1o k\u00edch th\u01b0\u1edbc nh\u1ecf<\/li>\n<li>Gi\u1ea5u ngu\u1ed3n v\u00e0o c\u00e1c l\u1ed7 kho\u00e9t \u0111\u00e8n downlight<\/li>\n<li>\n<figure id=\"attachment_4687\" aria-describedby=\"caption-attachment-4687\" style=\"width: 720px\" class=\"wp-caption alignnone\"><img fetchpriority=\"high\" decoding=\"async\" class=\"size-full wp-image-4687\" src=\"http:\/\/lyk-lighting.com\/wp-content\/uploads\/2023\/10\/Nguon-led-12V-sieu-mong-1.jpg\" alt=\"Ngu\u1ed3n led 12V-120W si\u00eau m\u1ecfng\" width=\"720\" height=\"1280\" srcset=\"https:\/\/lyk-lighting.com\/wp-content\/uploads\/2023\/10\/Nguon-led-12V-sieu-mong-1.jpg 720w, https:\/\/lyk-lighting.com\/wp-content\/uploads\/2023\/10\/Nguon-led-12V-sieu-mong-1-169x300.jpg 169w, https:\/\/lyk-lighting.com\/wp-content\/uploads\/2023\/10\/Nguon-led-12V-sieu-mong-1-576x1024.jpg 576w, https:\/\/lyk-lighting.com\/wp-content\/uploads\/2023\/10\/Nguon-led-12V-sieu-mong-1-600x1067.jpg 600w\" sizes=\"(max-width: 720px) 100vw, 720px\" \/><figcaption id=\"caption-attachment-4687\" class=\"wp-caption-text\">Ngu\u1ed3n led 12V-120W si\u00eau m\u1ecfng<\/figcaption><\/figure>\n<p><figure id=\"attachment_4688\" aria-describedby=\"caption-attachment-4688\" style=\"width: 960px\" class=\"wp-caption alignnone\"><img decoding=\"async\" class=\"size-full wp-image-4688\" src=\"http:\/\/lyk-lighting.com\/wp-content\/uploads\/2023\/10\/Nguon-led-12V-sieu-mong-2.jpg\" alt=\"Ngu\u1ed3n led 12V-120W si\u00eau m\u1ecfng\" width=\"960\" height=\"1280\" srcset=\"https:\/\/lyk-lighting.com\/wp-content\/uploads\/2023\/10\/Nguon-led-12V-sieu-mong-2.jpg 960w, https:\/\/lyk-lighting.com\/wp-content\/uploads\/2023\/10\/Nguon-led-12V-sieu-mong-2-225x300.jpg 225w, https:\/\/lyk-lighting.com\/wp-content\/uploads\/2023\/10\/Nguon-led-12V-sieu-mong-2-768x1024.jpg 768w, https:\/\/lyk-lighting.com\/wp-content\/uploads\/2023\/10\/Nguon-led-12V-sieu-mong-2-600x800.jpg 600w\" sizes=\"(max-width: 960px) 100vw, 960px\" \/><figcaption id=\"caption-attachment-4688\" class=\"wp-caption-text\">Ngu\u1ed3n led 12V-120W si\u00eau m\u1ecfng<\/figcaption><\/figure><\/li>\n<\/ul>\n","protected":false},"excerpt":{"rendered":"<div id=\"short_description_content\" class=\"rte align_justify\">\n<div id=\"short_description_content\" class=\"rte align_justify\">\n<div id=\"short_description_content\" class=\"rte align_justify\">\n<div id=\"short_description_content\" class=\"rte align_justify\">\n<div id=\"short_description_content\" class=\"rte align_justify\">\n<div id=\"short_description_content\" class=\"rte align_justify\">\n<div id=\"short_description_content\" class=\"rte align_justify\">\n<div id=\"short_description_content\" class=\"rte align_justify\">\n<div id=\"short_description_content\" class=\"rte align_justify\">\n<div id=\"short_description_content\" class=\"rte align_justify\">\n<div id=\"short_description_content\" class=\"rte align_justify\">\n<div id=\"short_description_content\" class=\"rte align_justify\">\n<div id=\"short_description_content\" class=\"rte align_justify\">\n<div id=\"short_description_content\" class=\"rte align_justify\">\n<div id=\"short_description_content\" class=\"rte align_justify\">\n<div id=\"short_description_content\" class=\"rte align_justify\">\n<div id=\"short_description_content\" class=\"rte align_justify\">\n<div id=\"short_description_content\" class=\"rte align_justify\">\n<div id=\"short_description_content\" class=\"rte align_justify\">\n<div id=\"short_description_content\" class=\"rte align_justify\">\n<div id=\"short_description_content\" class=\"rte align_justify\">\n<p>Ngu\u1ed3n led 12V si\u00eau m\u1ecfng l\u00e0 lo\u1ea1i ngu\u1ed3n th\u1ebf h\u1ec7 m\u1edbi c\u00f3 thi\u1ebft k\u1ebf nh\u1ecf g\u1ecdn d\u00f9ng cho h\u1ec7 \u0111\u00e8n led d\u00e2y\/\u0111\u00e8n led thanh 12V. Ngu\u1ed3n led c\u00f3 k\u00edch th\u01b0\u1edbc c\u1ef1c nh\u1ecf gi\u00fap t\u1ed1i \u01b0u thi\u1ebft k\u1ebf m\u00e0 kh\u00f4ng lo l\u1eafng v\u1ec1 n\u01a1i \u0111\u1eb7t ngu\u1ed3n, gi\u00fap linh ho\u1ea1t h\u01a1n khi x\u1eed l\u00fd \u0111\u00e8n led v\u00ec c\u00f3 th\u1ec3 v\u1eeba t\u1ea5t<\/p>\n<\/div>\n<\/div>\n<\/div>\n<\/div>\n<\/div>\n<\/div>\n<\/div>\n<\/div>\n<\/div>\n<\/div>\n<\/div>\n<\/div>\n<\/div>\n<\/div>\n<\/div>\n<\/div>\n<\/div>\n<\/div>\n<\/div>\n<\/div>\n<\/div>\n","protected":false},"featured_media":4690,"template":"","meta":[],"product_cat":[258],"product_tag":[],"class_list":{"0":"post-4686","1":"product","2":"type-product","3":"status-publish","4":"has-post-thumbnail","6":"product_cat-chua-phan-loai-vi","8":"first","9":"instock","10":"shipping-taxable","11":"product-type-simple"},"_links":{"self":[{"href":"https:\/\/lyk-lighting.com\/en\/wp-json\/wp\/v2\/product\/4686","targetHints":{"allow":["GET"]}}],"collection":[{"href":"https:\/\/lyk-lighting.com\/en\/wp-json\/wp\/v2\/product"}],"about":[{"href":"https:\/\/lyk-lighting.com\/en\/wp-json\/wp\/v2\/types\/product"}],"version-history":[{"count":0,"href":"https:\/\/lyk-lighting.com\/en\/wp-json\/wp\/v2\/product\/4686\/revisions"}],"wp:featuredmedia":[{"embeddable":true,"href":"https:\/\/lyk-lighting.com\/en\/wp-json\/wp\/v2\/media\/4690"}],"wp:attachment":[{"href":"https:\/\/lyk-lighting.com\/en\/wp-json\/wp\/v2\/media?parent=4686"}],"wp:term":[{"taxonomy":"product_cat","embeddable":true,"href":"https:\/\/lyk-lighting.com\/en\/wp-json\/wp\/v2\/product_cat?post=4686"},{"taxonomy":"product_tag","embeddable":true,"href":"https:\/\/lyk-lighting.com\/en\/wp-json\/wp\/v2\/product_tag?post=4686"}],"curies":[{"name":"wp","href":"https:\/\/api.w.org\/{rel}","templated":true}]}}