{"id":4693,"date":"2023-10-22T15:43:25","date_gmt":"2023-10-22T08:43:25","guid":{"rendered":"http:\/\/lyk-lighting.com\/?post_type=product&#038;p=4693"},"modified":"2023-10-22T15:47:14","modified_gmt":"2023-10-22T08:47:14","slug":"nguon-dua-12v","status":"publish","type":"product","link":"https:\/\/lyk-lighting.com\/en\/san-pham\/nguon-dua-12v\/","title":{"rendered":"Ngu\u1ed3n \u0111\u0169a 12V"},"content":{"rendered":"<h3>Th\u00f4ng s\u1ed1 k\u1ef9 thu\u1eadt ngu\u1ed3n led 12V si\u00eau m\u1ecfng<\/h3>\n<p>Ng\u00f5 v\u00e0o: 160-220 VAC \/ 50-60 Hz<br \/>\nNg\u00f5 ra: 12 VDC &#8211; 2A\/3A\/4A\/5A<br \/>\nC\u00f4ng su\u1ea5t: 24W &#8211; 36W &#8211; 48W &#8211; 60W<br \/>\nK\u00edch th\u01b0\u1edbc: 161mm (d\u00e0i) x 17mm (ngang) x 17mm cao<\/p>\n<p><img fetchpriority=\"high\" decoding=\"async\" class=\"alignnone size-full wp-image-4695\" src=\"http:\/\/lyk-lighting.com\/wp-content\/uploads\/2023\/10\/Nguon-dua-12V-2.jpg\" alt=\"\" width=\"1200\" height=\"1377\" srcset=\"https:\/\/lyk-lighting.com\/wp-content\/uploads\/2023\/10\/Nguon-dua-12V-2.jpg 1200w, https:\/\/lyk-lighting.com\/wp-content\/uploads\/2023\/10\/Nguon-dua-12V-2-261x300.jpg 261w, https:\/\/lyk-lighting.com\/wp-content\/uploads\/2023\/10\/Nguon-dua-12V-2-892x1024.jpg 892w, https:\/\/lyk-lighting.com\/wp-content\/uploads\/2023\/10\/Nguon-dua-12V-2-768x881.jpg 768w, https:\/\/lyk-lighting.com\/wp-content\/uploads\/2023\/10\/Nguon-dua-12V-2-600x689.jpg 600w\" sizes=\"(max-width: 1200px) 100vw, 1200px\" \/><\/p>\n<h3>\u0110\u1eb7c t\u00ednh ngu\u1ed3n led 12V si\u00eau m\u1ecfng<\/h3>\n<ul>\n<li>100% \u0111\u01b0\u1ee3c ki\u1ec3m tra burn-in test tr\u01b0\u1edbc khi xu\u1ea5t x\u01b0\u1edfng<\/li>\n<li>M\u1ea1ch t\u00edch h\u1ee3p nh\u1ecf g\u1ecdn v\u1edbi linh ki\u1ec7n cao c\u1ea5p d\u00f9ng cho \u0111\u00e8n led<\/li>\n<li>Thi\u1ebft k\u1ebf t\u1ea3n nhi\u1ec7t t\u1ed1t, ch\u1ed1ng l\u01b0u nhi\u1ec7t tr\u00ean linh ki\u1ec7n, k\u00e9o d\u00e0i tu\u1ed5i th\u1ecd s\u1eed d\u1ee5ng<\/li>\n<li>C\u00f3 b\u1ed9 b\u1ea3o v\u1ec7 qu\u00e1 \u00e1p, qu\u00e1 c\u00f4ng su\u1ea5t, qu\u00e1 nhi\u1ec7t \u0111\u1ed9<\/li>\n<\/ul>\n<h3>\u1ee8ng d\u1ee5ng ngu\u1ed3n led 12V si\u00eau m\u1ecfng<\/h3>\n<ul>\n<li>\u0110\u00e8n led t\u1ee7 k\u1ec7 &#8211; tham kh\u1ea3o c\u00e1c lo\u1ea1i thanh nh\u00f4m \u0111\u1ecbnh h\u00ecnh d\u00f9ng cho \u0111\u00e8n led<\/li>\n<li>\u0110\u00e8n led thanh nh\u00f4m \u0111\u1ecbnh h\u00ecnh d\u1ea1ng treo th\u1ea3 &#8211; gi\u1ea5u ngu\u1ed3n v\u00e0o ng\u0103n tr\u00ean<\/li>\n<li>B\u1ea3ng qu\u1ea3ng c\u00e1o k\u00edch th\u01b0\u1edbc nh\u1ecf<\/li>\n<\/ul>\n","protected":false},"excerpt":{"rendered":"<div id=\"short_description_content\" class=\"rte align_justify\">\n<div id=\"short_description_content\" class=\"rte align_justify\">\n<div id=\"short_description_content\" class=\"rte align_justify\">\n<div id=\"short_description_content\" class=\"rte align_justify\">\n<div id=\"short_description_content\" class=\"rte align_justify\">\n<div id=\"short_description_content\" class=\"rte align_justify\">\n<div id=\"short_description_content\" class=\"rte align_justify\">\n<div id=\"short_description_content\" class=\"rte align_justify\">\n<div id=\"short_description_content\" class=\"rte align_justify\">\n<div id=\"short_description_content\" class=\"rte align_justify\">\n<div id=\"short_description_content\" class=\"rte align_justify\">\n<div id=\"short_description_content\" class=\"rte align_justify\">\n<div id=\"short_description_content\" class=\"rte align_justify\">\n<div id=\"short_description_content\" class=\"rte align_justify\">\n<div id=\"short_description_content\" class=\"rte align_justify\">\n<div id=\"short_description_content\" class=\"rte align_justify\">\n<div id=\"short_description_content\" class=\"rte align_justify\">\n<div id=\"short_description_content\" class=\"rte align_justify\">\n<div id=\"short_description_content\" class=\"rte align_justify\">\n<div id=\"short_description_content\" class=\"rte align_justify\">\n<div id=\"short_description_content\" class=\"rte align_justify\">\n<p>Ngu\u1ed3n \u0111\u0169a 12V LYK l\u00e0 b\u1ed9 chuy\u1ec3n \u0111i\u1ec7n 220V &#8211; 12V d\u00f9ng cho \u0111\u00e8n led. Ngu\u1ed3n \u0111\u0169a c\u00f3 k\u00edch th\u01b0\u1edbc c\u1ef1c k\u1ef3 nh\u1ecf g\u1ecdn n\u00ean \u0111\u01b0\u1ee3c d\u00f9ng v\u00e0o nh\u1eefng v\u1ecb tr\u00ed kh\u00f4ng c\u00f3 n\u01a1i gi\u1ea5u ngu\u1ed3n. K\u00edch th\u01b0\u1edbc nh\u1ecf c\u00f9ng b\u1ec1 ngo\u00e0i \u0111\u1eb9p n\u00ean kh\u00f4ng l\u00e0m \u1ea3nh h\u01b0\u1edfng \u0111\u1ebfn t\u00ednh th\u1ea9m m\u1ef9 c\u1ee7a s\u1ea3n ph\u1ea9m.<\/p>\n<\/div>\n<\/div>\n<\/div>\n<\/div>\n<\/div>\n<\/div>\n<\/div>\n<\/div>\n<\/div>\n<\/div>\n<\/div>\n<\/div>\n<\/div>\n<\/div>\n<\/div>\n<\/div>\n<\/div>\n<\/div>\n<\/div>\n<\/div>\n<\/div>\n","protected":false},"featured_media":4694,"template":"","meta":[],"product_cat":[258],"product_tag":[],"class_list":{"0":"post-4693","1":"product","2":"type-product","3":"status-publish","4":"has-post-thumbnail","6":"product_cat-chua-phan-loai-vi","8":"first","9":"instock","10":"shipping-taxable","11":"product-type-simple"},"_links":{"self":[{"href":"https:\/\/lyk-lighting.com\/en\/wp-json\/wp\/v2\/product\/4693","targetHints":{"allow":["GET"]}}],"collection":[{"href":"https:\/\/lyk-lighting.com\/en\/wp-json\/wp\/v2\/product"}],"about":[{"href":"https:\/\/lyk-lighting.com\/en\/wp-json\/wp\/v2\/types\/product"}],"version-history":[{"count":0,"href":"https:\/\/lyk-lighting.com\/en\/wp-json\/wp\/v2\/product\/4693\/revisions"}],"wp:featuredmedia":[{"embeddable":true,"href":"https:\/\/lyk-lighting.com\/en\/wp-json\/wp\/v2\/media\/4694"}],"wp:attachment":[{"href":"https:\/\/lyk-lighting.com\/en\/wp-json\/wp\/v2\/media?parent=4693"}],"wp:term":[{"taxonomy":"product_cat","embeddable":true,"href":"https:\/\/lyk-lighting.com\/en\/wp-json\/wp\/v2\/product_cat?post=4693"},{"taxonomy":"product_tag","embeddable":true,"href":"https:\/\/lyk-lighting.com\/en\/wp-json\/wp\/v2\/product_tag?post=4693"}],"curies":[{"name":"wp","href":"https:\/\/api.w.org\/{rel}","templated":true}]}}