{"id":4736,"date":"2023-10-22T16:13:29","date_gmt":"2023-10-22T09:13:29","guid":{"rendered":"http:\/\/lyk-lighting.com\/?post_type=product&#038;p=4736"},"modified":"2023-10-25T08:49:55","modified_gmt":"2023-10-25T01:49:55","slug":"den-tha-trang-tri-smp13006-sao-chep","status":"publish","type":"product","link":"https:\/\/lyk-lighting.com\/en\/san-pham\/den-tha-trang-tri-smp13006-sao-chep\/","title":{"rendered":"\u0110\u00e8n th\u1ea3 trang tr\u00ed SMP4008"},"content":{"rendered":"<h3>Th\u00f4ng s\u1ed1 k\u1ef9 thu\u1eadt \u0111\u00e8n th\u1ea3 trang tr\u00ed SMP4008<\/h3>\n<p>M\u00e3 s\u1ea3n ph\u1ea9m: SMP4008<br \/>\nC\u00f4ng su\u1ea5t: 8W &#8211; 48VDC<br \/>\nC\u01b0\u1eddng \u0111\u1ed9 s\u00e1ng: 650lm (3000K) &#8211; 650lm (4000K)<br \/>\nK\u00edch th\u01b0\u1edbc: L76 * W40 * H93 (mm)<br \/>\nG\u00f3c chi\u1ebfu: 15\u00b0\/24\u00b0\/36\u00b0<br \/>\nLed chip: OSRAM SMD &#8211; 2700K\/3000K\/4000K\/5000K &#8211; CRI&gt;90<br \/>\nCh\u1ea5t li\u1ec7u: Nh\u00f4m h\u1ee3p kim s\u01a1n t\u0129nh \u0111i\u1ec7n \u0110en\/Tr\u1eafng<br \/>\nDIM: 0-10V\/Wi-Fi\/Bluetooth\/Dali\/Zigbee<\/p>\n<p><img fetchpriority=\"high\" decoding=\"async\" class=\"alignnone size-full wp-image-4733\" src=\"http:\/\/lyk-lighting.com\/wp-content\/uploads\/2023\/10\/Den-tha-trang-tri-SMP4008-3.jpg\" alt=\"\" width=\"790\" height=\"850\" srcset=\"https:\/\/lyk-lighting.com\/wp-content\/uploads\/2023\/10\/Den-tha-trang-tri-SMP4008-3.jpg 790w, https:\/\/lyk-lighting.com\/wp-content\/uploads\/2023\/10\/Den-tha-trang-tri-SMP4008-3-279x300.jpg 279w, https:\/\/lyk-lighting.com\/wp-content\/uploads\/2023\/10\/Den-tha-trang-tri-SMP4008-3-768x826.jpg 768w, https:\/\/lyk-lighting.com\/wp-content\/uploads\/2023\/10\/Den-tha-trang-tri-SMP4008-3-600x646.jpg 600w\" sizes=\"(max-width: 790px) 100vw, 790px\" \/><\/p>\n<h3>M\u00f4 t\u1ea3 s\u1ea3n ph\u1ea9m \u0111\u00e8n th\u1ea3 trang tr\u00ed SMP4008<\/h3>\n<p>\u0110\u00e8n th\u1ea3 trang tr\u00ed s\u1eed d\u1ee5ng ray nam ch\u00e2m SMP4008 c\u00f3 ch\u1ea5t l\u01b0\u1ee3ng \u00e1nh s\u00e1ng cao c\u1ea5p, t\u00e1i t\u1ea1o m\u00e0u s\u1eafc trung th\u1ef1c. \u0110\u1eb7c bi\u1ec7t \u0111\u00e8n ray nam ch\u00e2m c\u00f3 th\u1ec3 d\u1ec5 d\u00e0ng di chuy\u1ec3n v\u1ecb tr\u00ed v\u00e0 thay \u0111\u1ed5i s\u1ed1 l\u01b0\u1ee3ng \u0111\u00e8n tr\u00ean ray nh\u1eb1m \u0111\u00e1p \u1ee9ng m\u1ecdi y\u00eau c\u1ea7u kh\u1eaft khe nh\u1ea5t v\u1ec1 thi\u1ebft k\u1ebf n\u1ed9i th\u1ea5t. \u0110\u00e8n s\u1eed d\u1ee5ng \u0111i\u1ec7n \u00e1p 48VDC n\u00ean \u0111\u1ea3m b\u1ea3o an to\u00e0n v\u00e0 \u0111\u01b0\u1ee3c thi\u1ebft k\u1ebf ch\u1eafc ch\u1eafn nh\u1eb1m \u0111\u1ea3m b\u1ea3o ch\u1ed1ng r\u01a1i.<\/p>\n<p><img decoding=\"async\" class=\"alignnone size-full wp-image-4732\" src=\"http:\/\/lyk-lighting.com\/wp-content\/uploads\/2023\/10\/Den-tha-trang-tri-SMP4008-2.jpg\" alt=\"\" width=\"646\" height=\"650\" srcset=\"https:\/\/lyk-lighting.com\/wp-content\/uploads\/2023\/10\/Den-tha-trang-tri-SMP4008-2.jpg 646w, https:\/\/lyk-lighting.com\/wp-content\/uploads\/2023\/10\/Den-tha-trang-tri-SMP4008-2-298x300.jpg 298w, https:\/\/lyk-lighting.com\/wp-content\/uploads\/2023\/10\/Den-tha-trang-tri-SMP4008-2-150x150.jpg 150w, https:\/\/lyk-lighting.com\/wp-content\/uploads\/2023\/10\/Den-tha-trang-tri-SMP4008-2-600x604.jpg 600w, https:\/\/lyk-lighting.com\/wp-content\/uploads\/2023\/10\/Den-tha-trang-tri-SMP4008-2-100x100.jpg 100w\" sizes=\"(max-width: 646px) 100vw, 646px\" \/><\/p>\n<p>\u0110\u00e8n s\u1eed d\u1ee5ng ray nam ch\u00e2m \u0111\u01b0\u1ee3c g\u1eafn tr\u00ean h\u1ec7 ray nam ch\u00e2m \u0111\u00e3 \u0111\u01b0\u1ee3c l\u1eafp \u0111\u1eb7t c\u1ed1 \u0111\u1ecbnh tr\u00ean tr\u1ea7n. \u0110\u00e8n c\u00f3 nhi\u1ec1u k\u00edch c\u1ee1, thi\u1ebft k\u1ebf v\u1edbi hai m\u00e0u v\u1ecf \u0111en v\u00e0 tr\u1eafng, c\u00f3 c\u00f4ng su\u1ea5t t\u1eeb 5W &#8211; 30W<\/p>\n","protected":false},"excerpt":{"rendered":"<div id=\"short_description_content\" class=\"rte align_justify\">\n<div id=\"short_description_content\" class=\"rte align_justify\">\n<div id=\"short_description_content\" class=\"rte align_justify\">\n<div id=\"short_description_content\" class=\"rte align_justify\">\n<div id=\"short_description_content\" class=\"rte align_justify\">\n<div id=\"short_description_content\" class=\"rte align_justify\">\n<div id=\"short_description_content\" class=\"rte align_justify\">\n<div id=\"short_description_content\" class=\"rte align_justify\">\n<div id=\"short_description_content\" class=\"rte align_justify\">\n<div id=\"short_description_content\" class=\"rte align_justify\">\n<div id=\"short_description_content\" class=\"rte align_justify\">\n<div id=\"short_description_content\" class=\"rte align_justify\">\n<div id=\"short_description_content\" class=\"rte align_justify\">\n<div id=\"short_description_content\" class=\"rte align_justify\">\n<div id=\"short_description_content\" class=\"rte align_justify\">\n<div id=\"short_description_content\" class=\"rte align_justify\">\n<div id=\"short_description_content\" class=\"rte align_justify\">\n<div id=\"short_description_content\" class=\"rte align_justify\">\n<div id=\"short_description_content\" class=\"rte align_justify\">\n<div id=\"short_description_content\" class=\"rte align_justify\">\n<div id=\"short_description_content\" class=\"rte align_justify\">\n<div id=\"short_description_content\" class=\"rte align_justify\">\n<div id=\"short_description_content\" class=\"rte align_justify\">\n<div id=\"short_description_content\" class=\"rte align_justify\">\n<div id=\"short_description_content\" class=\"rte align_justify\">\n<div id=\"short_description_content\" class=\"rte align_justify\">\n<div id=\"short_description_content\" class=\"rte align_justify\">\n<div id=\"short_description_content\" class=\"rte align_justify\">\n<div id=\"short_description_content\" class=\"rte align_justify\">\n<div id=\"short_description_content\" class=\"rte align_justify\">\n<div id=\"short_description_content\" class=\"rte align_justify\">\n<div id=\"short_description_content\" class=\"rte align_justify\">\n<div id=\"short_description_content\" class=\"rte align_justify\">\n<div id=\"short_description_content\" class=\"rte align_justify\">\n<div id=\"short_description_content\" class=\"rte align_justify\">\n<div id=\"short_description_content\" class=\"rte align_justify\">\n<div id=\"short_description_content\" class=\"rte align_justify\">\n<div id=\"short_description_content\" class=\"rte align_justify\">\n<div id=\"short_description_content\" class=\"rte align_justify\">\n<div id=\"short_description_content\" class=\"rte align_justify\">\n<div id=\"short_description_content\" class=\"rte align_justify\">\n<div id=\"short_description_content\" class=\"rte align_justify\">\n<div id=\"short_description_content\" class=\"rte align_justify\">\n<div id=\"short_description_content\" class=\"rte align_justify\">\n<div id=\"short_description_content\" class=\"rte align_justify\">\n<div id=\"short_description_content\" class=\"rte align_justify\">\n<div id=\"short_description_content\" class=\"rte align_justify\">\n<div id=\"short_description_content\" class=\"rte align_justify\">\n<div id=\"short_description_content\" class=\"rte align_justify\">\n<div id=\"short_description_content\" class=\"rte align_justify\">\n<div id=\"short_description_content\" class=\"rte align_justify\">\n<div id=\"short_description_content\" class=\"rte align_justify\">\n<div id=\"short_description_content\" class=\"rte align_justify\">\n<div id=\"short_description_content\" class=\"rte align_justify\">\n<div id=\"short_description_content\" class=\"rte align_justify\">\n<div id=\"short_description_content\" class=\"rte align_justify\">\n<div id=\"short_description_content\" class=\"rte align_justify\">\n<div id=\"short_description_content\" class=\"rte align_justify\">\n<div id=\"short_description_content\" class=\"rte align_justify\">\n<div id=\"short_description_content\" class=\"rte align_justify\">\n<div id=\"short_description_content\" class=\"rte align_justify\">\n<div id=\"short_description_content\" class=\"rte align_justify\">\n<div id=\"short_description_content\" class=\"rte align_justify\">\n<div id=\"short_description_content\" class=\"rte align_justify\">\n<div id=\"short_description_content\" class=\"rte align_justify\">\n<div id=\"short_description_content\" class=\"rte align_justify\">\n<div id=\"short_description_content\" class=\"rte align_justify\">\n<div id=\"short_description_content\" class=\"rte align_justify\">\n<div id=\"short_description_content\" class=\"rte align_justify\">\n<div id=\"short_description_content\" class=\"rte align_justify\">\n<div id=\"short_description_content\" class=\"rte align_justify\">\n<div id=\"short_description_content\" class=\"rte align_justify\">\n<div id=\"short_description_content\" class=\"rte align_justify\">\n<div id=\"short_description_content\" class=\"rte align_justify\">\n<div id=\"short_description_content\" class=\"rte align_justify\">\n<div id=\"short_description_content\" class=\"rte align_justify\">\n<div id=\"short_description_content\" class=\"rte align_justify\">\n<div id=\"short_description_content\" class=\"rte align_justify\">\n<div id=\"short_description_content\" class=\"rte align_justify\">\n<div id=\"short_description_content\" class=\"rte align_justify\">\n<div id=\"short_description_content\" class=\"rte align_justify\">\n<div id=\"short_description_content\" class=\"rte align_justify\">\n<div id=\"short_description_content\" class=\"rte align_justify\">\n<div id=\"short_description_content\" class=\"rte align_justify\">\n<div id=\"short_description_content\" class=\"rte align_justify\">\n<div id=\"short_description_content\" class=\"rte align_justify\">\n<div id=\"short_description_content\" class=\"rte align_justify\">\n<div id=\"short_description_content\" class=\"rte align_justify\">\n<div id=\"short_description_content\" class=\"rte align_justify\">\n<div id=\"short_description_content\" class=\"rte align_justify\">\n<p>\u0110\u00e8n th\u1ea3 trang tr\u00ed s\u1eed d\u1ee5ng ray nam ch\u00e2m SMP4008 c\u00f3 ch\u1ea5t l\u01b0\u1ee3ng \u00e1nh s\u00e1ng cao c\u1ea5p, t\u00e1i t\u1ea1o m\u00e0u s\u1eafc trung th\u1ef1c. \u0110\u1eb7c bi\u1ec7t \u0111\u00e8n ray nam ch\u00e2m c\u00f3 th\u1ec3 d\u1ec5 d\u00e0ng di chuy\u1ec3n v\u1ecb tr\u00ed v\u00e0 thay \u0111\u1ed5i s\u1ed1 l\u01b0\u1ee3ng \u0111\u00e8n tr\u00ean ray nh\u1eb1m \u0111\u00e1p \u1ee9ng m\u1ecdi y\u00eau c\u1ea7u kh\u1eaft khe nh\u1ea5t v\u1ec1 thi\u1ebft k\u1ebf<\/p>\n<\/div>\n<\/div>\n<\/div>\n<\/div>\n<\/div>\n<\/div>\n<\/div>\n<\/div>\n<\/div>\n<\/div>\n<\/div>\n<\/div>\n<\/div>\n<\/div>\n<\/div>\n<\/div>\n<\/div>\n<\/div>\n<\/div>\n<\/div>\n<\/div>\n<\/div>\n<\/div>\n<\/div>\n<\/div>\n<\/div>\n<\/div>\n<\/div>\n<\/div>\n<\/div>\n<\/div>\n<\/div>\n<\/div>\n<\/div>\n<\/div>\n<\/div>\n<\/div>\n<\/div>\n<\/div>\n<\/div>\n<\/div>\n<\/div>\n<\/div>\n<\/div>\n<\/div>\n<\/div>\n<\/div>\n<\/div>\n<\/div>\n<\/div>\n<\/div>\n<\/div>\n<\/div>\n<\/div>\n<\/div>\n<\/div>\n<\/div>\n<\/div>\n<\/div>\n<\/div>\n<\/div>\n<\/div>\n<\/div>\n<\/div>\n<\/div>\n<\/div>\n<\/div>\n<\/div>\n<\/div>\n<\/div>\n<\/div>\n<\/div>\n<\/div>\n<\/div>\n<\/div>\n<\/div>\n<\/div>\n<\/div>\n<\/div>\n<\/div>\n<\/div>\n<\/div>\n<\/div>\n<\/div>\n<\/div>\n<\/div>\n<\/div>\n<\/div>\n<\/div>\n<\/div>\n","protected":false},"featured_media":4734,"template":"","meta":[],"product_cat":[223],"product_tag":[],"class_list":{"0":"post-4736","1":"product","2":"type-product","3":"status-publish","4":"has-post-thumbnail","6":"product_cat-den-ray-nam-cham","8":"first","9":"instock","10":"shipping-taxable","11":"product-type-simple"},"_links":{"self":[{"href":"https:\/\/lyk-lighting.com\/en\/wp-json\/wp\/v2\/product\/4736","targetHints":{"allow":["GET"]}}],"collection":[{"href":"https:\/\/lyk-lighting.com\/en\/wp-json\/wp\/v2\/product"}],"about":[{"href":"https:\/\/lyk-lighting.com\/en\/wp-json\/wp\/v2\/types\/product"}],"version-history":[{"count":0,"href":"https:\/\/lyk-lighting.com\/en\/wp-json\/wp\/v2\/product\/4736\/revisions"}],"wp:featuredmedia":[{"embeddable":true,"href":"https:\/\/lyk-lighting.com\/en\/wp-json\/wp\/v2\/media\/4734"}],"wp:attachment":[{"href":"https:\/\/lyk-lighting.com\/en\/wp-json\/wp\/v2\/media?parent=4736"}],"wp:term":[{"taxonomy":"product_cat","embeddable":true,"href":"https:\/\/lyk-lighting.com\/en\/wp-json\/wp\/v2\/product_cat?post=4736"},{"taxonomy":"product_tag","embeddable":true,"href":"https:\/\/lyk-lighting.com\/en\/wp-json\/wp\/v2\/product_tag?post=4736"}],"curies":[{"name":"wp","href":"https:\/\/api.w.org\/{rel}","templated":true}]}}