{"id":9746,"date":"2023-12-20T11:43:24","date_gmt":"2023-12-20T04:43:24","guid":{"rendered":"http:\/\/lyk-lighting.com\/?post_type=product&#038;p=9746"},"modified":"2023-12-20T11:45:37","modified_gmt":"2023-12-20T04:45:37","slug":"den-spotlight-gan-ray-noi-laman-0512-c","status":"publish","type":"product","link":"https:\/\/lyk-lighting.com\/en\/san-pham\/den-spotlight-gan-ray-noi-laman-0512-c\/","title":{"rendered":"\u0110\u00e8n spotlight g\u1eafn ray\/n\u1ed5i LAMAN 0512-C"},"content":{"rendered":"<h3 data-sourcepos=\"1:1-1:38\">Th\u00f4ng s\u1ed1 k\u1ef9 thu\u1eadt<\/h3>\n<p><strong>C\u00f4ng su\u1ea5t:<\/strong>\u00a035W (ti\u1ebft ki\u1ec7m \u0111i\u1ec7n)<\/p>\n<p><strong>\u0110\u1ed9 s\u00e1ng:<\/strong>\u00a0&gt;= 1750lm (chi\u1ebfu s\u00e1ng hi\u1ec7u qu\u1ea3)<\/p>\n<p><strong>L\u1eafp \u0111\u1eb7t:<\/strong>\u00a0Ray tr\u01b0\u1ee3t (linh ho\u1ea1t, d\u1ec5 \u0111i\u1ec1u ch\u1ec9nh)<\/p>\n<p><strong>\u0110i\u1ec1u ch\u1ec9nh \u0111\u1ed9 s\u00e1ng:<\/strong>\u00a0\u0110i\u1ec1u khi\u1ec3n t\u1eeb xa kh\u00f4ng d\u00e2y (ti\u1ec7n l\u1ee3i, hi\u1ec7n \u0111\u1ea1i)<\/p>\n<p><strong>Nhi\u1ec7t \u0111\u1ed9 m\u00e0u:<\/strong>\u00a0\u0110i\u1ec1u ch\u1ec9nh t\u1eeb xa 3000K-6000K (t\u00f9y ch\u1ec9nh theo nhu c\u1ea7u)<\/p>\n<p><strong>G\u00f3c chi\u1ebfu:<\/strong>\u00a010-50 \u0111\u1ed9 (t\u1ea1o hi\u1ec7u \u1ee9ng chi\u1ebfu s\u00e1ng \u0111a d\u1ea1ng)<\/p>\n<p><strong>M\u00e0u v\u1ecf \u0111\u00e8n:<\/strong>\u00a0\u0110en (sang tr\u1ecdng, hi\u1ec7n \u0111\u1ea1i)<\/p>\n<p><strong>Ph\u1ee5 ki\u1ec7n t\u00f9y ch\u1ecdn:<\/strong>\u00a0T\u1ea3n s\u00e1ng t\u1ed5 ong (ki\u1ec3m so\u00e1t \u00e1nh s\u00e1ng t\u1ed1t h\u01a1n)<\/p>\n","protected":false},"excerpt":{"rendered":"<ul data-sourcepos=\"3:1-8:0\">\n<li data-sourcepos=\"3:1-3:60\">Ra &gt;= 97, ho\u00e0n m\u00e0u cao, cho \u00e1nh s\u00e1ng ch\u00e2n th\u1ef1c, s\u1ed1ng \u0111\u1ed9ng.<\/li>\n<li data-sourcepos=\"4:1-4:39\">C\u1ea5u tr\u00fac nh\u1ecf g\u1ecdn, cao c\u1ea5p v\u00e0 tinh t\u1ebf.<\/li>\n<li data-sourcepos=\"5:1-5:43\">Th\u00e2n \u0111\u00e8n h\u1ee3p kim nh\u00f4m b\u1ec1n b\u1ec9, sang tr\u1ecdng.<\/li>\n<li data-sourcepos=\"6:1-6:43\">\u00c1nh s\u00e1ng d\u1ecbu nh\u1eb9, t\u1ea1o c\u1ea3m gi\u00e1c tho\u1ea3i m\u00e1i.<\/li>\n<li data-sourcepos=\"7:1-8:0\">\u0110i\u1ec1u khi\u1ec3n t\u1eeb xa b\u1eb1ng \u0111i\u1ec7n: Ch\u1ec9nh \u0111\u1ed9 s\u00e1ng, ch\u1ec9nh m\u00e0u v\u00e0 l\u1ea5y n\u00e9t.<\/li>\n<\/ul>\n","protected":false},"featured_media":9747,"template":"","meta":[],"product_cat":[221],"product_tag":[285],"class_list":{"0":"post-9746","1":"product","2":"type-product","3":"status-publish","4":"has-post-thumbnail","6":"product_cat-den-thanh-ray","7":"product_tag-den-thanh-ray","9":"first","10":"instock","11":"shipping-taxable","12":"product-type-simple"},"_links":{"self":[{"href":"https:\/\/lyk-lighting.com\/en\/wp-json\/wp\/v2\/product\/9746","targetHints":{"allow":["GET"]}}],"collection":[{"href":"https:\/\/lyk-lighting.com\/en\/wp-json\/wp\/v2\/product"}],"about":[{"href":"https:\/\/lyk-lighting.com\/en\/wp-json\/wp\/v2\/types\/product"}],"version-history":[{"count":0,"href":"https:\/\/lyk-lighting.com\/en\/wp-json\/wp\/v2\/product\/9746\/revisions"}],"wp:featuredmedia":[{"embeddable":true,"href":"https:\/\/lyk-lighting.com\/en\/wp-json\/wp\/v2\/media\/9747"}],"wp:attachment":[{"href":"https:\/\/lyk-lighting.com\/en\/wp-json\/wp\/v2\/media?parent=9746"}],"wp:term":[{"taxonomy":"product_cat","embeddable":true,"href":"https:\/\/lyk-lighting.com\/en\/wp-json\/wp\/v2\/product_cat?post=9746"},{"taxonomy":"product_tag","embeddable":true,"href":"https:\/\/lyk-lighting.com\/en\/wp-json\/wp\/v2\/product_tag?post=9746"}],"curies":[{"name":"wp","href":"https:\/\/api.w.org\/{rel}","templated":true}]}}