{"id":9751,"date":"2023-12-20T11:48:06","date_gmt":"2023-12-20T04:48:06","guid":{"rendered":"http:\/\/lyk-lighting.com\/?post_type=product&#038;p=9751"},"modified":"2023-12-22T14:37:52","modified_gmt":"2023-12-22T07:37:52","slug":"den-gan-noi-tran-laman-yh69689-jg","status":"publish","type":"product","link":"https:\/\/lyk-lighting.com\/en\/san-pham\/den-gan-noi-tran-laman-yh69689-jg\/","title":{"rendered":"\u0110\u00e8n g\u1eafn n\u1ed5i tr\u1ea7n LAMAN YH69689-JG"},"content":{"rendered":"<h3 data-sourcepos=\"1:1-1:38\"><img fetchpriority=\"high\" decoding=\"async\" class=\"alignnone size-full wp-image-9769\" src=\"http:\/\/lyk-lighting.com\/wp-content\/uploads\/2023\/12\/LAMAN-YH69689-JG-6.jpg\" alt=\"\" width=\"876\" height=\"726\" srcset=\"https:\/\/lyk-lighting.com\/wp-content\/uploads\/2023\/12\/LAMAN-YH69689-JG-6.jpg 876w, https:\/\/lyk-lighting.com\/wp-content\/uploads\/2023\/12\/LAMAN-YH69689-JG-6-300x249.jpg 300w, https:\/\/lyk-lighting.com\/wp-content\/uploads\/2023\/12\/LAMAN-YH69689-JG-6-768x636.jpg 768w, https:\/\/lyk-lighting.com\/wp-content\/uploads\/2023\/12\/LAMAN-YH69689-JG-6-600x497.jpg 600w\" sizes=\"(max-width: 876px) 100vw, 876px\" \/><\/h3>\n<h3 data-sourcepos=\"1:1-1:38\">Th\u00f4ng s\u1ed1 k\u1ef9 thu\u1eadt<\/h3>\n<p data-sourcepos=\"3:1-3:35\"><strong>C\u00f4ng su\u1ea5t:<\/strong> 8W\/10W\/12W<\/p>\n<p data-sourcepos=\"5:1-5:43\"><strong>G\u00f3c chi\u1ebfu:<\/strong> 15\/24\/36 \u0111\u1ed9<\/p>\n<p data-sourcepos=\"7:1-7:51\"><strong>Nhi\u1ec7t \u0111\u1ed9 m\u00e0u:<\/strong> 2700K\/3000K\/4000K\/6000K<\/p>\n<p data-sourcepos=\"7:1-7:51\"><strong>Ch\u1ec9 s\u1ed1 ho\u00e0n m\u00e0u:<\/strong> 90Ra\/95Ra<\/p>\n<p data-sourcepos=\"11:1-11:50\"><strong>K\u00edch th\u01b0\u1edbc:<\/strong> \u03a675 x L90 mm<\/p>\n<p data-sourcepos=\"13:1-13:49\"><strong>Ch\u1ea5t li\u1ec7u:<\/strong> V\u1ecf \u0111\u00e8n nh\u00f4m<\/p>\n<p data-sourcepos=\"15:1-15:20\"><strong>Ki\u1ec3u \u0111i\u1ec1u ch\u1ec9nh:<\/strong><\/p>\n<ul data-sourcepos=\"17:1-21:0\">\n<li data-sourcepos=\"17:1-17:41\">Kh\u00f4ng dimmer<\/li>\n<li data-sourcepos=\"18:1-18:44\">Dimmer 0-10V<\/li>\n<li data-sourcepos=\"19:1-19:52\">Dimmer DALI<\/li>\n<li data-sourcepos=\"20:1-21:0\">Dimmer Triac<\/li>\n<\/ul>\n<p>&nbsp;<\/p>\n","protected":false},"excerpt":{"rendered":"<p>Th\u00f4ng s\u1ed1 k\u1ef9 thu\u1eadt C\u00f4ng su\u1ea5t: 8W\/10W\/12W G\u00f3c chi\u1ebfu: 15\/24\/36 \u0111\u1ed9 Nhi\u1ec7t \u0111\u1ed9 m\u00e0u: 2700K\/3000K\/4000K\/6000K Ch\u1ec9 s\u1ed1 ho\u00e0n m\u00e0u: 90Ra\/95Ra K\u00edch th\u01b0\u1edbc: \u03a675 x L90 mm Ch\u1ea5t li\u1ec7u: V\u1ecf \u0111\u00e8n nh\u00f4m Ki\u1ec3u \u0111i\u1ec1u ch\u1ec9nh: Kh\u00f4ng dimmer Dimmer 0-10V Dimmer DALI Dimmer Triac &nbsp;<\/p>\n","protected":false},"featured_media":9776,"template":"","meta":[],"product_cat":[182],"product_tag":[292],"class_list":{"0":"post-9751","1":"product","2":"type-product","3":"status-publish","4":"has-post-thumbnail","6":"product_cat-den-gan-noi-tran","7":"product_tag-den-gan-noi-tran","9":"first","10":"instock","11":"shipping-taxable","12":"product-type-simple"},"_links":{"self":[{"href":"https:\/\/lyk-lighting.com\/en\/wp-json\/wp\/v2\/product\/9751","targetHints":{"allow":["GET"]}}],"collection":[{"href":"https:\/\/lyk-lighting.com\/en\/wp-json\/wp\/v2\/product"}],"about":[{"href":"https:\/\/lyk-lighting.com\/en\/wp-json\/wp\/v2\/types\/product"}],"version-history":[{"count":0,"href":"https:\/\/lyk-lighting.com\/en\/wp-json\/wp\/v2\/product\/9751\/revisions"}],"wp:featuredmedia":[{"embeddable":true,"href":"https:\/\/lyk-lighting.com\/en\/wp-json\/wp\/v2\/media\/9776"}],"wp:attachment":[{"href":"https:\/\/lyk-lighting.com\/en\/wp-json\/wp\/v2\/media?parent=9751"}],"wp:term":[{"taxonomy":"product_cat","embeddable":true,"href":"https:\/\/lyk-lighting.com\/en\/wp-json\/wp\/v2\/product_cat?post=9751"},{"taxonomy":"product_tag","embeddable":true,"href":"https:\/\/lyk-lighting.com\/en\/wp-json\/wp\/v2\/product_tag?post=9751"}],"curies":[{"name":"wp","href":"https:\/\/api.w.org\/{rel}","templated":true}]}}